{"id":8548,"date":"2025-06-17T02:56:13","date_gmt":"2025-06-17T02:56:13","guid":{"rendered":"https:\/\/sinoextrud.com\/product\/item-modular-aluminium-profile-system\/"},"modified":"2025-06-24T06:24:13","modified_gmt":"2025-06-24T06:24:13","slug":"item-systeme-modulaire-de-profiles-en-aluminium","status":"publish","type":"product","link":"https:\/\/sinoextrud.com\/fr\/product\/item-modular-aluminium-profile-system\/","title":{"rendered":"Item Syst\u00e8me modulaire de profil\u00e9s en aluminium"},"content":{"rendered":"<h2>D\u00e9tails des produits<\/h2>\n<table class=\"custom-table\">\n<tbody>\n<tr>\n<td> Mod\u00e8le NO :<\/td>\n<td> 6061 6063 6082<\/td>\n<\/tr>\n<tr>\n<td> Temp\u00e9rer :<\/td>\n<td> T3 - T8<\/td>\n<\/tr>\n<tr>\n<td> Traitement de surface :<\/td>\n<td> rev\u00eatement en poudre, anodisation, polissage, etc.<\/td>\n<\/tr>\n<tr>\n<td> Alliage :<\/td>\n<td> Alliage<\/td>\n<\/tr>\n<tr>\n<td> Type :<\/td>\n<td> Pendule de voiture<\/td>\n<\/tr>\n<tr>\n<td> Technique :<\/td>\n<td> Extrud\u00e9<\/td>\n<\/tr>\n<tr>\n<td> Origine :<\/td>\n<td> Guangdong Chine<\/td>\n<\/tr>\n<tr>\n<td> Application :<\/td>\n<td> profil\u00e9 d'aluminium pour le transport<\/td>\n<\/tr>\n<tr>\n<td> Certification :<\/td>\n<td> EN, ASTM, GB\/T<\/td>\n<\/tr>\n<tr>\n<td> Taille :<\/td>\n<td> 10mm - 300mm<\/td>\n<\/tr>\n<tr>\n<td> Code HS :<\/td>\n<td> 7604299000<\/td>\n<\/tr>\n<tr>\n<td> \u00c9paisseur de la paroi :<\/td>\n<td> 2mm. Possibilit\u00e9 de personnalisation<\/td>\n<\/tr>\n<\/tbody>\n<\/table>\n<h2>Notre base de production<\/h2>\n<h3>Panorama de l'usine<\/h3>\n<p><img decoding=\"async\" src=\"\/wp-content\/uploads\/factory-01.webp\"\/><\/p>\n<h3>Atelier de fabrication de barres d'aluminium<\/h3>\n<p><img decoding=\"async\" src=\"\/wp-content\/uploads\/factory-02.webp\"\/><\/p>\n<p><img decoding=\"async\" src=\"\/wp-content\/uploads\/factory-03.webp\"\/><\/p>\n<h3>Entrep\u00f4t de stockage des moules<\/h3>\n<p><img decoding=\"async\" src=\"\/wp-content\/uploads\/factory-04.webp\"\/><\/p>\n<h3>43 lignes d'extrusion d'aluminium (500-5500 tonnes)<\/h3>\n<p><img decoding=\"async\" src=\"\/wp-content\/uploads\/factory-05.webp\"\/><\/p>\n<p><img decoding=\"async\" src=\"\/wp-content\/uploads\/factory-06.webp\"\/><\/p>\n<p><img decoding=\"async\" src=\"\/wp-content\/uploads\/factory-07.webp\"\/><\/p>\n<h3>Atelier de peinture en poudre<\/h3>\n<p><img decoding=\"async\" src=\"\/wp-content\/uploads\/factory-09.webp\"\/><\/p>\n<h3>Atelier d'anodisation<\/h3>\n<p><img decoding=\"async\" src=\"\/wp-content\/uploads\/factory-10.webp\"\/><\/p>\n<h3>Atelier sur le traitement en profondeur<\/h3>\n<p><img decoding=\"async\" src=\"\/wp-content\/uploads\/factory-11.webp\"\/><\/p>\n<h3>Atelier d'usinage de pr\u00e9cision CNC<\/h3>\n<p><img decoding=\"async\" src=\"\/wp-content\/uploads\/factory-11.5.webp\"\/><\/p>\n<h3>Entrep\u00f4t de produits finis et d'exportation<\/h3>\n<p><img decoding=\"async\" src=\"\/wp-content\/uploads\/factory-12.webp\"\/><\/p>\n<p><img decoding=\"async\" src=\"\/wp-content\/uploads\/factory-13.webp\"\/><\/p>\n<p><img decoding=\"async\" src=\"\/wp-content\/uploads\/factory-14.webp\"\/><\/p>\n<h2>FAQ<\/h2>\n<p><p><b>1.Item Syst\u00e8me modulaire de profil\u00e9s en aluminium : Qu'est-ce qui rend ce syst\u00e8me modulaire id\u00e9al pour diverses applications ?<\/b><\/p>\n<p>La conception modulaire permet des solutions flexibles et personnalisables, ce qui le rend id\u00e9al pour une large gamme de projets industriels, d'automatisation et de bricolage.<br \/>\n<\/p><br \/>\n<br \/>\n<p><b>2. quelle est la facilit\u00e9 d'assemblage du syst\u00e8me modulaire de profil\u00e9s en aluminium Item ?<\/b><\/p>\n<p>L'assemblage est simple et rapide, gr\u00e2ce \u00e0 une large gamme de composants compatibles qui s'embo\u00eetent facilement sans n\u00e9cessiter d'outils sp\u00e9ciaux.<br \/>\n<\/p><br \/>\n<br \/>\n<p><b>3. Quels sont les principaux avantages de l'utilisation de profil\u00e9s en aluminium dans le syst\u00e8me modulaire ?<\/b><\/p>\n<p>L'aluminium est l\u00e9ger, durable et r\u00e9sistant \u00e0 la corrosion, ce qui en fait une solution durable et n\u00e9cessitant peu d'entretien pour vos projets.<br \/>\n<\/p><br \/>\n<br \/>\n<p><b>4. le syst\u00e8me modulaire de profil\u00e9s en aluminium Item peut-il \u00eatre personnalis\u00e9 pour r\u00e9pondre \u00e0 des besoins sp\u00e9cifiques ?<\/b><\/p>\n<p>Oui, le syst\u00e8me est hautement personnalisable, permettant diverses configurations et ajustements pour r\u00e9pondre aux exigences sp\u00e9cifiques d'un projet.<br \/>\n<\/p><br \/>\n<br \/>\n<p><b>5. Quelles sont les industries qui peuvent b\u00e9n\u00e9ficier du syst\u00e8me de profil\u00e9s modulaires en aluminium Item ?<\/b><\/p>\n<p>Les industries telles que la fabrication, l'automatisation et la construction b\u00e9n\u00e9ficient de la flexibilit\u00e9, de la solidit\u00e9 et de la facilit\u00e9 d'utilisation de ce syst\u00e8me.<br \/>\n<\/p><br \/>\n<br \/>\n<p><b>6. comment la r\u00e9sistance \u00e0 la corrosion de l'aluminium contribue-t-elle \u00e0 la long\u00e9vit\u00e9 du syst\u00e8me ?<\/b><\/p>\n<p>La r\u00e9sistance \u00e0 la corrosion de l'aluminium garantit que les profil\u00e9s modulaires conservent leur int\u00e9grit\u00e9 et leur aspect, m\u00eame dans des environnements difficiles ou ext\u00e9rieurs.<br \/>\n<\/p><br \/>\n<br \/>\n<p><b>7.Quels sont les types de projets qui conviennent le mieux au syst\u00e8me de profil\u00e9s modulaires en aluminium Item ?<\/b><\/p>\n<p>Le syst\u00e8me est parfait pour les installations industrielles, les \u00e9quipements d'automatisation, les postes de travail et tout projet n\u00e9cessitant un cadre structurel personnalisable et robuste.<br \/>\n<\/p><br \/>\n<br \/>\n<p><b>8) Comment le rapport poids\/r\u00e9sistance de l'aluminium am\u00e9liore-t-il les performances ?<\/b><\/p>\n<p>L'excellent rapport r\u00e9sistance\/poids de l'aluminium offre \u00e0 la fois une int\u00e9grit\u00e9 structurelle et un poids r\u00e9duit, ce qui en fait un mat\u00e9riau id\u00e9al pour les applications lourdes et l\u00e9g\u00e8res.<br \/>\n<\/p><br \/><\/p>","protected":false},"featured_media":8547,"template":"","categories":[68],"class_list":["post-8548","product","type-product","status-publish","has-post-thumbnail","hentry","category-cnc-machining-aluminum-profile"],"meta_box":{"hilight_text_group":{"product_hilight_text":"<li>Modular aluminum profile system for flexible and customizable design solutions.<\/li>\r\r\n<li>Quick and easy assembly with a wide range of compatible components.<\/li>\r\r\n<li>Highly durable and corrosion-resistant, ensuring long-term performance in various environments.<\/li>\r\r\n<li>Lightweight, yet strong, offering a high strength-to-weight ratio for structural applications.<\/li>\r\r\n<li>Versatile system suitable for industrial, automation, and DIY projects.<\/li>","product_chanpin_blog":"<ul>\r\r\n<li><a href=\"https:\/\/sinoextrud.com\/t-slot-v-slot-differences\/\" target=\"_blank\">t slot vs v slot<\/a><\/li>\r\r\n<li><a href=\"https:\/\/sinoextrud.com\/what-is-4040-aluminium-extrud\/\" target=\"_blank\">4040 aluminium extrusion<\/a><\/li>\r\r\n<li><a href=\"https:\/\/sinoextrud.com\/what-is-4040-aluminium-extrud\/\" target=\"_blank\">aluminum extrusions for industrial racks<\/a><\/li>\r\r\n<li><a href=\"https:\/\/sinoextrud.com\/powder-coating-aluminium-process\/\" target=\"_blank\">powder coating aluminium<\/a><\/li>\r\r\n<li><a href=\"https:\/\/sinoextrud.com\/what-is-an-aluminium-strip-ceiling\/\" target=\"_blank\">aluminium strip ceiling<\/a><\/li>\r\r\n<li><a href=\"https:\/\/sinoextrud.com\/what-is-a-heat-sink\/\" target=\"_blank\">what is a heat sink<\/a><\/li>\r\r\n<\/ul>","product_chanpin_chanpin":"<li><a href=\"https:\/\/sinoextrud.com\/product\/cnc-machining-aluminum-signal-plate\/\" target=\"_blank\">CNC Machining Aluminum Signal Plate<\/a><\/li>\r\n<li><a href=\"https:\/\/sinoextrud.com\/product\/aluminum-cnc-machining\/\" target=\"_blank\">Aluminum cnc machining<\/a><\/li>\r\n<li><a href=\"https:\/\/sinoextrud.com\/product\/aluminum-profile-cnc-machining\/\" target=\"_blank\">Aluminum Profile CNC Machining<\/a><\/li>\r\n<li><a href=\"https:\/\/sinoextrud.com\/product\/extruded-aluminum-cnc-part-with-precision-custom-cnc-machining\/\" target=\"_blank\">Extruded Aluminum CNC Part with Precision Custom CNC Machining<\/a><\/li>\r\n<li><a href=\"https:\/\/sinoextrud.com\/product\/item-modular-aluminium-profile-system\/\" target=\"_blank\">Item Modular Aluminium Profile System<\/a><\/li>\r\n<li><a href=\"https:\/\/sinoextrud.com\/product\/small-aluminium-extrusions\/\" target=\"_blank\">Small Aluminium Extrusions<\/a><\/li>\r\n<li><a href=\"https:\/\/sinoextrud.com\/product\/cnc-industrial-aluminum-profiler\/\" target=\"_blank\">CNC Industrial Aluminum Profiler<\/a><\/li>\r\n<li><a href=\"https:\/\/sinoextrud.com\/product\/cnc-machine-for-aluminum-profiles\/\" target=\"_blank\">CNC Machine For Aluminum Profiles<\/a><\/li>\r\n<li><a href=\"https:\/\/sinoextrud.com\/product\/aluminum-enclosure-housing-and-shell\/\" target=\"_blank\">Aluminum Enclosure Housing And Shell<\/a><\/li>\r\n<li><a href=\"https:\/\/sinoextrud.com\/product\/extruded-aluminum-tubing-shapes-supplier\/\" target=\"_blank\">Extruded Aluminum Tubing Shapes Supplier<\/a><\/li>\r\n<li><a href=\"https:\/\/sinoextrud.com\/product\/wood-grain-aluminium-extrusion-profile-for-furnitures-decoration\/\" target=\"_blank\">Wood Grain Aluminium Extrusion Profile for Furnitures Decoration<\/a><\/li>"},"feature_list":[]},"_links":{"self":[{"href":"https:\/\/sinoextrud.com\/fr\/wp-json\/wp\/v2\/product\/8548","targetHints":{"allow":["GET"]}}],"collection":[{"href":"https:\/\/sinoextrud.com\/fr\/wp-json\/wp\/v2\/product"}],"about":[{"href":"https:\/\/sinoextrud.com\/fr\/wp-json\/wp\/v2\/types\/product"}],"wp:featuredmedia":[{"embeddable":true,"href":"https:\/\/sinoextrud.com\/fr\/wp-json\/wp\/v2\/media\/8547"}],"wp:attachment":[{"href":"https:\/\/sinoextrud.com\/fr\/wp-json\/wp\/v2\/media?parent=8548"}],"wp:term":[{"taxonomy":"category","embeddable":true,"href":"https:\/\/sinoextrud.com\/fr\/wp-json\/wp\/v2\/categories?post=8548"}],"curies":[{"name":"wp","href":"https:\/\/api.w.org\/{rel}","templated":true}]}}