{"id":8544,"date":"2025-06-17T02:51:46","date_gmt":"2025-06-17T02:51:46","guid":{"rendered":"https:\/\/sinoextrud.com\/product\/aluminum-profile-cnc-machining\/"},"modified":"2025-06-24T06:24:12","modified_gmt":"2025-06-24T06:24:12","slug":"profile-daluminium-usinage-cnc","status":"publish","type":"product","link":"https:\/\/sinoextrud.com\/fr\/product\/aluminum-profile-cnc-machining\/","title":{"rendered":"Usinage CNC de profil\u00e9s en aluminium"},"content":{"rendered":"<h2>D\u00e9tails des produits<\/h2>\n<table class=\"custom-table\">\n<tbody>\n<tr>\n<td> <\/td>\n<td>Usinage CNC de profil\u00e9s en aluminium<\/td>\n<\/tr>\n<tr>\n<td>Mat\u00e9riau<\/td>\n<td>6063, 6463, etc.<\/td>\n<\/tr>\n<tr>\n<td>Forme et taille<\/td>\n<td>Selon le dessin du client<\/td>\n<\/tr>\n<tr>\n<td>Tol\u00e9rance de la coupe de pr\u00e9cision<\/td>\n<td> \u22641m : \u00b10,25mm<br \/> 1m&lt; : \u22642m, \u00b10,35mm<br \/> \u22652m : \u00b10,50mm<\/td>\n<\/tr>\n<tr>\n<td>Tol\u00e9rance de per\u00e7age<\/td>\n<td>\u00b10,15~0,20mm<\/td>\n<\/tr>\n<tr>\n<td>Tol\u00e9rance de la coupe ordinaire<\/td>\n<td>\u00b110 ~ 0mm<\/td>\n<\/tr>\n<tr>\n<td>Utilisation typique<\/td>\n<td>Industrie, pi\u00e8ces de machines, \u00e9lectronique, etc.<\/td>\n<\/tr>\n<tr>\n<td>Type personnalis\u00e9<\/td>\n<td>Dessin ou \u00e9chantillon fourni par le client<\/td>\n<\/tr>\n<tr>\n<td>Processus CNC<\/td>\n<td>Fraisage, per\u00e7age, poin\u00e7onnage, per\u00e7age, taraudage, cintrage, soudage, etc. \u00e0 commande num\u00e9rique.<\/td>\n<\/tr>\n<tr>\n<td>Marque<\/td>\n<td>Sinoextrud, Sinoextrud, marque personnalis\u00e9e disponible<\/td>\n<\/tr>\n<tr>\n<td>Surface<\/td>\n<td>Finition en usine, grain de bois, anodisation, rev\u00eatement en poudre, etc.<\/td>\n<\/tr>\n<tr>\n<td>MOQ<\/td>\n<td>300Kgs<\/td>\n<\/tr>\n<tr>\n<td>Norme de qualit\u00e9<\/td>\n<td>Niveau de qualit\u00e9 \u00e9lev\u00e9<\/td>\n<\/tr>\n<tr>\n<td>Garantie<\/font><\/td>\n<td>ISO9001, ISO4001, CQM, SGS, CE, BV, etc.<\/td>\n<\/tr>\n<tr>\n<td>Capacit\u00e9<\/td>\n<td>50000 pi\u00e8ces par mois<\/td>\n<\/tr>\n<\/tbody>\n<\/table>\n<h2>Notre base de production<\/h2>\n<h3>Panorama de l'usine<\/h3>\n<p><img decoding=\"async\" src=\"\/wp-content\/uploads\/factory-01.webp\"\/><\/p>\n<h3>Atelier de fabrication de barres d'aluminium<\/h3>\n<p><img decoding=\"async\" src=\"\/wp-content\/uploads\/factory-02.webp\"\/><\/p>\n<p><img decoding=\"async\" src=\"\/wp-content\/uploads\/factory-03.webp\"\/><\/p>\n<h3>Entrep\u00f4t de stockage des moules<\/h3>\n<p><img decoding=\"async\" src=\"\/wp-content\/uploads\/factory-04.webp\"\/><\/p>\n<h3>43 lignes d'extrusion d'aluminium (500-5500 tonnes)<\/h3>\n<p><img decoding=\"async\" src=\"\/wp-content\/uploads\/factory-05.webp\"\/><\/p>\n<p><img decoding=\"async\" src=\"\/wp-content\/uploads\/factory-06.webp\"\/><\/p>\n<p><img decoding=\"async\" src=\"\/wp-content\/uploads\/factory-07.webp\"\/><\/p>\n<h3>Atelier de peinture en poudre<\/h3>\n<p><img decoding=\"async\" src=\"\/wp-content\/uploads\/factory-09.webp\"\/><\/p>\n<h3>Atelier d'anodisation<\/h3>\n<p><img decoding=\"async\" src=\"\/wp-content\/uploads\/factory-10.webp\"\/><\/p>\n<h3>Atelier sur le traitement en profondeur<\/h3>\n<p><img decoding=\"async\" src=\"\/wp-content\/uploads\/factory-11.webp\"\/><\/p>\n<h3>Atelier d'usinage de pr\u00e9cision CNC<\/h3>\n<p><img decoding=\"async\" src=\"\/wp-content\/uploads\/factory-11.5.webp\"\/><\/p>\n<h3>Entrep\u00f4t de produits finis et d'exportation<\/h3>\n<p><img decoding=\"async\" src=\"\/wp-content\/uploads\/factory-12.webp\"\/><\/p>\n<p><img decoding=\"async\" src=\"\/wp-content\/uploads\/factory-13.webp\"\/><\/p>\n<p><img decoding=\"async\" src=\"\/wp-content\/uploads\/factory-14.webp\"\/><\/p>\n<h2>FAQ<\/h2>\n<p><p><b>1) Usinage CNC des profil\u00e9s d'aluminium : Comment l'usinage CNC am\u00e9liore-t-il la pr\u00e9cision des profil\u00e9s en aluminium ?<\/b><\/p>\n<p>L'usinage CNC garantit une grande pr\u00e9cision en automatisant le processus et en obtenant des tol\u00e9rances serr\u00e9es, ce qui est id\u00e9al pour les profils d'aluminium complexes et personnalis\u00e9s.<br \/>\n<\/p><br \/>\n<br \/>\n<p><b>2. les profil\u00e9s en aluminium peuvent-ils \u00eatre personnalis\u00e9s par usinage CNC ?<\/b><\/p>\n<p>Oui, l'usinage CNC permet de cr\u00e9er des formes et des conceptions complexes, personnalis\u00e9es et adapt\u00e9es aux exigences d'une application sp\u00e9cifique.<br \/>\n<\/p><br \/>\n<br \/>\n<p><b>3) Quelles sont les industries qui b\u00e9n\u00e9ficient le plus de l'usinage CNC des profil\u00e9s en aluminium ?<\/b><\/p>\n<p>Les industries telles que l'a\u00e9rospatiale, l'automobile, l'\u00e9lectronique et la fabrication b\u00e9n\u00e9ficient de l'usinage CNC en raison de sa pr\u00e9cision, de sa flexibilit\u00e9 et de sa capacit\u00e9 \u00e0 traiter des profils d'aluminium complexes.<br \/>\n<\/p><br \/>\n<br \/>\n<p><b>4. Comment l'usinage CNC affecte-t-il la vitesse de production des profil\u00e9s en aluminium ?<\/b><\/p>\n<p>L'usinage CNC am\u00e9liore la vitesse de production en automatisant les processus, en r\u00e9duisant les d\u00e9lais et en garantissant une qualit\u00e9 constante sur de grands volumes de production.<br \/>\n<\/p><br \/>\n<br \/>\n<p><b>5. l'usinage CNC de profil\u00e9s en aluminium est-il rentable pour une production en grande quantit\u00e9 ?<\/b><\/p>\n<p>Oui, l'usinage CNC est rentable pour la production en grande s\u00e9rie en raison de son efficacit\u00e9, de sa r\u00e9p\u00e9tabilit\u00e9 et de son intervention manuelle minimale, ce qui permet de r\u00e9duire les co\u00fbts de main-d'\u0153uvre et d'acc\u00e9l\u00e9rer les d\u00e9lais d'ex\u00e9cution.<br \/>\n<\/p><br \/>\n<br \/>\n<p><b>6. Comment l'usinage CNC am\u00e9liore-t-il l'int\u00e9grit\u00e9 structurelle des profil\u00e9s en aluminium ?<\/b><\/p>\n<p>L'usinage CNC garantit des coupes et des formes pr\u00e9cises, ce qui permet d'obtenir des profil\u00e9s en aluminium plus r\u00e9sistants et plus fiables pour les applications auxquelles ils sont destin\u00e9s.<br \/>\n<\/p><br \/>\n<br \/>\n<p><b>7. quels sont les avantages de l'usinage CNC par rapport aux m\u00e9thodes traditionnelles de traitement des profil\u00e9s en aluminium ?<\/b><\/p>\n<p>L'usinage CNC offre plus de pr\u00e9cision, de personnalisation et d'efficacit\u00e9, ce qui permet de produire des profils complexes avec une grande pr\u00e9cision et un minimum de d\u00e9chets.<br \/>\n<\/p><br \/><\/p>","protected":false},"featured_media":8543,"template":"","categories":[68],"class_list":["post-8544","product","type-product","status-publish","has-post-thumbnail","hentry","category-cnc-machining-aluminum-profile"],"meta_box":{"hilight_text_group":{"product_hilight_text":"<li>Precision CNC machining ensures high accuracy and tight tolerances<\/li>\r\r\n<li>Ability to create complex, customized shapes and designs for aluminum profiles<\/li>\r\r\n<li>Ideal for high-volume production with consistent quality<\/li>\r\r\n<li>Fast turnaround time and reduced production lead times<\/li>\r\r\n<li>Improves the structural integrity and functionality of aluminum profiles<\/li>","product_chanpin_blog":"<ul>\r\r\n<li><a href=\"https:\/\/sinoextrud.com\/t-slot-v-slot-differences\/\" target=\"_blank\">t slot vs v slot<\/a><\/li>\r\r\n<li><a href=\"https:\/\/sinoextrud.com\/what-is-4040-aluminium-extrud\/\" target=\"_blank\">4040 aluminium extrusion<\/a><\/li>\r\r\n<li><a href=\"https:\/\/sinoextrud.com\/what-is-4040-aluminium-extrud\/\" target=\"_blank\">aluminum extrusions for industrial racks<\/a><\/li>\r\r\n<li><a href=\"https:\/\/sinoextrud.com\/powder-coating-aluminium-process\/\" target=\"_blank\">powder coating aluminium<\/a><\/li>\r\r\n<li><a href=\"https:\/\/sinoextrud.com\/what-is-an-aluminium-strip-ceiling\/\" target=\"_blank\">aluminium strip ceiling<\/a><\/li>\r\r\n<li><a href=\"https:\/\/sinoextrud.com\/what-is-a-heat-sink\/\" target=\"_blank\">what is a heat sink<\/a><\/li>\r\r\n<\/ul>","product_chanpin_chanpin":"<li><a href=\"https:\/\/sinoextrud.com\/product\/aluminum-hydraulic-oil-tank\/\" target=\"_blank\">Aluminum Hydraulic Oil Tank<\/a><\/li>\r\n<li><a href=\"https:\/\/sinoextrud.com\/product\/machined-aluminum-rail-extrusion-profile-cnc-aviation-aluminum-gantry\/\" target=\"_blank\">Machined Aluminum Rail Extrusion Profile CNC Aviation Aluminum Gantry<\/a><\/li>\r\n<li><a href=\"https:\/\/sinoextrud.com\/product\/cnc-machining-aluminum-signal-plate\/\" target=\"_blank\">CNC Machining Aluminum Signal Plate<\/a><\/li>\r\n<li><a href=\"https:\/\/sinoextrud.com\/product\/aluminum-cnc-machining\/\" target=\"_blank\">Aluminum cnc machining<\/a><\/li>\r\n<li><a href=\"https:\/\/sinoextrud.com\/product\/aluminum-profile-cnc-machining\/\" target=\"_blank\">Aluminum Profile CNC Machining<\/a><\/li>\r\n<li><a href=\"https:\/\/sinoextrud.com\/product\/extruded-aluminum-cnc-part-with-precision-custom-cnc-machining\/\" target=\"_blank\">Extruded Aluminum CNC Part with Precision Custom CNC Machining<\/a><\/li>\r\n<li><a href=\"https:\/\/sinoextrud.com\/product\/item-modular-aluminium-profile-system\/\" target=\"_blank\">Item Modular Aluminium Profile System<\/a><\/li>\r\n<li><a href=\"https:\/\/sinoextrud.com\/product\/small-aluminium-extrusions\/\" target=\"_blank\">Small Aluminium Extrusions<\/a><\/li>\r\n<li><a href=\"https:\/\/sinoextrud.com\/product\/cnc-industrial-aluminum-profiler\/\" target=\"_blank\">CNC Industrial Aluminum Profiler<\/a><\/li>\r\n<li><a href=\"https:\/\/sinoextrud.com\/product\/large-scale-industrial-aluminum-profile\/\" target=\"_blank\">Large Scale Industrial Aluminum Profile<\/a><\/li>\r\n<li><a href=\"https:\/\/sinoextrud.com\/product\/slotted-aluminum-extrusion\/\" target=\"_blank\">Slotted Aluminum Extrusion<\/a><\/li>"},"feature_list":[]},"_links":{"self":[{"href":"https:\/\/sinoextrud.com\/fr\/wp-json\/wp\/v2\/product\/8544","targetHints":{"allow":["GET"]}}],"collection":[{"href":"https:\/\/sinoextrud.com\/fr\/wp-json\/wp\/v2\/product"}],"about":[{"href":"https:\/\/sinoextrud.com\/fr\/wp-json\/wp\/v2\/types\/product"}],"wp:featuredmedia":[{"embeddable":true,"href":"https:\/\/sinoextrud.com\/fr\/wp-json\/wp\/v2\/media\/8543"}],"wp:attachment":[{"href":"https:\/\/sinoextrud.com\/fr\/wp-json\/wp\/v2\/media?parent=8544"}],"wp:term":[{"taxonomy":"category","embeddable":true,"href":"https:\/\/sinoextrud.com\/fr\/wp-json\/wp\/v2\/categories?post=8544"}],"curies":[{"name":"wp","href":"https:\/\/api.w.org\/{rel}","templated":true}]}}