{"id":8541,"date":"2025-06-17T02:49:45","date_gmt":"2025-06-17T02:49:45","guid":{"rendered":"https:\/\/sinoextrud.com\/product\/aluminum-cnc-machining\/"},"modified":"2025-06-24T06:24:11","modified_gmt":"2025-06-24T06:24:11","slug":"usinage-cnc-de-laluminium","status":"publish","type":"product","link":"https:\/\/sinoextrud.com\/fr\/product\/aluminum-cnc-machining\/","title":{"rendered":"Usinage CNC de l'aluminium"},"content":{"rendered":"<h2>D\u00e9tails des produits<\/h2>\n<table class=\"custom-table\">\n<tr>\n<td class=\"label\">Mod\u00e8le NO :<\/td>\n<td> Usinage CNC de l'aluminium<\/td>\n<\/tr>\n<tr>\n<td class=\"label\">Sur mesure :<\/td>\n<td> Sur mesure<\/td>\n<\/tr>\n<tr>\n<td class=\"label\">Application :<\/td>\n<td> Diff\u00e9rents types de machines<\/td>\n<\/tr>\n<tr>\n<td class=\"label\">Certificat :<\/td>\n<td> ISO 9001 \/ TUV<\/td>\n<\/tr>\n<tr>\n<td class=\"label\">Format du dessin :<\/td>\n<td> Format 2D ou 3D<\/td>\n<\/tr>\n<tr>\n<td class=\"label\">OEM ODM :<\/td>\n<td> Oui<\/td>\n<\/tr>\n<tr>\n<td class=\"label\">Pr\u00e8s du port :<\/td>\n<td> Foshan<\/td>\n<\/tr>\n<tr>\n<td class=\"label\">Envois :<\/td>\n<td> par mer ou par air<\/td>\n<\/tr>\n<tr>\n<td class=\"label\">Paquet de transport :<\/td>\n<td> Carton\/caisse en bois ou sur mesure<\/td>\n<\/tr>\n<tr>\n<td class=\"label\">Origine :<\/td>\n<td> Foshan, Chine<\/td>\n<\/tr>\n<tr>\n<td class=\"label\">\u00c9tat :<\/td>\n<td> Nouveau<\/td>\n<\/tr>\n<tr>\n<td class=\"label\">Type d'entreprise :<\/td>\n<td> Fabricant\/auto-entrepreneur<\/td>\n<\/tr>\n<tr>\n<td class=\"label\">Tol\u00e9rance :<\/td>\n<td> +\/- 0,01-0,05 mm<\/td>\n<\/tr>\n<tr>\n<td class=\"label\">Traitement de surface :<\/td>\n<td> Anodisation, placage, polissage, etc.<\/td>\n<\/tr>\n<tr>\n<td class=\"label\">Service des \u00e9chantillons :<\/td>\n<td> Accepter<\/td>\n<\/tr>\n<tr>\n<td class=\"label\">Sp\u00e9cification :<\/td>\n<td> personnalis\u00e9<\/td>\n<\/tr>\n<\/table>\n<h2>Notre base de production<\/h2>\n<h3>Panorama de l'usine<\/h3>\n<p><img decoding=\"async\" src=\"\/wp-content\/uploads\/factory-01.webp\"\/><\/p>\n<h3>Atelier de fabrication de barres d'aluminium<\/h3>\n<p><img decoding=\"async\" src=\"\/wp-content\/uploads\/factory-02.webp\"\/><\/p>\n<p><img decoding=\"async\" src=\"\/wp-content\/uploads\/factory-03.webp\"\/><\/p>\n<h3>Entrep\u00f4t de stockage des moules<\/h3>\n<p><img decoding=\"async\" src=\"\/wp-content\/uploads\/factory-04.webp\"\/><\/p>\n<h3>43 lignes d'extrusion d'aluminium (500 \u00e0 5500 tonnes)<\/h3>\n<p><img decoding=\"async\" src=\"\/wp-content\/uploads\/factory-05.webp\"\/><\/p>\n<p><img decoding=\"async\" src=\"\/wp-content\/uploads\/factory-06.webp\"\/><\/p>\n<p><img decoding=\"async\" src=\"\/wp-content\/uploads\/factory-07.webp\"\/><\/p>\n<h3>Atelier de peinture en poudre<\/h3>\n<p><img decoding=\"async\" src=\"\/wp-content\/uploads\/factory-09.webp\"\/><\/p>\n<h3>Atelier d'anodisation<\/h3>\n<p><img decoding=\"async\" src=\"\/wp-content\/uploads\/factory-10.webp\"\/><\/p>\n<h3>Atelier sur le traitement en profondeur<\/h3>\n<p><img decoding=\"async\" src=\"\/wp-content\/uploads\/factory-11.webp\"\/><\/p>\n<h3>Atelier d'usinage de pr\u00e9cision CNC<\/h3>\n<p><img decoding=\"async\" src=\"\/wp-content\/uploads\/factory-11.5.webp\"\/><\/p>\n<h3>Entrep\u00f4t de produits finis et d'exportation<\/h3>\n<p><img decoding=\"async\" src=\"\/wp-content\/uploads\/factory-12.webp\"\/><\/p>\n<p><img decoding=\"async\" src=\"\/wp-content\/uploads\/factory-13.webp\"\/><\/p>\n<p><img decoding=\"async\" src=\"\/wp-content\/uploads\/factory-14.webp\"\/><\/p>\n<h2>FAQ<\/h2>\n<p><p><b>1. l'usinage CNC de l'aluminium : Quels sont les avantages de l'usinage CNC de l'aluminium ?<\/b><\/p>\n<p>L'usinage CNC offre une grande pr\u00e9cision, une grande r\u00e9p\u00e9tabilit\u00e9 et la possibilit\u00e9 de traiter des formes complexes, ce qui en fait la solution id\u00e9ale pour les composants en aluminium dans diverses industries.<br \/>\n<\/p><br \/>\n<br \/>\n<p><b>2. quelle est la pr\u00e9cision de l'usinage CNC de l'aluminium ?<\/b><\/p>\n<p>L'usinage CNC de l'aluminium permet d'obtenir des tol\u00e9rances serr\u00e9es, ce qui garantit un degr\u00e9 \u00e9lev\u00e9 de pr\u00e9cision et de coh\u00e9rence, m\u00eame pour les conceptions les plus complexes.<br \/>\n<\/p><br \/>\n<br \/>\n<p><b>3. l'usinage CNC de l'aluminium peut-il traiter diff\u00e9rents alliages d'aluminium ?<\/b><\/p>\n<p>Oui, l'usinage CNC de l'aluminium est polyvalent et peut travailler avec diff\u00e9rents alliages d'aluminium, ce qui permet une personnalisation pour r\u00e9pondre \u00e0 des exigences sp\u00e9cifiques en mati\u00e8re de mat\u00e9riaux.<br \/>\n<\/p><br \/>\n<br \/>\n<p><b>4. quels sont les principaux avantages de l'utilisation de l'aluminium dans l'usinage CNC ?<\/b><\/p>\n<p>L'aluminium est l\u00e9ger, durable et pr\u00e9sente une excellente usinabilit\u00e9, ce qui en fait un choix populaire pour l'usinage CNC dans des industries telles que l'a\u00e9rospatiale, l'automobile et l'\u00e9lectronique.<br \/>\n<\/p><br \/>\n<br \/>\n<p><b>5. quelle est la rapidit\u00e9 du processus d'usinage CNC de l'aluminium ?<\/b><\/p>\n<p>L'usinage CNC offre des temps de production rapides, ce qui permet une rotation rapide tout en maintenant une pr\u00e9cision et une qualit\u00e9 \u00e9lev\u00e9es dans le produit final.<br \/>\n<\/p><br \/>\n<br \/>\n<p><b>6. L'usinage CNC de l'aluminium n\u00e9cessite-t-il un post-traitement ?<\/b><\/p>\n<p>L'usinage CNC de l'aluminium permet d'obtenir une finition de surface lisse, ce qui minimise la n\u00e9cessit\u00e9 d'un post-traitement approfondi et permet de gagner du temps et de l'argent.<br \/>\n<\/p><br \/>\n<br \/>\n<p><b>7) Quelles sont les industries qui utilisent l'usinage CNC de l'aluminium ?<\/b><\/p>\n<p>L'usinage CNC de l'aluminium est largement utilis\u00e9 dans des secteurs tels que l'a\u00e9rospatiale, l'automobile, les appareils m\u00e9dicaux et l'\u00e9lectronique en raison de sa pr\u00e9cision, de sa r\u00e9sistance et de sa l\u00e9g\u00e8ret\u00e9.<br \/>\n<\/p><br \/><\/p>","protected":false},"featured_media":8540,"template":"","categories":[68],"class_list":["post-8541","product","type-product","status-publish","has-post-thumbnail","hentry","category-cnc-machining-aluminum-profile"],"meta_box":{"hilight_text_group":{"product_hilight_text":"<li>High-precision machining ensures tight tolerances and excellent finish<\/li>\r\r\n<li>Fast and efficient production process, reducing lead time<\/li>\r\r\n<li>Versatile for a wide range of aluminum alloys and applications<\/li>\r\r\n<li>Customizable designs for complex and intricate shapes<\/li>\r\r\n<li>Superior surface quality with minimal post-processing required<\/li>","product_chanpin_blog":"<ul>\r\r\n<li><a href=\"https:\/\/sinoextrud.com\/t-slot-v-slot-differences\/\" target=\"_blank\">t slot vs v slot<\/a><\/li>\r\r\n<li><a href=\"https:\/\/sinoextrud.com\/what-is-4040-aluminium-extrud\/\" target=\"_blank\">4040 aluminium extrusion<\/a><\/li>\r\r\n<li><a href=\"https:\/\/sinoextrud.com\/what-is-4040-aluminium-extrud\/\" target=\"_blank\">aluminum extrusions for industrial racks<\/a><\/li>\r\r\n<li><a href=\"https:\/\/sinoextrud.com\/powder-coating-aluminium-process\/\" target=\"_blank\">powder coating aluminium<\/a><\/li>\r\r\n<li><a href=\"https:\/\/sinoextrud.com\/what-is-an-aluminium-strip-ceiling\/\" target=\"_blank\">aluminium strip ceiling<\/a><\/li>\r\r\n<li><a href=\"https:\/\/sinoextrud.com\/what-is-a-heat-sink\/\" target=\"_blank\">what is a heat sink<\/a><\/li>\r\r\n<\/ul>","product_chanpin_chanpin":"<li><a href=\"https:\/\/sinoextrud.com\/product\/aluminum-anodized-gold-ashtray\/\" target=\"_blank\">Aluminum Anodized Gold Ashtray<\/a><\/li>\r\n<li><a href=\"https:\/\/sinoextrud.com\/product\/aluminum-hydraulic-oil-tank\/\" target=\"_blank\">Aluminum Hydraulic Oil Tank<\/a><\/li>\r\n<li><a href=\"https:\/\/sinoextrud.com\/product\/machined-aluminum-rail-extrusion-profile-cnc-aviation-aluminum-gantry\/\" target=\"_blank\">Machined Aluminum Rail Extrusion Profile CNC Aviation Aluminum Gantry<\/a><\/li>\r\n<li><a href=\"https:\/\/sinoextrud.com\/product\/cnc-machining-aluminum-signal-plate\/\" target=\"_blank\">CNC Machining Aluminum Signal Plate<\/a><\/li>\r\n<li><a href=\"https:\/\/sinoextrud.com\/product\/aluminum-cnc-machining\/\" target=\"_blank\">Aluminum cnc machining<\/a><\/li>\r\n<li><a href=\"https:\/\/sinoextrud.com\/product\/aluminum-profile-cnc-machining\/\" target=\"_blank\">Aluminum Profile CNC Machining<\/a><\/li>\r\n<li><a href=\"https:\/\/sinoextrud.com\/product\/extruded-aluminum-cnc-part-with-precision-custom-cnc-machining\/\" target=\"_blank\">Extruded Aluminum CNC Part with Precision Custom CNC Machining<\/a><\/li>\r\n<li><a href=\"https:\/\/sinoextrud.com\/product\/item-modular-aluminium-profile-system\/\" target=\"_blank\">Item Modular Aluminium Profile System<\/a><\/li>\r\n<li><a href=\"https:\/\/sinoextrud.com\/product\/small-aluminium-extrusions\/\" target=\"_blank\">Small Aluminium Extrusions<\/a><\/li>\r\n<li><a href=\"https:\/\/sinoextrud.com\/product\/aluminum-beam-extrusion-curtain-wall-profile-hollow-bar-price-by-per-ton\/\" target=\"_blank\">aluminum beam Extrusion Curtain Wall Profile hollow bar price by per ton<\/a><\/li>\r\n<li><a href=\"https:\/\/sinoextrud.com\/product\/custom-anodized-aluminium-profiles\/\" target=\"_blank\">Custom Anodized Aluminium Profiles<\/a><\/li>"},"feature_list":[]},"_links":{"self":[{"href":"https:\/\/sinoextrud.com\/fr\/wp-json\/wp\/v2\/product\/8541","targetHints":{"allow":["GET"]}}],"collection":[{"href":"https:\/\/sinoextrud.com\/fr\/wp-json\/wp\/v2\/product"}],"about":[{"href":"https:\/\/sinoextrud.com\/fr\/wp-json\/wp\/v2\/types\/product"}],"wp:featuredmedia":[{"embeddable":true,"href":"https:\/\/sinoextrud.com\/fr\/wp-json\/wp\/v2\/media\/8540"}],"wp:attachment":[{"href":"https:\/\/sinoextrud.com\/fr\/wp-json\/wp\/v2\/media?parent=8541"}],"wp:term":[{"taxonomy":"category","embeddable":true,"href":"https:\/\/sinoextrud.com\/fr\/wp-json\/wp\/v2\/categories?post=8541"}],"curies":[{"name":"wp","href":"https:\/\/api.w.org\/{rel}","templated":true}]}}