{"id":8525,"date":"2025-06-17T01:53:04","date_gmt":"2025-06-17T01:53:04","guid":{"rendered":"https:\/\/sinoextrud.com\/product\/extruded-aluminium-housing\/"},"modified":"2025-06-24T06:24:08","modified_gmt":"2025-06-24T06:24:08","slug":"boitier-en-aluminium-extrude-4","status":"publish","type":"product","link":"https:\/\/sinoextrud.com\/fr\/product\/extruded-aluminium-housing\/","title":{"rendered":"Bo\u00eetier en aluminium extrud\u00e9"},"content":{"rendered":"<h2>D\u00e9tails des produits<\/h2>\n<table class=\"custom-table\">\n<tbody>\n<tr>\n<td> Nom du produit<\/td>\n<td> Bo\u00eetier en aluminium extrud\u00e9<\/td>\n<\/tr>\n<tr>\n<td> Mat\u00e9riau<\/td>\n<td> 6063, 6061, etc.<\/td>\n<\/tr>\n<tr>\n<td> Forme<\/td>\n<td> Carr\u00e9 ou autres formes personnalis\u00e9es<\/td>\n<\/tr>\n<tr>\n<td> \u00c9paisseur<\/td>\n<td> 0,7mm-10mm<\/td>\n<\/tr>\n<tr>\n<td> Taille<\/td>\n<td> Selon la demande du client<\/td>\n<\/tr>\n<tr>\n<td> Tol\u00e9rance de la coupe de pr\u00e9cision<\/td>\n<td> \u22641m : \u00b10,25mm<br \/>\n1m&lt; : \u22642m, \u00b10,35mm<br \/>\n\u22652m : \u00b10,50mm<\/td>\n<\/tr>\n<tr>\n<td> Tol\u00e9rance de per\u00e7age<\/td>\n<td> \u00b10,15~0,20mm<\/td>\n<\/tr>\n<tr>\n<td> Tol\u00e9rance de la coupe ordinaire<\/td>\n<td> \u00b110 ~ 0mm<\/td>\n<\/tr>\n<tr>\n<td> Applications typiques<\/td>\n<td> Industrie, \u00e9lectronique, automobile, etc.<\/td>\n<\/tr>\n<tr>\n<td> Processus en profondeur<\/td>\n<td> Fraisage, per\u00e7age, poin\u00e7onnage, per\u00e7age, taraudage, pliage CNC<\/td>\n<\/tr>\n<tr>\n<td> Marque<\/td>\n<td> Sinoextrud, Sinoextrud, marque personnalis\u00e9e disponible<\/td>\n<\/tr>\n<tr>\n<td> Traitement de surface<\/td>\n<td> Finition en usine, anodisation, rev\u00eatement en poudre, etc.<\/td>\n<\/tr>\n<tr>\n<td> MOQ<\/td>\n<td> 200Kgs<\/td>\n<\/tr>\n<tr>\n<td> Garantie de qualit\u00e9<\/td>\n<td> Inspection 100% pour garantir une qualit\u00e9 \u00e9lev\u00e9e<\/td>\n<\/tr>\n<tr>\n<td> Certificats<\/td>\n<td> ISO9001, ISO4001, CQM, SGS, CE, BV, etc.<\/td>\n<\/tr>\n<tr>\n<td> Lieu d'origine<\/td>\n<td> Guangdong, Chine<\/td>\n<\/tr>\n<\/tbody>\n<\/table>\n<h2>Notre base de production<\/h2>\n<h3>Panorama de l'usine<\/h3>\n<p><img decoding=\"async\" src=\"\/wp-content\/uploads\/factory-01.webp\"\/><\/p>\n<h3>Atelier de fabrication de barres d'aluminium<\/h3>\n<p><img decoding=\"async\" src=\"\/wp-content\/uploads\/factory-02.webp\"\/><\/p>\n<\/p>\n<p><img decoding=\"async\" src=\"\/wp-content\/uploads\/factory-03.webp\"\/><\/p>\n<h3>Entrep\u00f4t de stockage des moules<\/h3>\n<p><img decoding=\"async\" src=\"\/wp-content\/uploads\/factory-04.webp\"\/><\/p>\n<h3>43 lignes d'extrusion d'aluminium (500-5500 tonnes)<\/h3>\n<p><img decoding=\"async\" src=\"\/wp-content\/uploads\/factory-05.webp\"\/><\/p>\n<p><img decoding=\"async\" src=\"\/wp-content\/uploads\/factory-06.webp\"\/><\/p>\n<p><img decoding=\"async\" src=\"\/wp-content\/uploads\/factory-07.webp\"\/><\/p>\n<h3>Atelier de peinture en poudre<\/h3>\n<p><img decoding=\"async\" src=\"\/wp-content\/uploads\/factory-09.webp\"\/><\/p>\n<h3>Atelier d'anodisation<\/h3>\n<p><img decoding=\"async\" src=\"\/wp-content\/uploads\/factory-10.webp\"\/><\/p>\n<h3>Atelier sur le traitement en profondeur<\/h3>\n<p><img decoding=\"async\" src=\"\/wp-content\/uploads\/factory-11.webp\"\/><\/p>\n<h3>Atelier d'usinage de pr\u00e9cision CNC<\/h3>\n<p><img decoding=\"async\" src=\"\/wp-content\/uploads\/factory-11.5.webp\"\/><\/p>\n<h3>Entrep\u00f4t de produits finis et d'exportation<\/h3>\n<p><img decoding=\"async\" src=\"\/wp-content\/uploads\/factory-12.webp\"\/><\/p>\n<p><img decoding=\"async\" src=\"\/wp-content\/uploads\/factory-13.webp\"\/><\/p>\n<p><img decoding=\"async\" src=\"\/wp-content\/uploads\/factory-14.webp\"\/><\/p>\n<h2>FAQ<\/h2>\n<p><b>1) Qu'est-ce qu'un bo\u00eetier en aluminium extrud\u00e9 ?<\/b><\/p>\n<p>Le bo\u00eetier en aluminium extrud\u00e9 est un type de bo\u00eetier fabriqu\u00e9 \u00e0 partir d'aluminium form\u00e9 par un processus d'extrusion, offrant durabilit\u00e9, l\u00e9g\u00e8ret\u00e9 et une excellente dissipation de la chaleur pour diverses applications.\n<\/p>\n<p><\/p>\n<p><b>2) Pourquoi les bo\u00eetiers en aluminium extrud\u00e9 sont-ils utilis\u00e9s dans l'\u00e9lectronique ?<\/b><\/p>\n<p>Le bo\u00eetier en aluminium extrud\u00e9 est id\u00e9al pour l'\u00e9lectronique car il assure une dissipation efficace de la chaleur, une r\u00e9sistance \u00e0 la corrosion et une protection des composants sensibles, garantissant ainsi long\u00e9vit\u00e9 et fiabilit\u00e9.\n<\/p>\n<p><\/p>\n<p><b>3. Quelle est la durabilit\u00e9 des bo\u00eetiers en aluminium extrud\u00e9 ?<\/b><\/p>\n<p>Le bo\u00eetier en aluminium extrud\u00e9 est tr\u00e8s r\u00e9sistant, offrant des performances durables avec une r\u00e9sistance \u00e0 la corrosion, \u00e0 l'usure et aux facteurs environnementaux, ce qui le rend parfait pour les conditions difficiles.\n<\/p>\n<p><\/p>\n<p><b>4) Les bo\u00eetiers en aluminium extrud\u00e9 peuvent-ils \u00eatre personnalis\u00e9s ?<\/b><\/p>\n<p>Oui, les bo\u00eetiers en aluminium extrud\u00e9 peuvent \u00eatre personnalis\u00e9s en termes de taille, de forme et de conception pour r\u00e9pondre aux besoins sp\u00e9cifiques des diff\u00e9rentes industries et applications.\n<\/p>\n<p><\/p>\n<p><b>5) Quelles sont les industries qui b\u00e9n\u00e9ficient des bo\u00eetiers en aluminium extrud\u00e9 ?<\/b><\/p>\n<p>Les industries telles que l'\u00e9lectronique, les t\u00e9l\u00e9communications, les \u00e9quipements industriels et l'automobile b\u00e9n\u00e9ficient des bo\u00eetiers en aluminium extrud\u00e9 en raison de leur r\u00e9sistance, de leur l\u00e9g\u00e8ret\u00e9 et de leur capacit\u00e9 \u00e0 prot\u00e9ger les composants.\n<\/p>\n<p><\/p>\n<p><b>6. quelle est la vitesse de production des bo\u00eetiers en aluminium extrud\u00e9 ?<\/b><\/p>\n<p>Les bo\u00eetiers en aluminium extrud\u00e9 peuvent \u00eatre produits rapidement, avec des d\u00e9lais de livraison courts gr\u00e2ce \u00e0 l'efficacit\u00e9 du processus d'extrusion, ce qui garantit une livraison dans les d\u00e9lais impartis pour les projets \u00e0 \u00e9ch\u00e9ances serr\u00e9es.\n<\/p>\n<p><\/p>\n<p><b>7. les bo\u00eetiers en aluminium extrud\u00e9 sont-ils rentables ?<\/b><\/p>\n<p>Oui, les bo\u00eetiers en aluminium extrud\u00e9 offrent une solution rentable pour les bo\u00eetiers personnalis\u00e9s, combinant un prix abordable avec des performances \u00e9lev\u00e9es et une grande durabilit\u00e9 pour diverses applications.\n<\/p>\n<p><\/p>","protected":false},"featured_media":8524,"template":"","categories":[68],"class_list":["post-8525","product","type-product","status-publish","has-post-thumbnail","hentry","category-cnc-machining-aluminum-profile"],"meta_box":{"hilight_text_group":{"product_hilight_text":"<li>Durable and lightweight extruded aluminum housing<\/li>\r\r\n<li>Excellent heat dissipation properties for electronic components<\/li>\r\r\n<li>Customizable sizes and designs to fit specific applications<\/li>\r\r\n<li>Corrosion-resistant and long-lasting material<\/li>\r\r\n<li>Ideal for use in electronics, telecommunications, and industrial equipment<\/li>\r\r\n<li>Cost-effective manufacturing with quick lead times<\/li>","product_chanpin_blog":"<ul>\r\r\n<li><a href=\"https:\/\/sinoextrud.com\/t-slot-v-slot-differences\/\" target=\"_blank\">t slot vs v slot<\/a><\/li>\r\r\n<li><a href=\"https:\/\/sinoextrud.com\/what-is-4040-aluminium-extrud\/\" target=\"_blank\">4040 aluminium extrusion<\/a><\/li>\r\r\n<li><a href=\"https:\/\/sinoextrud.com\/what-is-4040-aluminium-extrud\/\" target=\"_blank\">aluminum extrusions for industrial racks<\/a><\/li>\r\r\n<li><a href=\"https:\/\/sinoextrud.com\/powder-coating-aluminium-process\/\" target=\"_blank\">powder coating aluminium<\/a><\/li>\r\r\n<li><a href=\"https:\/\/sinoextrud.com\/what-is-an-aluminium-strip-ceiling\/\" target=\"_blank\">aluminium strip ceiling<\/a><\/li>\r\r\n<li><a href=\"https:\/\/sinoextrud.com\/what-is-a-heat-sink\/\" target=\"_blank\">what is a heat sink<\/a><\/li>\r\r\n<\/ul>","product_chanpin_chanpin":"<li><a href=\"https:\/\/sinoextrud.com\/product\/extruded-aluminium-case\/\" target=\"_blank\">Extruded Aluminium Case<\/a><\/li>\r\n<li><a href=\"https:\/\/sinoextrud.com\/product\/aluminium-extrusion-enclosure\/\" target=\"_blank\">Aluminium Extrusion Enclosure<\/a><\/li>\r\n<li><a href=\"https:\/\/sinoextrud.com\/product\/aluminum-cnc-punching-parts\/\" target=\"_blank\">Aluminum CNC Punching Parts<\/a><\/li>\r\n<li><a href=\"https:\/\/sinoextrud.com\/product\/factory-cnc-precision-aluminum-parts\/\" target=\"_blank\">Factory Cnc Precision Aluminum Parts<\/a><\/li>\r\n<li><a href=\"https:\/\/sinoextrud.com\/product\/extruded-aluminium-housing\/\" target=\"_blank\">Extruded Aluminium Housing<\/a><\/li>\r\n<li><a href=\"https:\/\/sinoextrud.com\/product\/aluminum-panel-outlet-socket\/\" target=\"_blank\">Aluminum Panel Outlet Socket<\/a><\/li>\r\n<li><a href=\"https:\/\/sinoextrud.com\/product\/anodized-small-machining-aluminum-parts\/\" target=\"_blank\">Anodized Small Machining Aluminum Parts<\/a><\/li>\r\n<li><a href=\"https:\/\/sinoextrud.com\/product\/extruded-aluminum-heatsink-led-alloy-a6063-t5-extrusion-profiles-cutting-cnc-precision\/\" target=\"_blank\">extruded aluminum heatsink LED alloy a6063 t5 extrusion profiles cutting CNC precision<\/a><\/li>\r\n<li><a href=\"https:\/\/sinoextrud.com\/product\/aluminum-anodized-gold-ashtray\/\" target=\"_blank\">Aluminum Anodized Gold Ashtray<\/a><\/li>\r\n<li><a href=\"https:\/\/sinoextrud.com\/product\/cnc-machine-for-aluminum-profiles\/\" target=\"_blank\">CNC Machine For Aluminum Profiles<\/a><\/li>\r\n<li><a href=\"https:\/\/sinoextrud.com\/product\/modular-extruded-aluminum-framing\/\" target=\"_blank\">Modular Extruded Aluminum Framing<\/a><\/li>"},"feature_list":[]},"_links":{"self":[{"href":"https:\/\/sinoextrud.com\/fr\/wp-json\/wp\/v2\/product\/8525","targetHints":{"allow":["GET"]}}],"collection":[{"href":"https:\/\/sinoextrud.com\/fr\/wp-json\/wp\/v2\/product"}],"about":[{"href":"https:\/\/sinoextrud.com\/fr\/wp-json\/wp\/v2\/types\/product"}],"wp:featuredmedia":[{"embeddable":true,"href":"https:\/\/sinoextrud.com\/fr\/wp-json\/wp\/v2\/media\/8524"}],"wp:attachment":[{"href":"https:\/\/sinoextrud.com\/fr\/wp-json\/wp\/v2\/media?parent=8525"}],"wp:term":[{"taxonomy":"category","embeddable":true,"href":"https:\/\/sinoextrud.com\/fr\/wp-json\/wp\/v2\/categories?post=8525"}],"curies":[{"name":"wp","href":"https:\/\/api.w.org\/{rel}","templated":true}]}}