{"id":8523,"date":"2025-06-17T01:50:30","date_gmt":"2025-06-17T01:50:30","guid":{"rendered":"https:\/\/sinoextrud.com\/product\/factory-cnc-precision-aluminum-parts\/"},"modified":"2025-06-24T06:24:08","modified_gmt":"2025-06-24T06:24:08","slug":"pieces-de-precision-en-aluminium-fabriquees-en-usine-par-cnc","status":"publish","type":"product","link":"https:\/\/sinoextrud.com\/fr\/product\/factory-cnc-precision-aluminum-parts\/","title":{"rendered":"Pi\u00e8ces de pr\u00e9cision en aluminium fabriqu\u00e9es par Cnc"},"content":{"rendered":"<h2>D\u00e9tails des produits<\/h2>\n<table class=\"custom-table\">\n<tr>\n<td class=\"label\">Mat\u00e9riau<\/td>\n<td>Aluminium, laiton, acier inoxydable, titane<\/td>\n<\/tr>\n<tr>\n<td class=\"label\">Traitement de surface<\/td>\n<td>Anodisation, oxydation, nickelage, zingage, chromage, haut polissage<\/td>\n<\/tr>\n<tr>\n<td class=\"label\">Tol\u00e9rance<\/td>\n<td>\u00b10,02 mm<\/td>\n<\/tr>\n<tr>\n<td class=\"label\">Norme de qualit\u00e9<\/td>\n<td>ISO9001:2008<\/td>\n<\/tr>\n<tr>\n<td class=\"label\">Mat\u00e9riel d'inspection<\/td>\n<td>Pieds \u00e0 coulisse, microm\u00e8tre, altim\u00e8tre, \u00e9l\u00e9ment quadratique, jauge, testeur de rugosit\u00e9<\/td>\n<\/tr>\n<tr>\n<td class=\"label\">Format du dessin<\/td>\n<td>IGS, STP, AutoCAD2004-2010, etc.<\/td>\n<\/tr>\n<tr>\n<td class=\"label\">Emballage<\/td>\n<td>Carton d'exportation standard ou selon les besoins du client<\/td>\n<\/tr>\n<tr>\n<td class=\"label\">Service OEM et ODM<\/td>\n<td>Services OEM et ODM disponibles<\/td>\n<\/tr>\n<tr>\n<td class=\"label\">Couleur<\/td>\n<td>Pour les pi\u00e8ces en aluminium et en acier inoxydable, nous acceptons toutes les couleurs.<\/td>\n<\/tr>\n<tr>\n<td class=\"label\">Logo<\/td>\n<td>Le service d'impression de logos est disponible<\/td>\n<\/tr>\n<\/table>\n<h2>Notre base de production<\/h2>\n<h3>Panorama de l'usine<\/h3>\n<p><img decoding=\"async\" src=\"\/wp-content\/uploads\/factory-01.webp\"\/><\/p>\n<h3>Atelier de fabrication de barres d'aluminium<\/h3>\n<p><img decoding=\"async\" src=\"\/wp-content\/uploads\/factory-02.webp\"\/><\/p>\n<\/p>\n<p><img decoding=\"async\" src=\"\/wp-content\/uploads\/factory-03.webp\"\/><\/p>\n<h3>Entrep\u00f4t de stockage des moules<\/h3>\n<p><img decoding=\"async\" src=\"\/wp-content\/uploads\/factory-04.webp\"\/><\/p>\n<h3>43 lignes d'extrusion d'aluminium (500-5500 tonnes)<\/h3>\n<p><img decoding=\"async\" src=\"\/wp-content\/uploads\/factory-05.webp\"\/><\/p>\n<p><img decoding=\"async\" src=\"\/wp-content\/uploads\/factory-06.webp\"\/><\/p>\n<p><img decoding=\"async\" src=\"\/wp-content\/uploads\/factory-07.webp\"\/><\/p>\n<h3>Atelier de peinture en poudre<\/h3>\n<p><img decoding=\"async\" src=\"\/wp-content\/uploads\/factory-09.webp\"\/><\/p>\n<h3>Atelier d'anodisation<\/h3>\n<p><img decoding=\"async\" src=\"\/wp-content\/uploads\/factory-10.webp\"\/><\/p>\n<h3>Atelier sur le traitement en profondeur<\/h3>\n<p><img decoding=\"async\" src=\"\/wp-content\/uploads\/factory-11.webp\"\/><\/p>\n<h3>Atelier d'usinage de pr\u00e9cision CNC<\/h3>\n<p><img decoding=\"async\" src=\"\/wp-content\/uploads\/factory-11.5.webp\"\/><\/p>\n<h3>Entrep\u00f4t de produits finis et d'exportation<\/h3>\n<p><img decoding=\"async\" src=\"\/wp-content\/uploads\/factory-12.webp\"\/><\/p>\n<p><img decoding=\"async\" src=\"\/wp-content\/uploads\/factory-13.webp\"\/><\/p>\n<p><img decoding=\"async\" src=\"\/wp-content\/uploads\/factory-14.webp\"\/><\/p>\n<h2>FAQ<\/h2>\n<p><b>1) Qu'est-ce qu'une pi\u00e8ce en aluminium de pr\u00e9cision CNC ?<\/b><\/p>\n<p>Les pi\u00e8ces d'aluminium de pr\u00e9cision Factory CNC sont des composants en aluminium fabriqu\u00e9s sur mesure \u00e0 l'aide de la technologie d'usinage CNC, garantissant une haute pr\u00e9cision et une grande durabilit\u00e9 pour une large gamme d'applications industrielles.\n<\/p>\n<p><\/p>\n<p><b>2) Pourquoi choisir l'aluminium pour les pi\u00e8ces de pr\u00e9cision CNC ?<\/b><\/p>\n<p>L'aluminium est l\u00e9ger, solide, r\u00e9sistant \u00e0 la corrosion et offre une excellente usinabilit\u00e9, ce qui en fait un mat\u00e9riau id\u00e9al pour les pi\u00e8ces CNC de pr\u00e9cision.\n<\/p>\n<p><\/p>\n<p><b>3) Quelle est la pr\u00e9cision des pi\u00e8ces en aluminium de pr\u00e9cision CNC de l'usine ?<\/b><\/p>\n<p>Les pi\u00e8ces en aluminium de pr\u00e9cision CNC fabriqu\u00e9es en usine sont produites avec une grande pr\u00e9cision, respectant des tol\u00e9rances serr\u00e9es et garantissant des performances sup\u00e9rieures dans diverses applications.\n<\/p>\n<p><\/p>\n<p><b>4) Les pi\u00e8ces en aluminium de pr\u00e9cision CNC de l'usine peuvent-elles \u00eatre personnalis\u00e9es ?<\/b><\/p>\n<p>Oui, ces pi\u00e8ces en aluminium peuvent \u00eatre facilement personnalis\u00e9es pour r\u00e9pondre \u00e0 des exigences sp\u00e9cifiques en mati\u00e8re de conception et de dimensions, ce qui offre une grande souplesse pour diverses applications.\n<\/p>\n<p><\/p>\n<p><b>5) Quelles sont les industries qui b\u00e9n\u00e9ficient des pi\u00e8ces de pr\u00e9cision en aluminium CNC d'usine ?<\/b><\/p>\n<p>Les industries telles que l'a\u00e9rospatiale, l'automobile, l'\u00e9lectronique et la fabrication b\u00e9n\u00e9ficient de ces pi\u00e8ces de pr\u00e9cision en raison de leur r\u00e9sistance, de leur durabilit\u00e9 et de leur l\u00e9g\u00e8ret\u00e9.\n<\/p>\n<p><\/p>\n<p><b>6. quelle est la vitesse de production des pi\u00e8ces de pr\u00e9cision en aluminium de l'usine CNC ?<\/b><\/p>\n<p>Le processus de production des pi\u00e8ces en aluminium de pr\u00e9cision CNC est efficace, offrant des d\u00e9lais d'ex\u00e9cution rapides pour respecter les \u00e9ch\u00e9ances des projets.\n<\/p>\n<p><\/p>\n<p><b>7. les pi\u00e8ces en aluminium de pr\u00e9cision CNC d'usine sont-elles rentables ?<\/b><\/p>\n<p>En effet, le processus de production de ces pi\u00e8ces est rentable, ce qui permet aux entreprises d'obtenir des composants de haute qualit\u00e9 \u00e0 des prix comp\u00e9titifs sans sacrifier la pr\u00e9cision.\n<\/p>\n<p><\/p>","protected":false},"featured_media":8522,"template":"","categories":[68],"class_list":["post-8523","product","type-product","status-publish","has-post-thumbnail","hentry","category-cnc-machining-aluminum-profile"],"meta_box":{"hilight_text_group":{"product_hilight_text":"<li>High-precision CNC machining for aluminum parts<\/li>\r\r\n<li>Customizable designs to fit various industrial needs<\/li>\r\r\n<li>Cost-effective production with quick turnaround times<\/li>\r\r\n<li>Durable and lightweight aluminum material<\/li>\r\r\n<li>Suitable for a wide range of applications, including aerospace, automotive, and electronics<\/li>\r\r\n<li>High-quality surface finish with excellent dimensional accuracy<\/li>","product_chanpin_blog":"<ul>\r\r\n<li><a href=\"https:\/\/sinoextrud.com\/t-slot-v-slot-differences\/\" target=\"_blank\">t slot vs v slot<\/a><\/li>\r\r\n<li><a href=\"https:\/\/sinoextrud.com\/what-is-4040-aluminium-extrud\/\" target=\"_blank\">4040 aluminium extrusion<\/a><\/li>\r\r\n<li><a href=\"https:\/\/sinoextrud.com\/what-is-4040-aluminium-extrud\/\" target=\"_blank\">aluminum extrusions for industrial racks<\/a><\/li>\r\r\n<li><a href=\"https:\/\/sinoextrud.com\/powder-coating-aluminium-process\/\" target=\"_blank\">powder coating aluminium<\/a><\/li>\r\r\n<li><a href=\"https:\/\/sinoextrud.com\/what-is-an-aluminium-strip-ceiling\/\" target=\"_blank\">aluminium strip ceiling<\/a><\/li>\r\r\n<li><a href=\"https:\/\/sinoextrud.com\/what-is-a-heat-sink\/\" target=\"_blank\">what is a heat sink<\/a><\/li>\r\r\n<\/ul>","product_chanpin_chanpin":"<li><a href=\"https:\/\/sinoextrud.com\/product\/aluminum-cnc-profile\/\" target=\"_blank\">Aluminum CNC Profile<\/a><\/li>\r\n<li><a href=\"https:\/\/sinoextrud.com\/product\/extruded-aluminium-case\/\" target=\"_blank\">Extruded Aluminium Case<\/a><\/li>\r\n<li><a href=\"https:\/\/sinoextrud.com\/product\/aluminium-extrusion-enclosure\/\" target=\"_blank\">Aluminium Extrusion Enclosure<\/a><\/li>\r\n<li><a href=\"https:\/\/sinoextrud.com\/product\/aluminum-cnc-punching-parts\/\" target=\"_blank\">Aluminum CNC Punching Parts<\/a><\/li>\r\n<li><a href=\"https:\/\/sinoextrud.com\/product\/factory-cnc-precision-aluminum-parts\/\" target=\"_blank\">Factory Cnc Precision Aluminum Parts<\/a><\/li>\r\n<li><a href=\"https:\/\/sinoextrud.com\/product\/extruded-aluminium-housing\/\" target=\"_blank\">Extruded Aluminium Housing<\/a><\/li>\r\n<li><a href=\"https:\/\/sinoextrud.com\/product\/aluminum-panel-outlet-socket\/\" target=\"_blank\">Aluminum Panel Outlet Socket<\/a><\/li>\r\n<li><a href=\"https:\/\/sinoextrud.com\/product\/anodized-small-machining-aluminum-parts\/\" target=\"_blank\">Anodized Small Machining Aluminum Parts<\/a><\/li>\r\n<li><a href=\"https:\/\/sinoextrud.com\/product\/extruded-aluminum-heatsink-led-alloy-a6063-t5-extrusion-profiles-cutting-cnc-precision\/\" target=\"_blank\">extruded aluminum heatsink LED alloy a6063 t5 extrusion profiles cutting CNC precision<\/a><\/li>\r\n<li><a href=\"https:\/\/sinoextrud.com\/product\/20-year-warranty-6061-6063-aluminum-wood-grain-look-aluminum-extruded-square-rectangular-tube\/\" target=\"_blank\">20-Year Warranty 6061 6063 Aluminum Wood Grain Look Aluminum Extruded Square Rectangular Tube<\/a><\/li>\r\n<li><a href=\"https:\/\/sinoextrud.com\/product\/aluminum-extrusion-hard-anodizing-aluminum-profiles\/\" target=\"_blank\">Aluminum Extrusion Hard Anodizing Aluminum Profiles<\/a><\/li>"},"feature_list":[]},"_links":{"self":[{"href":"https:\/\/sinoextrud.com\/fr\/wp-json\/wp\/v2\/product\/8523","targetHints":{"allow":["GET"]}}],"collection":[{"href":"https:\/\/sinoextrud.com\/fr\/wp-json\/wp\/v2\/product"}],"about":[{"href":"https:\/\/sinoextrud.com\/fr\/wp-json\/wp\/v2\/types\/product"}],"wp:featuredmedia":[{"embeddable":true,"href":"https:\/\/sinoextrud.com\/fr\/wp-json\/wp\/v2\/media\/8522"}],"wp:attachment":[{"href":"https:\/\/sinoextrud.com\/fr\/wp-json\/wp\/v2\/media?parent=8523"}],"wp:term":[{"taxonomy":"category","embeddable":true,"href":"https:\/\/sinoextrud.com\/fr\/wp-json\/wp\/v2\/categories?post=8523"}],"curies":[{"name":"wp","href":"https:\/\/api.w.org\/{rel}","templated":true}]}}