{"id":8521,"date":"2025-06-17T01:49:07","date_gmt":"2025-06-17T01:49:07","guid":{"rendered":"https:\/\/sinoextrud.com\/product\/aluminum-cnc-punching-parts\/"},"modified":"2025-06-24T06:24:07","modified_gmt":"2025-06-24T06:24:07","slug":"pieces-de-poinconnage-a-commande-numerique-pour-laluminium","status":"publish","type":"product","link":"https:\/\/sinoextrud.com\/fr\/product\/aluminum-cnc-punching-parts\/","title":{"rendered":"Pi\u00e8ces de poin\u00e7onnage CNC en aluminium"},"content":{"rendered":"<h2>D\u00e9tails des produits<\/h2>\n<table class=\"custom-table\">\n<tr>\n<td class=\"label\">Article :<\/td>\n<td> Pi\u00e8ces de poin\u00e7onnage CNC en aluminium<\/td>\n<\/tr>\n<tr>\n<td class=\"label\">Temp\u00e9rer :<\/td>\n<td> T3-T8<\/td>\n<\/tr>\n<tr>\n<td class=\"label\">Mat\u00e9riau :<\/td>\n<td> 6063-T5, 6063-T6, 6061-T5, 6061-T6, 6463-T5<\/td>\n<\/tr>\n<tr>\n<td class=\"label\">Alliage :<\/td>\n<td> Alliage<\/td>\n<\/tr>\n<tr>\n<td class=\"label\">Grade :<\/td>\n<td> S\u00e9rie 6000<\/td>\n<\/tr>\n<tr>\n<td class=\"label\">Taille :<\/td>\n<td> Sur mesure<\/td>\n<\/tr>\n<tr>\n<td class=\"label\">Longueur :<\/td>\n<td> 1-9 m\u00e8tres, ou sur mesure<\/td>\n<\/tr>\n<tr>\n<td class=\"label\">Contr\u00f4le de la qualit\u00e9 :<\/td>\n<td> 100% Inspection avant exp\u00e9dition<\/td>\n<\/tr>\n<tr>\n<td class=\"label\">Type :<\/td>\n<td> Profil\u00e9s d'extrusion d'aluminium CNC <\/td>\n<\/tr>\n<tr>\n<td class=\"label\">Sp\u00e9cification :<\/td>\n<td> ISO9001, ISO14001<\/td>\n<\/tr>\n<tr>\n<td class=\"label\">Production mensuelle :<\/td>\n<td> 15 000 tonnes<\/td>\n<\/tr>\n<tr>\n<td class=\"label\">Service :<\/td>\n<td> OEM\/ODM<\/td>\n<\/tr>\n<tr>\n<td class=\"label\">Processus en profondeur :<\/td>\n<td> CNC, per\u00e7age, taraudage, poin\u00e7onnage, d\u00e9coupe, pliage<\/td>\n<\/tr>\n<tr>\n<td class=\"label\">Origine :<\/td>\n<td> Foshan, Chine<\/td>\n<\/tr>\n<tr>\n<td class=\"label\">Marque d\u00e9pos\u00e9e :<\/td>\n<td> Sinoextrud(Sinoextrud)\/ OEM<\/td>\n<\/tr>\n<\/table>\n<h2>Notre base de production<\/h2>\n<h3>Panorama de l'usine<\/h3>\n<p><img decoding=\"async\" src=\"\/wp-content\/uploads\/factory-01.webp\"\/><\/p>\n<h3>Atelier de fabrication de barres d'aluminium<\/h3>\n<p><img decoding=\"async\" src=\"\/wp-content\/uploads\/factory-02.webp\"\/><\/p>\n<p><img decoding=\"async\" src=\"\/wp-content\/uploads\/factory-03.webp\"\/><\/p>\n<h3>Entrep\u00f4t de stockage des moules<\/h3>\n<p><img decoding=\"async\" src=\"\/wp-content\/uploads\/factory-04.webp\"\/><\/p>\n<h3>43 lignes d'extrusion d'aluminium (500 \u00e0 5500 tonnes)<\/h3>\n<p><img decoding=\"async\" src=\"\/wp-content\/uploads\/factory-05.webp\"\/><\/p>\n<p><img decoding=\"async\" src=\"\/wp-content\/uploads\/factory-06.webp\"\/><\/p>\n<p><img decoding=\"async\" src=\"\/wp-content\/uploads\/factory-07.webp\"\/><\/p>\n<h3>Atelier de peinture en poudre<\/h3>\n<p><img decoding=\"async\" src=\"\/wp-content\/uploads\/factory-09.webp\"\/><\/p>\n<h3>Atelier d'anodisation<\/h3>\n<p><img decoding=\"async\" src=\"\/wp-content\/uploads\/factory-10.webp\"\/><\/p>\n<h3>Atelier sur le traitement en profondeur<\/h3>\n<p><img decoding=\"async\" src=\"\/wp-content\/uploads\/factory-11.webp\"\/><\/p>\n<h3>Atelier d'usinage de pr\u00e9cision CNC<\/h3>\n<p><img decoding=\"async\" src=\"\/wp-content\/uploads\/factory-11.5.webp\"\/><\/p>\n<h3>Entrep\u00f4t de produits finis et d'exportation<\/h3>\n<p><img decoding=\"async\" src=\"\/wp-content\/uploads\/factory-12.webp\"\/><\/p>\n<p><img decoding=\"async\" src=\"\/wp-content\/uploads\/factory-13.webp\"\/><\/p>\n<p><img decoding=\"async\" src=\"\/wp-content\/uploads\/factory-14.webp\"\/><\/p>\n<h2>FAQ<\/h2>\n<p><p><b>1) Quels sont les avantages des pi\u00e8ces de poin\u00e7onnage CNC en aluminium ?<\/b><\/p>\n<p>Les pi\u00e8ces de poin\u00e7onnage CNC en aluminium offrent une grande pr\u00e9cision, une grande durabilit\u00e9 et la possibilit\u00e9 de personnaliser les conceptions pour diverses applications, ce qui les rend id\u00e9ales pour des industries telles que l'automobile, l'\u00e9lectronique et l'a\u00e9rospatiale.<br \/>\n<\/p><br \/>\n<br \/>\n<p><b>2. pourquoi choisir l'aluminium pour le poin\u00e7onnage CNC ?<\/b><\/p>\n<p>L'aluminium est l\u00e9ger, r\u00e9sistant \u00e0 la corrosion et offre une excellente usinabilit\u00e9, ce qui en fait un choix populaire pour les pi\u00e8ces de poin\u00e7onnage CNC.<br \/>\n<\/p><br \/>\n<br \/>\n<p><b>3. Quelle est la pr\u00e9cision des pi\u00e8ces de poin\u00e7onnage CNC en aluminium ?<\/b><\/p>\n<p>Les pi\u00e8ces de poin\u00e7onnage CNC en aluminium sont produites avec une grande pr\u00e9cision, garantissant des tol\u00e9rances serr\u00e9es et une qualit\u00e9 sup\u00e9rieure pour diverses applications.<br \/>\n<\/p><br \/>\n<br \/>\n<p><b>4) Les pi\u00e8ces de poin\u00e7onnage CNC en aluminium peuvent-elles \u00eatre personnalis\u00e9es ?<\/b><\/p>\n<p>Oui, les pi\u00e8ces de poin\u00e7onnage CNC en aluminium peuvent \u00eatre facilement personnalis\u00e9es pour r\u00e9pondre aux exigences sp\u00e9cifiques de votre projet en mati\u00e8re de conception et de dimensions.<br \/>\n<\/p><br \/>\n<br \/>\n<p><b>5. quelles industries utilisent les pi\u00e8ces de poin\u00e7onnage CNC en aluminium ?<\/b><\/p>\n<p>Les pi\u00e8ces de poin\u00e7onnage CNC en aluminium sont largement utilis\u00e9es dans les secteurs de l'automobile, de l'\u00e9lectronique, de l'a\u00e9rospatiale et de l'industrie en raison de leur polyvalence et de leur solidit\u00e9.<br \/>\n<\/p><br \/>\n<br \/>\n<p><b>6. Quelle est la vitesse de production des pi\u00e8ces de poin\u00e7onnage CNC en aluminium ?<\/b><\/p>\n<p>Le temps de production des pi\u00e8ces de poin\u00e7onnage CNC en aluminium est g\u00e9n\u00e9ralement rapide, ce qui permet de respecter des d\u00e9lais courts et des \u00e9ch\u00e9ances serr\u00e9es.<br \/>\n<\/p><br \/>\n<br \/>\n<p><b>7. les pi\u00e8ces de poin\u00e7onnage CNC en aluminium sont-elles rentables ?<\/b><\/p>\n<p>Oui, le processus de poin\u00e7onnage CNC de l'aluminium est rentable, offrant des prix comp\u00e9titifs sans compromis sur la qualit\u00e9.<br \/>\n<\/p><br \/><\/p>","protected":false},"featured_media":8520,"template":"","categories":[68],"class_list":["post-8521","product","type-product","status-publish","has-post-thumbnail","hentry","category-cnc-machining-aluminum-profile"],"meta_box":{"hilight_text_group":{"product_hilight_text":"<li>High precision machining for superior quality<\/li>\r\r\n<li>Cost-effective and efficient production process<\/li>\r\r\n<li>Customizable designs to meet specific requirements<\/li>\r\r\n<li>Durable and reliable aluminum material<\/li>\r\r\n<li>Fast lead time and quick turnaround<\/li>\r\r\n<li>Perfect for various industries, including automotive, electronics, and aerospace<\/li>","product_chanpin_blog":"<ul>\r\r\n<li><a href=\"https:\/\/sinoextrud.com\/t-slot-v-slot-differences\/\" target=\"_blank\">t slot vs v slot<\/a><\/li>\r\r\n<li><a href=\"https:\/\/sinoextrud.com\/what-is-4040-aluminium-extrud\/\" target=\"_blank\">4040 aluminium extrusion<\/a><\/li>\r\r\n<li><a href=\"https:\/\/sinoextrud.com\/what-is-4040-aluminium-extrud\/\" target=\"_blank\">aluminum extrusions for industrial racks<\/a><\/li>\r\r\n<li><a href=\"https:\/\/sinoextrud.com\/powder-coating-aluminium-process\/\" target=\"_blank\">powder coating aluminium<\/a><\/li>\r\r\n<li><a href=\"https:\/\/sinoextrud.com\/what-is-an-aluminium-strip-ceiling\/\" target=\"_blank\">aluminium strip ceiling<\/a><\/li>\r\r\n<li><a href=\"https:\/\/sinoextrud.com\/what-is-a-heat-sink\/\" target=\"_blank\">what is a heat sink<\/a><\/li>\r\r\n<\/ul>","product_chanpin_chanpin":"<li><a href=\"https:\/\/sinoextrud.com\/product\/aluminum-extruded-handles\/\" target=\"_blank\">Aluminum Extruded Handles<\/a><\/li>\r\n<li><a href=\"https:\/\/sinoextrud.com\/product\/aluminum-cnc-profile\/\" target=\"_blank\">Aluminum CNC Profile<\/a><\/li>\r\n<li><a href=\"https:\/\/sinoextrud.com\/product\/extruded-aluminium-case\/\" target=\"_blank\">Extruded Aluminium Case<\/a><\/li>\r\n<li><a href=\"https:\/\/sinoextrud.com\/product\/aluminium-extrusion-enclosure\/\" target=\"_blank\">Aluminium Extrusion Enclosure<\/a><\/li>\r\n<li><a href=\"https:\/\/sinoextrud.com\/product\/aluminum-cnc-punching-parts\/\" target=\"_blank\">Aluminum CNC Punching Parts<\/a><\/li>\r\n<li><a href=\"https:\/\/sinoextrud.com\/product\/factory-cnc-precision-aluminum-parts\/\" target=\"_blank\">Factory Cnc Precision Aluminum Parts<\/a><\/li>\r\n<li><a href=\"https:\/\/sinoextrud.com\/product\/extruded-aluminium-housing\/\" target=\"_blank\">Extruded Aluminium Housing<\/a><\/li>\r\n<li><a href=\"https:\/\/sinoextrud.com\/product\/aluminum-panel-outlet-socket\/\" target=\"_blank\">Aluminum Panel Outlet Socket<\/a><\/li>\r\n<li><a href=\"https:\/\/sinoextrud.com\/product\/anodized-small-machining-aluminum-parts\/\" target=\"_blank\">Anodized Small Machining Aluminum Parts<\/a><\/li>\r\n<li><a href=\"https:\/\/sinoextrud.com\/product\/6061-aluminum-price-per-pound-best-quality-anodized-t-slot-aluminum-profile-extrusion-framing-track\/\" target=\"_blank\">6061 aluminum price per pound best quality anodized t-slot aluminum profile extrusion framing track<\/a><\/li>\r\n<li><a href=\"https:\/\/sinoextrud.com\/product\/extruded-aluminum-alloy-profile-for-glass-floor-channel\/\" target=\"_blank\">Extruded Aluminum Alloy Profile For Glass Floor Channel<\/a><\/li>"},"feature_list":[]},"_links":{"self":[{"href":"https:\/\/sinoextrud.com\/fr\/wp-json\/wp\/v2\/product\/8521","targetHints":{"allow":["GET"]}}],"collection":[{"href":"https:\/\/sinoextrud.com\/fr\/wp-json\/wp\/v2\/product"}],"about":[{"href":"https:\/\/sinoextrud.com\/fr\/wp-json\/wp\/v2\/types\/product"}],"wp:featuredmedia":[{"embeddable":true,"href":"https:\/\/sinoextrud.com\/fr\/wp-json\/wp\/v2\/media\/8520"}],"wp:attachment":[{"href":"https:\/\/sinoextrud.com\/fr\/wp-json\/wp\/v2\/media?parent=8521"}],"wp:term":[{"taxonomy":"category","embeddable":true,"href":"https:\/\/sinoextrud.com\/fr\/wp-json\/wp\/v2\/categories?post=8521"}],"curies":[{"name":"wp","href":"https:\/\/api.w.org\/{rel}","templated":true}]}}