{"id":8517,"date":"2025-06-17T01:43:51","date_gmt":"2025-06-17T01:43:51","guid":{"rendered":"https:\/\/sinoextrud.com\/product\/extruded-aluminium-case\/"},"modified":"2025-06-24T06:24:06","modified_gmt":"2025-06-24T06:24:06","slug":"boitier-en-aluminium-extrude-6","status":"publish","type":"product","link":"https:\/\/sinoextrud.com\/fr\/product\/extruded-aluminium-case\/","title":{"rendered":"Bo\u00eetier en aluminium extrud\u00e9"},"content":{"rendered":"<h2>D\u00e9tails des produits<\/h2>\n<table class=\"custom-table\">\n<tbody>\n<tr>\n<td> Mod\u00e8le NO :<\/td>\n<td> 6063<\/td>\n<\/tr>\n<tr>\n<td> Temp\u00e9rer :<\/td>\n<td> T5<\/td>\n<\/tr>\n<tr>\n<td> Traitement de surface :<\/td>\n<td> Sablage<\/td>\n<\/tr>\n<tr>\n<td> Alliage :<\/td>\n<td> Alliage<\/td>\n<\/tr>\n<tr>\n<td> Surface :<\/td>\n<td> Argent fin<\/td>\n<\/tr>\n<tr>\n<td> Type :<\/td>\n<td> Mallette profil\u00e9e en aluminium<\/td>\n<\/tr>\n<tr>\n<td> Technique :<\/td>\n<td> Extrud\u00e9<\/td>\n<\/tr>\n<tr>\n<td> Marque d\u00e9pos\u00e9e :<\/td>\n<td> OEM<\/td>\n<\/tr>\n<tr>\n<td> Origine :<\/td>\n<td> Guangdong Chine<\/td>\n<\/tr>\n<tr>\n<td> Forme :<\/td>\n<td> rectangulaire<\/td>\n<\/tr>\n<tr>\n<td> Processus :<\/td>\n<td> Cr\u00e9ation de moules -Extrusion - D\u00e9coupe - Poin\u00e7onnage - Enrobage - Emballage<\/td>\n<\/tr>\n<tr>\n<td> Application :<\/td>\n<td> Profil\u00e9s en aluminium pour charges automobiles<\/td>\n<\/tr>\n<tr>\n<td> Certification :<\/td>\n<td> EN, ASTM, GB\/T<\/td>\n<\/tr>\n<tr>\n<td> Code HS :<\/td>\n<td> 7604299000<\/td>\n<\/tr>\n<tr>\n<td> \u00c9paisseur de la paroi :<\/td>\n<td> 1,4 mm. Possibilit\u00e9 de personnalisation<\/td>\n<\/tr>\n<tr>\n<td> Emballage :<\/td>\n<td> Norme d'exportation, emballage dans une firme PE, puis couverture dans une bo\u00eete en carton et enfin emballage sur une palette en bois.<\/td>\n<\/tr>\n<tr>\n<td> D\u00e9lai d'ex\u00e9cution :<\/td>\n<td> Dans les 30 jours suivant la r\u00e9ception du d\u00e9p\u00f4t<\/td>\n<\/tr>\n<tr>\n<td> Remarques :<\/td>\n<td> Des exigences sp\u00e9cifiques en mati\u00e8re d'alliage, de temp\u00e9rament ou de sp\u00e9cifications peuvent \u00eatre discut\u00e9es \u00e0 votre demande.<\/td>\n<\/tr>\n<\/tbody>\n<\/table>\n<h2>Notre base de production<\/h2>\n<h3>Panorama de l'usine<\/h3>\n<p><img decoding=\"async\" src=\"\/wp-content\/uploads\/factory-01.webp\"\/><\/p>\n<h3>Atelier de fabrication de barres d'aluminium<\/h3>\n<p><img decoding=\"async\" src=\"\/wp-content\/uploads\/factory-02.webp\"\/><\/p>\n<p><img decoding=\"async\" src=\"\/wp-content\/uploads\/factory-03.webp\"\/><\/p>\n<h3>Entrep\u00f4t de stockage des moules<\/h3>\n<p><img decoding=\"async\" src=\"\/wp-content\/uploads\/factory-04.webp\"\/><\/p>\n<h3>43 lignes d'extrusion d'aluminium (500 \u00e0 5500 tonnes)<\/h3>\n<p><img decoding=\"async\" src=\"\/wp-content\/uploads\/factory-05.webp\"\/><\/p>\n<p><img decoding=\"async\" src=\"\/wp-content\/uploads\/factory-06.webp\"\/><\/p>\n<p><img decoding=\"async\" src=\"\/wp-content\/uploads\/factory-07.webp\"\/><\/p>\n<h3>Atelier de peinture en poudre<\/h3>\n<p><img decoding=\"async\" src=\"\/wp-content\/uploads\/factory-09.webp\"\/><\/p>\n<h3>Atelier d'anodisation<\/h3>\n<p><img decoding=\"async\" src=\"\/wp-content\/uploads\/factory-10.webp\"\/><\/p>\n<h3>Atelier sur le traitement en profondeur<\/h3>\n<p><img decoding=\"async\" src=\"\/wp-content\/uploads\/factory-11.webp\"\/><\/p>\n<h3>Atelier d'usinage de pr\u00e9cision CNC<\/h3>\n<p><img decoding=\"async\" src=\"\/wp-content\/uploads\/factory-11.5.webp\"\/><\/p>\n<h3>Entrep\u00f4t de produits finis et d'exportation<\/h3>\n<p><img decoding=\"async\" src=\"\/wp-content\/uploads\/factory-12.webp\"\/><\/p>\n<p><img decoding=\"async\" src=\"\/wp-content\/uploads\/factory-13.webp\"\/><\/p>\n<p><img decoding=\"async\" src=\"\/wp-content\/uploads\/factory-14.webp\"\/><\/p>\n<h2>FAQ<\/h2>\n<p><p><b>1) Qu'est-ce qu'un bo\u00eetier en aluminium extrud\u00e9 ?<\/b><\/p>\n<p>Un bo\u00eetier en aluminium extrud\u00e9 est un bo\u00eetier de protection fabriqu\u00e9 \u00e0 partir d'extrusion d'aluminium, con\u00e7u pour abriter et prot\u00e9ger des composants, souvent utilis\u00e9s dans des applications industrielles et \u00e9lectroniques.<br \/>\n<\/p><br \/>\n<br \/>\n<p><b>2. quels sont les avantages de l'utilisation de bo\u00eetiers en aluminium extrud\u00e9 ?<\/b><\/p>\n<p>Les bo\u00eetiers en aluminium extrud\u00e9 sont durables, l\u00e9gers, r\u00e9sistants \u00e0 la corrosion, personnalisables et offrent une excellente protection pour les composants sensibles dans diverses industries.<br \/>\n<\/p><br \/>\n<br \/>\n<p><b>3) Les bo\u00eetiers en aluminium extrud\u00e9 peuvent-ils \u00eatre personnalis\u00e9s ?<\/b><\/p>\n<p>Oui, les bo\u00eetiers en aluminium extrud\u00e9 peuvent \u00eatre personnalis\u00e9s en termes de taille, de forme et de conception pour r\u00e9pondre \u00e0 des exigences sp\u00e9cifiques en mati\u00e8re d'application et de protection.<br \/>\n<\/p><br \/>\n<br \/>\n<p><b>4. Quels sont les avantages de la r\u00e9sistance \u00e0 la corrosion pour les bo\u00eetiers en aluminium extrud\u00e9 ?<\/b><\/p>\n<p>La r\u00e9sistance \u00e0 la corrosion des bo\u00eetiers en aluminium extrud\u00e9 leur permet de conserver leur solidit\u00e9 et leur aspect, m\u00eame dans des conditions environnementales difficiles, ce qui prolonge leur dur\u00e9e de vie.<br \/>\n<\/p><br \/>\n<br \/>\n<p><b>5) Quelles sont les industries qui utilisent les bo\u00eetiers en aluminium extrud\u00e9 ?<\/b><\/p>\n<p>Les bo\u00eetiers en aluminium extrud\u00e9 sont largement utilis\u00e9s dans des secteurs tels que l'\u00e9lectronique, l'automobile, l'a\u00e9rospatiale et les t\u00e9l\u00e9communications pour prot\u00e9ger les \u00e9quipements et les composants sensibles.<br \/>\n<\/p><br \/>\n<br \/>\n<p><b>6. comment la conception l\u00e9g\u00e8re des caisses en aluminium extrud\u00e9 am\u00e9liore-t-elle l'efficacit\u00e9 ?<\/b><\/p>\n<p>Gr\u00e2ce \u00e0 leur l\u00e9g\u00e8ret\u00e9, les bo\u00eetiers en aluminium extrud\u00e9 sont faciles \u00e0 manipuler et \u00e0 installer, ce qui permet de r\u00e9duire le poids total de l'\u00e9quipement et d'am\u00e9liorer l'efficacit\u00e9 globale du syst\u00e8me.<br \/>\n<\/p><br \/>\n<br \/>\n<p><b>7. les bo\u00eetiers en aluminium extrud\u00e9 sont-ils respectueux de l'environnement ?<\/b><\/p>\n<p>Oui, l'aluminium est un mat\u00e9riau recyclable et les bo\u00eetiers en aluminium extrud\u00e9 sont une option \u00e9cologique pour une fabrication durable.<br \/>\n<\/p><br \/>\n<br \/>\n<p><b>8) Comment la propri\u00e9t\u00e9 de dissipation de la chaleur des bo\u00eetiers en aluminium extrud\u00e9 profite-t-elle \u00e0 l'\u00e9lectronique ?<\/b><\/p>\n<p>Les propri\u00e9t\u00e9s de dissipation de la chaleur des bo\u00eetiers en aluminium extrud\u00e9 permettent de r\u00e9guler la temp\u00e9rature des appareils \u00e9lectroniques, d'\u00e9viter la surchauffe et de garantir des performances optimales.<br \/>\n<\/p><br \/><\/p>","protected":false},"featured_media":8516,"template":"","categories":[68],"class_list":["post-8517","product","type-product","status-publish","has-post-thumbnail","hentry","category-cnc-machining-aluminum-profile"],"meta_box":{"hilight_text_group":{"product_hilight_text":"<li>Durable extruded aluminum casing offers superior protection for sensitive components.<\/li>\r\r\n<li>Lightweight yet strong, providing a sturdy and reliable solution for industrial applications.<\/li>\r\r\n<li>Customizable sizes and designs to meet specific packaging and enclosure requirements.<\/li>\r\r\n<li>Corrosion-resistant surface for long-lasting performance in various environments.<\/li>\r\r\n<li>Efficient production process for both small and large-scale manufacturing runs.<\/li>\r\r\n<li>Excellent heat dissipation properties, ideal for electronic devices and equipment.<\/li>\r\r\n<li>Eco-friendly, as aluminum is fully recyclable, contributing to sustainability.<\/li>","product_chanpin_blog":"<ul>\r\r\n<li><a href=\"https:\/\/sinoextrud.com\/t-slot-v-slot-differences\/\" target=\"_blank\">t slot vs v slot<\/a><\/li>\r\r\n<li><a href=\"https:\/\/sinoextrud.com\/what-is-4040-aluminium-extrud\/\" target=\"_blank\">4040 aluminium extrusion<\/a><\/li>\r\r\n<li><a href=\"https:\/\/sinoextrud.com\/what-is-4040-aluminium-extrud\/\" target=\"_blank\">aluminum extrusions for industrial racks<\/a><\/li>\r\r\n<li><a href=\"https:\/\/sinoextrud.com\/powder-coating-aluminium-process\/\" target=\"_blank\">powder coating aluminium<\/a><\/li>\r\r\n<li><a href=\"https:\/\/sinoextrud.com\/what-is-an-aluminium-strip-ceiling\/\" target=\"_blank\">aluminium strip ceiling<\/a><\/li>\r\r\n<li><a href=\"https:\/\/sinoextrud.com\/what-is-a-heat-sink\/\" target=\"_blank\">what is a heat sink<\/a><\/li>\r\r\n<\/ul>","product_chanpin_chanpin":"<li><a href=\"https:\/\/sinoextrud.com\/product\/aluminum-profile-for-cnc\/\" target=\"_blank\">Aluminum Profile For CNC<\/a><\/li>\r\n<li><a href=\"https:\/\/sinoextrud.com\/product\/aluminium-profile-bending\/\" target=\"_blank\">Aluminium Profile Bending<\/a><\/li>\r\n<li><a href=\"https:\/\/sinoextrud.com\/product\/aluminum-extruded-handles\/\" target=\"_blank\">Aluminum Extruded Handles<\/a><\/li>\r\n<li><a href=\"https:\/\/sinoextrud.com\/product\/aluminum-cnc-profile\/\" target=\"_blank\">Aluminum CNC Profile<\/a><\/li>\r\n<li><a href=\"https:\/\/sinoextrud.com\/product\/extruded-aluminium-case\/\" target=\"_blank\">Extruded Aluminium Case<\/a><\/li>\r\n<li><a href=\"https:\/\/sinoextrud.com\/product\/aluminium-extrusion-enclosure\/\" target=\"_blank\">Aluminium Extrusion Enclosure<\/a><\/li>\r\n<li><a href=\"https:\/\/sinoextrud.com\/product\/aluminum-cnc-punching-parts\/\" target=\"_blank\">Aluminum CNC Punching Parts<\/a><\/li>\r\n<li><a href=\"https:\/\/sinoextrud.com\/product\/factory-cnc-precision-aluminum-parts\/\" target=\"_blank\">Factory Cnc Precision Aluminum Parts<\/a><\/li>\r\n<li><a href=\"https:\/\/sinoextrud.com\/product\/extruded-aluminium-housing\/\" target=\"_blank\">Extruded Aluminium Housing<\/a><\/li>\r\n<li><a href=\"https:\/\/sinoextrud.com\/product\/gb-matt-anodized-aluminium\/\" target=\"_blank\">GB Matt Anodized Aluminium<\/a><\/li>\r\n<li><a href=\"https:\/\/sinoextrud.com\/product\/half-round-aluminum-extrusion\/\" target=\"_blank\">Half Round Aluminum Extrusion<\/a><\/li>"},"feature_list":[]},"_links":{"self":[{"href":"https:\/\/sinoextrud.com\/fr\/wp-json\/wp\/v2\/product\/8517","targetHints":{"allow":["GET"]}}],"collection":[{"href":"https:\/\/sinoextrud.com\/fr\/wp-json\/wp\/v2\/product"}],"about":[{"href":"https:\/\/sinoextrud.com\/fr\/wp-json\/wp\/v2\/types\/product"}],"wp:featuredmedia":[{"embeddable":true,"href":"https:\/\/sinoextrud.com\/fr\/wp-json\/wp\/v2\/media\/8516"}],"wp:attachment":[{"href":"https:\/\/sinoextrud.com\/fr\/wp-json\/wp\/v2\/media?parent=8517"}],"wp:term":[{"taxonomy":"category","embeddable":true,"href":"https:\/\/sinoextrud.com\/fr\/wp-json\/wp\/v2\/categories?post=8517"}],"curies":[{"name":"wp","href":"https:\/\/api.w.org\/{rel}","templated":true}]}}