{"id":8507,"date":"2025-06-17T01:31:55","date_gmt":"2025-06-17T01:31:55","guid":{"rendered":"https:\/\/sinoextrud.com\/product\/aluminum-extrusion-curtain-wall\/"},"modified":"2025-06-24T06:24:04","modified_gmt":"2025-06-24T06:24:04","slug":"mur-rideau-en-aluminium-extrude","status":"publish","type":"product","link":"https:\/\/sinoextrud.com\/fr\/product\/aluminum-extrusion-curtain-wall\/","title":{"rendered":"Mur-rideau en extrusion d'aluminium"},"content":{"rendered":"<h2>D\u00e9tails des produits<\/h2>\n<table class=\"custom-table\">\n<tr>\n<td class=\"label\">Type :<\/td>\n<td> Profil de mur-rideau en extrusion d'aluminium<\/td>\n<\/tr>\n<tr>\n<td class=\"label\">Temp\u00e9rer :<\/td>\n<td> T3-T8<\/td>\n<\/tr>\n<tr>\n<td class=\"label\">Alliage :<\/td>\n<td> Est un alliage<\/td>\n<\/tr>\n<tr>\n<td class=\"label\">Grade :<\/td>\n<td> S\u00e9rie 6000<\/td>\n<\/tr>\n<tr>\n<td class=\"label\">Temp\u00e9rer :<\/td>\n<td> T3-T8<\/td>\n<\/tr>\n<tr>\n<td class=\"label\">Finition de la surface :<\/td>\n<td> Oxydation anodique<\/td>\n<\/tr>\n<tr>\n<td class=\"label\">Certification :<\/td>\n<td> CE, ISO, TUV<\/td>\n<\/tr>\n<tr>\n<td class=\"label\">Sp\u00e9cification :<\/td>\n<td> OEM<\/td>\n<\/tr>\n<tr>\n<td class=\"label\">Paquet de transport :<\/td>\n<td> Selon les besoins du client<\/td>\n<\/tr>\n<tr>\n<td class=\"label\">Origine :<\/td>\n<td> Foshan, Chine<\/td>\n<\/tr>\n<\/table>\n<h2>Notre base de production<\/h2>\n<h3>Panorama de l'usine<\/h3>\n<p><img decoding=\"async\" src=\"\/wp-content\/uploads\/factory-01.webp\"\/><\/p>\n<h3>Atelier de fabrication de barres d'aluminium<\/h3>\n<p><img decoding=\"async\" src=\"\/wp-content\/uploads\/factory-02.webp\"\/><\/p>\n<p><img decoding=\"async\" src=\"\/wp-content\/uploads\/factory-03.webp\"\/><\/p>\n<h3>Entrep\u00f4t de stockage des moules<\/h3>\n<p><img decoding=\"async\" src=\"\/wp-content\/uploads\/factory-04.webp\"\/><\/p>\n<h3>43 lignes d'extrusion d'aluminium (500-5500 tonnes)<\/h3>\n<p><img decoding=\"async\" src=\"\/wp-content\/uploads\/factory-05.webp\"\/><\/p>\n<p><img decoding=\"async\" src=\"\/wp-content\/uploads\/factory-06.webp\"\/><\/p>\n<p><img decoding=\"async\" src=\"\/wp-content\/uploads\/factory-07.webp\"\/><\/p>\n<h3>Atelier de peinture en poudre<\/h3>\n<p><img decoding=\"async\" src=\"\/wp-content\/uploads\/factory-09.webp\"\/><\/p>\n<h3>Atelier d'anodisation<\/h3>\n<p><img decoding=\"async\" src=\"\/wp-content\/uploads\/factory-10.webp\"\/><\/p>\n<h3>Atelier sur le traitement en profondeur<\/h3>\n<p><img decoding=\"async\" src=\"\/wp-content\/uploads\/factory-11.webp\"\/><\/p>\n<h3>Atelier d'usinage de pr\u00e9cision CNC<\/h3>\n<p><img decoding=\"async\" src=\"\/wp-content\/uploads\/factory-11.5.webp\"\/><\/p>\n<h3>Entrep\u00f4t de produits finis et d'exportation<\/h3>\n<p><img decoding=\"async\" src=\"\/wp-content\/uploads\/factory-12.webp\"\/><\/p>\n<p><img decoding=\"async\" src=\"\/wp-content\/uploads\/factory-13.webp\"\/><\/p>\n<p><img decoding=\"async\" src=\"\/wp-content\/uploads\/factory-14.webp\"\/><\/p>\n<h2>FAQ<\/h2>\n<p><p><b>1) Qu'est-ce qu'un mur-rideau en extrusion d'aluminium ?<\/b><\/p>\n<p>Un mur-rideau en aluminium extrud\u00e9 est un syst\u00e8me de fa\u00e7ade fabriqu\u00e9 \u00e0 partir de composants en aluminium extrud\u00e9, offrant durabilit\u00e9 et attrait esth\u00e9tique pour les b\u00e2timents commerciaux et r\u00e9sidentiels.<br \/>\n<\/p><br \/>\n<br \/>\n<p><b>2) Quels sont les avantages des murs-rideaux en extrusion d'aluminium ?<\/b><\/p>\n<p>Les murs-rideaux en aluminium extrud\u00e9 offrent durabilit\u00e9, r\u00e9sistance \u00e0 la corrosion, efficacit\u00e9 \u00e9nerg\u00e9tique et souplesse de conception, ce qui les rend id\u00e9aux pour l'ext\u00e9rieur des b\u00e2timents modernes.<br \/>\n<\/p><br \/>\n<br \/>\n<p><b>3. Comment l'extrusion d'aluminium am\u00e9liore-t-elle l'isolation des b\u00e2timents ?<\/b><\/p>\n<p>Les murs-rideaux en extrusion d'aluminium am\u00e9liorent l'isolation des b\u00e2timents en offrant une excellente r\u00e9sistance aux intemp\u00e9ries, ce qui permet de maintenir la temp\u00e9rature int\u00e9rieure et de r\u00e9duire les co\u00fbts \u00e9nerg\u00e9tiques.<br \/>\n<\/p><br \/>\n<br \/>\n<p><b>4. l'aluminium est-il r\u00e9sistant \u00e0 la corrosion ?<\/b><\/p>\n<p>Oui, l'aluminium est tr\u00e8s r\u00e9sistant \u00e0 la corrosion, ce qui en fait un choix parfait pour les applications ext\u00e9rieures telles que les murs-rideaux expos\u00e9s aux \u00e9l\u00e9ments.<br \/>\n<\/p><br \/>\n<br \/>\n<p><b>5. les murs-rideaux en extrusion d'aluminium peuvent-ils \u00eatre personnalis\u00e9s ?<\/b><\/p>\n<p>Oui, les murs-rideaux en extrusion d'aluminium peuvent \u00eatre adapt\u00e9s pour r\u00e9pondre \u00e0 des exigences architecturales et esth\u00e9tiques sp\u00e9cifiques, en offrant diff\u00e9rentes finitions et formes.<br \/>\n<\/p><br \/>\n<br \/>\n<p><b>6. quelles industries utilisent les murs-rideaux en extrusion d'aluminium ?<\/b><\/p>\n<p>Les murs-rideaux en extrusion d'aluminium sont couramment utilis\u00e9s dans les secteurs de la construction et de l'architecture pour les fa\u00e7ades des b\u00e2timents commerciaux et r\u00e9sidentiels.<br \/>\n<\/p><br \/>\n<br \/>\n<p><b>7. les murs-rideaux en extrusion d'aluminium sont-ils \u00e9cologiques ?<\/b><\/p>\n<p>Oui, l'aluminium est un mat\u00e9riau durable et recyclable, ce qui fait des murs-rideaux en extrusion d'aluminium un choix respectueux de l'environnement pour les projets de construction.<br \/>\n<\/p><br \/>\n<br \/>\n<p><b>8. quelle est la rentabilit\u00e9 des murs-rideaux en extrusion d'aluminium ?<\/b><\/p>\n<p>Les murs-rideaux en extrusion d'aluminium sont rentables en raison de leur longue dur\u00e9e de vie, de leur faible entretien et de leur capacit\u00e9 \u00e0 r\u00e9duire les co\u00fbts \u00e9nerg\u00e9tiques, ce qui les rend id\u00e9aux pour les projets de construction \u00e0 grande \u00e9chelle.<br \/>\n<\/p><br \/><\/p>","protected":false},"featured_media":8506,"template":"","categories":[68],"class_list":["post-8507","product","type-product","status-publish","has-post-thumbnail","hentry","category-cnc-machining-aluminum-profile"],"meta_box":{"hilight_text_group":{"product_hilight_text":"<li>Durable and lightweight aluminum extrusion for long-lasting performance.<\/li>\r\r\n<li>Excellent resistance to corrosion, making it suitable for outdoor applications.<\/li>\r\r\n<li>Customizable design options to meet specific architectural and aesthetic needs.<\/li>\r\r\n<li>Energy-efficient and weather-resistant, providing enhanced building insulation.<\/li>\r\r\n<li>Easy to install with precision engineering for a perfect fit.<\/li>\r\r\n<li>Cost-effective solution for large-scale construction projects.<\/li>\r\r\n<li>Environmentally friendly, as aluminum is fully recyclable.<\/li>","product_chanpin_blog":"<ul>\r\r\n<li><a href=\"https:\/\/sinoextrud.com\/t-slot-v-slot-differences\/\" target=\"_blank\">t slot vs v slot<\/a><\/li>\r\r\n<li><a href=\"https:\/\/sinoextrud.com\/what-is-4040-aluminium-extrud\/\" target=\"_blank\">4040 aluminium extrusion<\/a><\/li>\r\r\n<li><a href=\"https:\/\/sinoextrud.com\/what-is-4040-aluminium-extrud\/\" target=\"_blank\">aluminum extrusions for industrial racks<\/a><\/li>\r\r\n<li><a href=\"https:\/\/sinoextrud.com\/powder-coating-aluminium-process\/\" target=\"_blank\">powder coating aluminium<\/a><\/li>\r\r\n<li><a href=\"https:\/\/sinoextrud.com\/what-is-an-aluminium-strip-ceiling\/\" target=\"_blank\">aluminium strip ceiling<\/a><\/li>\r\r\n<li><a href=\"https:\/\/sinoextrud.com\/what-is-a-heat-sink\/\" target=\"_blank\">what is a heat sink<\/a><\/li>\r\r\n<\/ul>","product_chanpin_chanpin":"<li><a href=\"https:\/\/sinoextrud.com\/product\/cnc-machining-anodized-item-extruded-aluminum\/\" target=\"_blank\">CNC Machining Anodized Item Extruded Aluminum<\/a><\/li>\r\n<li><a href=\"https:\/\/sinoextrud.com\/product\/cnc-aluminum-curved-profiles-tubes\/\" target=\"_blank\">CNC Aluminum Curved Profiles Tubes<\/a><\/li>\r\n<li><a href=\"https:\/\/sinoextrud.com\/product\/custom-aluminum-extrusion-cnc-machining-aluminum-profile\/\" target=\"_blank\">Custom Aluminum Extrusion CNC Machining Aluminum Profile<\/a><\/li>\r\n<li><a href=\"https:\/\/sinoextrud.com\/product\/custom-3003-aluminum-tube-bending-coolant-tubes\/\" target=\"_blank\">Custom 3003 Aluminum Tube Bending Coolant Tubes<\/a><\/li>\r\n<li><a href=\"https:\/\/sinoextrud.com\/product\/aluminum-extrusion-curtain-wall\/\" target=\"_blank\">Aluminum Extrusion Curtain Wall<\/a><\/li>\r\n<li><a href=\"https:\/\/sinoextrud.com\/product\/aluminum-profile-for-cnc\/\" target=\"_blank\">Aluminum Profile For CNC<\/a><\/li>\r\n<li><a href=\"https:\/\/sinoextrud.com\/product\/aluminium-profile-bending\/\" target=\"_blank\">Aluminium Profile Bending<\/a><\/li>\r\n<li><a href=\"https:\/\/sinoextrud.com\/product\/aluminum-extruded-handles\/\" target=\"_blank\">Aluminum Extruded Handles<\/a><\/li>\r\n<li><a href=\"https:\/\/sinoextrud.com\/product\/aluminum-cnc-profile\/\" target=\"_blank\">Aluminum CNC Profile<\/a><\/li>\r\n<li><a href=\"https:\/\/sinoextrud.com\/product\/aluminum-door-frame-profile\/\" target=\"_blank\">Aluminum Door Frame Profile<\/a><\/li>\r\n<li><a href=\"https:\/\/sinoextrud.com\/product\/aluminum-square-tube-in-wooden-grain\/\" target=\"_blank\">Aluminum Square Tube In Wooden Grain<\/a><\/li>"},"feature_list":[]},"_links":{"self":[{"href":"https:\/\/sinoextrud.com\/fr\/wp-json\/wp\/v2\/product\/8507","targetHints":{"allow":["GET"]}}],"collection":[{"href":"https:\/\/sinoextrud.com\/fr\/wp-json\/wp\/v2\/product"}],"about":[{"href":"https:\/\/sinoextrud.com\/fr\/wp-json\/wp\/v2\/types\/product"}],"wp:featuredmedia":[{"embeddable":true,"href":"https:\/\/sinoextrud.com\/fr\/wp-json\/wp\/v2\/media\/8506"}],"wp:attachment":[{"href":"https:\/\/sinoextrud.com\/fr\/wp-json\/wp\/v2\/media?parent=8507"}],"wp:term":[{"taxonomy":"category","embeddable":true,"href":"https:\/\/sinoextrud.com\/fr\/wp-json\/wp\/v2\/categories?post=8507"}],"curies":[{"name":"wp","href":"https:\/\/api.w.org\/{rel}","templated":true}]}}