{"id":8477,"date":"2025-06-16T13:15:36","date_gmt":"2025-06-16T13:15:36","guid":{"rendered":"https:\/\/sinoextrud.com\/product\/aluminum-alloy-cnc-aluminum-controller-shell\/"},"modified":"2025-06-24T06:23:58","modified_gmt":"2025-06-24T06:23:58","slug":"coque-de-controleur-en-alliage-daluminium-cnc","status":"publish","type":"product","link":"https:\/\/sinoextrud.com\/fr\/product\/aluminum-alloy-cnc-aluminum-controller-shell\/","title":{"rendered":"Coque de contr\u00f4leur en alliage d'aluminium CNC"},"content":{"rendered":"<h2>D\u00e9tails des produits<\/h2>\n<table class=\"custom-table\">\n<tbody>\n<tr>\n<td> Nom de l'article :<\/td>\n<td> Coque de contr\u00f4leur en alliage d'aluminium CNC<\/td>\n<td> Grade :<\/td>\n<td> S\u00e9rie 6000<\/td>\n<\/tr>\n<tr>\n<td> Temp\u00e9rer :<\/td>\n<td> T3-T8<\/td>\n<td> Alliage ou non :<\/td>\n<td> Alliage<\/td>\n<\/tr>\n<tr>\n<td> Tol\u00e9rance :<\/td>\n<td> \u00b10,5%<\/td>\n<td> Forme :<\/td>\n<td> Sur mesure<\/td>\n<\/tr>\n<tr>\n<td> Lieu d'origine :<\/td>\n<td> Guangdong, Chine<\/td>\n<td> Marque :<\/td>\n<td> Sinoextrud(Sinoextrud), Sinoextrud, Sinoextrud<\/td>\n<\/tr>\n<tr>\n<td> MOQ :<\/td>\n<td> 200KGS pour chaque profil<\/td>\n<td> D\u00e9lai de paiement :<\/td>\n<td> T\/T (30% de d\u00e9p\u00f4t, 70% de solde avant livraison), L\/C<\/td>\n<\/tr>\n<tr>\n<td> Port :<\/td>\n<td> FOB Guangzhou, Shenzhen, Foshan<\/td>\n<td> D\u00e9lai de livraison :<\/td>\n<td> 20-30 jours ouvrables<\/td>\n<\/tr>\n<tr>\n<td> Application :<\/td>\n<td> produits \u00e9lectroniques<\/td>\n<td> Standard :<\/td>\n<td> Qualit\u00e9 moyenne et \u00e9lev\u00e9e<\/td>\n<\/tr>\n<tr>\n<td> Couleur :<\/td>\n<td> Sur mesure<\/td>\n<td> Certificat<\/td>\n<td> CQM, SGS, CE, BV, SONCAP \/ GB, ISO, JIS, AS,NZS, QUALICOAT, QUOLANOD<\/td>\n<\/tr>\n<\/tbody>\n<\/table>\n<h2>Notre base de production<\/h2>\n<h3>Panorama de l'usine<\/h3>\n<p><img decoding=\"async\" src=\"\/wp-content\/uploads\/factory-01.webp\"\/><\/p>\n<h3>Atelier de fabrication de barres d'aluminium<\/h3>\n<p><img decoding=\"async\" src=\"\/wp-content\/uploads\/factory-02.webp\"\/><\/p>\n<p><img decoding=\"async\" src=\"\/wp-content\/uploads\/factory-03.webp\"\/><\/p>\n<h3>Entrep\u00f4t de stockage des moules<\/h3>\n<p><img decoding=\"async\" src=\"\/wp-content\/uploads\/factory-04.webp\"\/><\/p>\n<h3>43 lignes d'extrusion d'aluminium (500-5500 tonnes)<\/h3>\n<p><img decoding=\"async\" src=\"\/wp-content\/uploads\/factory-05.webp\"\/><\/p>\n<p><img decoding=\"async\" src=\"\/wp-content\/uploads\/factory-06.webp\"\/><\/p>\n<p><img decoding=\"async\" src=\"\/wp-content\/uploads\/factory-07.webp\"\/><\/p>\n<h3>Atelier de peinture en poudre<\/h3>\n<p><img decoding=\"async\" src=\"\/wp-content\/uploads\/factory-09.webp\"\/><\/p>\n<h3>Atelier d'anodisation<\/h3>\n<p><img decoding=\"async\" src=\"\/wp-content\/uploads\/factory-10.webp\"\/><\/p>\n<h3>Atelier sur le traitement en profondeur<\/h3>\n<p><img decoding=\"async\" src=\"\/wp-content\/uploads\/factory-11.webp\"\/><\/p>\n<h3>Atelier d'usinage de pr\u00e9cision CNC<\/h3>\n<p><img decoding=\"async\" src=\"\/wp-content\/uploads\/factory-11.5.webp\"\/><\/p>\n<h3>Entrep\u00f4t de produits finis et d'exportation<\/h3>\n<p><img decoding=\"async\" src=\"\/wp-content\/uploads\/factory-12.webp\"\/><\/p>\n<p><img decoding=\"async\" src=\"\/wp-content\/uploads\/factory-13.webp\"\/><\/p>\n<p><img decoding=\"async\" src=\"\/wp-content\/uploads\/factory-14.webp\"\/><\/p>\n<h2>FAQ<\/h2>\n<p><p><b>1. coque de contr\u00f4leur CNC en alliage d'aluminium : Quels sont les avantages de l'usinage CNC pour les coques de contr\u00f4leur ?<\/b><\/p>\n<p>L'usinage CNC permet une grande pr\u00e9cision, garantissant que les coques des contr\u00f4leurs en alliage d'aluminium s'adaptent parfaitement et assurent une protection optimale des composants sensibles.<br \/>\n<\/p><br \/>\n<br \/>\n<p><b>2) Comment l'alliage d'aluminium am\u00e9liore-t-il les performances des coques de contr\u00f4leur ?<\/b><\/p>\n<p>L'alliage d'aluminium est un mat\u00e9riau \u00e0 la fois solide et l\u00e9ger qui prot\u00e8ge les composants \u00e9lectroniques internes tout en garantissant la durabilit\u00e9 et la r\u00e9sistance aux facteurs environnementaux.<br \/>\n<\/p><br \/>\n<br \/>\n<p><b>3. les coques des contr\u00f4leurs CNC en aluminium peuvent-elles \u00eatre personnalis\u00e9es pour diff\u00e9rentes applications ?<\/b><\/p>\n<p>Oui, l'usinage CNC permet de personnaliser la taille, la forme et la finition, ce qui rend les coques des contr\u00f4leurs en alliage d'aluminium adaptables \u00e0 divers besoins d'application.<br \/>\n<\/p><br \/>\n<br \/>\n<p><b>4) Quelles sont les industries qui peuvent b\u00e9n\u00e9ficier de l'utilisation de coques de contr\u00f4leurs CNC en alliage d'aluminium ?<\/b><\/p>\n<p>Les industries telles que l'\u00e9lectronique, l'automobile, l'a\u00e9rospatiale et l'automatisation b\u00e9n\u00e9ficient de la solidit\u00e9, de la pr\u00e9cision et de la protection offertes par les coques de contr\u00f4leurs en aluminium usin\u00e9es CNC.<br \/>\n<\/p><br \/>\n<br \/>\n<p><b>5. En quoi la r\u00e9sistance \u00e0 la corrosion de l'alliage d'aluminium est-elle b\u00e9n\u00e9fique pour les coques des contr\u00f4leurs ?<\/b><\/p>\n<p>Les propri\u00e9t\u00e9s anticorrosion de l'alliage d'aluminium garantissent que les coques des contr\u00f4leurs restent intactes et fonctionnelles m\u00eame dans des environnements difficiles ou ext\u00e9rieurs, ce qui prolonge la dur\u00e9e de vie du produit.<br \/>\n<\/p><br \/>\n<br \/>\n<p><b>6. la coque du contr\u00f4leur en alliage d'aluminium est-elle l\u00e9g\u00e8re ?<\/b><\/p>\n<p>Oui, l'alliage d'aluminium est l\u00e9ger, ce qui le rend facile \u00e0 manipuler et \u00e0 transporter, tout en offrant la r\u00e9sistance n\u00e9cessaire \u00e0 la protection \u00e9lectronique.<br \/>\n<\/p><br \/>\n<br \/>\n<p><b>7) Pourquoi l'alliage d'aluminium est-il un bon choix pour les coques de contr\u00f4leur ?<\/b><\/p>\n<p>L'alliage d'aluminium est un mat\u00e9riau solide, l\u00e9ger et durable qui offre une excellente protection aux composants \u00e9lectroniques tout en r\u00e9sistant \u00e0 la corrosion et \u00e0 l'usure.<br \/>\n<\/p><br \/>\n<br \/>\n<p><b>8. Comment l'usinage CNC am\u00e9liore-t-il la qualit\u00e9 des coques de contr\u00f4leurs en aluminium ?<\/b><\/p>\n<p>L'usinage CNC assure une grande pr\u00e9cision, des tol\u00e9rances serr\u00e9es et une finition lisse, garantissant que les coques des contr\u00f4leurs en alliage d'aluminium sont \u00e0 la fois fonctionnelles et esth\u00e9tiques.<br \/>\n<\/p><br \/><\/p>","protected":false},"featured_media":8476,"template":"","categories":[68],"class_list":["post-8477","product","type-product","status-publish","has-post-thumbnail","hentry","category-cnc-machining-aluminum-profile"],"meta_box":{"hilight_text_group":{"product_hilight_text":"<li>Precision CNC machining ensures high accuracy and custom fits for aluminum alloy controller shells.<\/li>\r\r\n<li>Durable aluminum alloy construction provides strength and protection for sensitive electronic components.<\/li>\r\r\n<li>Lightweight design reduces overall weight, improving portability and ease of use.<\/li>\r\r\n<li>Excellent corrosion resistance, making the controller shell suitable for a variety of environments.<\/li>\r\r\n<li>Customizable designs and finishes to meet specific client and application requirements.<\/li>","product_chanpin_blog":"<ul>\r\r\n<li><a href=\"https:\/\/sinoextrud.com\/t-slot-v-slot-differences\/\" target=\"_blank\">t slot vs v slot<\/a><\/li>\r\r\n<li><a href=\"https:\/\/sinoextrud.com\/what-is-4040-aluminium-extrud\/\" target=\"_blank\">4040 aluminium extrusion<\/a><\/li>\r\r\n<li><a href=\"https:\/\/sinoextrud.com\/what-is-4040-aluminium-extrud\/\" target=\"_blank\">aluminum extrusions for industrial racks<\/a><\/li>\r\r\n<li><a href=\"https:\/\/sinoextrud.com\/powder-coating-aluminium-process\/\" target=\"_blank\">powder coating aluminium<\/a><\/li>\r\r\n<li><a href=\"https:\/\/sinoextrud.com\/what-is-an-aluminium-strip-ceiling\/\" target=\"_blank\">aluminium strip ceiling<\/a><\/li>\r\r\n<li><a href=\"https:\/\/sinoextrud.com\/what-is-a-heat-sink\/\" target=\"_blank\">what is a heat sink<\/a><\/li>\r\r\n<\/ul>","product_chanpin_chanpin":"<li><a href=\"https:\/\/sinoextrud.com\/product\/aluminum-extrusion-high-strength-cnc-drilling-7003-aluminum-round-pipe\/\" target=\"_blank\">Aluminum Extrusion High-strength CNC Drilling 7003 Aluminum Round Pipe<\/a><\/li>\r\n<li><a href=\"https:\/\/sinoextrud.com\/product\/cnc-machining-aluminium-profile-connectors\/\" target=\"_blank\">CNC Machining Aluminium Profile Connectors<\/a><\/li>\r\n<li><a href=\"https:\/\/sinoextrud.com\/product\/cnc-machining-anodized-aluminum-extrusions\/\" target=\"_blank\">CNC Machining Anodized Aluminum Extrusions<\/a><\/li>\r\n<li><a href=\"https:\/\/sinoextrud.com\/product\/cnc-machined-6063-aluminium-extrusion-product\/\" target=\"_blank\">CNC Machined 6063 Aluminium Extrusion Product<\/a><\/li>\r\n<li><a href=\"https:\/\/sinoextrud.com\/product\/aluminum-alloy-cnc-aluminum-controller-shell\/\" target=\"_blank\">Aluminum Alloy CNC Aluminum Controller Shell<\/a><\/li>\r\n<li><a href=\"https:\/\/sinoextrud.com\/product\/aluminium-cnc-factory-punching-extrusion-profile-tubing-sizes-oem\/\" target=\"_blank\">aluminium cnc factory punching extrusion profile tubing sizes OEM<\/a><\/li>\r\n<li><a href=\"https:\/\/sinoextrud.com\/product\/cnc-machining-anodized-item-extruded-aluminum\/\" target=\"_blank\">CNC Machining Anodized Item Extruded Aluminum<\/a><\/li>\r\n<li><a href=\"https:\/\/sinoextrud.com\/product\/cnc-aluminum-curved-profiles-tubes\/\" target=\"_blank\">CNC Aluminum Curved Profiles Tubes<\/a><\/li>\r\n<li><a href=\"https:\/\/sinoextrud.com\/product\/custom-aluminum-extrusion-cnc-machining-aluminum-profile\/\" target=\"_blank\">Custom Aluminum Extrusion CNC Machining Aluminum Profile<\/a><\/li>\r\n<li><a href=\"https:\/\/sinoextrud.com\/product\/sound-proof-aluminum-glass-casement-windows-sliding-windows-and-doors-aluminum-profile-for-buildings-louver-system\/\" target=\"_blank\">Sound-proof Aluminum Glass Casement Windows Sliding Windows And Doors Aluminum Profile For Buildings Louver System<\/a><\/li>\r\n<li><a href=\"https:\/\/sinoextrud.com\/product\/anodized-extruded-aluminum\/\" target=\"_blank\">Anodized Extruded Aluminum<\/a><\/li>"},"feature_list":[]},"_links":{"self":[{"href":"https:\/\/sinoextrud.com\/fr\/wp-json\/wp\/v2\/product\/8477","targetHints":{"allow":["GET"]}}],"collection":[{"href":"https:\/\/sinoextrud.com\/fr\/wp-json\/wp\/v2\/product"}],"about":[{"href":"https:\/\/sinoextrud.com\/fr\/wp-json\/wp\/v2\/types\/product"}],"wp:featuredmedia":[{"embeddable":true,"href":"https:\/\/sinoextrud.com\/fr\/wp-json\/wp\/v2\/media\/8476"}],"wp:attachment":[{"href":"https:\/\/sinoextrud.com\/fr\/wp-json\/wp\/v2\/media?parent=8477"}],"wp:term":[{"taxonomy":"category","embeddable":true,"href":"https:\/\/sinoextrud.com\/fr\/wp-json\/wp\/v2\/categories?post=8477"}],"curies":[{"name":"wp","href":"https:\/\/api.w.org\/{rel}","templated":true}]}}