{"id":8459,"date":"2025-06-16T06:19:07","date_gmt":"2025-06-16T06:19:07","guid":{"rendered":"https:\/\/sinoextrud.com\/product\/cnc-machined-6063-aluminium-extrusion-product\/"},"modified":"2025-06-24T06:23:56","modified_gmt":"2025-06-24T06:23:56","slug":"produit-dextrusion-daluminium-6063-usine-en-cnc","status":"publish","type":"product","link":"https:\/\/sinoextrud.com\/fr\/product\/cnc-machined-6063-aluminium-extrusion-product\/","title":{"rendered":"Produit d'extrusion d'aluminium 6063 usin\u00e9 CNC"},"content":{"rendered":"<h2>D\u00e9tails des produits<\/h2>\n<table class=\"custom-table\">\n<tbody>\n<tr>\n<td> Grade :<\/td>\n<td> 6063 -t5<\/td>\n<\/tr>\n<tr>\n<td> Technique :<\/td>\n<td> Produit d'extrusion d'aluminium 6063 usin\u00e9 CNC<\/td>\n<\/tr>\n<tr>\n<td> Temp\u00e9rer :<\/td>\n<td> T3 - T8<\/td>\n<\/tr>\n<tr>\n<td> Services d'usinage :<\/td>\n<td> Per\u00e7age, taraudage, rivetage, assemblage, etc.<\/td>\n<\/tr>\n<tr>\n<td> Marque d\u00e9pos\u00e9e :<\/td>\n<td> Sinoextrud Sinoextrud <\/td>\n<\/tr>\n<tr>\n<td> Type :<\/td>\n<td> Produit d'extrusion d'aluminium 6063 usin\u00e9 CNC<\/td>\n<\/tr>\n<tr>\n<td> Forme :<\/td>\n<td> Con\u00e7us par les clients<\/td>\n<\/tr>\n<tr>\n<td> Traitement de surface :<\/td>\n<td> Finition broyage Anodis\u00e9 Bross\u00e9<\/td>\n<\/tr>\n<tr>\n<td> Longueur :<\/td>\n<td> 1m \u00e0 9m par longueur<\/td>\n<\/tr>\n<tr>\n<td> Couleurs :<\/td>\n<td> Argent Noir<\/td>\n<\/tr>\n<tr>\n<td> Code HS :<\/td>\n<td> 76042990<\/td>\n<\/tr>\n<\/tbody>\n<\/table>\n<h2>Notre base de production<\/h2>\n<h3>Panorama de l'usine<\/h3>\n<p><img decoding=\"async\" src=\"\/wp-content\/uploads\/factory-01.webp\"\/><\/p>\n<h3>Atelier de fabrication de barres d'aluminium<\/h3>\n<p><img decoding=\"async\" src=\"\/wp-content\/uploads\/factory-02.webp\"\/><\/p>\n<p><img decoding=\"async\" src=\"\/wp-content\/uploads\/factory-03.webp\"\/><\/p>\n<h3>Entrep\u00f4t de stockage des moules<\/h3>\n<p><img decoding=\"async\" src=\"\/wp-content\/uploads\/factory-04.webp\"\/><\/p>\n<h3>43 lignes d'extrusion d'aluminium (500 \u00e0 5500 tonnes)<\/h3>\n<p><img decoding=\"async\" src=\"\/wp-content\/uploads\/factory-05.webp\"\/><\/p>\n<p><img decoding=\"async\" src=\"\/wp-content\/uploads\/factory-06.webp\"\/><\/p>\n<p><img decoding=\"async\" src=\"\/wp-content\/uploads\/factory-07.webp\"\/><\/p>\n<h3>Atelier de peinture en poudre<\/h3>\n<p><img decoding=\"async\" src=\"\/wp-content\/uploads\/factory-09.webp\"\/><\/p>\n<h3>Atelier d'anodisation<\/h3>\n<p><img decoding=\"async\" src=\"\/wp-content\/uploads\/factory-10.webp\"\/><\/p>\n<h3>Atelier sur le traitement en profondeur<\/h3>\n<p><img decoding=\"async\" src=\"\/wp-content\/uploads\/factory-11.webp\"\/><\/p>\n<h3>Atelier d'usinage de pr\u00e9cision CNC<\/h3>\n<p><img decoding=\"async\" src=\"\/wp-content\/uploads\/factory-11.5.webp\"\/><\/p>\n<h3>Entrep\u00f4t de produits finis et d'exportation<\/h3>\n<p><img decoding=\"async\" src=\"\/wp-content\/uploads\/factory-12.webp\"\/><\/p>\n<p><img decoding=\"async\" src=\"\/wp-content\/uploads\/factory-13.webp\"\/><\/p>\n<p><img decoding=\"async\" src=\"\/wp-content\/uploads\/factory-14.webp\"\/><\/p>\n<h2>FAQ<\/h2>\n<p><p><b>1. Extrusion d'aluminium 6063 usin\u00e9 CNC Produit : Pourquoi l'aluminium 6063 est-il id\u00e9al pour l'usinage CNC ?<\/b><\/p>\n<p>L'aluminium 6063 a une excellente usinabilit\u00e9, permettant des coupes et des finitions de haute pr\u00e9cision, ce qui le rend parfait pour les applications personnalis\u00e9es et complexes.<br \/>\n<\/p><br \/>\n<br \/>\n<p><b>2) En quoi la r\u00e9sistance \u00e0 la corrosion de l'aluminium 6063 est-elle b\u00e9n\u00e9fique pour ses applications ?<\/b><\/p>\n<p>L'aluminium 6063 offre une r\u00e9sistance sup\u00e9rieure \u00e0 la corrosion, ce qui le rend id\u00e9al pour les applications ext\u00e9rieures et les environnements difficiles o\u00f9 la long\u00e9vit\u00e9 et la durabilit\u00e9 sont cruciales.<br \/>\n<\/p><br \/>\n<br \/>\n<p><b>3. les extrusions d'aluminium 6063 usin\u00e9es CNC peuvent-elles \u00eatre personnalis\u00e9es ?<\/b><\/p>\n<p>Oui, l'usinage CNC permet d'obtenir des formes et des tailles hautement personnalisables pour r\u00e9pondre aux exigences sp\u00e9cifiques de la conception industrielle et architecturale.<br \/>\n<\/p><br \/>\n<br \/>\n<p><b>4) Quelles sont les industries qui utilisent g\u00e9n\u00e9ralement des extrusions d'aluminium 6063 usin\u00e9es CNC ?<\/b><\/p>\n<p>Les industries telles que la construction, l'automobile, l'a\u00e9rospatiale et l'\u00e9lectronique b\u00e9n\u00e9ficient de la solidit\u00e9, de la pr\u00e9cision et de la durabilit\u00e9 des extrusions d'aluminium 6063 usin\u00e9es CNC.<br \/>\n<\/p><br \/>\n<br \/>\n<p><b>5) Comment le rapport poids\/r\u00e9sistance de l'aluminium 6063 am\u00e9liore-t-il son utilisation dans divers projets ?<\/b><\/p>\n<p>La l\u00e9g\u00e8ret\u00e9 et la solidit\u00e9 de l'aluminium 6063 en font un mat\u00e9riau id\u00e9al pour les applications structurelles, o\u00f9 la solidit\u00e9 est n\u00e9cessaire sans ajouter de poids inutile.<br \/>\n<\/p><br \/>\n<br \/>\n<p><b>6. l'aluminium 6063 convient-il pour des applications int\u00e9rieures et ext\u00e9rieures ?<\/b><\/p>\n<p>Oui, l'excellente r\u00e9sistance \u00e0 la corrosion de l'aluminium 6063 lui permet d'\u00eatre utilis\u00e9 aussi bien \u00e0 l'int\u00e9rieur qu'\u00e0 l'ext\u00e9rieur, m\u00eame dans des conditions climatiques difficiles.<br \/>\n<\/p><br \/>\n<br \/>\n<p><b>7. Comment l'usinage CNC am\u00e9liore-t-il les performances des extrusions d'aluminium 6063 ?<\/b><\/p>\n<p>L'usinage CNC permet des coupes et des finitions pr\u00e9cises, garantissant que les extrusions d'aluminium 6063 respectent des tol\u00e9rances serr\u00e9es et fonctionnent efficacement dans une large gamme d'applications.<br \/>\n<\/p><br \/>\n<br \/>\n<p><b>8) Quels sont les avantages de l'utilisation de l'aluminium 6063 dans les applications structurelles ?<\/b><\/p>\n<p>L'aluminium 6063 offre une solidit\u00e9, une l\u00e9g\u00e8ret\u00e9 et une excellente r\u00e9sistance \u00e0 la corrosion, ce qui en fait un mat\u00e9riau id\u00e9al pour les composants structurels de diverses industries.<br \/>\n<\/p><br \/><\/p>","protected":false},"featured_media":8458,"template":"","categories":[68],"class_list":["post-8459","product","type-product","status-publish","has-post-thumbnail","hentry","category-cnc-machining-aluminum-profile"],"meta_box":{"hilight_text_group":{"product_hilight_text":"<li>Precision CNC machining ensures tight tolerances and high-quality finishes for 6063 aluminum extrusions.<\/li>\r\r\n<li>6063 aluminum is known for its excellent corrosion resistance and is ideal for outdoor and structural applications.<\/li>\r\r\n<li>Customizable extrusions to fit specific industrial and architectural design requirements.<\/li>\r\r\n<li>Lightweight yet strong, offering optimal strength-to-weight ratio for various applications.<\/li>\r\r\n<li>Easy to process and machine, providing flexibility for complex and custom designs.<\/li>","product_chanpin_blog":"<ul>\r\r\n<li><a href=\"https:\/\/sinoextrud.com\/t-slot-v-slot-differences\/\" target=\"_blank\">t slot vs v slot<\/a><\/li>\r\r\n<li><a href=\"https:\/\/sinoextrud.com\/what-is-4040-aluminium-extrud\/\" target=\"_blank\">4040 aluminium extrusion<\/a><\/li>\r\r\n<li><a href=\"https:\/\/sinoextrud.com\/what-is-4040-aluminium-extrud\/\" target=\"_blank\">aluminum extrusions for industrial racks<\/a><\/li>\r\r\n<li><a href=\"https:\/\/sinoextrud.com\/powder-coating-aluminium-process\/\" target=\"_blank\">powder coating aluminium<\/a><\/li>\r\r\n<li><a href=\"https:\/\/sinoextrud.com\/what-is-an-aluminium-strip-ceiling\/\" target=\"_blank\">aluminium strip ceiling<\/a><\/li>\r\r\n<li><a href=\"https:\/\/sinoextrud.com\/what-is-a-heat-sink\/\" target=\"_blank\">what is a heat sink<\/a><\/li>\r\r\n<\/ul>","product_chanpin_chanpin":"<li><a href=\"https:\/\/sinoextrud.com\/product\/aluminum-extrusion-custom-electric-vehicle-battery-enclosure-aluminum-profile\/\" target=\"_blank\">Aluminum Extrusion Custom Electric Vehicle Battery Enclosure Aluminum Profile<\/a><\/li>\r\n<li><a href=\"https:\/\/sinoextrud.com\/product\/aluminum-extrusion-high-strength-cnc-drilling-7003-aluminum-round-pipe\/\" target=\"_blank\">Aluminum Extrusion High-strength CNC Drilling 7003 Aluminum Round Pipe<\/a><\/li>\r\n<li><a href=\"https:\/\/sinoextrud.com\/product\/cnc-machining-aluminium-profile-connectors\/\" target=\"_blank\">CNC Machining Aluminium Profile Connectors<\/a><\/li>\r\n<li><a href=\"https:\/\/sinoextrud.com\/product\/cnc-machining-anodized-aluminum-extrusions\/\" target=\"_blank\">CNC Machining Anodized Aluminum Extrusions<\/a><\/li>\r\n<li><a href=\"https:\/\/sinoextrud.com\/product\/cnc-machined-6063-aluminium-extrusion-product\/\" target=\"_blank\">CNC Machined 6063 Aluminium Extrusion Product<\/a><\/li>\r\n<li><a href=\"https:\/\/sinoextrud.com\/product\/aluminum-alloy-cnc-aluminum-controller-shell\/\" target=\"_blank\">Aluminum Alloy CNC Aluminum Controller Shell<\/a><\/li>\r\n<li><a href=\"https:\/\/sinoextrud.com\/product\/aluminium-cnc-factory-punching-extrusion-profile-tubing-sizes-oem\/\" target=\"_blank\">aluminium cnc factory punching extrusion profile tubing sizes OEM<\/a><\/li>\r\n<li><a href=\"https:\/\/sinoextrud.com\/product\/cnc-machining-anodized-item-extruded-aluminum\/\" target=\"_blank\">CNC Machining Anodized Item Extruded Aluminum<\/a><\/li>\r\n<li><a href=\"https:\/\/sinoextrud.com\/product\/cnc-aluminum-curved-profiles-tubes\/\" target=\"_blank\">CNC Aluminum Curved Profiles Tubes<\/a><\/li>\r\n<li><a href=\"https:\/\/sinoextrud.com\/product\/slotted-aluminium-extrusion\/\" target=\"_blank\">Slotted Aluminium Extrusion<\/a><\/li>\r\n<li><a href=\"https:\/\/sinoextrud.com\/product\/wall-aluminum-profile-decoration-t-shaped-edge-trim\/\" target=\"_blank\">Wall Aluminum Profile Decoration T Shaped Edge Trim<\/a><\/li>"},"feature_list":[]},"_links":{"self":[{"href":"https:\/\/sinoextrud.com\/fr\/wp-json\/wp\/v2\/product\/8459","targetHints":{"allow":["GET"]}}],"collection":[{"href":"https:\/\/sinoextrud.com\/fr\/wp-json\/wp\/v2\/product"}],"about":[{"href":"https:\/\/sinoextrud.com\/fr\/wp-json\/wp\/v2\/types\/product"}],"wp:featuredmedia":[{"embeddable":true,"href":"https:\/\/sinoextrud.com\/fr\/wp-json\/wp\/v2\/media\/8458"}],"wp:attachment":[{"href":"https:\/\/sinoextrud.com\/fr\/wp-json\/wp\/v2\/media?parent=8459"}],"wp:term":[{"taxonomy":"category","embeddable":true,"href":"https:\/\/sinoextrud.com\/fr\/wp-json\/wp\/v2\/categories?post=8459"}],"curies":[{"name":"wp","href":"https:\/\/api.w.org\/{rel}","templated":true}]}}