{"id":8451,"date":"2025-06-16T06:12:35","date_gmt":"2025-06-16T06:12:35","guid":{"rendered":"https:\/\/sinoextrud.com\/product\/aluminum-extrusion-custom-electric-vehicle-battery-enclosure-aluminum-profile\/"},"modified":"2025-06-24T06:23:53","modified_gmt":"2025-06-24T06:23:53","slug":"profile-daluminium-extrude-profile-daluminium-extrude-profile-daluminium-extrude-profile-daluminium-extrude","status":"publish","type":"product","link":"https:\/\/sinoextrud.com\/fr\/product\/aluminum-extrusion-custom-electric-vehicle-battery-enclosure-aluminum-profile\/","title":{"rendered":"Extrusion d'aluminium Bo\u00eetier de batterie de v\u00e9hicule \u00e9lectrique Profil\u00e9 d'aluminium sur mesure"},"content":{"rendered":"<h2>D\u00e9tails des produits<\/h2>\n<table class=\"custom-table\">\n<tbody>\n<tr>\n<td> Article :<\/td>\n<td> Extrusion d'aluminium Bo\u00eetier de batterie de v\u00e9hicule \u00e9lectrique Profil\u00e9 d'aluminium sur mesure<\/td>\n<td> Grade :<\/td>\n<td> S\u00e9rie 6000<\/td>\n<\/tr>\n<tr>\n<td> Temp\u00e9rer :<\/td>\n<td> 6063-T5<\/td>\n<td> Lieu d'origine :<\/td>\n<td> Foshan, Guangdong<\/td>\n<\/tr>\n<tr>\n<td> Forme :<\/td>\n<td> carr\u00e9, rond, rectangulaire, personnalis\u00e9<\/td>\n<td> Alliage ou non :<\/td>\n<td> Alliage d'aluminium<\/td>\n<\/tr>\n<tr>\n<td> Tol\u00e9rance :<\/td>\n<td> \u00b11%<\/td>\n<td> Marque :<\/td>\n<td> Sinoextrud, Sinoextrud<\/td>\n<\/tr>\n<tr>\n<td> Application :<\/td>\n<td> voitures, bus et camions \u00e9lectriques<\/td>\n<td> Traitement de surface :<\/td>\n<td> rev\u00eatement en poudre, \u00e9lectrophor\u00e8se, grain de bois, anodis\u00e9, bross\u00e9, polissage<\/td>\n<\/tr>\n<tr>\n<td> D\u00e9lai de livraison :<\/td>\n<td> 25-30 jours<\/td>\n<td> MOQ :<\/td>\n<td> 200KG<\/td>\n<\/tr>\n<tr>\n<td> D\u00e9lai de paiement :<\/td>\n<td> T\/T(30% Deposit), L\/C<\/td>\n<td> Service de traitement :<\/td>\n<td> Pliage, d\u00e9roulage, soudage, poin\u00e7onnage, d\u00e9coupage<\/td>\n<\/tr>\n<tr>\n<td> Port :<\/td>\n<td> Guangzhou, Shenzhen, Foshan<\/td>\n<td> Longueur :<\/td>\n<td> 1-9m ou sur mesure<\/td>\n<\/tr>\n<\/tbody>\n<\/table>\n<h2>Notre base de production<\/h2>\n<h3>Panorama de l'usine<\/h3>\n<p><img decoding=\"async\" src=\"\/wp-content\/uploads\/factory-01.webp\"\/><\/p>\n<h3>Atelier de fabrication de barres d'aluminium<\/h3>\n<p><img decoding=\"async\" src=\"\/wp-content\/uploads\/factory-02.webp\"\/><\/p>\n<p><img decoding=\"async\" src=\"\/wp-content\/uploads\/factory-03.webp\"\/><\/p>\n<h3>Entrep\u00f4t de stockage des moules<\/h3>\n<p><img decoding=\"async\" src=\"\/wp-content\/uploads\/factory-04.webp\"\/><\/p>\n<h3>43 lignes d'extrusion d'aluminium (500-5500 tonnes)<\/h3>\n<p><img decoding=\"async\" src=\"\/wp-content\/uploads\/factory-05.webp\"\/><\/p>\n<p><img decoding=\"async\" src=\"\/wp-content\/uploads\/factory-06.webp\"\/><\/p>\n<p><img decoding=\"async\" src=\"\/wp-content\/uploads\/factory-07.webp\"\/><\/p>\n<h3>Atelier de peinture en poudre<\/h3>\n<p><img decoding=\"async\" src=\"\/wp-content\/uploads\/factory-09.webp\"\/><\/p>\n<h3>Atelier d'anodisation<\/h3>\n<p><img decoding=\"async\" src=\"\/wp-content\/uploads\/factory-10.webp\"\/><\/p>\n<h3>Atelier sur le traitement en profondeur<\/h3>\n<p><img decoding=\"async\" src=\"\/wp-content\/uploads\/factory-11.webp\"\/><\/p>\n<h3>Atelier d'usinage de pr\u00e9cision CNC<\/h3>\n<p><img decoding=\"async\" src=\"\/wp-content\/uploads\/factory-11.5.webp\"\/><\/p>\n<h3>Entrep\u00f4t de produits finis et d'exportation<\/h3>\n<p><img decoding=\"async\" src=\"\/wp-content\/uploads\/factory-12.webp\"\/><\/p>\n<p><img decoding=\"async\" src=\"\/wp-content\/uploads\/factory-13.webp\"\/><\/p>\n<p><img decoding=\"async\" src=\"\/wp-content\/uploads\/factory-14.webp\"\/><\/p>\n<h2>FAQ<\/h2>\n<p><p><b>1) Extrusion d'aluminium Profil\u00e9 d'aluminium pour bo\u00eetier de batterie de v\u00e9hicule \u00e9lectrique sur mesure : Quels sont les principaux avantages de ce produit ?<\/b><\/p>\n<p>Cette extrusion d'aluminium sur mesure est tr\u00e8s solide, l\u00e9g\u00e8re et r\u00e9sistante \u00e0 la corrosion, offrant une excellente protection et durabilit\u00e9 pour les bo\u00eetiers de batteries de v\u00e9hicules \u00e9lectriques.<br \/>\n<\/p><br \/>\n<br \/>\n<p><b>2) Comment le profil\u00e9 d'aluminium contribue-t-il \u00e0 la s\u00e9curit\u00e9 de la batterie des v\u00e9hicules \u00e9lectriques ?<\/b><\/p>\n<p>Les excellentes propri\u00e9t\u00e9s de dissipation thermique du profil\u00e9 en aluminium permettent d'\u00e9viter la surchauffe, ce qui garantit la s\u00e9curit\u00e9 de la batterie et prolonge sa dur\u00e9e de vie.<br \/>\n<\/p><br \/>\n<br \/>\n<p><b>3. les profil\u00e9s d'extrusion en aluminium peuvent-ils \u00eatre personnalis\u00e9s pour diff\u00e9rentes conceptions de batteries ?<\/b><\/p>\n<p>Oui, les profil\u00e9s en aluminium peuvent \u00eatre adapt\u00e9s \u00e0 diff\u00e9rents mod\u00e8les de bo\u00eetiers de batterie, ce qui permet de r\u00e9pondre parfaitement aux besoins de votre v\u00e9hicule \u00e9lectrique.<br \/>\n<\/p><br \/>\n<br \/>\n<p><b>4) Qu'est-ce qui fait de l'aluminium le mat\u00e9riau id\u00e9al pour les bo\u00eetiers de batterie des v\u00e9hicules \u00e9lectriques ?<\/b><\/p>\n<p>L'aluminium est l\u00e9ger, solide et r\u00e9sistant \u00e0 la corrosion, offrant la meilleure combinaison de durabilit\u00e9 et de protection pour les syst\u00e8mes de batterie des v\u00e9hicules \u00e9lectriques.<br \/>\n<\/p><br \/>\n<br \/>\n<p><b>5) Comment la r\u00e9sistance \u00e0 la corrosion am\u00e9liore-t-elle la dur\u00e9e de vie des bo\u00eetiers de batterie des v\u00e9hicules \u00e9lectriques ?<\/b><\/p>\n<p>Les propri\u00e9t\u00e9s anticorrosion de l'aluminium emp\u00eachent la d\u00e9gradation, garantissant que le bo\u00eetier de la batterie conserve son int\u00e9grit\u00e9 au fil du temps, m\u00eame dans des conditions environnementales difficiles.<br \/>\n<\/p><br \/>\n<br \/>\n<p><b>6) Quelles sont les industries qui peuvent b\u00e9n\u00e9ficier de l'utilisation de profil\u00e9s d'extrusion d'aluminium personnalis\u00e9s pour les bo\u00eetiers de batterie ?<\/b><\/p>\n<p>L'industrie des v\u00e9hicules \u00e9lectriques et d'autres applications de stockage d'\u00e9nergie b\u00e9n\u00e9ficient de la r\u00e9sistance, de la durabilit\u00e9 et des performances des profil\u00e9s d'extrusion en aluminium pour les bo\u00eetiers de batterie.<br \/>\n<\/p><br \/>\n<br \/>\n<p><b>7) Comment l'ing\u00e9nierie de pr\u00e9cision du profil\u00e9 en aluminium am\u00e9liore-t-elle la conception des v\u00e9hicules \u00e9lectriques ?<\/b><\/p>\n<p>L'ing\u00e9nierie de pr\u00e9cision garantit une int\u00e9gration parfaite, permettant au profil\u00e9 en aluminium de s'adapter parfaitement au syst\u00e8me de batterie, am\u00e9liorant ainsi la conception et les performances globales du v\u00e9hicule.<br \/>\n<\/p><br \/>\n<br \/>\n<p><b>8) Quel est l'impact des propri\u00e9t\u00e9s de l\u00e9g\u00e8ret\u00e9 de l'aluminium sur les performances des v\u00e9hicules \u00e9lectriques ?<\/b><\/p>\n<p>La l\u00e9g\u00e8ret\u00e9 de l'aluminium r\u00e9duit le poids total du v\u00e9hicule, ce qui am\u00e9liore l'efficacit\u00e9 \u00e9nerg\u00e9tique et prolonge l'autonomie des v\u00e9hicules \u00e9lectriques.<br \/>\n<\/p><br \/><\/p>","protected":false},"featured_media":8450,"template":"","categories":[68],"class_list":["post-8451","product","type-product","status-publish","has-post-thumbnail","hentry","category-cnc-machining-aluminum-profile"],"meta_box":{"hilight_text_group":{"product_hilight_text":"<li>Custom aluminum extrusion profiles designed for electric vehicle battery enclosures.<\/li>\r\r\n<li>High strength and lightweight, offering excellent protection for battery systems.<\/li>\r\r\n<li>Corrosion-resistant properties ensure durability and long-lasting performance in harsh environments.<\/li>\r\r\n<li>Efficient heat dissipation for improved battery life and safety.<\/li>\r\r\n<li>Precision engineering for seamless integration with electric vehicle designs.<\/li>","product_chanpin_blog":"<ul>\r\r\n<li><a href=\"https:\/\/sinoextrud.com\/t-slot-v-slot-differences\/\" target=\"_blank\">t slot vs v slot<\/a><\/li>\r\r\n<li><a href=\"https:\/\/sinoextrud.com\/what-is-4040-aluminium-extrud\/\" target=\"_blank\">4040 aluminium extrusion<\/a><\/li>\r\r\n<li><a href=\"https:\/\/sinoextrud.com\/what-is-4040-aluminium-extrud\/\" target=\"_blank\">aluminum extrusions for industrial racks<\/a><\/li>\r\r\n<li><a href=\"https:\/\/sinoextrud.com\/powder-coating-aluminium-process\/\" target=\"_blank\">powder coating aluminium<\/a><\/li>\r\r\n<li><a href=\"https:\/\/sinoextrud.com\/what-is-an-aluminium-strip-ceiling\/\" target=\"_blank\">aluminium strip ceiling<\/a><\/li>\r\r\n<li><a href=\"https:\/\/sinoextrud.com\/what-is-a-heat-sink\/\" target=\"_blank\">what is a heat sink<\/a><\/li>\r\r\n<\/ul>","product_chanpin_chanpin":"<li><a href=\"https:\/\/sinoextrud.com\/product\/aluminium-profile-cutting\/\" target=\"_blank\">Aluminium Profile Cutting<\/a><\/li>\r\n<li><a href=\"https:\/\/sinoextrud.com\/product\/high-precision-aluminum-extrusion-profile-cnc-machining-accessory-parts\/\" target=\"_blank\">High Precision Aluminum extrusion Profile CNC Machining Accessory Parts<\/a><\/li>\r\n<li><a href=\"https:\/\/sinoextrud.com\/product\/high-precision-aluminum-extrusion-profile-cnc-machining-accessory-parts-2\/\" target=\"_blank\">High Precision Aluminum extrusion Profile CNC Machining Accessory Parts<\/a><\/li>\r\n<li><a href=\"https:\/\/sinoextrud.com\/product\/aluminium-profile-drilling-cutting-bending-puching-processing\/\" target=\"_blank\">Aluminium profile drilling cutting bending puching processing<\/a><\/li>\r\n<li><a href=\"https:\/\/sinoextrud.com\/product\/aluminum-extrusion-custom-electric-vehicle-battery-enclosure-aluminum-profile\/\" target=\"_blank\">Aluminum Extrusion Custom Electric Vehicle Battery Enclosure Aluminum Profile<\/a><\/li>\r\n<li><a href=\"https:\/\/sinoextrud.com\/product\/aluminum-extrusion-high-strength-cnc-drilling-7003-aluminum-round-pipe\/\" target=\"_blank\">Aluminum Extrusion High-strength CNC Drilling 7003 Aluminum Round Pipe<\/a><\/li>\r\n<li><a href=\"https:\/\/sinoextrud.com\/product\/cnc-machining-aluminium-profile-connectors\/\" target=\"_blank\">CNC Machining Aluminium Profile Connectors<\/a><\/li>\r\n<li><a href=\"https:\/\/sinoextrud.com\/product\/cnc-machining-anodized-aluminum-extrusions\/\" target=\"_blank\">CNC Machining Anodized Aluminum Extrusions<\/a><\/li>\r\n<li><a href=\"https:\/\/sinoextrud.com\/product\/cnc-machined-6063-aluminium-extrusion-product\/\" target=\"_blank\">CNC Machined 6063 Aluminium Extrusion Product<\/a><\/li>\r\n<li><a href=\"https:\/\/sinoextrud.com\/product\/6063-and-6061-extruded-led-lighting-telecommunications-and-audio-industrial-aluminum-heat-sink-profile\/\" target=\"_blank\">6063 and 6061 Extruded LED Lighting Telecommunications and Audio Industrial Aluminum Heat Sink Profile<\/a><\/li>\r\n<li><a href=\"https:\/\/sinoextrud.com\/product\/combination-open-cell-ceiling-system\/\" target=\"_blank\">Combination Open Cell Ceiling System<\/a><\/li>"},"feature_list":[]},"_links":{"self":[{"href":"https:\/\/sinoextrud.com\/fr\/wp-json\/wp\/v2\/product\/8451","targetHints":{"allow":["GET"]}}],"collection":[{"href":"https:\/\/sinoextrud.com\/fr\/wp-json\/wp\/v2\/product"}],"about":[{"href":"https:\/\/sinoextrud.com\/fr\/wp-json\/wp\/v2\/types\/product"}],"wp:featuredmedia":[{"embeddable":true,"href":"https:\/\/sinoextrud.com\/fr\/wp-json\/wp\/v2\/media\/8450"}],"wp:attachment":[{"href":"https:\/\/sinoextrud.com\/fr\/wp-json\/wp\/v2\/media?parent=8451"}],"wp:term":[{"taxonomy":"category","embeddable":true,"href":"https:\/\/sinoextrud.com\/fr\/wp-json\/wp\/v2\/categories?post=8451"}],"curies":[{"name":"wp","href":"https:\/\/api.w.org\/{rel}","templated":true}]}}