{"id":8444,"date":"2025-06-16T03:36:09","date_gmt":"2025-06-16T03:36:09","guid":{"rendered":"https:\/\/sinoextrud.com\/product\/high-precision-aluminum-extrusion-profile-cnc-machining-accessory-parts\/"},"modified":"2025-06-24T06:23:51","modified_gmt":"2025-06-24T06:23:51","slug":"profile-dextrusion-daluminium-de-haute-precision-pieces-daccessoires-usinees-en-machine-a-commande-numerique","status":"publish","type":"product","link":"https:\/\/sinoextrud.com\/fr\/product\/high-precision-aluminum-extrusion-profile-cnc-machining-accessory-parts\/","title":{"rendered":"Profil\u00e9 d'extrusion d'aluminium de haute pr\u00e9cision Pi\u00e8ces d'accessoires usin\u00e9es CNC"},"content":{"rendered":"<h2>D\u00e9tails des produits<\/h2>\n<table class=\"custom-table\">\n<tr>\n<td class=\"label\">Style :<\/td>\n<td> Moderne<\/td>\n<\/tr>\n<tr>\n<td class=\"label\">Isolation acoustique :<\/td>\n<td> 40<\/td>\n<\/tr>\n<tr>\n<td class=\"label\">Bois de placage :<\/td>\n<td> par demande<\/td>\n<\/tr>\n<tr>\n<td class=\"label\">Cote de s\u00e9curit\u00e9 :<\/td>\n<td> A<\/td>\n<\/tr>\n<tr>\n<td class=\"label\">Fonction :<\/td>\n<td> S\u00e9curit\u00e9, D\u00e9coration<\/td>\n<\/tr>\n<tr>\n<td class=\"label\">Co\u00fbt du d\u00e9 :<\/td>\n<td> Sera renvoy\u00e9<\/td>\n<\/tr>\n<tr>\n<td class=\"label\">Traitement de surface :<\/td>\n<td> Rev\u00eatement en poudre, grain de bois, anodisation, finition en usine<\/td>\n<\/tr>\n<tr>\n<td class=\"label\">AQ :<\/td>\n<td> La qualit\u00e9 n'est pas un bon remboursement pour vous<\/td>\n<\/tr>\n<tr>\n<td class=\"label\">Paquet de transport :<\/td>\n<td> Emballage pour l'exportation<\/td>\n<\/tr>\n<tr>\n<td class=\"label\">Mat\u00e9riau :<\/td>\n<td> Alliage d'aluminium<\/td>\n<\/tr>\n<tr>\n<td class=\"label\">Mat\u00e9riau du filet de tamisage :<\/td>\n<td> Nylon<\/td>\n<\/tr>\n<tr>\n<td class=\"label\">Poste :<\/td>\n<td> Ext\u00e9rieur<\/td>\n<\/tr>\n<tr>\n<td class=\"label\">Finition de la surface :<\/td>\n<td> Fini<\/td>\n<\/tr>\n<tr>\n<td class=\"label\">\u00c9chantillon D\u00e9tail de la livraison :<\/td>\n<td> 10-15 jours<\/td>\n<\/tr>\n<tr>\n<td class=\"label\">D\u00e9lai de livraison :<\/td>\n<td> 10-20 jours selon votre commande<\/td>\n<\/tr>\n<tr>\n<td class=\"label\">Couleur :<\/td>\n<td> \u00e0 votre demande<\/td>\n<\/tr>\n<tr>\n<td class=\"label\">MOQ :<\/td>\n<td> 200KG<\/td>\n<\/tr>\n<\/table>\n<h2>Notre base de production<\/h2>\n<h3>Panorama de l'usine<\/h3>\n<p><img decoding=\"async\" src=\"\/wp-content\/uploads\/factory-01.webp\"\/><\/p>\n<h3>Atelier de fabrication de barres d'aluminium<\/h3>\n<p><img decoding=\"async\" src=\"\/wp-content\/uploads\/factory-02.webp\"\/><\/p>\n<p><img decoding=\"async\" src=\"\/wp-content\/uploads\/factory-03.webp\"\/><\/p>\n<h3>Entrep\u00f4t de stockage des moules<\/h3>\n<p><img decoding=\"async\" src=\"\/wp-content\/uploads\/factory-04.webp\"\/><\/p>\n<h3>43 lignes d'extrusion d'aluminium (500 \u00e0 5500 tonnes)<\/h3>\n<p><img decoding=\"async\" src=\"\/wp-content\/uploads\/factory-05.webp\"\/><\/p>\n<p><img decoding=\"async\" src=\"\/wp-content\/uploads\/factory-06.webp\"\/><\/p>\n<p><img decoding=\"async\" src=\"\/wp-content\/uploads\/factory-07.webp\"\/><\/p>\n<h3>Atelier de peinture en poudre<\/h3>\n<p><img decoding=\"async\" src=\"\/wp-content\/uploads\/factory-09.webp\"\/><\/p>\n<h3>Atelier d'anodisation<\/h3>\n<p><img decoding=\"async\" src=\"\/wp-content\/uploads\/factory-10.webp\"\/><\/p>\n<h3>Atelier sur le traitement en profondeur<\/h3>\n<p><img decoding=\"async\" src=\"\/wp-content\/uploads\/factory-11.webp\"\/><\/p>\n<h3>Atelier d'usinage de pr\u00e9cision CNC<\/h3>\n<p><img decoding=\"async\" src=\"\/wp-content\/uploads\/factory-11.5.webp\"\/><\/p>\n<h3>Entrep\u00f4t de produits finis et d'exportation<\/h3>\n<p><img decoding=\"async\" src=\"\/wp-content\/uploads\/factory-12.webp\"\/><\/p>\n<p><img decoding=\"async\" src=\"\/wp-content\/uploads\/factory-13.webp\"\/><\/p>\n<p><img decoding=\"async\" src=\"\/wp-content\/uploads\/factory-14.webp\"\/><\/p>\n<h2>FAQ<\/h2>\n<p><p><b>1) Qu'est-ce qu'un profil\u00e9 d'extrusion en aluminium de haute pr\u00e9cision ?<\/b><\/p>\n<p>Les pi\u00e8ces accessoires d'usinage CNC de profil\u00e9s d'extrusion d'aluminium de haute pr\u00e9cision sont des composants en aluminium con\u00e7us sur mesure et produits \u00e0 l'aide de la technologie d'usinage CNC, offrant une pr\u00e9cision et une durabilit\u00e9 exceptionnelles pour diverses applications.<br \/>\n<\/p><br \/>\n<br \/>\n<p><b>2) Pourquoi l'usinage CNC est-il utilis\u00e9 pour les pi\u00e8ces en profil\u00e9 d'extrusion d'aluminium ?<\/b><\/p>\n<p>L'usinage CNC offre une grande pr\u00e9cision, des tol\u00e9rances serr\u00e9es et la possibilit\u00e9 de cr\u00e9er des g\u00e9om\u00e9tries complexes, ce qui en fait la solution id\u00e9ale pour produire des pi\u00e8ces en profil\u00e9 d'extrusion d'aluminium avec des sp\u00e9cifications pr\u00e9cises.<br \/>\n<\/p><br \/>\n<br \/>\n<p><b>3) Quelle est la pr\u00e9cision des pi\u00e8ces accessoires d'usinage CNC de profil\u00e9s d'extrusion d'aluminium de haute pr\u00e9cision ?<\/b><\/p>\n<p>Ces pi\u00e8ces sont fabriqu\u00e9es avec une grande pr\u00e9cision, garantissant des tol\u00e9rances serr\u00e9es et une pr\u00e9cision dimensionnelle sup\u00e9rieure, ce qui les rend id\u00e9ales pour les applications exigeantes.<br \/>\n<\/p><br \/>\n<br \/>\n<p><b>4) Les pi\u00e8ces de profil\u00e9 d'extrusion en aluminium de haute pr\u00e9cision peuvent-elles \u00eatre personnalis\u00e9es ?<\/b><\/p>\n<p>Oui, ces pi\u00e8ces peuvent \u00eatre personnalis\u00e9es en termes de taille, de forme et de conception pour r\u00e9pondre aux exigences sp\u00e9cifiques de diff\u00e9rents projets, ce qui offre une grande souplesse de fabrication.<br \/>\n<\/p><br \/>\n<br \/>\n<p><b>5) Quelles sont les industries qui b\u00e9n\u00e9ficient des pi\u00e8ces CNC en profil\u00e9 d'extrusion d'aluminium de haute pr\u00e9cision ?<\/b><\/p>\n<p>Les industries telles que l'a\u00e9rospatiale, l'automobile, l'\u00e9lectronique et la fabrication b\u00e9n\u00e9ficient de ces pi\u00e8ces en raison de leur r\u00e9sistance, de leur pr\u00e9cision et de leur ad\u00e9quation aux applications \u00e0 haute performance.<br \/>\n<\/p><br \/>\n<br \/>\n<p><b>6. quelle est la vitesse de production des pi\u00e8ces en profil\u00e9 d'extrusion d'aluminium de haute pr\u00e9cision ?<\/b><\/p>\n<p>La production est efficace, offrant des d\u00e9lais de livraison et d'ex\u00e9cution rapides tout en maintenant des normes de haute qualit\u00e9 et la pr\u00e9cision de l'usinage.<br \/>\n<\/p><br \/>\n<br \/>\n<p><b>7. les pi\u00e8ces d'usinage CNC de profil\u00e9s d'extrusion d'aluminium de haute pr\u00e9cision sont-elles rentables ?<\/b><\/p>\n<p>En effet, ces pi\u00e8ces offrent une solution rentable gr\u00e2ce \u00e0 leur processus de fabrication efficace, offrant une grande pr\u00e9cision et une grande durabilit\u00e9 \u00e0 des prix comp\u00e9titifs.<br \/>\n<\/p><br \/><\/p>","protected":false},"featured_media":8443,"template":"","categories":[68],"class_list":["post-8444","product","type-product","status-publish","has-post-thumbnail","hentry","category-cnc-machining-aluminum-profile"],"meta_box":{"hilight_text_group":{"product_hilight_text":"<li>High precision CNC machining for aluminum extrusion profile accessory parts<\/li>\r\r\n<li>Customizable designs to meet specific requirements for various applications<\/li>\r\r\n<li>Durable aluminum material with excellent strength-to-weight ratio<\/li>\r\r\n<li>Superior dimensional accuracy and smooth surface finish<\/li>\r\r\n<li>Cost-effective production with fast turnaround times<\/li>\r\r\n<li>Ideal for industries such as aerospace, automotive, electronics, and manufacturing<\/li>","product_chanpin_blog":"<ul>\r\r\n<li><a href=\"https:\/\/sinoextrud.com\/t-slot-v-slot-differences\/\" target=\"_blank\">t slot vs v slot<\/a><\/li>\r\r\n<li><a href=\"https:\/\/sinoextrud.com\/what-is-4040-aluminium-extrud\/\" target=\"_blank\">4040 aluminium extrusion<\/a><\/li>\r\r\n<li><a href=\"https:\/\/sinoextrud.com\/what-is-4040-aluminium-extrud\/\" target=\"_blank\">aluminum extrusions for industrial racks<\/a><\/li>\r\r\n<li><a href=\"https:\/\/sinoextrud.com\/powder-coating-aluminium-process\/\" target=\"_blank\">powder coating aluminium<\/a><\/li>\r\r\n<li><a href=\"https:\/\/sinoextrud.com\/what-is-an-aluminium-strip-ceiling\/\" target=\"_blank\">aluminium strip ceiling<\/a><\/li>\r\r\n<li><a href=\"https:\/\/sinoextrud.com\/what-is-a-heat-sink\/\" target=\"_blank\">what is a heat sink<\/a><\/li>\r\r\n<\/ul>","product_chanpin_chanpin":"<li><a href=\"https:\/\/sinoextrud.com\/product\/aluminium-extrusion-cnc\/\" target=\"_blank\">Aluminium Extrusion CNC<\/a><\/li>\r\n<li><a href=\"https:\/\/sinoextrud.com\/product\/aluminium-profile-lock\/\" target=\"_blank\">Aluminium Profile Lock<\/a><\/li>\r\n<li><a href=\"https:\/\/sinoextrud.com\/product\/aluminium-enclosure-housing-and-shells\/\" target=\"_blank\">Aluminium Enclosure Housing And Shells<\/a><\/li>\r\n<li><a href=\"https:\/\/sinoextrud.com\/product\/aluminium-profile-cutting\/\" target=\"_blank\">Aluminium Profile Cutting<\/a><\/li>\r\n<li><a href=\"https:\/\/sinoextrud.com\/product\/high-precision-aluminum-extrusion-profile-cnc-machining-accessory-parts\/\" target=\"_blank\">High Precision Aluminum extrusion Profile CNC Machining Accessory Parts<\/a><\/li>\r\n<li><a href=\"https:\/\/sinoextrud.com\/product\/high-precision-aluminum-extrusion-profile-cnc-machining-accessory-parts-2\/\" target=\"_blank\">High Precision Aluminum extrusion Profile CNC Machining Accessory Parts<\/a><\/li>\r\n<li><a href=\"https:\/\/sinoextrud.com\/product\/aluminium-profile-drilling-cutting-bending-puching-processing\/\" target=\"_blank\">Aluminium profile drilling cutting bending puching processing<\/a><\/li>\r\n<li><a href=\"https:\/\/sinoextrud.com\/product\/aluminum-extrusion-custom-electric-vehicle-battery-enclosure-aluminum-profile\/\" target=\"_blank\">Aluminum Extrusion Custom Electric Vehicle Battery Enclosure Aluminum Profile<\/a><\/li>\r\n<li><a href=\"https:\/\/sinoextrud.com\/product\/aluminum-extrusion-high-strength-cnc-drilling-7003-aluminum-round-pipe\/\" target=\"_blank\">Aluminum Extrusion High-strength CNC Drilling 7003 Aluminum Round Pipe<\/a><\/li>\r\n<li><a href=\"https:\/\/sinoextrud.com\/product\/aluminum-extrusion-brackets\/\" target=\"_blank\">Aluminum Extrusion Brackets<\/a><\/li>\r\n<li><a href=\"https:\/\/sinoextrud.com\/product\/shutter-aluminum-profile-for-window-louver-frame\/\" target=\"_blank\">Shutter Aluminum Profile For Window Louver Frame<\/a><\/li>"},"feature_list":[]},"_links":{"self":[{"href":"https:\/\/sinoextrud.com\/fr\/wp-json\/wp\/v2\/product\/8444","targetHints":{"allow":["GET"]}}],"collection":[{"href":"https:\/\/sinoextrud.com\/fr\/wp-json\/wp\/v2\/product"}],"about":[{"href":"https:\/\/sinoextrud.com\/fr\/wp-json\/wp\/v2\/types\/product"}],"wp:featuredmedia":[{"embeddable":true,"href":"https:\/\/sinoextrud.com\/fr\/wp-json\/wp\/v2\/media\/8443"}],"wp:attachment":[{"href":"https:\/\/sinoextrud.com\/fr\/wp-json\/wp\/v2\/media?parent=8444"}],"wp:term":[{"taxonomy":"category","embeddable":true,"href":"https:\/\/sinoextrud.com\/fr\/wp-json\/wp\/v2\/categories?post=8444"}],"curies":[{"name":"wp","href":"https:\/\/api.w.org\/{rel}","templated":true}]}}