{"id":8436,"date":"2025-06-16T03:28:44","date_gmt":"2025-06-16T03:28:44","guid":{"rendered":"https:\/\/sinoextrud.com\/product\/aluminium-extrusion-cnc\/"},"modified":"2025-06-24T06:23:49","modified_gmt":"2025-06-24T06:23:49","slug":"extrusion-daluminium-cnc","status":"publish","type":"product","link":"https:\/\/sinoextrud.com\/fr\/product\/aluminium-extrusion-cnc\/","title":{"rendered":"Extrusion d'aluminium CNC"},"content":{"rendered":"<h2>D\u00e9tails des produits<\/h2>\n<table class=\"custom-table\">\n<tr>\n<td class=\"label\">Titre<\/td>\n<td>Extrusion d'aluminium CNC<\/td>\n<\/tr>\n<\/table>\n<h2>Notre base de production<\/h2>\n<h3>Panorama de l'usine<\/h3>\n<p><img decoding=\"async\" src=\"\/wp-content\/uploads\/factory-01.webp\"\/><\/p>\n<h3>Atelier de fabrication de barres d'aluminium<\/h3>\n<p><img decoding=\"async\" src=\"\/wp-content\/uploads\/factory-02.webp\"\/><\/p>\n<p><img decoding=\"async\" src=\"\/wp-content\/uploads\/factory-03.webp\"\/><\/p>\n<h3>Entrep\u00f4t de stockage des moules<\/h3>\n<p><img decoding=\"async\" src=\"\/wp-content\/uploads\/factory-04.webp\"\/><\/p>\n<h3>43 lignes d'extrusion d'aluminium (500 \u00e0 5500 tonnes)<\/h3>\n<p><img decoding=\"async\" src=\"\/wp-content\/uploads\/factory-05.webp\"\/><\/p>\n<p><img decoding=\"async\" src=\"\/wp-content\/uploads\/factory-06.webp\"\/><\/p>\n<p><img decoding=\"async\" src=\"\/wp-content\/uploads\/factory-07.webp\"\/><\/p>\n<h3>Atelier de peinture en poudre<\/h3>\n<p><img decoding=\"async\" src=\"\/wp-content\/uploads\/factory-09.webp\"\/><\/p>\n<h3>Atelier d'anodisation<\/h3>\n<p><img decoding=\"async\" src=\"\/wp-content\/uploads\/factory-10.webp\"\/><\/p>\n<h3>Atelier sur le traitement en profondeur<\/h3>\n<p><img decoding=\"async\" src=\"\/wp-content\/uploads\/factory-11.webp\"\/><\/p>\n<h3>Atelier d'usinage de pr\u00e9cision CNC<\/h3>\n<p><img decoding=\"async\" src=\"\/wp-content\/uploads\/factory-11.5.webp\"\/><\/p>\n<h3>Entrep\u00f4t de produits finis et d'exportation<\/h3>\n<p><img decoding=\"async\" src=\"\/wp-content\/uploads\/factory-12.webp\"\/><\/p>\n<p><img decoding=\"async\" src=\"\/wp-content\/uploads\/factory-13.webp\"\/><\/p>\n<p><img decoding=\"async\" src=\"\/wp-content\/uploads\/factory-14.webp\"\/><\/p>\n<h2>FAQ<\/h2>\n<p><p><b>1) Qu'est-ce que l'extrusion d'aluminium \u00e0 commande num\u00e9rique ?<\/b><\/p>\n<p>L'extrusion d'aluminium CNC est le processus qui consiste \u00e0 utiliser la technologie d'usinage CNC pour couper, fa\u00e7onner ou fraiser avec pr\u00e9cision des extrusions d'aluminium afin d'en faire des composants sur mesure pour diverses applications industrielles.<br \/>\n<\/p><br \/>\n<br \/>\n<p><b>2. quels sont les avantages de l'extrusion d'aluminium \u00e0 commande num\u00e9rique ?<\/b><\/p>\n<p>L'extrusion d'aluminium CNC offre une grande pr\u00e9cision, une grande durabilit\u00e9, une grande adaptabilit\u00e9 et une grande rentabilit\u00e9, ce qui la rend id\u00e9ale pour les industries qui ont besoin de composants en aluminium sur mesure.<br \/>\n<\/p><br \/>\n<br \/>\n<p><b>3. les composants CNC de l'extrusion d'aluminium peuvent-ils \u00eatre personnalis\u00e9s ?<\/b><\/p>\n<p>Oui, les composants CNC d'extrusion d'aluminium peuvent \u00eatre personnalis\u00e9s en termes de forme, de taille et de finition pour r\u00e9pondre \u00e0 des exigences sp\u00e9cifiques en mati\u00e8re de conception et de performance.<br \/>\n<\/p><br \/>\n<br \/>\n<p><b>4. Comment la CNC pour l'extrusion d'aluminium am\u00e9liore-t-elle la pr\u00e9cision ?<\/b><\/p>\n<p>L'extrusion d'aluminium CNC am\u00e9liore la pr\u00e9cision en utilisant des machines avanc\u00e9es contr\u00f4l\u00e9es par ordinateur pour garantir des tol\u00e9rances serr\u00e9es et des dimensions pr\u00e9cises pour chaque composant.<br \/>\n<\/p><br \/>\n<br \/>\n<p><b>5. l'extrusion d'aluminium est-elle rentable ?<\/b><\/p>\n<p>Oui, l'extrusion d'aluminium CNC est une solution rentable pour les petites et grandes s\u00e9ries, offrant des composants de haute qualit\u00e9 \u00e0 des prix comp\u00e9titifs.<br \/>\n<\/p><br \/>\n<br \/>\n<p><b>6) Quelles sont les industries qui utilisent l'extrusion d'aluminium \u00e0 commande num\u00e9rique ?<\/b><\/p>\n<p>Les industries telles que l'a\u00e9rospatiale, l'automobile, la construction et la fabrication utilisent l'extrusion d'aluminium CNC pour obtenir des composants pr\u00e9cis et personnalis\u00e9s qui r\u00e9pondent \u00e0 des sp\u00e9cifications exactes.<br \/>\n<\/p><br \/>\n<br \/>\n<p><b>7. l'extrusion d'aluminium CNC est-elle respectueuse de l'environnement ?<\/b><\/p>\n<p>Oui, l'aluminium est enti\u00e8rement recyclable et le processus d'usinage CNC minimise les d\u00e9chets de mat\u00e9riaux, ce qui fait de l'extrusion d'aluminium CNC une option de fabrication respectueuse de l'environnement.<br \/>\n<\/p><br \/>\n<br \/>\n<p><b>8. Comment la r\u00e9sistance \u00e0 la corrosion de l'extrusion d'aluminium CNC favorise-t-elle ses performances ?<\/b><\/p>\n<p>La r\u00e9sistance \u00e0 la corrosion de l'extrusion d'aluminium CNC garantit que les composants conservent leur durabilit\u00e9 et leur aspect, m\u00eame dans des environnements difficiles ou des applications ext\u00e9rieures.<br \/>\n<\/p><br \/><\/p>","protected":false},"featured_media":8435,"template":"","categories":[68],"class_list":["post-8436","product","type-product","status-publish","has-post-thumbnail","hentry","category-cnc-machining-aluminum-profile"],"meta_box":{"hilight_text_group":{"product_hilight_text":"<li>High-precision CNC machining of aluminum extrusions for custom components.<\/li>\r\r\n<li>Customizable shapes and sizes to meet specific design and performance requirements.<\/li>\r\r\n<li>Durable, lightweight aluminum provides excellent strength-to-weight ratio.<\/li>\r\r\n<li>Corrosion-resistant surface, ideal for both indoor and outdoor applications.<\/li>\r\r\n<li>Efficient production process allows for cost-effective manufacturing for both small and large runs.<\/li>\r\r\n<li>Fast turnaround times with reliable, consistent results in CNC machining.<\/li>\r\r\n<li>Eco-friendly and fully recyclable aluminum material, contributing to sustainability.<\/li>","product_chanpin_blog":"<ul>\r\r\n<li><a href=\"https:\/\/sinoextrud.com\/t-slot-v-slot-differences\/\" target=\"_blank\">t slot vs v slot<\/a><\/li>\r\r\n<li><a href=\"https:\/\/sinoextrud.com\/what-is-4040-aluminium-extrud\/\" target=\"_blank\">4040 aluminium extrusion<\/a><\/li>\r\r\n<li><a href=\"https:\/\/sinoextrud.com\/what-is-4040-aluminium-extrud\/\" target=\"_blank\">aluminum extrusions for industrial racks<\/a><\/li>\r\r\n<li><a href=\"https:\/\/sinoextrud.com\/powder-coating-aluminium-process\/\" target=\"_blank\">powder coating aluminium<\/a><\/li>\r\r\n<li><a href=\"https:\/\/sinoextrud.com\/what-is-an-aluminium-strip-ceiling\/\" target=\"_blank\">aluminium strip ceiling<\/a><\/li>\r\r\n<li><a href=\"https:\/\/sinoextrud.com\/what-is-a-heat-sink\/\" target=\"_blank\">what is a heat sink<\/a><\/li>\r\r\n<\/ul>","product_chanpin_chanpin":"<li><a href=\"https:\/\/sinoextrud.com\/product\/extruded-aluminium-cnc-machining-profile-and-anodized-surface-treatment-process\/\" target=\"_blank\">Extruded Aluminium CNC Machining profile and Anodized Surface Treatment Process<\/a><\/li>\r\n<li><a href=\"https:\/\/sinoextrud.com\/product\/aluminium-precision-cnc-fabrication-milling-process-deep-processing-machining-company\/\" target=\"_blank\">Aluminium precision CNC fabrication milling process deep processing machining company<\/a><\/li>\r\n<li><a href=\"https:\/\/sinoextrud.com\/product\/aluminum-cnc\/\" target=\"_blank\">Aluminum CNC<\/a><\/li>\r\n<li><a href=\"https:\/\/sinoextrud.com\/product\/aluminium-aerofoil-extrusion-oxidation-scrub-black\/\" target=\"_blank\">Aluminium Aerofoil Extrusion Oxidation Scrub Black<\/a><\/li>\r\n<li><a href=\"https:\/\/sinoextrud.com\/product\/aluminium-extrusion-cnc\/\" target=\"_blank\">Aluminium Extrusion CNC<\/a><\/li>\r\n<li><a href=\"https:\/\/sinoextrud.com\/product\/aluminium-profile-lock\/\" target=\"_blank\">Aluminium Profile Lock<\/a><\/li>\r\n<li><a href=\"https:\/\/sinoextrud.com\/product\/aluminium-enclosure-housing-and-shells\/\" target=\"_blank\">Aluminium Enclosure Housing And Shells<\/a><\/li>\r\n<li><a href=\"https:\/\/sinoextrud.com\/product\/aluminium-profile-cutting\/\" target=\"_blank\">Aluminium Profile Cutting<\/a><\/li>\r\n<li><a href=\"https:\/\/sinoextrud.com\/product\/high-precision-aluminum-extrusion-profile-cnc-machining-accessory-parts\/\" target=\"_blank\">High Precision Aluminum extrusion Profile CNC Machining Accessory Parts<\/a><\/li>\r\n<li><a href=\"https:\/\/sinoextrud.com\/product\/customized-aluminum-alloy-housing-grow-light\/\" target=\"_blank\">Customized Aluminum Alloy Housing Grow Light<\/a><\/li>\r\n<li><a href=\"https:\/\/sinoextrud.com\/product\/decoration-aluminium\/\" target=\"_blank\">Decoration aluminium<\/a><\/li>"},"feature_list":[]},"_links":{"self":[{"href":"https:\/\/sinoextrud.com\/fr\/wp-json\/wp\/v2\/product\/8436","targetHints":{"allow":["GET"]}}],"collection":[{"href":"https:\/\/sinoextrud.com\/fr\/wp-json\/wp\/v2\/product"}],"about":[{"href":"https:\/\/sinoextrud.com\/fr\/wp-json\/wp\/v2\/types\/product"}],"wp:featuredmedia":[{"embeddable":true,"href":"https:\/\/sinoextrud.com\/fr\/wp-json\/wp\/v2\/media\/8435"}],"wp:attachment":[{"href":"https:\/\/sinoextrud.com\/fr\/wp-json\/wp\/v2\/media?parent=8436"}],"wp:term":[{"taxonomy":"category","embeddable":true,"href":"https:\/\/sinoextrud.com\/fr\/wp-json\/wp\/v2\/categories?post=8436"}],"curies":[{"name":"wp","href":"https:\/\/api.w.org\/{rel}","templated":true}]}}