{"id":8428,"date":"2025-06-16T03:17:31","date_gmt":"2025-06-16T03:17:31","guid":{"rendered":"https:\/\/sinoextrud.com\/product\/extruded-aluminium-cnc-machining-profile-and-anodized-surface-treatment-process\/"},"modified":"2025-06-24T06:23:47","modified_gmt":"2025-06-24T06:23:47","slug":"profile-daluminium-extrude-usine-a-la-machine-a-commande-numerique-et-traitement-de-surface-anodise","status":"publish","type":"product","link":"https:\/\/sinoextrud.com\/fr\/product\/extruded-aluminium-cnc-machining-profile-and-anodized-surface-treatment-process\/","title":{"rendered":"Profil d'usinage CNC de l'aluminium extrud\u00e9 et traitement de surface anodis\u00e9"},"content":{"rendered":"<h2>D\u00e9tails des produits<\/h2>\n<table class=\"custom-table\">\n<tr>\n<td class=\"label\">Titre<\/td>\n<td>Profil d'usinage CNC de l'aluminium extrud\u00e9 et traitement de surface anodis\u00e9<\/td>\n<\/tr>\n<tr>\n<td class=\"label\">Mat\u00e9riau :<\/td>\n<td> Profil\u00e9 en aluminium extrud\u00e9 6063 T5<\/td>\n<\/tr>\n<tr>\n<td class=\"label\">Processus :<\/td>\n<td> Usinage CNC et processus d'anodisation<\/td>\n<\/tr>\n<tr>\n<td class=\"label\">Application :<\/td>\n<td> Charni\u00e8re de porte en verre<\/td>\n<\/tr>\n<\/table>\n<h2>Notre base de production<\/h2>\n<h3>Panorama de l'usine<\/h3>\n<p><img decoding=\"async\" src=\"\/wp-content\/uploads\/factory-01.webp\"\/><\/p>\n<h3>Atelier de fabrication de barres d'aluminium<\/h3>\n<p><img decoding=\"async\" src=\"\/wp-content\/uploads\/factory-02.webp\"\/><\/p>\n<p><img decoding=\"async\" src=\"\/wp-content\/uploads\/factory-03.webp\"\/><\/p>\n<h3>Entrep\u00f4t de stockage des moules<\/h3>\n<p><img decoding=\"async\" src=\"\/wp-content\/uploads\/factory-04.webp\"\/><\/p>\n<h3>43 lignes d'extrusion d'aluminium (500-5500 tonnes)<\/h3>\n<p><img decoding=\"async\" src=\"\/wp-content\/uploads\/factory-05.webp\"\/><\/p>\n<p><img decoding=\"async\" src=\"\/wp-content\/uploads\/factory-06.webp\"\/><\/p>\n<p><img decoding=\"async\" src=\"\/wp-content\/uploads\/factory-07.webp\"\/><\/p>\n<h3>Atelier de peinture en poudre<\/h3>\n<p><img decoding=\"async\" src=\"\/wp-content\/uploads\/factory-09.webp\"\/><\/p>\n<h3>Atelier d'anodisation<\/h3>\n<p><img decoding=\"async\" src=\"\/wp-content\/uploads\/factory-10.webp\"\/><\/p>\n<h3>Atelier sur le traitement en profondeur<\/h3>\n<p><img decoding=\"async\" src=\"\/wp-content\/uploads\/factory-11.webp\"\/><\/p>\n<h3>Atelier d'usinage de pr\u00e9cision CNC<\/h3>\n<p><img decoding=\"async\" src=\"\/wp-content\/uploads\/factory-11.5.webp\"\/><\/p>\n<h3>Entrep\u00f4t de produits finis et d'exportation<\/h3>\n<p><img decoding=\"async\" src=\"\/wp-content\/uploads\/factory-12.webp\"\/><\/p>\n<p><img decoding=\"async\" src=\"\/wp-content\/uploads\/factory-13.webp\"\/><\/p>\n<p><img decoding=\"async\" src=\"\/wp-content\/uploads\/factory-14.webp\"\/><\/p>\n<h2>FAQ<\/h2>\n<p><p><b>1. profil\u00e9 extrud\u00e9 en aluminium usin\u00e9 CNC et traitement de surface anodis\u00e9 : Quels sont les avantages des profil\u00e9s extrud\u00e9s en aluminium ?<\/b><\/p>\n<p>Les profil\u00e9s d'aluminium extrud\u00e9s sont l\u00e9gers, solides et r\u00e9sistants \u00e0 la corrosion, ce qui les rend id\u00e9aux pour une large gamme d'applications industrielles et structurelles.<br \/>\n<\/p><br \/>\n<br \/>\n<p><b>2. Comment l'usinage CNC am\u00e9liore-t-il la pr\u00e9cision des profil\u00e9s en aluminium ?<\/b><\/p>\n<p>L'usinage CNC garantit une grande pr\u00e9cision, des tol\u00e9rances serr\u00e9es et une finition homog\u00e8ne, ce qui permet d'obtenir un produit de haute qualit\u00e9 adapt\u00e9 aux exigences sp\u00e9cifiques de la conception.<br \/>\n<\/p><br \/>\n<br \/>\n<p><b>3. Quel est l'int\u00e9r\u00eat de l'anodisation pour les profil\u00e9s en aluminium ?<\/b><\/p>\n<p>L'anodisation am\u00e9liore les profils en aluminium en augmentant la r\u00e9sistance \u00e0 la corrosion, la duret\u00e9 de la surface et la r\u00e9sistance \u00e0 l'usure, tout en offrant une finition attrayante et durable.<br \/>\n<\/p><br \/>\n<br \/>\n<p><b>4. Comment l'anodisation affecte-t-elle les performances des profil\u00e9s en aluminium ?<\/b><\/p>\n<p>L'anodisation cr\u00e9e une couche d'oxyde protectrice qui am\u00e9liore la r\u00e9sistance \u00e0 la corrosion, \u00e0 l'usure et aux rayures, prolongeant ainsi la dur\u00e9e de vie du profil\u00e9 d'aluminium et pr\u00e9servant son aspect.<br \/>\n<\/p><br \/>\n<br \/>\n<p><b>5. la finition anodis\u00e9e peut-elle \u00eatre personnalis\u00e9e pour diff\u00e9rents profils d'aluminium ?<\/b><\/p>\n<p>Oui, la finition anodis\u00e9e peut \u00eatre personnalis\u00e9e en termes de couleur et de texture pour r\u00e9pondre \u00e0 des exigences esth\u00e9tiques et fonctionnelles sp\u00e9cifiques.<br \/>\n<\/p><br \/>\n<br \/>\n<p><b>6) Quelles sont les industries qui b\u00e9n\u00e9ficient des profil\u00e9s extrud\u00e9s en aluminium avec usinage CNC et finitions anodis\u00e9es ?<\/b><\/p>\n<p>Les industries telles que l'a\u00e9rospatiale, l'automobile, la construction et la fabrication b\u00e9n\u00e9ficient de la solidit\u00e9, de la pr\u00e9cision et de la durabilit\u00e9 offertes par ces proc\u00e9d\u00e9s.<br \/>\n<\/p><br \/>\n<br \/>\n<p><b>7) Comment la finition anodis\u00e9e am\u00e9liore-t-elle la durabilit\u00e9 du profil\u00e9 en aluminium ?<\/b><\/p>\n<p>La finition anodis\u00e9e augmente la r\u00e9sistance du profil\u00e9 aux facteurs environnementaux tels que l'humidit\u00e9 et les produits chimiques, am\u00e9liorant ainsi sa durabilit\u00e9 et ses performances globales.<br \/>\n<\/p><br \/>\n<br \/>\n<p><b>8. la finition anodis\u00e9e est-elle respectueuse de l'environnement ?<\/b><\/p>\n<p>Oui, l'anodisation est un proc\u00e9d\u00e9 respectueux de l'environnement, car elle utilise des mat\u00e9riaux non toxiques et r\u00e9duit la n\u00e9cessit\u00e9 d'appliquer des rev\u00eatements susceptibles de lib\u00e9rer des produits chimiques nocifs.<br \/>\n<\/p><br \/><\/p>","protected":false},"featured_media":8427,"template":"","categories":[68],"class_list":["post-8428","product","type-product","status-publish","has-post-thumbnail","hentry","category-cnc-machining-aluminum-profile"],"meta_box":{"hilight_text_group":{"product_hilight_text":"<li>Extruded aluminum profiles offer high strength, lightweight, and corrosion resistance for industrial use.<\/li>\r\r\n<li>CNC machining ensures precise dimensions and tight tolerances, ideal for custom applications.<\/li>\r\r\n<li>Anodized surface treatment enhances the durability and aesthetic appeal of aluminum profiles.<\/li>\r\r\n<li>Improved resistance to wear, corrosion, and scratches with the anodized finish.<\/li>\r\r\n<li>Customizable profiles and finishes to meet specific project requirements in various industries.<\/li>","product_chanpin_blog":"<ul>\r\r\n<li><a href=\"https:\/\/sinoextrud.com\/t-slot-v-slot-differences\/\" target=\"_blank\">t slot vs v slot<\/a><\/li>\r\r\n<li><a href=\"https:\/\/sinoextrud.com\/what-is-4040-aluminium-extrud\/\" target=\"_blank\">4040 aluminium extrusion<\/a><\/li>\r\r\n<li><a href=\"https:\/\/sinoextrud.com\/what-is-4040-aluminium-extrud\/\" target=\"_blank\">aluminum extrusions for industrial racks<\/a><\/li>\r\r\n<li><a href=\"https:\/\/sinoextrud.com\/powder-coating-aluminium-process\/\" target=\"_blank\">powder coating aluminium<\/a><\/li>\r\r\n<li><a href=\"https:\/\/sinoextrud.com\/what-is-an-aluminium-strip-ceiling\/\" target=\"_blank\">aluminium strip ceiling<\/a><\/li>\r\r\n<li><a href=\"https:\/\/sinoextrud.com\/what-is-a-heat-sink\/\" target=\"_blank\">what is a heat sink<\/a><\/li>\r\r\n<\/ul>","product_chanpin_chanpin":"<li><a href=\"https:\/\/sinoextrud.com\/product\/aluminum-extrusion-fabrication\/\" target=\"_blank\">Aluminum Extrusion Fabrication<\/a><\/li>\r\n<li><a href=\"https:\/\/sinoextrud.com\/product\/industrial-profile-systems\/\" target=\"_blank\">Industrial Profile Systems<\/a><\/li>\r\n<li><a href=\"https:\/\/sinoextrud.com\/product\/t-slot-extruded-aluminum-framing-systems\/\" target=\"_blank\">T Slot Extruded Aluminum Framing Systems<\/a><\/li>\r\n<li><a href=\"https:\/\/sinoextrud.com\/product\/aluminum-extrusions-milling-cutting-and-assembly\/\" target=\"_blank\">Aluminum Extrusions Milling Cutting and Assembly<\/a><\/li>\r\n<li><a href=\"https:\/\/sinoextrud.com\/product\/extruded-aluminium-cnc-machining-profile-and-anodized-surface-treatment-process\/\" target=\"_blank\">Extruded Aluminium CNC Machining profile and Anodized Surface Treatment Process<\/a><\/li>\r\n<li><a href=\"https:\/\/sinoextrud.com\/product\/aluminium-precision-cnc-fabrication-milling-process-deep-processing-machining-company\/\" target=\"_blank\">Aluminium precision CNC fabrication milling process deep processing machining company<\/a><\/li>\r\n<li><a href=\"https:\/\/sinoextrud.com\/product\/aluminum-cnc\/\" target=\"_blank\">Aluminum CNC<\/a><\/li>\r\n<li><a href=\"https:\/\/sinoextrud.com\/product\/aluminium-aerofoil-extrusion-oxidation-scrub-black\/\" target=\"_blank\">Aluminium Aerofoil Extrusion Oxidation Scrub Black<\/a><\/li>\r\n<li><a href=\"https:\/\/sinoextrud.com\/product\/aluminium-extrusion-cnc\/\" target=\"_blank\">Aluminium Extrusion CNC<\/a><\/li>\r\n<li><a href=\"https:\/\/sinoextrud.com\/product\/customized-ome-aluminium-profile-extruded-with-the-anodized-black-champage-silver-white-and-blasted-treatment\/\" target=\"_blank\">Customized OME Aluminium Profile Extruded With The Anodized Black Champage Silver White And Blasted Treatment<\/a><\/li>\r\n<li><a href=\"https:\/\/sinoextrud.com\/product\/aluminium-window-extrusion-profile\/\" target=\"_blank\">Aluminium Window Extrusion Profile<\/a><\/li>"},"feature_list":[]},"_links":{"self":[{"href":"https:\/\/sinoextrud.com\/fr\/wp-json\/wp\/v2\/product\/8428","targetHints":{"allow":["GET"]}}],"collection":[{"href":"https:\/\/sinoextrud.com\/fr\/wp-json\/wp\/v2\/product"}],"about":[{"href":"https:\/\/sinoextrud.com\/fr\/wp-json\/wp\/v2\/types\/product"}],"wp:featuredmedia":[{"embeddable":true,"href":"https:\/\/sinoextrud.com\/fr\/wp-json\/wp\/v2\/media\/8427"}],"wp:attachment":[{"href":"https:\/\/sinoextrud.com\/fr\/wp-json\/wp\/v2\/media?parent=8428"}],"wp:term":[{"taxonomy":"category","embeddable":true,"href":"https:\/\/sinoextrud.com\/fr\/wp-json\/wp\/v2\/categories?post=8428"}],"curies":[{"name":"wp","href":"https:\/\/api.w.org\/{rel}","templated":true}]}}