{"id":8412,"date":"2025-06-16T02:49:27","date_gmt":"2025-06-16T02:49:27","guid":{"rendered":"https:\/\/sinoextrud.com\/product\/modular-aluminum-profiles-machine-hand-robot-hand-manipulator\/"},"modified":"2025-06-24T06:23:45","modified_gmt":"2025-06-24T06:23:45","slug":"profiles-daluminium-modulaires-machine-robot-manuel-manipulateur","status":"publish","type":"product","link":"https:\/\/sinoextrud.com\/fr\/product\/modular-aluminum-profiles-machine-hand-robot-hand-manipulator\/","title":{"rendered":"Machine modulaire \u00e0 fabriquer des profil\u00e9s en aluminium Robot \u00e0 main Manipulateur \u00e0 main"},"content":{"rendered":"<h2>D\u00e9tails des produits<\/h2>\n<table class=\"custom-table\">\n<tbody>\n<tr>\n<td> Nom du produit<\/td>\n<td> Machine modulaire pour profil\u00e9s en aluminium, robot manuel, manipulateur manuel<\/td>\n<\/tr>\n<tr>\n<td> Alliage d'aluminium<\/td>\n<td> 6063-T5, ou personnalisation<\/td>\n<\/tr>\n<tr>\n<td> Traitement de surface<\/td>\n<td> rev\u00eatement en poudre, finition en usine ou personnalisation<\/td>\n<\/tr>\n<tr>\n<td> Couleur<\/td>\n<td> blanc, or, finition en usine ou personnalisation<\/td>\n<\/tr>\n<tr>\n<td> Taille<\/td>\n<td> 1-9m, ou personnalisation<\/td>\n<\/tr>\n<tr>\n<td> Application<\/td>\n<td> Profil\u00e9s modulaires en aluminium, main de machine, main de robot, manipulateur, bras m\u00e9canique<\/td>\n<\/tr>\n<tr>\n<td> Marque<\/td>\n<td> Sinoextrud \/ Sinoextrud \/ Sinoextrud Aluminium<\/td>\n<\/tr>\n<tr>\n<td> Origine<\/td>\n<td> Foshan, Chine<\/td>\n<\/tr>\n<\/tbody>\n<\/table>\n<h2>Notre base de production<\/h2>\n<h3>Panorama de l'usine<\/h3>\n<p><img decoding=\"async\" src=\"\/wp-content\/uploads\/factory-01.webp\"\/><\/p>\n<h3>Atelier de fabrication de barres d'aluminium<\/h3>\n<p><img decoding=\"async\" src=\"\/wp-content\/uploads\/factory-02.webp\"\/><\/p>\n<p><img decoding=\"async\" src=\"\/wp-content\/uploads\/factory-03.webp\"\/><\/p>\n<h3>Entrep\u00f4t de stockage des moules<\/h3>\n<p><img decoding=\"async\" src=\"\/wp-content\/uploads\/factory-04.webp\"\/><\/p>\n<h3>43 lignes d'extrusion d'aluminium (500 \u00e0 5500 tonnes)<\/h3>\n<p><img decoding=\"async\" src=\"\/wp-content\/uploads\/factory-05.webp\"\/><\/p>\n<p><img decoding=\"async\" src=\"\/wp-content\/uploads\/factory-06.webp\"\/><\/p>\n<p><img decoding=\"async\" src=\"\/wp-content\/uploads\/factory-07.webp\"\/><\/p>\n<h3>Atelier de peinture en poudre<\/h3>\n<p><img decoding=\"async\" src=\"\/wp-content\/uploads\/factory-09.webp\"\/><\/p>\n<h3>Atelier d'anodisation<\/h3>\n<p><img decoding=\"async\" src=\"\/wp-content\/uploads\/factory-10.webp\"\/><\/p>\n<h3>Atelier sur le traitement en profondeur<\/h3>\n<p><img decoding=\"async\" src=\"\/wp-content\/uploads\/factory-11.webp\"\/><\/p>\n<h3>Atelier d'usinage de pr\u00e9cision CNC<\/h3>\n<p><img decoding=\"async\" src=\"\/wp-content\/uploads\/factory-11.5.webp\"\/><\/p>\n<h3>Entrep\u00f4t de produits finis et d'exportation<\/h3>\n<p><img decoding=\"async\" src=\"\/wp-content\/uploads\/factory-12.webp\"\/><\/p>\n<p><img decoding=\"async\" src=\"\/wp-content\/uploads\/factory-13.webp\"\/><\/p>\n<p><img decoding=\"async\" src=\"\/wp-content\/uploads\/factory-14.webp\"\/><\/p>\n<h2>FAQ<\/h2>\n<p><p><b>1) Qu'est-ce qui fait que la machine \u00e0 fabriquer des profil\u00e9s en aluminium modulaires est adapt\u00e9e \u00e0 l'automatisation ? <\/b><\/p>\n<p> Ces profil\u00e9s modulaires en aluminium sont tr\u00e8s polyvalents, personnalisables et offrent un support robuste pour les mouvements pr\u00e9cis des mains robotis\u00e9es dans les syst\u00e8mes d'automatisation.<br \/>\n<\/p><br \/>\n<br \/>\n<p><b>2. la machine modulaire de fabrication de profil\u00e9s en aluminium peut-elle \u00eatre personnalis\u00e9e pour r\u00e9pondre \u00e0 des besoins sp\u00e9cifiques ? <\/b><\/p>\n<p> Oui, ils peuvent \u00eatre adapt\u00e9s \u00e0 diff\u00e9rentes longueurs, tailles et conceptions pour s'adapter \u00e0 diverses applications robotiques, garantissant ainsi une fonctionnalit\u00e9 optimale.<br \/>\n<\/p><br \/>\n<br \/>\n<p><b>3. Quelle est la durabilit\u00e9 des profil\u00e9s modulaires en aluminium de la machine \u00e0 manipuler les mains du robot ? <\/b><\/p>\n<p> Ces profil\u00e9s sont r\u00e9sistants \u00e0 la corrosion et con\u00e7us pour des performances \u00e0 long terme, m\u00eame dans des environnements industriels difficiles.<br \/>\n<\/p><br \/>\n<br \/>\n<p><b>4) Quelles sont les industries qui b\u00e9n\u00e9ficient de la machine \u00e0 fabriquer des profil\u00e9s aluminium modulaires, du robot \u00e0 main et du manipulateur \u00e0 main ? <\/b><\/p>\n<p> Les industries telles que l'automobile, la fabrication, l'\u00e9lectronique et la logistique b\u00e9n\u00e9ficient de l'utilisation de ces profils dans les syst\u00e8mes d'automatisation et de robotique.<br \/>\n<\/p><br \/>\n<br \/>\n<p><b>5. la machine \u00e0 profil\u00e9s d'aluminium modulaire est-elle facile \u00e0 assembler ? <\/b><\/p>\n<p> Oui, la conception modulaire permet un montage rapide et des ajustements faciles, ce qui r\u00e9duit \u00e0 la fois le temps d'installation et les co\u00fbts de main-d'\u0153uvre.<br \/>\n<\/p><br \/>\n<br \/>\n<p><b>6. Comment la machine \u00e0 fabriquer des profil\u00e9s aluminium modulaires am\u00e9liore-t-elle les performances de l'automatisation ? <\/b><\/p>\n<p> Les profils l\u00e9gers mais robustes offrent stabilit\u00e9 et pr\u00e9cision, am\u00e9liorant ainsi les performances et la pr\u00e9cision des manipulateurs robotiques dans les processus de production.<br \/>\n<\/p><br \/>\n<br \/>\n<p><b>7. la machine \u00e0 fabriquer des profil\u00e9s aluminium modulaires est-elle respectueuse de l'environnement ? <\/b><\/p>\n<p> Oui, l'aluminium est enti\u00e8rement recyclable, ce qui fait de ces profil\u00e9s une option \u00e9cologique pour les applications robotiques dans le domaine de l'automatisation.<br \/>\n<\/p><br \/><\/p>","protected":false},"featured_media":8411,"template":"","categories":[54],"class_list":["post-8412","product","type-product","status-publish","has-post-thumbnail","hentry","category-industrial-aluminum-profiles"],"meta_box":{"hilight_text_group":{"product_hilight_text":"<li>Highly versatile modular aluminum profiles for machine hand robot hand manipulator systems<\/li>\r\r\n<li>Customizable designs to meet specific automation and robotic application needs<\/li>\r\r\n<li>Lightweight yet strong, providing excellent support without compromising durability<\/li>\r\r\n<li>Easy to assemble and disassemble, reducing setup time and improving flexibility<\/li>\r\r\n<li>Corrosion-resistant, ensuring long-lasting performance in various environments<\/li>\r\r\n<li>Efficient for precise, high-performance automation in manufacturing and assembly lines<\/li>\r\r\n<li>Eco-friendly, as aluminum is a fully recyclable material<\/li>","product_chanpin_blog":"<ul>\r\r\n<li><a href=\"https:\/\/sinoextrud.com\/t-slot-v-slot-differences\/\" target=\"_blank\">t slot vs v slot<\/a><\/li>\r\r\n<li><a href=\"https:\/\/sinoextrud.com\/what-is-4040-aluminium-extrud\/\" target=\"_blank\">4040 aluminium extrusion<\/a><\/li>\r\r\n<li><a href=\"https:\/\/sinoextrud.com\/what-is-4040-aluminium-extrud\/\" target=\"_blank\">aluminum extrusions for industrial racks<\/a><\/li>\r\r\n<li><a href=\"https:\/\/sinoextrud.com\/powder-coating-aluminium-process\/\" target=\"_blank\">powder coating aluminium<\/a><\/li>\r\r\n<li><a href=\"https:\/\/sinoextrud.com\/what-is-an-aluminium-strip-ceiling\/\" target=\"_blank\">aluminium strip ceiling<\/a><\/li>\r\r\n<li><a href=\"https:\/\/sinoextrud.com\/what-is-a-heat-sink\/\" target=\"_blank\">what is a heat sink<\/a><\/li>\r\r\n<\/ul>","product_chanpin_chanpin":"<li><a href=\"https:\/\/sinoextrud.com\/product\/industrial-aluminum-extrusion\/\" target=\"_blank\">Industrial Aluminum Extrusion<\/a><\/li>\r\n<li><a href=\"https:\/\/sinoextrud.com\/product\/round-extruded-aluminum\/\" target=\"_blank\">Round Extruded Aluminum<\/a><\/li>\r\n<li><a href=\"https:\/\/sinoextrud.com\/product\/aluminium-lightbox-extrusion\/\" target=\"_blank\">Aluminium Lightbox Extrusion<\/a><\/li>\r\n<li><a href=\"https:\/\/sinoextrud.com\/product\/extruded-aluminum-t-track\/\" target=\"_blank\">Extruded Aluminum T Track<\/a><\/li>\r\n<li><a href=\"https:\/\/sinoextrud.com\/product\/modular-aluminum-profiles-machine-hand-robot-hand-manipulator\/\" target=\"_blank\">Modular Aluminum Profiles Machine Hand Robot Hand Manipulator<\/a><\/li>\r\n<li><a href=\"https:\/\/sinoextrud.com\/product\/slotted-aluminium-extrusion\/\" target=\"_blank\">Slotted Aluminium Extrusion<\/a><\/li>\r\n<li><a href=\"https:\/\/sinoextrud.com\/product\/aluminum-extrusion-fabrication\/\" target=\"_blank\">Aluminum Extrusion Fabrication<\/a><\/li>\r\n<li><a href=\"https:\/\/sinoextrud.com\/product\/industrial-profile-systems\/\" target=\"_blank\">Industrial Profile Systems<\/a><\/li>\r\n<li><a href=\"https:\/\/sinoextrud.com\/product\/t-slot-extruded-aluminum-framing-systems\/\" target=\"_blank\">T Slot Extruded Aluminum Framing Systems<\/a><\/li>\r\n<li><a href=\"https:\/\/sinoextrud.com\/product\/architectural-aluminum-extrusion-profiles\/\" target=\"_blank\">Architectural Aluminum Extrusion Profiles<\/a><\/li>\r\n<li><a href=\"https:\/\/sinoextrud.com\/product\/6463-brightness-polished-shower-room-u-channel-aluminum-profile\/\" target=\"_blank\">6463 Brightness Polished Shower Room U Channel Aluminum Profile<\/a><\/li>"},"feature_list":[]},"_links":{"self":[{"href":"https:\/\/sinoextrud.com\/fr\/wp-json\/wp\/v2\/product\/8412","targetHints":{"allow":["GET"]}}],"collection":[{"href":"https:\/\/sinoextrud.com\/fr\/wp-json\/wp\/v2\/product"}],"about":[{"href":"https:\/\/sinoextrud.com\/fr\/wp-json\/wp\/v2\/types\/product"}],"wp:featuredmedia":[{"embeddable":true,"href":"https:\/\/sinoextrud.com\/fr\/wp-json\/wp\/v2\/media\/8411"}],"wp:attachment":[{"href":"https:\/\/sinoextrud.com\/fr\/wp-json\/wp\/v2\/media?parent=8412"}],"wp:term":[{"taxonomy":"category","embeddable":true,"href":"https:\/\/sinoextrud.com\/fr\/wp-json\/wp\/v2\/categories?post=8412"}],"curies":[{"name":"wp","href":"https:\/\/api.w.org\/{rel}","templated":true}]}}