{"id":8408,"date":"2025-06-16T02:38:58","date_gmt":"2025-06-16T02:38:58","guid":{"rendered":"https:\/\/sinoextrud.com\/product\/aluminium-lightbox-extrusion\/"},"modified":"2025-06-24T06:23:46","modified_gmt":"2025-06-24T06:23:46","slug":"extrusion-de-caisson-lumineux-en-aluminium","status":"publish","type":"product","link":"https:\/\/sinoextrud.com\/fr\/product\/aluminium-lightbox-extrusion\/","title":{"rendered":"Extrusion de caisson lumineux en aluminium"},"content":{"rendered":"<h2>D\u00e9tails des produits<\/h2>\n<table class=\"custom-table\">\n<tbody>\n<tr>\n<td> Mod\u00e8le NO.<\/td>\n<td> Extrusion de caisson lumineux en aluminium<\/td>\n<td> Finition de surface<\/td>\n<td> Pulv\u00e9risation de poudre<\/td>\n<\/tr>\n<tr>\n<td> Ingr\u00e9dient d'alliage<\/td>\n<td> 6063<\/td>\n<td> Certification<\/td>\n<td> CE, SONCAP, ISO, CIQ, RoHS, TUV<\/td>\n<\/tr>\n<tr>\n<td> Profil\u00e9 en aluminium poli<\/td>\n<td> Polissage m\u00e9canique<\/td>\n<td> Mat\u00e9riau<\/td>\n<td> 6063-T5, 6061-T6, 6463-T5, 7075-T6, 6082<\/td>\n<\/tr>\n<tr>\n<td> Objectif<\/td>\n<td> Meubles, fen\u00eatres et portes, d\u00e9corations, industrie<\/td>\n<td> MOQ<\/td>\n<td> 200KG pour chaque profil<\/td>\n<\/tr>\n<tr>\n<td> Service OEM<\/td>\n<td> Sur la base de dessins ou d'\u00e9chantillons con\u00e7us par le client<\/td>\n<td> Traitement de surface<\/td>\n<td> Anodisation \/ \u00e9lectrophor\u00e8se \/ rev\u00eatement par poudre, etc.<\/td>\n<\/tr>\n<tr>\n<td> Traitement en profondeur<\/td>\n<td> Poin\u00e7onnage, per\u00e7age, taraudage, cintrage<\/td>\n<td> D\u00e9lai de livraison<\/td>\n<td> 25-30 jours apr\u00e8s confirmation de l'\u00e9chantillon par l'acheteur<\/td>\n<\/tr>\n<tr>\n<td> Dur\u00e9e du r\u00e8glement<\/td>\n<td> Le paiement final sera bas\u00e9 sur le prix r\u00e9el final.<\/td>\n<td> Garantie de production<\/td>\n<td> La couleur de surface peut \u00eatre maintenue pendant 10 \u00e0 20 ans<\/td>\n<\/tr>\n<tr>\n<td> Port<\/td>\n<td> Fob Shenzhen, Guangzhou, Foshan<\/td>\n<td> Marque d\u00e9pos\u00e9e<\/td>\n<td> Sinoextrud &amp; Sinoextrud<\/td>\n<\/tr>\n<tr>\n<td> Paquet de transport<\/td>\n<td> Normal ou personnalis\u00e9<\/td>\n<td> Sp\u00e9cifications<\/td>\n<td> Selon les besoins du client<\/td>\n<\/tr>\n<\/tbody>\n<\/table>\n<h2>Notre base de production<\/h2>\n<h3>Panorama de l'usine<\/h3>\n<p><img decoding=\"async\" src=\"\/wp-content\/uploads\/factory-01.webp\"\/><\/p>\n<h3>Atelier de fabrication de barres d'aluminium<\/h3>\n<p><img decoding=\"async\" src=\"\/wp-content\/uploads\/factory-02.webp\"\/><\/p>\n<p><img decoding=\"async\" src=\"\/wp-content\/uploads\/factory-03.webp\"\/><\/p>\n<h3>Entrep\u00f4t de stockage des moules<\/h3>\n<p><img decoding=\"async\" src=\"\/wp-content\/uploads\/factory-04.webp\"\/><\/p>\n<h3>43 lignes d'extrusion d'aluminium (500 \u00e0 5500 tonnes)<\/h3>\n<p><img decoding=\"async\" src=\"\/wp-content\/uploads\/factory-05.webp\"\/><\/p>\n<p><img decoding=\"async\" src=\"\/wp-content\/uploads\/factory-06.webp\"\/><\/p>\n<p><img decoding=\"async\" src=\"\/wp-content\/uploads\/factory-07.webp\"\/><\/p>\n<h3>Atelier de peinture en poudre<\/h3>\n<p><img decoding=\"async\" src=\"\/wp-content\/uploads\/factory-09.webp\"\/><\/p>\n<h3>Atelier d'anodisation<\/h3>\n<p><img decoding=\"async\" src=\"\/wp-content\/uploads\/factory-10.webp\"\/><\/p>\n<h3>Atelier sur le traitement en profondeur<\/h3>\n<p><img decoding=\"async\" src=\"\/wp-content\/uploads\/factory-11.webp\"\/><\/p>\n<h3>Atelier d'usinage de pr\u00e9cision CNC<\/h3>\n<p><img decoding=\"async\" src=\"\/wp-content\/uploads\/factory-11.5.webp\"\/><\/p>\n<h3>Entrep\u00f4t de produits finis et d'exportation<\/h3>\n<p><img decoding=\"async\" src=\"\/wp-content\/uploads\/factory-12.webp\"\/><\/p>\n<p><img decoding=\"async\" src=\"\/wp-content\/uploads\/factory-13.webp\"\/><\/p>\n<p><img decoding=\"async\" src=\"\/wp-content\/uploads\/factory-14.webp\"\/><\/p>\n<h2>FAQ<\/h2>\n<p><p><b>1) Quels sont les avantages de l'extrusion de caissons lumineux en aluminium ?<\/b><\/p>\n<p>L'extrusion de caisson lumineux en aluminium offre durabilit\u00e9, l\u00e9g\u00e8ret\u00e9, r\u00e9partition efficace de la lumi\u00e8re et r\u00e9sistance \u00e0 la corrosion, ce qui en fait un produit id\u00e9al pour les applications professionnelles de caisson lumineux.<br \/>\n<\/p><br \/>\n<br \/>\n<p><b>2) Comment l'extrusion pour caisson lumineux en aluminium am\u00e9liore-t-elle les performances du caisson lumineux ?<\/b><\/p>\n<p>Sa conception est optimis\u00e9e pour une distribution efficace de la lumi\u00e8re, garantissant un \u00e9clairage uniforme dans le caisson lumineux pour de meilleurs r\u00e9sultats visuels.<br \/>\n<\/p><br \/>\n<br \/>\n<p><b>3. l'extrusion de caisson lumineux en aluminium est-elle r\u00e9sistante \u00e0 la corrosion ?<\/b><\/p>\n<p>Oui, l'aluminium est r\u00e9sistant \u00e0 la corrosion, ce qui permet au caisson lumineux de conserver ses performances et son aspect dans divers environnements.<br \/>\n<\/p><br \/>\n<br \/>\n<p><b>4) L'extrusion de caisson lumineux en aluminium peut-elle \u00eatre adapt\u00e9e \u00e0 diff\u00e9rentes tailles de caisson lumineux ?<\/b><\/p>\n<p>Oui, il est hautement personnalisable, ce qui vous permet de cr\u00e9er des bo\u00eetes lumineuses de diff\u00e9rentes tailles et configurations pour r\u00e9pondre \u00e0 vos besoins sp\u00e9cifiques.<br \/>\n<\/p><br \/>\n<br \/>\n<p><b>5. Quel est le rapport co\u00fbt-efficacit\u00e9 de l'extrusion de caissons lumineux en aluminium ?<\/b><\/p>\n<p>Elle offre une solution rentable en fournissant des mat\u00e9riaux durables de haute qualit\u00e9 \u00e0 un prix abordable, avec des co\u00fbts d'entretien minimes au fil du temps.<br \/>\n<\/p><br \/>\n<br \/>\n<p><b>6) Quelles sont les industries qui utilisent les extrusions pour caissons lumineux en aluminium ?<\/b><\/p>\n<p>Ils sont couramment utilis\u00e9s dans les secteurs de la vente au d\u00e9tail, de la publicit\u00e9 et de la signalisation pour cr\u00e9er des caissons lumineux professionnels et attrayants.<br \/>\n<\/p><br \/>\n<br \/>\n<p><b>7. pourquoi l'aluminium est-il le mat\u00e9riau de choix pour les extrusions de caissons lumineux ?<\/b><\/p>\n<p>L'aluminium est choisi pour sa l\u00e9g\u00e8ret\u00e9, sa durabilit\u00e9 et sa r\u00e9sistance \u00e0 la corrosion, ce qui en fait le mat\u00e9riau id\u00e9al pour construire des caissons lumineux durables et efficaces.<br \/>\n<\/p><br \/><\/p>","protected":false},"featured_media":8407,"template":"","categories":[54],"class_list":["post-8408","product","type-product","status-publish","has-post-thumbnail","hentry","category-industrial-aluminum-profiles"],"meta_box":{"hilight_text_group":{"product_hilight_text":"<li>Durable aluminum construction, offering strength and lightweight properties for easy handling.<\/li>\r\r\n<li>Designed for efficient light distribution, making it perfect for lightbox applications.<\/li>\r\r\n<li>Corrosion-resistant surface, ensuring long-lasting performance in various environmental conditions.<\/li>\r\r\n<li>Customizable design to fit a wide range of lightbox sizes and configurations.<\/li>\r\r\n<li>Cost-effective solution for creating professional-grade lightboxes with minimal maintenance.<\/li>","product_chanpin_blog":"<ul>\r\r\n<li><a href=\"https:\/\/sinoextrud.com\/t-slot-v-slot-differences\/\" target=\"_blank\">t slot vs v slot<\/a><\/li>\r\r\n<li><a href=\"https:\/\/sinoextrud.com\/what-is-4040-aluminium-extrud\/\" target=\"_blank\">4040 aluminium extrusion<\/a><\/li>\r\r\n<li><a href=\"https:\/\/sinoextrud.com\/what-is-4040-aluminium-extrud\/\" target=\"_blank\">aluminum extrusions for industrial racks<\/a><\/li>\r\r\n<li><a href=\"https:\/\/sinoextrud.com\/powder-coating-aluminium-process\/\" target=\"_blank\">powder coating aluminium<\/a><\/li>\r\r\n<li><a href=\"https:\/\/sinoextrud.com\/what-is-an-aluminium-strip-ceiling\/\" target=\"_blank\">aluminium strip ceiling<\/a><\/li>\r\r\n<li><a href=\"https:\/\/sinoextrud.com\/what-is-a-heat-sink\/\" target=\"_blank\">what is a heat sink<\/a><\/li>\r\r\n<\/ul>","product_chanpin_chanpin":"<li><a href=\"https:\/\/sinoextrud.com\/product\/c-beam-aluminum-extrusion\/\" target=\"_blank\">C Beam Aluminum Extrusion<\/a><\/li>\r\n<li><a href=\"https:\/\/sinoextrud.com\/product\/extruded-aluminum-t-slot-channel\/\" target=\"_blank\">Extruded Aluminum T Slot Channel<\/a><\/li>\r\n<li><a href=\"https:\/\/sinoextrud.com\/product\/industrial-aluminum-extrusion\/\" target=\"_blank\">Industrial Aluminum Extrusion<\/a><\/li>\r\n<li><a href=\"https:\/\/sinoextrud.com\/product\/round-extruded-aluminum\/\" target=\"_blank\">Round Extruded Aluminum<\/a><\/li>\r\n<li><a href=\"https:\/\/sinoextrud.com\/product\/aluminium-lightbox-extrusion\/\" target=\"_blank\">Aluminium Lightbox Extrusion<\/a><\/li>\r\n<li><a href=\"https:\/\/sinoextrud.com\/product\/extruded-aluminum-t-track\/\" target=\"_blank\">Extruded Aluminum T Track<\/a><\/li>\r\n<li><a href=\"https:\/\/sinoextrud.com\/product\/modular-aluminum-profiles-machine-hand-robot-hand-manipulator\/\" target=\"_blank\">Modular Aluminum Profiles Machine Hand Robot Hand Manipulator<\/a><\/li>\r\n<li><a href=\"https:\/\/sinoextrud.com\/product\/slotted-aluminium-extrusion\/\" target=\"_blank\">Slotted Aluminium Extrusion<\/a><\/li>\r\n<li><a href=\"https:\/\/sinoextrud.com\/product\/aluminum-extrusion-fabrication\/\" target=\"_blank\">Aluminum Extrusion Fabrication<\/a><\/li>\r\n<li><a href=\"https:\/\/sinoextrud.com\/product\/aluminum-extrusion-aluminum-framing-profiles-for-sunroom\/\" target=\"_blank\">Aluminum Extrusion Aluminum Framing Profiles For Sunroom<\/a><\/li>\r\n<li><a href=\"https:\/\/sinoextrud.com\/product\/aluminum-u-profile-glass-railing\/\" target=\"_blank\">Aluminum U profile Glass Railing<\/a><\/li>"},"feature_list":[]},"_links":{"self":[{"href":"https:\/\/sinoextrud.com\/fr\/wp-json\/wp\/v2\/product\/8408","targetHints":{"allow":["GET"]}}],"collection":[{"href":"https:\/\/sinoextrud.com\/fr\/wp-json\/wp\/v2\/product"}],"about":[{"href":"https:\/\/sinoextrud.com\/fr\/wp-json\/wp\/v2\/types\/product"}],"wp:featuredmedia":[{"embeddable":true,"href":"https:\/\/sinoextrud.com\/fr\/wp-json\/wp\/v2\/media\/8407"}],"wp:attachment":[{"href":"https:\/\/sinoextrud.com\/fr\/wp-json\/wp\/v2\/media?parent=8408"}],"wp:term":[{"taxonomy":"category","embeddable":true,"href":"https:\/\/sinoextrud.com\/fr\/wp-json\/wp\/v2\/categories?post=8408"}],"curies":[{"name":"wp","href":"https:\/\/api.w.org\/{rel}","templated":true}]}}