{"id":8396,"date":"2025-06-16T01:50:39","date_gmt":"2025-06-16T01:50:39","guid":{"rendered":"https:\/\/sinoextrud.com\/product\/aluminum-frame-extrusion-profiles\/"},"modified":"2025-06-24T06:23:42","modified_gmt":"2025-06-24T06:23:42","slug":"profils-dextrusion-de-cadres-en-aluminium","status":"publish","type":"product","link":"https:\/\/sinoextrud.com\/fr\/product\/aluminum-frame-extrusion-profiles\/","title":{"rendered":"Profil\u00e9s d'extrusion de cadres en aluminium"},"content":{"rendered":"<h2>D\u00e9tails des produits<\/h2>\n<table class=\"custom-table\">\n<tbody>\n<tr>\n<td> <\/td>\n<td>Profil\u00e9s d'extrusion de cadres en aluminium<\/td>\n<\/tr>\n<tr>\n<td>Mat\u00e9riau<\/td>\n<td>6063 ou 6061<\/td>\n<\/tr>\n<tr>\n<td>Temp\u00e9rer<\/td>\n<td>T3-T8<\/td>\n<\/tr>\n<tr>\n<td>\u00c9paisseur<\/td>\n<td>0,7mm-10mm, ou autre \u00e9paisseur sur mesure<\/td>\n<\/tr>\n<tr>\n<td>S\u00e9rie existante<\/td>\n<td>20*30 20*35 25*30 25*45 30*35 35*40 etc.<\/td>\n<\/tr>\n<tr>\n<td>Couleur<\/td>\n<td>Selon les besoins du client<\/td>\n<\/tr>\n<tr>\n<td>Longueur<\/td>\n<td>Longueur standard 1-9M, longueur sp\u00e9ciale n\u00e9gociable<\/td>\n<\/tr>\n<tr>\n<td>Candidatures<\/td>\n<td>Panneau solaire<\/td>\n<\/tr>\n<tr>\n<td>Marque d\u00e9pos\u00e9e<\/td>\n<td>Sinoextrud ou OEM<\/td>\n<\/tr>\n<tr>\n<td>Processus en profondeur<\/td>\n<td>Prise en charge du fraisage, du poin\u00e7onnage, du per\u00e7age, du taraudage et du cintrage CNC<\/td>\n<\/tr>\n<tr>\n<td>MOQ<\/td>\n<td>200Kg en fonction de la surface finie<\/td>\n<\/tr>\n<tr>\n<td>Traitement de surface<\/td>\n<td>Finition en usine, grain de bois, anodisation, rev\u00eatement en poudre, \u00e9lectrophor\u00e8se, rev\u00eatement PVDF, bross\u00e9, etc.<\/td>\n<\/tr>\n<tr>\n<td>Certifications<\/td>\n<td>ISO9001, ISO4001, CQM, SGS, CE, BV, etc.<\/td>\n<\/tr>\n<tr>\n<td>Lieu d'origine<\/td>\n<td>Guangdong, Chine<\/td>\n<\/tr>\n<\/tbody>\n<\/table>\n<h2>Notre base de production<\/h2>\n<h3>Panorama de l'usine<\/h3>\n<p><img decoding=\"async\" src=\"\/wp-content\/uploads\/factory-01.webp\"\/><\/p>\n<h3>Atelier de fabrication de barres d'aluminium<\/h3>\n<p><img decoding=\"async\" src=\"\/wp-content\/uploads\/factory-02.webp\"\/><\/p>\n<\/p>\n<p><img decoding=\"async\" src=\"\/wp-content\/uploads\/factory-03.webp\"\/><\/p>\n<h3>Entrep\u00f4t de stockage des moules<\/h3>\n<p><img decoding=\"async\" src=\"\/wp-content\/uploads\/factory-04.webp\"\/><\/p>\n<h3>43 lignes d'extrusion d'aluminium (500 \u00e0 5500 tonnes)<\/h3>\n<p><img decoding=\"async\" src=\"\/wp-content\/uploads\/factory-05.webp\"\/><\/p>\n<p><img decoding=\"async\" src=\"\/wp-content\/uploads\/factory-06.webp\"\/><\/p>\n<p><img decoding=\"async\" src=\"\/wp-content\/uploads\/factory-07.webp\"\/><\/p>\n<h3>Atelier de peinture en poudre<\/h3>\n<p><img decoding=\"async\" src=\"\/wp-content\/uploads\/factory-09.webp\"\/><\/p>\n<h3>Atelier d'anodisation<\/h3>\n<p><img decoding=\"async\" src=\"\/wp-content\/uploads\/factory-10.webp\"\/><\/p>\n<h3>Atelier sur le traitement en profondeur<\/h3>\n<p><img decoding=\"async\" src=\"\/wp-content\/uploads\/factory-11.webp\"\/><\/p>\n<h3>Atelier d'usinage de pr\u00e9cision CNC<\/h3>\n<p><img decoding=\"async\" src=\"\/wp-content\/uploads\/factory-11.5.webp\"\/><\/p>\n<h3>Entrep\u00f4t de produits finis et d'exportation<\/h3>\n<p><img decoding=\"async\" src=\"\/wp-content\/uploads\/factory-12.webp\"\/><\/p>\n<p><img decoding=\"async\" src=\"\/wp-content\/uploads\/factory-13.webp\"\/><\/p>\n<p><img decoding=\"async\" src=\"\/wp-content\/uploads\/factory-14.webp\"\/><\/p>\n<h2>FAQ<\/h2>\n<p><b>1. \u00e0 quoi servent les profil\u00e9s d'extrusion de cadres en aluminium ? <\/b><\/p>\n<p> Les profil\u00e9s d'extrusion de cadres en aluminium sont utilis\u00e9s dans les cadres de construction, les structures de machines et les enceintes en raison de leur r\u00e9sistance, de leur l\u00e9g\u00e8ret\u00e9 et de leur polyvalence.\n<\/p>\n<p><\/p>\n<p><b>2) Pourquoi l'aluminium est-il id\u00e9al pour les extrusions de cadres ? <\/b><\/p>\n<p> L'aluminium est solide, l\u00e9ger et r\u00e9sistant \u00e0 la corrosion, ce qui le rend id\u00e9al pour cr\u00e9er des structures durables et adaptables \u00e0 diverses applications.\n<\/p>\n<p><\/p>\n<p><b>3. les extrusions de cadres en aluminium peuvent-elles \u00eatre personnalis\u00e9es ? <\/b><\/p>\n<p> Oui, nous proposons des profils, des longueurs et des finitions sur mesure pour r\u00e9pondre \u00e0 des besoins sp\u00e9cifiques en mati\u00e8re d'encadrement, d'assemblage et de structure.\n<\/p>\n<p><\/p>\n<p><b>4. Quelle est la diff\u00e9rence entre les profil\u00e9s d'aluminium et les profil\u00e9s d'acier ? <\/b><\/p>\n<p> L'aluminium est plus l\u00e9ger que l'acier, ce qui r\u00e9duit les co\u00fbts de transport et de manutention, tout en offrant un support solide pour la plupart des applications.\n<\/p>\n<p><\/p>\n<p><b>5. ces cadres en aluminium conviennent-ils pour une utilisation en ext\u00e9rieur ? <\/b><\/p>\n<p> En effet, les propri\u00e9t\u00e9s de r\u00e9sistance \u00e0 la corrosion de l'aluminium font de ces extrusions des produits id\u00e9aux pour les conditions ext\u00e9rieures et environnementales difficiles.\n<\/p>\n<p><\/p>\n<p><b>6. Quels sont les secteurs d'activit\u00e9 qui utilisent le plus souvent des profil\u00e9s en aluminium ? <\/b><\/p>\n<p> Les industries courantes comprennent la construction, l'automobile, l'\u00e9lectronique et l'ameublement, o\u00f9 la r\u00e9sistance, la personnalisation et les \u00e9conomies de poids sont importantes.\n<\/p>\n<p><\/p>\n<p><b>7. Comment les profil\u00e9s en aluminium sont-ils assembl\u00e9s ? <\/b><\/p>\n<p> Les cadres extrud\u00e9s en aluminium peuvent \u00eatre facilement assembl\u00e9s \u00e0 l'aide de connecteurs, d'attaches et de supports, ce qui constitue un syst\u00e8me de construction flexible et efficace.\n<\/p>\n<p><\/p>","protected":false},"featured_media":8395,"template":"","categories":[54],"class_list":["post-8396","product","type-product","status-publish","has-post-thumbnail","hentry","category-industrial-aluminum-profiles"],"meta_box":{"hilight_text_group":{"product_hilight_text":"<li>High-strength aluminum ensures robust and durable frame structures for various applications.<\/li>\r\r\n<li>Lightweight design provides ease of handling and reduces transportation costs.<\/li>\r\r\n<li>Corrosion-resistant, ideal for both indoor and outdoor environments.<\/li>\r\r\n<li>Customizable profiles and sizes for flexible framing solutions in diverse industries.<\/li>\r\r\n<li>Efficiently machined to exact dimensions, ensuring easy assembly and alignment.<\/li>\r\r\n<li>Ideal for use in construction, automotive, and electronics industries.<\/li>\r\r\n<li>Cost-effective for large-scale production and long-term use.<\/li>","product_chanpin_blog":"<ul>\r\r\n<li><a href=\"https:\/\/sinoextrud.com\/t-slot-v-slot-differences\/\" target=\"_blank\">t slot vs v slot<\/a><\/li>\r\r\n<li><a href=\"https:\/\/sinoextrud.com\/what-is-4040-aluminium-extrud\/\" target=\"_blank\">4040 aluminium extrusion<\/a><\/li>\r\r\n<li><a href=\"https:\/\/sinoextrud.com\/what-is-4040-aluminium-extrud\/\" target=\"_blank\">aluminum extrusions for industrial racks<\/a><\/li>\r\r\n<li><a href=\"https:\/\/sinoextrud.com\/powder-coating-aluminium-process\/\" target=\"_blank\">powder coating aluminium<\/a><\/li>\r\r\n<li><a href=\"https:\/\/sinoextrud.com\/what-is-an-aluminium-strip-ceiling\/\" target=\"_blank\">aluminium strip ceiling<\/a><\/li>\r\r\n<li><a href=\"https:\/\/sinoextrud.com\/what-is-a-heat-sink\/\" target=\"_blank\">what is a heat sink<\/a><\/li>\r\r\n<\/ul>","product_chanpin_chanpin":"<li><a href=\"https:\/\/sinoextrud.com\/product\/special-aluminium-profiles-heat-sink-aluminum\/\" target=\"_blank\">Special Aluminium Profiles Heat Sink Aluminum<\/a><\/li>\r\n<li><a href=\"https:\/\/sinoextrud.com\/product\/t-slot-aluminium-profile\/\" target=\"_blank\">T Slot Aluminium Profile<\/a><\/li>\r\n<li><a href=\"https:\/\/sinoextrud.com\/product\/aluminum-boat-extrusions-6082\/\" target=\"_blank\">Aluminum Boat Extrusions 6082<\/a><\/li>\r\n<li><a href=\"https:\/\/sinoextrud.com\/product\/aluminum-car-pedal-anodized-silver\/\" target=\"_blank\">Aluminum Car Pedal Anodized Silver<\/a><\/li>\r\n<li><a href=\"https:\/\/sinoextrud.com\/product\/aluminum-frame-extrusion-profiles\/\" target=\"_blank\">Aluminum Frame Extrusion Profiles<\/a><\/li>\r\n<li><a href=\"https:\/\/sinoextrud.com\/product\/aluminum-t-slot-channel\/\" target=\"_blank\">Aluminum T Slot Channel<\/a><\/li>\r\n<li><a href=\"https:\/\/sinoextrud.com\/product\/c-beam-aluminum-extrusion\/\" target=\"_blank\">C Beam Aluminum Extrusion<\/a><\/li>\r\n<li><a href=\"https:\/\/sinoextrud.com\/product\/extruded-aluminum-t-slot-channel\/\" target=\"_blank\">Extruded Aluminum T Slot Channel<\/a><\/li>\r\n<li><a href=\"https:\/\/sinoextrud.com\/product\/industrial-aluminum-extrusion\/\" target=\"_blank\">Industrial Aluminum Extrusion<\/a><\/li>\r\n<li><a href=\"https:\/\/sinoextrud.com\/product\/eco-friendly-water-borne-fluorocarbon-spraying-decorative-aluminum-profile-for-outdoor-project\/\" target=\"_blank\">ECO-Friendly Water-borne Fluorocarbon Spraying Decorative Aluminum Profile For Outdoor Project<\/a><\/li>\r\n<li><a href=\"https:\/\/sinoextrud.com\/product\/double-angle-aluminum-extrusion\/\" target=\"_blank\">Double Angle Aluminum Extrusion<\/a><\/li>"},"feature_list":[]},"_links":{"self":[{"href":"https:\/\/sinoextrud.com\/fr\/wp-json\/wp\/v2\/product\/8396","targetHints":{"allow":["GET"]}}],"collection":[{"href":"https:\/\/sinoextrud.com\/fr\/wp-json\/wp\/v2\/product"}],"about":[{"href":"https:\/\/sinoextrud.com\/fr\/wp-json\/wp\/v2\/types\/product"}],"wp:featuredmedia":[{"embeddable":true,"href":"https:\/\/sinoextrud.com\/fr\/wp-json\/wp\/v2\/media\/8395"}],"wp:attachment":[{"href":"https:\/\/sinoextrud.com\/fr\/wp-json\/wp\/v2\/media?parent=8396"}],"wp:term":[{"taxonomy":"category","embeddable":true,"href":"https:\/\/sinoextrud.com\/fr\/wp-json\/wp\/v2\/categories?post=8396"}],"curies":[{"name":"wp","href":"https:\/\/api.w.org\/{rel}","templated":true}]}}