{"id":8383,"date":"2025-06-16T01:40:07","date_gmt":"2025-06-16T01:40:07","guid":{"rendered":"https:\/\/sinoextrud.com\/product\/the-hinges-of-aluminium-clean-room\/"},"modified":"2025-06-24T06:23:40","modified_gmt":"2025-06-24T06:23:40","slug":"les-charnieres-de-la-salle-blanche-en-aluminium","status":"publish","type":"product","link":"https:\/\/sinoextrud.com\/fr\/product\/the-hinges-of-aluminium-clean-room\/","title":{"rendered":"Les charni\u00e8res de la salle blanche en aluminium"},"content":{"rendered":"<h2>D\u00e9tails des produits<\/h2>\n<table class=\"custom-table\">\n<tr>\n<td class=\"label\">Profil\u00e9s en aluminium<\/td>\n<td>Mat\u00e9riau : alliage d'aluminium 6063-T5<br \/>\nTraitement de surface : rev\u00eatement en poudre, anodisation, etc.<br \/>\nCouleur : personnalis\u00e9e<br \/>\n\u00c9paisseur : 1,0 mm\/1,2 mm\/1,4 mm\/2,0 mm<\/td>\n<\/tr>\n<tr>\n<td class=\"label\">Verre<\/td>\n<td>Mat\u00e9riau : Profil\u00e9 en aluminium pour salle blanche\uff0cles charni\u00e8res en aluminium pour salle blanche<br \/>\nCouleur:transparent\/gris\/vert\/givr\u00e9<br \/>\nThickness:insulatingglass5+9A+56+12A+6<br \/>\nSimple:3mm\u00e012mm<br \/>\nTriple : 5+6A+5+6A+5<\/td>\n<\/tr>\n<tr>\n<td class=\"label\">Scellement<\/td>\n<td>Caoutchouc<\/td>\n<\/tr>\n<tr>\n<td class=\"label\">Mat\u00e9riel<\/td>\n<td>personnalis\u00e9<\/td>\n<\/tr>\n<tr>\n<td class=\"label\">Paquet<\/td>\n<td>1) film, papier kraft<br \/>\n2) caisse en bois<br \/>\n3)sur mesure<\/td>\n<\/tr>\n<\/table>\n<h2>Notre base de production<\/h2>\n<h3>Panorama de l'usine<\/h3>\n<p><img decoding=\"async\" src=\"\/wp-content\/uploads\/factory-01.webp\"\/><\/p>\n<h3>Atelier de fabrication de barres d'aluminium<\/h3>\n<p><img decoding=\"async\" src=\"\/wp-content\/uploads\/factory-02.webp\"\/><\/p>\n<\/p>\n<p><img decoding=\"async\" src=\"\/wp-content\/uploads\/factory-03.webp\"\/><\/p>\n<h3>Entrep\u00f4t de stockage des moules<\/h3>\n<p><img decoding=\"async\" src=\"\/wp-content\/uploads\/factory-04.webp\"\/><\/p>\n<h3>43 lignes d'extrusion d'aluminium (500-5500 tonnes)<\/h3>\n<p><img decoding=\"async\" src=\"\/wp-content\/uploads\/factory-05.webp\"\/><\/p>\n<p><img decoding=\"async\" src=\"\/wp-content\/uploads\/factory-06.webp\"\/><\/p>\n<p><img decoding=\"async\" src=\"\/wp-content\/uploads\/factory-07.webp\"\/><\/p>\n<h3>Atelier de peinture en poudre<\/h3>\n<p><img decoding=\"async\" src=\"\/wp-content\/uploads\/factory-09.webp\"\/><\/p>\n<h3>Atelier d'anodisation<\/h3>\n<p><img decoding=\"async\" src=\"\/wp-content\/uploads\/factory-10.webp\"\/><\/p>\n<h3>Atelier sur le traitement en profondeur<\/h3>\n<p><img decoding=\"async\" src=\"\/wp-content\/uploads\/factory-11.webp\"\/><\/p>\n<h3>Atelier d'usinage de pr\u00e9cision CNC<\/h3>\n<p><img decoding=\"async\" src=\"\/wp-content\/uploads\/factory-11.5.webp\"\/><\/p>\n<h3>Entrep\u00f4t de produits finis et d'exportation<\/h3>\n<p><img decoding=\"async\" src=\"\/wp-content\/uploads\/factory-12.webp\"\/><\/p>\n<p><img decoding=\"async\" src=\"\/wp-content\/uploads\/factory-13.webp\"\/><\/p>\n<p><img decoding=\"async\" src=\"\/wp-content\/uploads\/factory-14.webp\"\/><\/p>\n<h2>FAQ<\/h2>\n<p><b>1) Quels sont les avantages des charni\u00e8res en aluminium pour les salles blanches ?<\/b><\/p>\n<p>Les charni\u00e8res en aluminium sont solides, r\u00e9sistantes \u00e0 la corrosion et durables, ce qui les rend id\u00e9ales pour maintenir l'hygi\u00e8ne et la fiabilit\u00e9 dans les salles blanches.\n<\/p>\n<p><\/p>\n<p><b>2) Pourquoi la r\u00e9sistance \u00e0 la corrosion est-elle importante pour les charni\u00e8res des salles blanches ?<\/b><\/p>\n<p>La r\u00e9sistance \u00e0 la corrosion garantit que les charni\u00e8res restent fonctionnelles et propres sans se d\u00e9grader au fil du temps, ce qui permet de respecter les normes rigoureuses exig\u00e9es dans les salles blanches.\n<\/p>\n<p><\/p>\n<p><b>3. Comment les charni\u00e8res en aluminium am\u00e9liorent-elles les performances des portes de salles blanches ?<\/b><\/p>\n<p>Les charni\u00e8res en aluminium offrent un fonctionnement souple, r\u00e9duisant l'usure et minimisant le besoin de maintenance, assurant ainsi un fonctionnement constant de la porte dans les salles blanches.\n<\/p>\n<p><\/p>\n<p><b>4. les charni\u00e8res en aluminium pour salles blanches sont-elles faciles \u00e0 installer ?<\/b><\/p>\n<p>Oui, les charni\u00e8res en aluminium pour salles blanches sont con\u00e7ues pour une installation facile, r\u00e9duisant ainsi le temps d'installation et garantissant un fonctionnement efficace de la porte de la salle blanche.\n<\/p>\n<p><\/p>\n<p><b>5. les charni\u00e8res en aluminium peuvent-elles \u00eatre adapt\u00e9es \u00e0 diff\u00e9rentes tailles de portes ?<\/b><\/p>\n<p>Oui, les charni\u00e8res en aluminium peuvent \u00eatre personnalis\u00e9es pour s'adapter \u00e0 diff\u00e9rentes tailles et poids de portes, offrant ainsi une grande flexibilit\u00e9 pour diverses applications en salle blanche.\n<\/p>\n<p><\/p>\n<p><b>6. Comment les charni\u00e8res en aluminium pour salles blanches contribuent-elles aux normes d'hygi\u00e8ne ?<\/b><\/p>\n<p>La surface des charni\u00e8res en aluminium, r\u00e9sistante \u00e0 la corrosion et facile \u00e0 nettoyer, contribue \u00e0 maintenir des normes d'hygi\u00e8ne \u00e9lev\u00e9es dans les salles blanches en emp\u00eachant la contamination.\n<\/p>\n<p><\/p>\n<p><b>7) Quelle est la dur\u00e9e de vie des charni\u00e8res en aluminium pour salles blanches ?<\/b><\/p>\n<p>Les charni\u00e8res en aluminium pour salles blanches sont con\u00e7ues pour des performances \u00e0 long terme, offrant durabilit\u00e9 et r\u00e9sistance \u00e0 l'usure, \u00e0 la corrosion et aux dommages dans des environnements exigeants.\n<\/p>\n<p><\/p>","protected":false},"featured_media":8382,"template":"","categories":[54],"class_list":["post-8383","product","type-product","status-publish","has-post-thumbnail","hentry","category-industrial-aluminum-profiles"],"meta_box":{"hilight_text_group":{"product_hilight_text":"<li>Durable aluminum hinges ensure long-lasting performance in clean room environments.<\/li>\r\r\n<li>Corrosion-resistant material provides reliability and maintains hygiene standards in clean rooms.<\/li>\r\r\n<li>Precision engineering for smooth door operation and minimal maintenance requirements.<\/li>\r\r\n<li>Easy to install and maintain, reducing downtime in clean room operations.<\/li>\r\r\n<li>Customizable designs to meet specific size and weight requirements for clean room doors.<\/li>","product_chanpin_blog":"<ul>\r\r\n<li><a href=\"https:\/\/sinoextrud.com\/t-slot-v-slot-differences\/\" target=\"_blank\">t slot vs v slot<\/a><\/li>\r\r\n<li><a href=\"https:\/\/sinoextrud.com\/what-is-4040-aluminium-extrud\/\" target=\"_blank\">4040 aluminium extrusion<\/a><\/li>\r\r\n<li><a href=\"https:\/\/sinoextrud.com\/what-is-4040-aluminium-extrud\/\" target=\"_blank\">aluminum extrusions for industrial racks<\/a><\/li>\r\r\n<li><a href=\"https:\/\/sinoextrud.com\/powder-coating-aluminium-process\/\" target=\"_blank\">powder coating aluminium<\/a><\/li>\r\r\n<li><a href=\"https:\/\/sinoextrud.com\/what-is-an-aluminium-strip-ceiling\/\" target=\"_blank\">aluminium strip ceiling<\/a><\/li>\r\r\n<li><a href=\"https:\/\/sinoextrud.com\/what-is-a-heat-sink\/\" target=\"_blank\">what is a heat sink<\/a><\/li>\r\r\n<\/ul>","product_chanpin_chanpin":"<li><a href=\"https:\/\/sinoextrud.com\/product\/extrusion-aluminum-pipe-anodized-sandblasted-black\/\" target=\"_blank\">Extrusion Aluminum Pipe Anodized Sandblasted Black<\/a><\/li>\r\n<li><a href=\"https:\/\/sinoextrud.com\/product\/extruded-aluminum-triangle-electrical-instrument-shell-housing\/\" target=\"_blank\">Extruded Aluminum Triangle Electrical Instrument Shell Housing<\/a><\/li>\r\n<li><a href=\"https:\/\/sinoextrud.com\/product\/l-shape-aluminum-angle-profile\/\" target=\"_blank\">L Shape Aluminum Angle Profile<\/a><\/li>\r\n<li><a href=\"https:\/\/sinoextrud.com\/product\/stock-aluminum-extrusion-profiles\/\" target=\"_blank\">Stock Aluminum Extrusion Profiles<\/a><\/li>\r\n<li><a href=\"https:\/\/sinoextrud.com\/product\/the-hinges-of-aluminium-clean-room\/\" target=\"_blank\">The Hinges Of Aluminium Clean Room<\/a><\/li>\r\n<li><a href=\"https:\/\/sinoextrud.com\/product\/special-aluminium-profiles-heat-sink-aluminum\/\" target=\"_blank\">Special Aluminium Profiles Heat Sink Aluminum<\/a><\/li>\r\n<li><a href=\"https:\/\/sinoextrud.com\/product\/t-slot-aluminium-profile\/\" target=\"_blank\">T Slot Aluminium Profile<\/a><\/li>\r\n<li><a href=\"https:\/\/sinoextrud.com\/product\/aluminum-boat-extrusions-6082\/\" target=\"_blank\">Aluminum Boat Extrusions 6082<\/a><\/li>\r\n<li><a href=\"https:\/\/sinoextrud.com\/product\/aluminum-car-pedal-anodized-silver\/\" target=\"_blank\">Aluminum Car Pedal Anodized Silver<\/a><\/li>\r\n<li><a href=\"https:\/\/sinoextrud.com\/product\/aluminum-extruded-enclosure-for-power-supply\/\" target=\"_blank\">Aluminum Extruded Enclosure For Power Supply<\/a><\/li>\r\n<li><a href=\"https:\/\/sinoextrud.com\/product\/extruded-aluminum-stock\/\" target=\"_blank\">Extruded Aluminum Stock<\/a><\/li>"},"feature_list":[]},"_links":{"self":[{"href":"https:\/\/sinoextrud.com\/fr\/wp-json\/wp\/v2\/product\/8383","targetHints":{"allow":["GET"]}}],"collection":[{"href":"https:\/\/sinoextrud.com\/fr\/wp-json\/wp\/v2\/product"}],"about":[{"href":"https:\/\/sinoextrud.com\/fr\/wp-json\/wp\/v2\/types\/product"}],"wp:featuredmedia":[{"embeddable":true,"href":"https:\/\/sinoextrud.com\/fr\/wp-json\/wp\/v2\/media\/8382"}],"wp:attachment":[{"href":"https:\/\/sinoextrud.com\/fr\/wp-json\/wp\/v2\/media?parent=8383"}],"wp:term":[{"taxonomy":"category","embeddable":true,"href":"https:\/\/sinoextrud.com\/fr\/wp-json\/wp\/v2\/categories?post=8383"}],"curies":[{"name":"wp","href":"https:\/\/api.w.org\/{rel}","templated":true}]}}