{"id":8326,"date":"2025-06-15T06:26:32","date_gmt":"2025-06-15T06:26:32","guid":{"rendered":"https:\/\/sinoextrud.com\/product\/aluminum-trailer-floor-extrusions\/"},"modified":"2025-06-24T06:23:35","modified_gmt":"2025-06-24T06:23:35","slug":"extrusions-de-plancher-de-remorque-en-aluminium","status":"publish","type":"product","link":"https:\/\/sinoextrud.com\/fr\/product\/aluminum-trailer-floor-extrusions\/","title":{"rendered":"Extrusions de plancher de remorque en aluminium"},"content":{"rendered":"<h2>D\u00e9tails des produits<\/h2>\n<table class=\"custom-table\">\n<tbody>\n<tr>\n<td> Nom du produit<\/td>\n<td> Extrusions de plancher de remorque en aluminium<\/td>\n<\/tr>\n<tr>\n<td> Mat\u00e9riau<\/td>\n<td> 6063, 6061, 6005, 6005A, 6082, etc.<\/td>\n<\/tr>\n<tr>\n<td> Forme et taille<\/td>\n<td> Suivre le dessin du client<\/td>\n<\/tr>\n<tr>\n<td> \u00c9paisseur<\/td>\n<td> 0,7mm-10mm<\/td>\n<\/tr>\n<tr>\n<td> Longueur<\/td>\n<td> Longueur standard 1-9M, autres longueurs personnalis\u00e9es disponibles.<\/td>\n<\/tr>\n<tr>\n<td> Applications typiques<\/td>\n<td> Remorque, etc.<\/td>\n<\/tr>\n<tr>\n<td> Processus CNC<\/td>\n<td> Fraisage, per\u00e7age, poin\u00e7onnage, per\u00e7age, taraudage, pliage CNC<\/td>\n<\/tr>\n<tr>\n<td> MOQ<\/td>\n<td> 300-1000Kg en fonction des diff\u00e9rents traitements de surface<\/td>\n<\/tr>\n<tr>\n<td> Surface finie<\/td>\n<td> Finition en usine, grain de bois, anodisation, rev\u00eatement par poudre, \u00e9lectrophor\u00e8se, rev\u00eatement PVDF, brossage, etc.<\/td>\n<\/tr>\n<tr>\n<td> Certificats<\/td>\n<td> ISO9001, ISO4001, CQM, SGS, CE, BV, etc.<\/td>\n<\/tr>\n<\/tbody>\n<\/table>\n<h2>Notre base de production<\/h2>\n<h3>Panorama de l'usine<\/h3>\n<p><img decoding=\"async\" src=\"\/wp-content\/uploads\/factory-01.webp\"\/><\/p>\n<h3>Atelier de fabrication de barres d'aluminium<\/h3>\n<p><img decoding=\"async\" src=\"\/wp-content\/uploads\/factory-02.webp\"\/><\/p>\n<p><img decoding=\"async\" src=\"\/wp-content\/uploads\/factory-03.webp\"\/><\/p>\n<h3>Entrep\u00f4t de stockage des moules<\/h3>\n<p><img decoding=\"async\" src=\"\/wp-content\/uploads\/factory-04.webp\"\/><\/p>\n<h3>43 lignes d'extrusion d'aluminium (500 \u00e0 5500 tonnes)<\/h3>\n<p><img decoding=\"async\" src=\"\/wp-content\/uploads\/factory-05.webp\"\/><\/p>\n<p><img decoding=\"async\" src=\"\/wp-content\/uploads\/factory-06.webp\"\/><\/p>\n<p><img decoding=\"async\" src=\"\/wp-content\/uploads\/factory-07.webp\"\/><\/p>\n<h3>Atelier de peinture en poudre<\/h3>\n<p><img decoding=\"async\" src=\"\/wp-content\/uploads\/factory-09.webp\"\/><\/p>\n<h3>Atelier d'anodisation<\/h3>\n<p><img decoding=\"async\" src=\"\/wp-content\/uploads\/factory-10.webp\"\/><\/p>\n<h3>Atelier sur le traitement en profondeur<\/h3>\n<p><img decoding=\"async\" src=\"\/wp-content\/uploads\/factory-11.webp\"\/><\/p>\n<h3>Atelier d'usinage de pr\u00e9cision CNC<\/h3>\n<p><img decoding=\"async\" src=\"\/wp-content\/uploads\/factory-11.5.webp\"\/><\/p>\n<h3>Entrep\u00f4t de produits finis et d'exportation<\/h3>\n<p><img decoding=\"async\" src=\"\/wp-content\/uploads\/factory-12.webp\"\/><\/p>\n<p><img decoding=\"async\" src=\"\/wp-content\/uploads\/factory-13.webp\"\/><\/p>\n<p><img decoding=\"async\" src=\"\/wp-content\/uploads\/factory-14.webp\"\/><\/p>\n<h2>FAQ<\/h2>\n<p><p><b>1) Qu'est-ce qui fait que les extrusions de plancher de remorque en aluminium sont id\u00e9ales pour les applications lourdes ? <\/b><\/p>\n<p> Les extrusions de plancher de remorque en aluminium sont solides, r\u00e9sistantes \u00e0 la corrosion et l\u00e9g\u00e8res, offrant une durabilit\u00e9 et un soutien structurel pour les besoins de transport difficiles.<br \/>\n<\/p><br \/>\n<br \/>\n<p><b>2) Les extrusions de plancher de remorque en aluminium peuvent-elles \u00eatre personnalis\u00e9es ? <\/b><\/p>\n<p> Oui, les extrusions peuvent \u00eatre personnalis\u00e9es en termes de taille, de longueur et de conception pour r\u00e9pondre aux exigences sp\u00e9cifiques du plancher de la remorque.<br \/>\n<\/p><br \/>\n<br \/>\n<p><b>3. Quelle est la durabilit\u00e9 des extrusions de plancher de remorque en aluminium ? <\/b><\/p>\n<p> Ces extrusions sont fabriqu\u00e9es \u00e0 partir d'aluminium r\u00e9sistant \u00e0 la corrosion, ce qui garantit une durabilit\u00e9 \u00e0 long terme, m\u00eame dans des conditions ext\u00e9rieures difficiles et en cas d'utilisation intensive.<br \/>\n<\/p><br \/>\n<br \/>\n<p><b>4. quels sont les avantages de l'utilisation d'extrusions de plancher de remorque en aluminium ? <\/b><\/p>\n<p> Ils sont l\u00e9gers, faciles \u00e0 installer, r\u00e9sistants \u00e0 la corrosion et offrent une excellente durabilit\u00e9, ce qui en fait un choix rentable pour les rev\u00eatements de sol des remorques.<br \/>\n<\/p><br \/>\n<br \/>\n<p><b>5) Les profil\u00e9s de plancher de remorque en aluminium sont-ils faciles \u00e0 installer ? <\/b><\/p>\n<p> Oui, les extrusions sont con\u00e7ues pour une installation facile, ce qui r\u00e9duit le temps d'assemblage et les co\u00fbts de main-d'\u0153uvre.<br \/>\n<\/p><br \/>\n<br \/>\n<p><b>6. comment les extrusions de plancher de remorque en aluminium am\u00e9liorent-elles les performances de la remorque ? <\/b><\/p>\n<p> Leur l\u00e9g\u00e8ret\u00e9 et leur conception durable garantissent une int\u00e9grit\u00e9 structurelle \u00e0 long terme, ce qui permet un transport en douceur et en toute s\u00e9curit\u00e9.<br \/>\n<\/p><br \/>\n<br \/>\n<p><b>7. les extrusions de plancher de remorque en aluminium sont-elles respectueuses de l'environnement ? <\/b><\/p>\n<p> Oui, l'aluminium est un mat\u00e9riau enti\u00e8rement recyclable, ce qui fait de ces extrusions une option \u00e9cologique pour les rev\u00eatements de sol des caravanes.<br \/>\n<\/p><br \/><\/p>","protected":false},"featured_media":8325,"template":"","categories":[54],"class_list":["post-8326","product","type-product","status-publish","has-post-thumbnail","hentry","category-industrial-aluminum-profiles"],"meta_box":{"hilight_text_group":{"product_hilight_text":"<ul>\r\r\n  <li>Durable aluminum trailer floor extrusions designed for heavy-duty applications<\/li>\r\r\n  <li>Corrosion-resistant, ensuring long-lasting performance in outdoor and harsh environments<\/li>\r\r\n  <li>Lightweight yet strong, providing structural integrity without adding unnecessary weight<\/li>\r\r\n  <li>Customizable lengths and designs to suit specific trailer floor requirements<\/li>\r\r\n  <li>Easy to install, reducing labor costs and time during assembly<\/li>\r\r\n  <li>Highly resistant to wear and tear, ensuring a smooth and safe ride for long-term use<\/li>\r\r\n  <li>Environmentally friendly, as aluminum is a fully recyclable material<\/li>\r\r\n<\/ul>","product_chanpin_blog":"<ul>\r\r\n<li><a href=\"https:\/\/sinoextrud.com\/t-slot-v-slot-differences\/\" target=\"_blank\">t slot vs v slot<\/a><\/li>\r\r\n<li><a href=\"https:\/\/sinoextrud.com\/what-is-4040-aluminium-extrud\/\" target=\"_blank\">4040 aluminium extrusion<\/a><\/li>\r\r\n<li><a href=\"https:\/\/sinoextrud.com\/what-is-4040-aluminium-extrud\/\" target=\"_blank\">aluminum extrusions for industrial racks<\/a><\/li>\r\r\n<li><a href=\"https:\/\/sinoextrud.com\/powder-coating-aluminium-process\/\" target=\"_blank\">powder coating aluminium<\/a><\/li>\r\r\n<li><a href=\"https:\/\/sinoextrud.com\/what-is-an-aluminium-strip-ceiling\/\" target=\"_blank\">aluminium strip ceiling<\/a><\/li>\r\r\n<li><a href=\"https:\/\/sinoextrud.com\/what-is-a-heat-sink\/\" target=\"_blank\">what is a heat sink<\/a><\/li>\r\r\n<\/ul>","product_chanpin_chanpin":"<li><a href=\"https:\/\/sinoextrud.com\/product\/aluminum-outdoor-enclose-heat-sinks\/\" target=\"_blank\">Aluminum outdoor enclose heat sinks<\/a><\/li>\r\n<li><a href=\"https:\/\/sinoextrud.com\/product\/aluminum-pipe-handrail\/\" target=\"_blank\">Aluminum Pipe Handrail<\/a><\/li>\r\n<li><a href=\"https:\/\/sinoextrud.com\/product\/aluminum-profile-clean-room-for-workshop-and-hospital\/\" target=\"_blank\">Aluminum Profile Clean Room for Workshop and Hospital<\/a><\/li>\r\n<li><a href=\"https:\/\/sinoextrud.com\/product\/aluminum-profile-t-slot-for-machine-frame\/\" target=\"_blank\">Aluminum Profile T-Slot For Machine Frame<\/a><\/li>\r\n<li><a href=\"https:\/\/sinoextrud.com\/product\/aluminum-trailer-floor-extrusions\/\" target=\"_blank\">Aluminum Trailer Floor Extrusions<\/a><\/li>\r\n<li><a href=\"https:\/\/sinoextrud.com\/product\/cnc-aluminum-bar-profile-for-instrument\/\" target=\"_blank\">CNC Aluminum Bar Profile For Instrument<\/a><\/li>\r\n<li><a href=\"https:\/\/sinoextrud.com\/product\/extruded-aluminum-profile-aluminum-t-slot\/\" target=\"_blank\">Extruded Aluminum Profile Aluminum T Slot<\/a><\/li>\r\n<li><a href=\"https:\/\/sinoextrud.com\/product\/extruded-manufacturer-aluminum-profile-heatsink\/\" target=\"_blank\">Extruded Manufacturer Aluminum Profile Heatsink<\/a><\/li>\r\n<li><a href=\"https:\/\/sinoextrud.com\/product\/customized-structural-aluminum-profiles\/\" target=\"_blank\">Customized Structural Aluminum Profiles<\/a><\/li>\r\n<li><a href=\"https:\/\/sinoextrud.com\/product\/aluminium-extrusion-linear-rail-china-factory\/\" target=\"_blank\">Aluminium Extrusion Linear Rail China Factory<\/a><\/li>\r\n<li><a href=\"https:\/\/sinoextrud.com\/product\/customizable-minimalist-office-aluminum-partition-profiles\/\" target=\"_blank\">Customizable Minimalist Office Aluminum Partition Profiles<\/a><\/li>"},"feature_list":[]},"_links":{"self":[{"href":"https:\/\/sinoextrud.com\/fr\/wp-json\/wp\/v2\/product\/8326","targetHints":{"allow":["GET"]}}],"collection":[{"href":"https:\/\/sinoextrud.com\/fr\/wp-json\/wp\/v2\/product"}],"about":[{"href":"https:\/\/sinoextrud.com\/fr\/wp-json\/wp\/v2\/types\/product"}],"wp:featuredmedia":[{"embeddable":true,"href":"https:\/\/sinoextrud.com\/fr\/wp-json\/wp\/v2\/media\/8325"}],"wp:attachment":[{"href":"https:\/\/sinoextrud.com\/fr\/wp-json\/wp\/v2\/media?parent=8326"}],"wp:term":[{"taxonomy":"category","embeddable":true,"href":"https:\/\/sinoextrud.com\/fr\/wp-json\/wp\/v2\/categories?post=8326"}],"curies":[{"name":"wp","href":"https:\/\/api.w.org\/{rel}","templated":true}]}}