{"id":8322,"date":"2025-06-15T06:23:28","date_gmt":"2025-06-15T06:23:28","guid":{"rendered":"https:\/\/sinoextrud.com\/product\/aluminum-profile-clean-room-for-workshop-and-hospital\/"},"modified":"2025-06-24T06:23:35","modified_gmt":"2025-06-24T06:23:35","slug":"salle-blanche-en-profile-daluminium-pour-atelier-et-hopital","status":"publish","type":"product","link":"https:\/\/sinoextrud.com\/fr\/product\/aluminum-profile-clean-room-for-workshop-and-hospital\/","title":{"rendered":"Salle blanche en profil\u00e9 d'aluminium pour atelier et h\u00f4pital"},"content":{"rendered":"<h2>D\u00e9tails des produits<\/h2>\n<table class=\"custom-table\">\n<tr>\n<td class=\"label\"><\/td>\n<td>Item\uff0cSalle blanche en profil\u00e9 d'aluminium pour atelier et h\u00f4pital\uff0c<\/td>\n<\/tr>\n<tr>\n<td class=\"label\">Qualit\u00e9 des mat\u00e9riaux<\/td>\n<td>6063,6061,6463,6082,6005,2024,2014,7075 etc.<\/td>\n<\/tr>\n<tr>\n<td class=\"label\">Temp\u00e9rer<\/td>\n<td>T3-T8<\/td>\n<\/tr>\n<tr>\n<td class=\"label\">\u00c9paisseur<\/td>\n<td>Epaisseur des profils g\u00e9n\u00e9raux : 0,8 - 5,0 mm ,Epaisseur de la protection anodis\u00e9e : 8 - 25 um, Epaisseur de la couleur du rev\u00eatement par poudre : 40 - 120 um.<\/td>\n<\/tr>\n<tr>\n<td class=\"label\">Longueur<\/td>\n<td>La longueur de chargement g\u00e9n\u00e9rale est de 3m\/6m. Des longueurs sp\u00e9ciales peuvent \u00eatre personnalis\u00e9es.<\/td>\n<\/tr>\n<tr>\n<td class=\"label\">Forme<\/td>\n<td>Sur mesure<\/td>\n<\/tr>\n<tr>\n<td class=\"label\">Traitement de surface<\/td>\n<td>moulin, anodis\u00e9, rev\u00eatement par poudre, \u00e9lectrophor\u00e8se, grain de bois, bois d'\u0153uvre, peinture PVDF, polissage, bross\u00e9<\/td>\n<\/tr>\n<tr>\n<td class=\"label\">Couleur<\/td>\n<td>M\u00e9tal argent\u00e9, champagne, noir, blanc, miroir, demande personnalis\u00e9e disponible<\/td>\n<\/tr>\n<tr>\n<td class=\"label\">Application<\/td>\n<td>fen\u00eatres et portes, murs-rideaux, murs en verre, meubles, plafonds, cuisines, bandes LED, transport ferroviaire, v\u00e9hicules, maisons motoris\u00e9es, machines, tentes, solaire. Profil industriel, profil d\u00e9coratif,<\/td>\n<\/tr>\n<tr>\n<td class=\"label\">Usinage<\/td>\n<td>CNC, per\u00e7age, fraisage, d\u00e9coupage, soudage, pliage, assemblage<\/td>\n<\/tr>\n<tr>\n<td class=\"label\">MOQ<\/td>\n<td>Profil g\u00e9n\u00e9ral 200KGs. Grand profil 1ton-3tons.<\/td>\n<\/tr>\n<tr>\n<td class=\"label\">Capacit\u00e9 de production<\/td>\n<td>5000 tonnes par mois, 60000 tonnes par an.<\/td>\n<\/tr>\n<tr>\n<td class=\"label\">Nom de la marque<\/td>\n<td>Sinoextrud<\/td>\n<\/tr>\n<tr>\n<td class=\"label\">Certificat et norme<\/td>\n<td>1) ISO9001-2008\/ISO 9001:2008 ;<br \/>\n2) Certification CQM ;<br \/>\n3) SGS, CE, BV, JIS, AS, NZS, QUALICOAT, QUOLANOD disponibles<\/td>\n<\/tr>\n<tr>\n<td class=\"label\">Garantie<\/td>\n<td>15 ans pour le traitement de surface en int\u00e9rieur<\/td>\n<\/tr>\n<tr>\n<td class=\"label\">D\u00e9tails de l'emballage<\/td>\n<td>Int\u00e9rieur : emball\u00e9 avec un film plastique pour prot\u00e9ger chaque pi\u00e8ce\/Ext\u00e9rieur : Emballage des paquets avec du papier artisanal imperm\u00e9able ou du film EPE. Des demandes personnalis\u00e9es sont disponibles.<\/td>\n<\/tr>\n<tr>\n<td class=\"label\">Livraison<\/td>\n<td>Mise au point de l'outil et essai de l'\u00e9chantillon : 12-18 jours\/Production du produit 20-30 jours.<\/td>\n<\/tr>\n<tr>\n<td class=\"label\">Port FOB<\/td>\n<td>Shenzhen\/Guangzhou\/Foshan<\/td>\n<\/tr>\n<tr>\n<td class=\"label\">Conditions de paiement<\/td>\n<td>T\/T 30% pour le d\u00e9p\u00f4t, le solde avant la livraison.<\/td>\n<\/tr>\n<tr>\n<td class=\"label\">Conditions de r\u00e8glement<\/td>\n<td>Facturation au poids brut.<\/td>\n<\/tr>\n<\/table>\n<h2>Notre base de production<\/h2>\n<h3>Panorama de l'usine<\/h3>\n<p><img decoding=\"async\" src=\"\/wp-content\/uploads\/factory-01.webp\"\/><\/p>\n<h3>Atelier de fabrication de barres d'aluminium<\/h3>\n<p><img decoding=\"async\" src=\"\/wp-content\/uploads\/factory-02.webp\"\/><\/p>\n<p><img decoding=\"async\" src=\"\/wp-content\/uploads\/factory-03.webp\"\/><\/p>\n<h3>Entrep\u00f4t de stockage des moules<\/h3>\n<p><img decoding=\"async\" src=\"\/wp-content\/uploads\/factory-04.webp\"\/><\/p>\n<h3>43 lignes d'extrusion d'aluminium (500-5500 tonnes)<\/h3>\n<p><img decoding=\"async\" src=\"\/wp-content\/uploads\/factory-05.webp\"\/><\/p>\n<p><img decoding=\"async\" src=\"\/wp-content\/uploads\/factory-06.webp\"\/><\/p>\n<p><img decoding=\"async\" src=\"\/wp-content\/uploads\/factory-07.webp\"\/><\/p>\n<h3>Atelier de peinture en poudre<\/h3>\n<p><img decoding=\"async\" src=\"\/wp-content\/uploads\/factory-09.webp\"\/><\/p>\n<h3>Atelier d'anodisation<\/h3>\n<p><img decoding=\"async\" src=\"\/wp-content\/uploads\/factory-10.webp\"\/><\/p>\n<h3>Atelier sur le traitement en profondeur<\/h3>\n<p><img decoding=\"async\" src=\"\/wp-content\/uploads\/factory-11.webp\"\/><\/p>\n<h3>Atelier d'usinage de pr\u00e9cision CNC<\/h3>\n<p><img decoding=\"async\" src=\"\/wp-content\/uploads\/factory-11.5.webp\"\/><\/p>\n<h3>Entrep\u00f4t de produits finis et d'exportation<\/h3>\n<p><img decoding=\"async\" src=\"\/wp-content\/uploads\/factory-12.webp\"\/><\/p>\n<p><img decoding=\"async\" src=\"\/wp-content\/uploads\/factory-13.webp\"\/><\/p>\n<p><img decoding=\"async\" src=\"\/wp-content\/uploads\/factory-14.webp\"\/><\/p>\n<h2>FAQ<\/h2>\n<p><p><b>1. \u00e0 quoi servent les profil\u00e9s en aluminium dans les salles blanches ? <\/b><\/p>\n<p>Les profil\u00e9s d'aluminium sont utilis\u00e9s pour cr\u00e9er l'ossature structurelle des salles blanches, offrant une solution durable et l\u00e9g\u00e8re pour maintenir des environnements contr\u00f4l\u00e9s dans les h\u00f4pitaux, les ateliers et les installations industrielles.<br \/>\n<\/p><br \/>\n<br \/>\n<p><b>2) Pourquoi l'aluminium est-il utilis\u00e9 pour les profils de salle blanche ? <\/b><\/p>\n<p>L'aluminium est l\u00e9ger, durable, r\u00e9sistant \u00e0 la corrosion et facile \u00e0 personnaliser, ce qui le rend id\u00e9al pour la construction de cadres dans les salles blanches qui n\u00e9cessitent des performances \u00e0 long terme et peu d'entretien.<br \/>\n<\/p><br \/>\n<br \/>\n<p><b>3. Comment la finition anodis\u00e9e am\u00e9liore-t-elle les profil\u00e9s en aluminium pour les salles blanches ? <\/b><\/p>\n<p>La finition anodis\u00e9e am\u00e9liore la r\u00e9sistance \u00e0 la corrosion, garantissant que les profil\u00e9s restent durables et fonctionnels dans des environnements \u00e0 forte humidit\u00e9 et \u00e0 haute st\u00e9rilit\u00e9 comme les salles blanches.<br \/>\n<\/p><br \/>\n<br \/>\n<p><b>4. les profil\u00e9s en aluminium pour salles blanches peuvent-ils \u00eatre personnalis\u00e9s ? <\/b><\/p>\n<p>Oui, les profil\u00e9s en aluminium peuvent \u00eatre personnalis\u00e9s pour r\u00e9pondre \u00e0 des exigences sp\u00e9cifiques en mati\u00e8re de taille, de forme et de conception, ce qui permet d'obtenir des solutions sur mesure pour diff\u00e9rentes applications en salle blanche.<br \/>\n<\/p><br \/>\n<br \/>\n<p><b>5. Comment l'utilisation de profil\u00e9s en aluminium contribue-t-elle au maintien d'un environnement st\u00e9rile ? <\/b><\/p>\n<p>Les profil\u00e9s en aluminium contribuent \u00e0 cr\u00e9er un cadre s\u00fbr et stable pour les salles blanches, en soutenant des syst\u00e8mes de filtration de l'air efficaces et en garantissant un environnement st\u00e9rile et exempt de contamination.<br \/>\n<\/p><br \/>\n<br \/>\n<p><b>6. les profil\u00e9s en aluminium pour salles blanches sont-ils respectueux de l'environnement ? <\/b><\/p>\n<p>Oui, l'aluminium est un mat\u00e9riau recyclable, ce qui en fait un choix \u00e9cologique pour la construction de salles blanches qui soutient les pratiques de construction durable.<br \/>\n<\/p><br \/>\n<br \/>\n<p><b>7) Quelles sont les industries qui b\u00e9n\u00e9ficient de l'utilisation de profil\u00e9s en aluminium pour les salles blanches ? <\/b><\/p>\n<p>Les profil\u00e9s en aluminium pour salles blanches sont largement utilis\u00e9s dans des secteurs tels que les soins de sant\u00e9, les produits pharmaceutiques, la production alimentaire et la fabrication \u00e9lectronique, o\u00f9 la propret\u00e9 et le contr\u00f4le de la contamination sont essentiels.<br \/>\n<\/p><br \/><\/p>","protected":false},"featured_media":8321,"template":"","categories":[54],"class_list":["post-8322","product","type-product","status-publish","has-post-thumbnail","hentry","category-industrial-aluminum-profiles"],"meta_box":{"hilight_text_group":{"product_hilight_text":"<ul>\r\r\n  <li>Aluminum profiles for clean rooms provide a strong, durable, and lightweight framework for creating hygienic and controlled environments in workshops and hospitals.<\/li>\r\r\n  <li>Corrosion-resistant anodized finish ensures long-term durability, ideal for high-sterility environments where cleanliness is crucial.<\/li>\r\r\n  <li>Customizable sizes and designs allow for tailored clean room solutions that meet the specific requirements of each industry, whether for hospitals or industrial workshops.<\/li>\r\r\n  <li>Precision-engineered profiles offer easy assembly and integration, reducing installation time and ensuring a secure fit for clean room applications.<\/li>\r\r\n  <li>Efficient design helps maintain a sterile environment, contributing to health and safety by preventing contaminants in sensitive areas.<\/li>\r\r\n  <li>Eco-friendly and recyclable, supporting sustainability in the construction of clean room systems.<\/li>\r\r\n  <li>Highly versatile, suitable for a wide range of industries, including medical, pharmaceutical, electronics, and food manufacturing sectors.<\/li>\r\r\n<\/ul>","product_chanpin_blog":"<ul>\r\r\n<li><a href=\"https:\/\/sinoextrud.com\/t-slot-v-slot-differences\/\" target=\"_blank\">t slot vs v slot<\/a><\/li>\r\r\n<li><a href=\"https:\/\/sinoextrud.com\/what-is-4040-aluminium-extrud\/\" target=\"_blank\">4040 aluminium extrusion<\/a><\/li>\r\r\n<li><a href=\"https:\/\/sinoextrud.com\/what-is-4040-aluminium-extrud\/\" target=\"_blank\">aluminum extrusions for industrial racks<\/a><\/li>\r\r\n<li><a href=\"https:\/\/sinoextrud.com\/powder-coating-aluminium-process\/\" target=\"_blank\">powder coating aluminium<\/a><\/li>\r\r\n<li><a href=\"https:\/\/sinoextrud.com\/what-is-an-aluminium-strip-ceiling\/\" target=\"_blank\">aluminium strip ceiling<\/a><\/li>\r\r\n<li><a href=\"https:\/\/sinoextrud.com\/what-is-a-heat-sink\/\" target=\"_blank\">what is a heat sink<\/a><\/li>\r\r\n<\/ul>","product_chanpin_chanpin":"<li><a href=\"https:\/\/sinoextrud.com\/product\/aluminum-extrusion-standards\/\" target=\"_blank\">Aluminum Extrusion Standards<\/a><\/li>\r\n<li><a href=\"https:\/\/sinoextrud.com\/product\/aluminum-heat-sink\/\" target=\"_blank\">Aluminum Heat Sink<\/a><\/li>\r\n<li><a href=\"https:\/\/sinoextrud.com\/product\/aluminum-outdoor-enclose-heat-sinks\/\" target=\"_blank\">Aluminum outdoor enclose heat sinks<\/a><\/li>\r\n<li><a href=\"https:\/\/sinoextrud.com\/product\/aluminum-pipe-handrail\/\" target=\"_blank\">Aluminum Pipe Handrail<\/a><\/li>\r\n<li><a href=\"https:\/\/sinoextrud.com\/product\/aluminum-profile-clean-room-for-workshop-and-hospital\/\" target=\"_blank\">Aluminum Profile Clean Room for Workshop and Hospital<\/a><\/li>\r\n<li><a href=\"https:\/\/sinoextrud.com\/product\/aluminum-profile-t-slot-for-machine-frame\/\" target=\"_blank\">Aluminum Profile T-Slot For Machine Frame<\/a><\/li>\r\n<li><a href=\"https:\/\/sinoextrud.com\/product\/aluminum-trailer-floor-extrusions\/\" target=\"_blank\">Aluminum Trailer Floor Extrusions<\/a><\/li>\r\n<li><a href=\"https:\/\/sinoextrud.com\/product\/cnc-aluminum-bar-profile-for-instrument\/\" target=\"_blank\">CNC Aluminum Bar Profile For Instrument<\/a><\/li>\r\n<li><a href=\"https:\/\/sinoextrud.com\/product\/extruded-aluminum-profile-aluminum-t-slot\/\" target=\"_blank\">Extruded Aluminum Profile Aluminum T Slot<\/a><\/li>\r\n<li><a href=\"https:\/\/sinoextrud.com\/product\/aluminum-section-window\/\" target=\"_blank\">Aluminum Section Window<\/a><\/li>\r\n<li><a href=\"https:\/\/sinoextrud.com\/product\/aluminum-window-frame-extrusions\/\" target=\"_blank\">Aluminum Window Frame Extrusions<\/a><\/li>"},"feature_list":[]},"_links":{"self":[{"href":"https:\/\/sinoextrud.com\/fr\/wp-json\/wp\/v2\/product\/8322","targetHints":{"allow":["GET"]}}],"collection":[{"href":"https:\/\/sinoextrud.com\/fr\/wp-json\/wp\/v2\/product"}],"about":[{"href":"https:\/\/sinoextrud.com\/fr\/wp-json\/wp\/v2\/types\/product"}],"wp:featuredmedia":[{"embeddable":true,"href":"https:\/\/sinoextrud.com\/fr\/wp-json\/wp\/v2\/media\/8321"}],"wp:attachment":[{"href":"https:\/\/sinoextrud.com\/fr\/wp-json\/wp\/v2\/media?parent=8322"}],"wp:term":[{"taxonomy":"category","embeddable":true,"href":"https:\/\/sinoextrud.com\/fr\/wp-json\/wp\/v2\/categories?post=8322"}],"curies":[{"name":"wp","href":"https:\/\/api.w.org\/{rel}","templated":true}]}}