{"id":8314,"date":"2025-06-15T06:15:59","date_gmt":"2025-06-15T06:15:59","guid":{"rendered":"https:\/\/sinoextrud.com\/product\/aluminum-extrusion-standards\/"},"modified":"2025-06-24T06:23:33","modified_gmt":"2025-06-24T06:23:33","slug":"normes-dextrusion-de-laluminium","status":"publish","type":"product","link":"https:\/\/sinoextrud.com\/fr\/product\/aluminum-extrusion-standards\/","title":{"rendered":"Normes relatives \u00e0 l'extrusion d'aluminium"},"content":{"rendered":"<h2>D\u00e9tails des produits<\/h2>\n<table class=\"custom-table\">\n<tbody>\n<tr>\n<td> <\/td>\n<td>6063 ou 6061<\/td>\n<\/tr>\n<tr>\n<td>Longueur<\/td>\n<td>Standard 1-9M, autres longueurs disponibles<\/td>\n<\/tr>\n<tr>\n<td>Norme de qualit\u00e9<\/td>\n<td>Haute qualit\u00e9<\/td>\n<\/tr>\n<tr>\n<td>Garantie<\/td>\n<td>Inspection 100% pour garantir une qualit\u00e9 \u00e9lev\u00e9e<\/td>\n<\/tr>\n<tr>\n<td>Certificats<\/td>\n<td>ISO9001, ISO4001, CE, BV, SGS, etc.<\/td>\n<\/tr>\n<tr>\n<td>Marque<\/td>\n<td>Sinoextrud, Sinoextrud (marque r\u00e9put\u00e9e de Guangdong)<\/td>\n<\/tr>\n<tr>\n<td>Origine<\/td>\n<td>Guangdong, Chine<\/td>\n<\/tr>\n<tr>\n<td>Applications typiques<\/td>\n<td>Industrie, etc.<\/td>\n<\/tr>\n<tr>\n<td>Traitement de surface<\/td>\n<td>Finition en usine, anodisation, rev\u00eatement en poudre, grain de bois, etc.<\/td>\n<\/tr>\n<tr>\n<td>Duret\u00e9<\/td>\n<td>13-15<\/td>\n<\/tr>\n<\/tbody>\n<\/table>\n<h2>Notre base de production<\/h2>\n<h3>Panorama de l'usine<\/h3>\n<p><img decoding=\"async\" src=\"\/wp-content\/uploads\/factory-01.webp\"\/><\/p>\n<h3>Atelier de fabrication de barres d'aluminium<\/h3>\n<p><img decoding=\"async\" src=\"\/wp-content\/uploads\/factory-02.webp\"\/><\/p>\n<p><img decoding=\"async\" src=\"\/wp-content\/uploads\/factory-03.webp\"\/><\/p>\n<h3>Entrep\u00f4t de stockage des moules<\/h3>\n<p><img decoding=\"async\" src=\"\/wp-content\/uploads\/factory-04.webp\"\/><\/p>\n<h3>43 lignes d'extrusion d'aluminium (500 \u00e0 5500 tonnes)<\/h3>\n<p><img decoding=\"async\" src=\"\/wp-content\/uploads\/factory-05.webp\"\/><\/p>\n<p><img decoding=\"async\" src=\"\/wp-content\/uploads\/factory-06.webp\"\/><\/p>\n<p><img decoding=\"async\" src=\"\/wp-content\/uploads\/factory-07.webp\"\/><\/p>\n<h3>Atelier de peinture en poudre<\/h3>\n<p><img decoding=\"async\" src=\"\/wp-content\/uploads\/factory-09.webp\"\/><\/p>\n<h3>Atelier d'anodisation<\/h3>\n<p><img decoding=\"async\" src=\"\/wp-content\/uploads\/factory-10.webp\"\/><\/p>\n<h3>Atelier sur le traitement en profondeur<\/h3>\n<p><img decoding=\"async\" src=\"\/wp-content\/uploads\/factory-11.webp\"\/><\/p>\n<h3>Atelier d'usinage de pr\u00e9cision CNC<\/h3>\n<p><img decoding=\"async\" src=\"\/wp-content\/uploads\/factory-11.5.webp\"\/><\/p>\n<h3>Entrep\u00f4t de produits finis et d'exportation<\/h3>\n<p><img decoding=\"async\" src=\"\/wp-content\/uploads\/factory-12.webp\"\/><\/p>\n<p><img decoding=\"async\" src=\"\/wp-content\/uploads\/factory-13.webp\"\/><\/p>\n<p><img decoding=\"async\" src=\"\/wp-content\/uploads\/factory-14.webp\"\/><\/p>\n<h2>FAQ<\/h2>\n<p><p><b>1) Qu'est-ce que les normes relatives \u00e0 l'extrusion d'aluminium ?<\/b><\/p>\n<p>Les normes relatives \u00e0 l'extrusion d'aluminium d\u00e9finissent les sp\u00e9cifications requises pour la fabrication d'extrusions d'aluminium, garantissant une qualit\u00e9, une durabilit\u00e9 et des performances constantes dans diverses applications industrielles.<br \/>\n<\/p><br \/>\n<br \/>\n<p><b>2) Pourquoi les normes relatives \u00e0 l'extrusion d'aluminium sont-elles importantes ?<\/b><\/p>\n<p>Les normes relatives \u00e0 l'extrusion d'aluminium garantissent que les extrusions r\u00e9pondent \u00e0 des crit\u00e8res pr\u00e9cis de qualit\u00e9, de r\u00e9sistance et de dimension, ce qui permet d'obtenir des performances fiables et constantes dans tous les secteurs d'activit\u00e9.<br \/>\n<\/p><br \/>\n<br \/>\n<p><b>3) Les normes relatives \u00e0 l'extrusion d'aluminium sont-elles personnalisables ?<\/b><\/p>\n<p>Bien qu'elles suivent des lignes directrices internationales \u00e9tablies, des profils et des sp\u00e9cifications personnalis\u00e9s peuvent \u00eatre cr\u00e9\u00e9s dans le cadre des normes pour r\u00e9pondre aux besoins d'applications sp\u00e9cifiques.<br \/>\n<\/p><br \/>\n<br \/>\n<p><b>4. En quoi les normes relatives \u00e0 l'extrusion d'aluminium profitent-elles aux industries ?<\/b><\/p>\n<p>En adh\u00e9rant \u00e0 ces normes, les industries peuvent s'assurer que les composants qu'elles utilisent r\u00e9pondent \u00e0 des exigences de qualit\u00e9 rigoureuses, ce qui se traduit par des produits plus durables et plus fiables.<br \/>\n<\/p><br \/>\n<br \/>\n<p><b>5. les normes relatives \u00e0 l'extrusion d'aluminium conviennent-elles \u00e0 toutes les industries ?<\/b><\/p>\n<p>En effet, ces normes sont applicables \u00e0 un large \u00e9ventail d'industries, notamment l'automobile, la construction, l'\u00e9lectronique et la fabrication, ce qui garantit des composants en aluminium polyvalents et de haute qualit\u00e9.<br \/>\n<\/p><br \/>\n<br \/>\n<p><b>6. en quoi ces normes am\u00e9liorent-elles la qualit\u00e9 des extrusions d'aluminium ?<\/b><\/p>\n<p>Les normes relatives \u00e0 l'extrusion d'aluminium garantissent la pr\u00e9cision, la coh\u00e9rence et la durabilit\u00e9 du processus de fabrication, ce qui permet d'obtenir des produits de haute qualit\u00e9 r\u00e9pondant aux exigences de l'industrie.<br \/>\n<\/p><br \/>\n<br \/>\n<p><b>7) Quel est l'avantage d'utiliser les normes d'extrusion d'aluminium dans la production ?<\/b><\/p>\n<p>L'utilisation de ces normes dans la production permet de minimiser les d\u00e9fauts, d'assurer la compatibilit\u00e9 avec d'autres syst\u00e8mes et de garantir que les produits finaux fonctionnent de mani\u00e8re fiable dans les applications auxquelles ils sont destin\u00e9s.<br \/>\n<\/p><br \/><\/p>","protected":false},"featured_media":8313,"template":"","categories":[54],"class_list":["post-8314","product","type-product","status-publish","has-post-thumbnail","hentry","category-industrial-aluminum-profiles"],"meta_box":{"hilight_text_group":{"product_hilight_text":"<li>Compliant with international standards, ensuring high-quality and reliable aluminum extrusions.<\/li>\r\r\n<li>Offers a wide range of profiles for various industrial and commercial applications.<\/li>\r\r\n<li>Precise dimensional accuracy for easy integration into diverse systems and structures.<\/li>\r\r\n<li>Cost-effective solution for industries requiring high-performance and durable aluminum components.<\/li>\r\r\n<li>Flexible design options to meet specific application needs while adhering to quality standards.<\/li>","product_chanpin_blog":"<ul>\r\r\n<li><a href=\"https:\/\/sinoextrud.com\/t-slot-v-slot-differences\/\" target=\"_blank\">t slot vs v slot<\/a><\/li>\r\r\n<li><a href=\"https:\/\/sinoextrud.com\/what-is-4040-aluminium-extrud\/\" target=\"_blank\">4040 aluminium extrusion<\/a><\/li>\r\r\n<li><a href=\"https:\/\/sinoextrud.com\/what-is-4040-aluminium-extrud\/\" target=\"_blank\">aluminum extrusions for industrial racks<\/a><\/li>\r\r\n<li><a href=\"https:\/\/sinoextrud.com\/powder-coating-aluminium-process\/\" target=\"_blank\">powder coating aluminium<\/a><\/li>\r\r\n<li><a href=\"https:\/\/sinoextrud.com\/what-is-an-aluminium-strip-ceiling\/\" target=\"_blank\">aluminium strip ceiling<\/a><\/li>\r\r\n<li><a href=\"https:\/\/sinoextrud.com\/what-is-a-heat-sink\/\" target=\"_blank\">what is a heat sink<\/a><\/li>\r\r\n<\/ul>","product_chanpin_chanpin":"<li><a href=\"https:\/\/sinoextrud.com\/product\/aluminum-alloy-section\/\" target=\"_blank\">Aluminum Alloy Section<\/a><\/li>\r\n<li><a href=\"https:\/\/sinoextrud.com\/product\/aluminum-balustrade-handrail\/\" target=\"_blank\">Aluminum Balustrade Handrail<\/a><\/li>\r\n<li><a href=\"https:\/\/sinoextrud.com\/product\/aluminum-extruded-products\/\" target=\"_blank\">Aluminum Extruded Products<\/a><\/li>\r\n<li><a href=\"https:\/\/sinoextrud.com\/product\/aluminum-extrusion-channel-profiles\/\" target=\"_blank\">Aluminum Extrusion Channel Profiles<\/a><\/li>\r\n<li><a href=\"https:\/\/sinoextrud.com\/product\/aluminum-extrusion-standards\/\" target=\"_blank\">Aluminum Extrusion Standards<\/a><\/li>\r\n<li><a href=\"https:\/\/sinoextrud.com\/product\/aluminum-heat-sink\/\" target=\"_blank\">Aluminum Heat Sink<\/a><\/li>\r\n<li><a href=\"https:\/\/sinoextrud.com\/product\/aluminum-outdoor-enclose-heat-sinks\/\" target=\"_blank\">Aluminum outdoor enclose heat sinks<\/a><\/li>\r\n<li><a href=\"https:\/\/sinoextrud.com\/product\/aluminum-pipe-handrail\/\" target=\"_blank\">Aluminum Pipe Handrail<\/a><\/li>\r\n<li><a href=\"https:\/\/sinoextrud.com\/product\/aluminum-profile-clean-room-for-workshop-and-hospital\/\" target=\"_blank\">Aluminum Profile Clean Room for Workshop and Hospital<\/a><\/li>\r\n<li><a href=\"https:\/\/sinoextrud.com\/product\/perforation-aluminum-ceiling-system\/\" target=\"_blank\">Perforation Aluminum Ceiling System<\/a><\/li>\r\n<li><a href=\"https:\/\/sinoextrud.com\/product\/extruded-h-beam-aluminum-profile\/\" target=\"_blank\">Extruded H Beam Aluminum Profile<\/a><\/li>"},"feature_list":[]},"_links":{"self":[{"href":"https:\/\/sinoextrud.com\/fr\/wp-json\/wp\/v2\/product\/8314","targetHints":{"allow":["GET"]}}],"collection":[{"href":"https:\/\/sinoextrud.com\/fr\/wp-json\/wp\/v2\/product"}],"about":[{"href":"https:\/\/sinoextrud.com\/fr\/wp-json\/wp\/v2\/types\/product"}],"wp:featuredmedia":[{"embeddable":true,"href":"https:\/\/sinoextrud.com\/fr\/wp-json\/wp\/v2\/media\/8313"}],"wp:attachment":[{"href":"https:\/\/sinoextrud.com\/fr\/wp-json\/wp\/v2\/media?parent=8314"}],"wp:term":[{"taxonomy":"category","embeddable":true,"href":"https:\/\/sinoextrud.com\/fr\/wp-json\/wp\/v2\/categories?post=8314"}],"curies":[{"name":"wp","href":"https:\/\/api.w.org\/{rel}","templated":true}]}}