{"id":8312,"date":"2025-06-15T06:14:42","date_gmt":"2025-06-15T06:14:42","guid":{"rendered":"https:\/\/sinoextrud.com\/product\/aluminum-extrusion-channel-profiles\/"},"modified":"2025-06-24T06:23:33","modified_gmt":"2025-06-24T06:23:33","slug":"profiles-dextrusion-en-aluminium-5","status":"publish","type":"product","link":"https:\/\/sinoextrud.com\/fr\/product\/aluminum-extrusion-channel-profiles\/","title":{"rendered":"Profil\u00e9s d'extrusion en aluminium"},"content":{"rendered":"<h2>D\u00e9tails des produits<\/h2>\n<table class=\"custom-table\">\n<tbody>\n<tr>\n<td> Nom<\/td>\n<td> Profil\u00e9s d'extrusion en aluminium<\/td>\n<\/tr>\n<tr>\n<td> Marque<\/td>\n<td> Sinoextrud\/<\/td>\n<\/tr>\n<tr>\n<td> Cat\u00e9gorie<\/td>\n<td> Extrusion d'aluminium<\/td>\n<\/tr>\n<tr>\n<td> Mat\u00e9riau<\/td>\n<td> Alliage d'aluminium (6063, 6061, 6464, 6082), s\u00e9ries 1000 et 3000 disponibles<\/td>\n<\/tr>\n<tr>\n<td> Temp\u00e9rer<\/td>\n<td> T5-T8<\/td>\n<\/tr>\n<tr>\n<td> Longueur<\/td>\n<td> Selon le dessin<\/td>\n<\/tr>\n<tr>\n<td> Taille (mm)<\/td>\n<td> Diff\u00e9rentes tailles sont disponibles, le dessin du client est disponible<\/td>\n<\/tr>\n<tr>\n<td> Forme<\/td>\n<td> Canal \/ Personnalisation<\/td>\n<\/tr>\n<tr>\n<td> Traitement de surface<\/td>\n<td> Rev\u00eatement \u00e9lectrique ; finition en usine, anodisation, sablage, \u00e9lectrophor\u00e8se \u00e9galement disponible.<\/td>\n<\/tr>\n<tr>\n<td> Couleur<\/td>\n<td> Argent, noir, or, champagne, bronze, rouge, bleu et nous pouvons personnaliser les couleurs sur la base des \u00e9chantillons des clients.<\/td>\n<\/tr>\n<tr>\n<td> Garantie<\/td>\n<td> BV , TUV ,ISO<\/td>\n<\/tr>\n<tr>\n<td> Standard<\/td>\n<td> Qualit\u00e9 moyenne et \u00e9lev\u00e9e<\/td>\n<\/tr>\n<tr>\n<td> MOQ<\/td>\n<td> 200KGS pour chaque article<\/td>\n<\/tr>\n<tr>\n<td> De<\/td>\n<td> Guangdong, Chine<\/td>\n<\/tr>\n<tr>\n<td> Application<\/td>\n<td> Industrie, construction, d\u00e9coration<\/td>\n<\/tr>\n<tr>\n<td> Traitement en profondeur<\/td>\n<td> D\u00e9coupage, per\u00e7age, usinage, poin\u00e7onnage, pliage, taraudage, etc.<\/td>\n<\/tr>\n<tr>\n<td> Paquet<\/td>\n<td> Int\u00e9rieur avec film protecteur, plastique r\u00e9tractable ou mousse PE. Ext\u00e9rieur : bo\u00eete, carton, cadre en bois ou personnalisation.<\/td>\n<\/tr>\n<tr>\n<td> D\u00e9lai de livraison<\/td>\n<td> La mise au point du moule et la conformation de l'\u00e9chantillon prennent 12 \u00e0 18 jours, puis la production prend 25 \u00e0 30 jours apr\u00e8s r\u00e9ception de l'acompte de l'acheteur.<\/td>\n<\/tr>\n<tr>\n<td> Capacit\u00e9 du produit<\/td>\n<td> 15 000+ tonnes \/ mois<\/td>\n<\/tr>\n<\/tbody>\n<\/table>\n<h2>Notre base de production<\/h2>\n<h3>Panorama de l'usine<\/h3>\n<p><img decoding=\"async\" src=\"\/wp-content\/uploads\/factory-01.webp\"\/><\/p>\n<h3>Atelier de fabrication de barres d'aluminium<\/h3>\n<p><img decoding=\"async\" src=\"\/wp-content\/uploads\/factory-02.webp\"\/><\/p>\n<p><img decoding=\"async\" src=\"\/wp-content\/uploads\/factory-03.webp\"\/><\/p>\n<h3>Entrep\u00f4t de stockage des moules<\/h3>\n<p><img decoding=\"async\" src=\"\/wp-content\/uploads\/factory-04.webp\"\/><\/p>\n<h3>43 lignes d'extrusion d'aluminium (500 \u00e0 5500 tonnes)<\/h3>\n<p><img decoding=\"async\" src=\"\/wp-content\/uploads\/factory-05.webp\"\/><\/p>\n<p><img decoding=\"async\" src=\"\/wp-content\/uploads\/factory-06.webp\"\/><\/p>\n<p><img decoding=\"async\" src=\"\/wp-content\/uploads\/factory-07.webp\"\/><\/p>\n<h3>Atelier de peinture en poudre<\/h3>\n<p><img decoding=\"async\" src=\"\/wp-content\/uploads\/factory-09.webp\"\/><\/p>\n<h3>Atelier d'anodisation<\/h3>\n<p><img decoding=\"async\" src=\"\/wp-content\/uploads\/factory-10.webp\"\/><\/p>\n<h3>Atelier sur le traitement en profondeur<\/h3>\n<p><img decoding=\"async\" src=\"\/wp-content\/uploads\/factory-11.webp\"\/><\/p>\n<h3>Atelier d'usinage de pr\u00e9cision CNC<\/h3>\n<p><img decoding=\"async\" src=\"\/wp-content\/uploads\/factory-11.5.webp\"\/><\/p>\n<h3>Entrep\u00f4t de produits finis et d'exportation<\/h3>\n<p><img decoding=\"async\" src=\"\/wp-content\/uploads\/factory-12.webp\"\/><\/p>\n<p><img decoding=\"async\" src=\"\/wp-content\/uploads\/factory-13.webp\"\/><\/p>\n<p><img decoding=\"async\" src=\"\/wp-content\/uploads\/factory-14.webp\"\/><\/p>\n<h2>FAQ<\/h2>\n<p><p><b>1) Qu'est-ce qui fait que les profil\u00e9s d'extrusion en aluminium conviennent aux applications structurelles ? <\/b><\/p>\n<p> Les profil\u00e9s d'extrusion en aluminium sont solides, l\u00e9gers et r\u00e9sistants \u00e0 la corrosion, ce qui leur conf\u00e8re la durabilit\u00e9 et la polyvalence n\u00e9cessaires \u00e0 diverses utilisations structurelles.<br \/>\n<\/p><br \/>\n<br \/>\n<p><b>2. les profil\u00e9s d'extrusion en aluminium peuvent-ils \u00eatre personnalis\u00e9s ? <\/b><\/p>\n<p> Oui, ils peuvent \u00eatre personnalis\u00e9s en termes de taille, de longueur et de conception afin de r\u00e9pondre \u00e0 des exigences sp\u00e9cifiques pour diff\u00e9rentes applications.<br \/>\n<\/p><br \/>\n<br \/>\n<p><b>3. Quelle est la durabilit\u00e9 des profil\u00e9s de canaux d'extrusion en aluminium ? <\/b><\/p>\n<p> Ils sont tr\u00e8s durables, avec une excellente r\u00e9sistance \u00e0 la corrosion qui garantit des performances durables dans un large \u00e9ventail d'environnements.<br \/>\n<\/p><br \/>\n<br \/>\n<p><b>4.Quelles sont les industries qui b\u00e9n\u00e9ficient de l'utilisation des profil\u00e9s pour canaux d'extrusion en aluminium ? <\/b><\/p>\n<p> Ces profil\u00e9s sont largement utilis\u00e9s dans des secteurs tels que la construction, la fabrication, l'automobile et l'\u00e9lectronique pour les besoins de l'encadrement, du soutien et de la structure.<br \/>\n<\/p><br \/>\n<br \/>\n<p><b>5. les profil\u00e9s d'extrusion de canaux en aluminium sont-ils faciles \u00e0 utiliser ? <\/b><\/p>\n<p> Oui, ils sont faciles \u00e0 fabriquer, \u00e0 usiner et \u00e0 assembler, ce qui permet de r\u00e9duire les d\u00e9lais et les co\u00fbts de production.<br \/>\n<\/p><br \/>\n<br \/>\n<p><b>6. Comment les profil\u00e9s d'extrusion en aluminium am\u00e9liorent-ils l'efficacit\u00e9 des projets ? <\/b><\/p>\n<p> La facilit\u00e9 de fabrication et les options de personnalisation permettent un assemblage rapide et des conceptions sur mesure, ce qui am\u00e9liore l'efficacit\u00e9 des projets et r\u00e9duit les d\u00e9lais d'ex\u00e9cution.<br \/>\n<\/p><br \/>\n<br \/>\n<p><b>7. les profil\u00e9s d'extrusion en aluminium sont-ils respectueux de l'environnement ? <\/b><\/p>\n<p> Oui, l'aluminium est un mat\u00e9riau enti\u00e8rement recyclable, ce qui fait de ces profil\u00e9s une solution \u00e9cologique pour diverses applications industrielles.<br \/>\n<\/p><br \/><\/p>","protected":false},"featured_media":8311,"template":"","categories":[54],"class_list":["post-8312","product","type-product","status-publish","has-post-thumbnail","hentry","category-industrial-aluminum-profiles"],"meta_box":{"hilight_text_group":{"product_hilight_text":"<ul>\r\r\n  <li>Durable aluminum extrusion channel profiles suitable for various structural applications<\/li>\r\r\n  <li>Lightweight yet strong, offering a balance of performance and weight savings<\/li>\r\r\n  <li>Corrosion-resistant, ensuring long-lasting reliability in different environments<\/li>\r\r\n  <li>Customizable sizes and designs to meet specific project requirements<\/li>\r\r\n  <li>Excellent for use in framing, support structures, and enclosures<\/li>\r\r\n  <li>Easy to fabricate, machine, and assemble, reducing production costs and time<\/li>\r\r\n  <li>Environmentally friendly, as aluminum is fully recyclable<\/li>\r\r\n<\/ul>","product_chanpin_blog":"<ul>\r\r\n<li><a href=\"https:\/\/sinoextrud.com\/t-slot-v-slot-differences\/\" target=\"_blank\">t slot vs v slot<\/a><\/li>\r\r\n<li><a href=\"https:\/\/sinoextrud.com\/what-is-4040-aluminium-extrud\/\" target=\"_blank\">4040 aluminium extrusion<\/a><\/li>\r\r\n<li><a href=\"https:\/\/sinoextrud.com\/what-is-4040-aluminium-extrud\/\" target=\"_blank\">aluminum extrusions for industrial racks<\/a><\/li>\r\r\n<li><a href=\"https:\/\/sinoextrud.com\/powder-coating-aluminium-process\/\" target=\"_blank\">powder coating aluminium<\/a><\/li>\r\r\n<li><a href=\"https:\/\/sinoextrud.com\/what-is-an-aluminium-strip-ceiling\/\" target=\"_blank\">aluminium strip ceiling<\/a><\/li>\r\r\n<li><a href=\"https:\/\/sinoextrud.com\/what-is-a-heat-sink\/\" target=\"_blank\">what is a heat sink<\/a><\/li>\r\r\n<\/ul>","product_chanpin_chanpin":"<li><a href=\"https:\/\/sinoextrud.com\/product\/aluminium-seamless-pipe\/\" target=\"_blank\">Aluminium Seamless Pipe<\/a><\/li>\r\n<li><a href=\"https:\/\/sinoextrud.com\/product\/aluminum-alloy-section\/\" target=\"_blank\">Aluminum Alloy Section<\/a><\/li>\r\n<li><a href=\"https:\/\/sinoextrud.com\/product\/aluminum-balustrade-handrail\/\" target=\"_blank\">Aluminum Balustrade Handrail<\/a><\/li>\r\n<li><a href=\"https:\/\/sinoextrud.com\/product\/aluminum-extruded-products\/\" target=\"_blank\">Aluminum Extruded Products<\/a><\/li>\r\n<li><a href=\"https:\/\/sinoextrud.com\/product\/aluminum-extrusion-channel-profiles\/\" target=\"_blank\">Aluminum Extrusion Channel Profiles<\/a><\/li>\r\n<li><a href=\"https:\/\/sinoextrud.com\/product\/aluminum-extrusion-standards\/\" target=\"_blank\">Aluminum Extrusion Standards<\/a><\/li>\r\n<li><a href=\"https:\/\/sinoextrud.com\/product\/aluminum-heat-sink\/\" target=\"_blank\">Aluminum Heat Sink<\/a><\/li>\r\n<li><a href=\"https:\/\/sinoextrud.com\/product\/aluminum-outdoor-enclose-heat-sinks\/\" target=\"_blank\">Aluminum outdoor enclose heat sinks<\/a><\/li>\r\n<li><a href=\"https:\/\/sinoextrud.com\/product\/aluminum-pipe-handrail\/\" target=\"_blank\">Aluminum Pipe Handrail<\/a><\/li>\r\n<li><a href=\"https:\/\/sinoextrud.com\/product\/aerospace-aluminum-extrusions\/\" target=\"_blank\">Aerospace Aluminum Extrusions<\/a><\/li>\r\n<li><a href=\"https:\/\/sinoextrud.com\/product\/aluminium-extrusion-bar-outdoor-power-aluminum-case\/\" target=\"_blank\">Aluminium Extrusion Bar Outdoor Power Aluminum Case<\/a><\/li>"},"feature_list":[]},"_links":{"self":[{"href":"https:\/\/sinoextrud.com\/fr\/wp-json\/wp\/v2\/product\/8312","targetHints":{"allow":["GET"]}}],"collection":[{"href":"https:\/\/sinoextrud.com\/fr\/wp-json\/wp\/v2\/product"}],"about":[{"href":"https:\/\/sinoextrud.com\/fr\/wp-json\/wp\/v2\/types\/product"}],"wp:featuredmedia":[{"embeddable":true,"href":"https:\/\/sinoextrud.com\/fr\/wp-json\/wp\/v2\/media\/8311"}],"wp:attachment":[{"href":"https:\/\/sinoextrud.com\/fr\/wp-json\/wp\/v2\/media?parent=8312"}],"wp:term":[{"taxonomy":"category","embeddable":true,"href":"https:\/\/sinoextrud.com\/fr\/wp-json\/wp\/v2\/categories?post=8312"}],"curies":[{"name":"wp","href":"https:\/\/api.w.org\/{rel}","templated":true}]}}