{"id":8310,"date":"2025-06-15T06:13:33","date_gmt":"2025-06-15T06:13:33","guid":{"rendered":"https:\/\/sinoextrud.com\/product\/aluminum-extruded-products\/"},"modified":"2025-06-24T06:23:33","modified_gmt":"2025-06-24T06:23:33","slug":"produits-extrudes-en-aluminium-2","status":"publish","type":"product","link":"https:\/\/sinoextrud.com\/fr\/product\/aluminum-extruded-products\/","title":{"rendered":"Produits extrud\u00e9s en aluminium"},"content":{"rendered":"<h2>D\u00e9tails des produits<\/h2>\n<table class=\"custom-table\">\n<tr>\n<td class=\"label\">Mod\u00e8le NO :<\/td>\n<td> 6063 T5 T6<\/td>\n<\/tr>\n<tr>\n<td class=\"label\">Application :<\/td>\n<td> Dissipateur thermique<\/td>\n<\/tr>\n<tr>\n<td class=\"label\">Grade :<\/td>\n<td> S\u00e9rie 6000<\/td>\n<\/tr>\n<tr>\n<td class=\"label\">Technique :<\/td>\n<td> Extrud\u00e9<\/td>\n<\/tr>\n<tr>\n<td class=\"label\">Temp\u00e9rer :<\/td>\n<td> T3 - T8<\/td>\n<\/tr>\n<tr>\n<td class=\"label\">Maximum Od :<\/td>\n<td> 250mm<\/td>\n<\/tr>\n<tr>\n<td class=\"label\">Surface disponible :<\/td>\n<td> Finition en usine, rev\u00eatement par poudre<\/td>\n<\/tr>\n<tr>\n<td class=\"label\">Sp\u00e9cification :<\/td>\n<td> GB\/T, ISO et SGS<\/td>\n<\/tr>\n<tr>\n<td class=\"label\">Code HS :<\/td>\n<td> 76042990<\/td>\n<\/tr>\n<tr>\n<td class=\"label\">Type :<\/td>\n<td> Profil\u00e9s en aluminium<\/td>\n<\/tr>\n<tr>\n<td class=\"label\">Forme :<\/td>\n<td> Sur la base de dessins sp\u00e9cifiques<\/td>\n<\/tr>\n<tr>\n<td class=\"label\">Traitement de surface :<\/td>\n<td> Oxyd\u00e9<\/td>\n<\/tr>\n<tr>\n<td class=\"label\">Alliage :<\/td>\n<td> Alliage<\/td>\n<\/tr>\n<tr>\n<td class=\"label\">Certification :<\/td>\n<td> GB\/T, ISO, SGS<\/td>\n<\/tr>\n<tr>\n<td class=\"label\">\u00c9paisseur minimale de la paroi :<\/td>\n<td> 1mm<\/td>\n<\/tr>\n<tr>\n<td class=\"label\">Marque d\u00e9pos\u00e9e :<\/td>\n<td> Sinoextrud<\/td>\n<\/tr>\n<tr>\n<td class=\"label\">Origine :<\/td>\n<td> Guangdong, Chine<\/td>\n<\/tr>\n<\/table>\n<h2>Notre base de production<\/h2>\n<h3>Panorama de l'usine<\/h3>\n<p><img decoding=\"async\" src=\"\/wp-content\/uploads\/factory-01.webp\"\/><\/p>\n<h3>Atelier de fabrication de barres d'aluminium<\/h3>\n<p><img decoding=\"async\" src=\"\/wp-content\/uploads\/factory-02.webp\"\/><\/p>\n<p><img decoding=\"async\" src=\"\/wp-content\/uploads\/factory-03.webp\"\/><\/p>\n<h3>Entrep\u00f4t de stockage des moules<\/h3>\n<p><img decoding=\"async\" src=\"\/wp-content\/uploads\/factory-04.webp\"\/><\/p>\n<h3>43 lignes d'extrusion d'aluminium (500 \u00e0 5500 tonnes)<\/h3>\n<p><img decoding=\"async\" src=\"\/wp-content\/uploads\/factory-05.webp\"\/><\/p>\n<p><img decoding=\"async\" src=\"\/wp-content\/uploads\/factory-06.webp\"\/><\/p>\n<p><img decoding=\"async\" src=\"\/wp-content\/uploads\/factory-07.webp\"\/><\/p>\n<h3>Atelier de peinture en poudre<\/h3>\n<p><img decoding=\"async\" src=\"\/wp-content\/uploads\/factory-09.webp\"\/><\/p>\n<h3>Atelier d'anodisation<\/h3>\n<p><img decoding=\"async\" src=\"\/wp-content\/uploads\/factory-10.webp\"\/><\/p>\n<h3>Atelier sur le traitement en profondeur<\/h3>\n<p><img decoding=\"async\" src=\"\/wp-content\/uploads\/factory-11.webp\"\/><\/p>\n<h3>Atelier d'usinage de pr\u00e9cision CNC<\/h3>\n<p><img decoding=\"async\" src=\"\/wp-content\/uploads\/factory-11.5.webp\"\/><\/p>\n<h3>Entrep\u00f4t de produits finis et d'exportation<\/h3>\n<p><img decoding=\"async\" src=\"\/wp-content\/uploads\/factory-12.webp\"\/><\/p>\n<p><img decoding=\"async\" src=\"\/wp-content\/uploads\/factory-13.webp\"\/><\/p>\n<p><img decoding=\"async\" src=\"\/wp-content\/uploads\/factory-14.webp\"\/><\/p>\n<h2>FAQ<\/h2>\n<p><p><b>1) Quels sont les principaux avantages des produits extrud\u00e9s en aluminium ?<\/b><\/p>\n<p>Les produits extrud\u00e9s en aluminium offrent un rapport poids\/r\u00e9sistance \u00e9lev\u00e9, une r\u00e9sistance \u00e0 la corrosion et une grande souplesse de conception, ce qui les rend adapt\u00e9s \u00e0 diverses industries telles que la construction et l'automobile.<br \/>\n<\/p><br \/>\n<br \/>\n<p><b>2) Quelles sont les industries qui b\u00e9n\u00e9ficient des produits extrud\u00e9s en aluminium ?<\/b><\/p>\n<p>Les produits extrud\u00e9s en aluminium sont largement utilis\u00e9s dans les secteurs de l'automobile, de la construction, de l'\u00e9lectronique, de l'a\u00e9rospatiale et d'autres industries manufacturi\u00e8res en raison de leur polyvalence et de leur durabilit\u00e9.<br \/>\n<\/p><br \/>\n<br \/>\n<p><b>3. En quoi l'extrusion d'aluminium permet-elle d'am\u00e9liorer la flexibilit\u00e9 de la conception ?<\/b><\/p>\n<p>L'extrusion d'aluminium permet de cr\u00e9er des profils complexes qui r\u00e9pondent \u00e0 des exigences de conception sp\u00e9cifiques, offrant ainsi une plus grande flexibilit\u00e9 par rapport \u00e0 d'autres mat\u00e9riaux.<br \/>\n<\/p><br \/>\n<br \/>\n<p><b>4. les produits extrud\u00e9s en aluminium sont-ils efficaces sur le plan \u00e9nerg\u00e9tique ?<\/b><\/p>\n<p>Oui, le processus de production des extrusions d'aluminium est \u00e9conome en \u00e9nergie, ce qui permet de minimiser l'empreinte environnementale tout en fournissant des produits de haute qualit\u00e9.<br \/>\n<\/p><br \/>\n<br \/>\n<p><b>5. l'extrusion d'aluminium est-elle respectueuse de l'environnement ?<\/b><\/p>\n<p>Les produits extrud\u00e9s en aluminium sont enti\u00e8rement recyclables, ce qui favorise le d\u00e9veloppement durable et la r\u00e9duction des d\u00e9chets de fabrication.<br \/>\n<\/p><br \/>\n<br \/>\n<p><b>6. Quelles sont les performances des produits extrud\u00e9s en aluminium dans les environnements difficiles ?<\/b><\/p>\n<p>Gr\u00e2ce \u00e0 leur r\u00e9sistance \u00e0 la corrosion, les produits extrud\u00e9s en aluminium conservent des performances \u00e9lev\u00e9es m\u00eame dans des environnements difficiles, tels que les milieux marins ou industriels.<br \/>\n<\/p><br \/>\n<br \/>\n<p><b>7. les produits extrud\u00e9s en aluminium peuvent-ils \u00eatre personnalis\u00e9s pour des applications sp\u00e9cifiques ?<\/b><\/p>\n<p>Oui, les extrusions d'aluminium peuvent \u00eatre facilement personnalis\u00e9es pour r\u00e9pondre aux sp\u00e9cifications et exigences uniques de diverses applications, qu'elles soient structurelles ou d\u00e9coratives.<br \/>\n<\/p><br \/>\n<br \/>\n<p><b>8. Qu'est-ce qui rend les extrusions d'aluminium durables ?<\/b><\/p>\n<p>Les produits extrud\u00e9s en aluminium sont r\u00e9put\u00e9s pour leur robustesse et leur capacit\u00e9 \u00e0 r\u00e9sister aux contraintes environnementales, ce qui leur conf\u00e8re des performances et une fiabilit\u00e9 \u00e0 long terme.<br \/>\n<\/p><br \/><\/p>","protected":false},"featured_media":8309,"template":"","categories":[54],"class_list":["post-8310","product","type-product","status-publish","has-post-thumbnail","hentry","category-industrial-aluminum-profiles"],"meta_box":{"hilight_text_group":{"product_hilight_text":"<li>High strength-to-weight ratio, making aluminum extrusions ideal for structural applications.<\/li>\r\r\n<li>Corrosion-resistant, ensuring long-lasting durability in various environments.<\/li>\r\r\n<li>Customizable profiles for diverse design flexibility and specific customer needs.<\/li>\r\r\n<li>Lightweight yet sturdy, reducing transportation costs and improving handling efficiency.<\/li>\r\r\n<li>Energy-efficient production process, reducing environmental impact.<\/li>\r\r\n<li>Excellent thermal and electrical conductivity, ideal for heat sinks and electrical components.<\/li>\r\r\n<li>Highly versatile, suitable for a wide range of industries, including automotive, construction, and electronics.<\/li>\r\r\n<li>Recyclable, contributing to sustainability and reducing waste.<\/li>","product_chanpin_blog":"<ul>\r\r\n<li><a href=\"https:\/\/sinoextrud.com\/t-slot-v-slot-differences\/\" target=\"_blank\">t slot vs v slot<\/a><\/li>\r\r\n<li><a href=\"https:\/\/sinoextrud.com\/what-is-4040-aluminium-extrud\/\" target=\"_blank\">4040 aluminium extrusion<\/a><\/li>\r\r\n<li><a href=\"https:\/\/sinoextrud.com\/what-is-4040-aluminium-extrud\/\" target=\"_blank\">aluminum extrusions for industrial racks<\/a><\/li>\r\r\n<li><a href=\"https:\/\/sinoextrud.com\/powder-coating-aluminium-process\/\" target=\"_blank\">powder coating aluminium<\/a><\/li>\r\r\n<li><a href=\"https:\/\/sinoextrud.com\/what-is-an-aluminium-strip-ceiling\/\" target=\"_blank\">aluminium strip ceiling<\/a><\/li>\r\r\n<li><a href=\"https:\/\/sinoextrud.com\/what-is-a-heat-sink\/\" target=\"_blank\">what is a heat sink<\/a><\/li>\r\r\n<\/ul>","product_chanpin_chanpin":"<li><a href=\"https:\/\/sinoextrud.com\/product\/aluminium-roof-rack-extrusions\/\" target=\"_blank\">Aluminium Roof Rack Extrusions<\/a><\/li>\r\n<li><a href=\"https:\/\/sinoextrud.com\/product\/aluminium-seamless-pipe\/\" target=\"_blank\">Aluminium Seamless Pipe<\/a><\/li>\r\n<li><a href=\"https:\/\/sinoextrud.com\/product\/aluminum-alloy-section\/\" target=\"_blank\">Aluminum Alloy Section<\/a><\/li>\r\n<li><a href=\"https:\/\/sinoextrud.com\/product\/aluminum-balustrade-handrail\/\" target=\"_blank\">Aluminum Balustrade Handrail<\/a><\/li>\r\n<li><a href=\"https:\/\/sinoextrud.com\/product\/aluminum-extruded-products\/\" target=\"_blank\">Aluminum Extruded Products<\/a><\/li>\r\n<li><a href=\"https:\/\/sinoextrud.com\/product\/aluminum-extrusion-channel-profiles\/\" target=\"_blank\">Aluminum Extrusion Channel Profiles<\/a><\/li>\r\n<li><a href=\"https:\/\/sinoextrud.com\/product\/aluminum-extrusion-standards\/\" target=\"_blank\">Aluminum Extrusion Standards<\/a><\/li>\r\n<li><a href=\"https:\/\/sinoextrud.com\/product\/aluminum-heat-sink\/\" target=\"_blank\">Aluminum Heat Sink<\/a><\/li>\r\n<li><a href=\"https:\/\/sinoextrud.com\/product\/aluminum-outdoor-enclose-heat-sinks\/\" target=\"_blank\">Aluminum outdoor enclose heat sinks<\/a><\/li>\r\n<li><a href=\"https:\/\/sinoextrud.com\/product\/led-strip-aluminum-profile\/\" target=\"_blank\">Led Strip Aluminum Profile<\/a><\/li>\r\n<li><a href=\"https:\/\/sinoextrud.com\/product\/aluminum-t-slot-table\/\" target=\"_blank\">Aluminum T Slot Table<\/a><\/li>"},"feature_list":[]},"_links":{"self":[{"href":"https:\/\/sinoextrud.com\/fr\/wp-json\/wp\/v2\/product\/8310","targetHints":{"allow":["GET"]}}],"collection":[{"href":"https:\/\/sinoextrud.com\/fr\/wp-json\/wp\/v2\/product"}],"about":[{"href":"https:\/\/sinoextrud.com\/fr\/wp-json\/wp\/v2\/types\/product"}],"wp:featuredmedia":[{"embeddable":true,"href":"https:\/\/sinoextrud.com\/fr\/wp-json\/wp\/v2\/media\/8309"}],"wp:attachment":[{"href":"https:\/\/sinoextrud.com\/fr\/wp-json\/wp\/v2\/media?parent=8310"}],"wp:term":[{"taxonomy":"category","embeddable":true,"href":"https:\/\/sinoextrud.com\/fr\/wp-json\/wp\/v2\/categories?post=8310"}],"curies":[{"name":"wp","href":"https:\/\/api.w.org\/{rel}","templated":true}]}}