{"id":8304,"date":"2025-06-15T06:06:50","date_gmt":"2025-06-15T06:06:50","guid":{"rendered":"https:\/\/sinoextrud.com\/product\/aluminium-seamless-pipe\/"},"modified":"2025-06-24T06:23:32","modified_gmt":"2025-06-24T06:23:32","slug":"tube-sans-soudure-en-aluminium","status":"publish","type":"product","link":"https:\/\/sinoextrud.com\/fr\/product\/aluminium-seamless-pipe\/","title":{"rendered":"Tube sans soudure en aluminium"},"content":{"rendered":"<h2>D\u00e9tails des produits<\/h2>\n<table class=\"custom-table\">\n<tr>\n<td class=\"label\">Objet<\/td>\n<td>Tube sans soudure en aluminium<\/td>\n<\/tr>\n<tr>\n<td class=\"label\">Mat\u00e9riau<\/td>\n<td>Aluminium s\u00e9rie 6000 (6063, 6061, 6463, 6082)<\/td>\n<\/tr>\n<tr>\n<td class=\"label\">Temp\u00e9rer<\/td>\n<td>T4, T5, T6<\/td>\n<\/tr>\n<tr>\n<td class=\"label\">Taille \/ Epaisseur<\/td>\n<td>Profil\u00e9s g\u00e9n\u00e9raux d'une \u00e9paisseur de 0,8 \u00e0 5,0 mm ou personnalis\u00e9s, d'une longueur de 1 m \u00e0 9 m ou personnalis\u00e9s ;<br \/>\n\u00c9paisseur du film de protection anodique de 8~20 um, rev\u00eatement par poudre de 40 ~ 120 um.<\/td>\n<\/tr>\n<tr>\n<td class=\"label\">Forme<\/td>\n<td>carr\u00e9, rond, rectangulaire, triangle, etc. ou personnalis\u00e9<\/td>\n<\/tr>\n<tr>\n<td class=\"label\">Application<\/td>\n<td>Dans l'ameublement, les fen\u00eatres et les portes, la d\u00e9coration, l'industrie, la construction, etc.<\/td>\n<\/tr>\n<tr>\n<td class=\"label\">Traitement de surface<\/td>\n<td>rev\u00eatement en poudre, PVDF, anodisation, grain de bois, \u00e9lectrophor\u00e8se, brossage, polissage, etc.<\/td>\n<\/tr>\n<tr>\n<td class=\"label\">Couleurs<\/td>\n<td>Feuille de couleur du rev\u00eatement en poudre Ref et couleurs personnalis\u00e9es disponibles<\/td>\n<\/tr>\n<tr>\n<td class=\"label\">Processus en profondeur<\/td>\n<td>CNC, per\u00e7age, fraisage, d\u00e9coupage, soudage, pliage, assemblage<\/td>\n<\/tr>\n<tr>\n<td class=\"label\">MOQ<\/td>\n<td>200KG pour chaque article<\/td>\n<\/tr>\n<tr>\n<td class=\"label\">D\u00e9tails de l'emballage<\/td>\n<td>(1) A l'int\u00e9rieur : emball\u00e9 dans un film ou un sac de protection en plastique.<\/td>\n<\/tr>\n<tr>\n<td class=\"label\"><\/td>\n<td>(2) A l'ext\u00e9rieur : Envelopper les fagots avec du papier artisanal imperm\u00e9able.<\/td>\n<\/tr>\n<tr>\n<td class=\"label\">D\u00e9lai de livraison<\/td>\n<td>(1) D\u00e9veloppement de la matrice et test de l'\u00e9chantillon : 10-15 jours<\/td>\n<\/tr>\n<tr>\n<td class=\"label\"><\/td>\n<td>(2) Production en s\u00e9rie termin\u00e9e : 20-30 jours apr\u00e8s confirmation de l'\u00e9chantillon par l'acheteur.<\/td>\n<\/tr>\n<tr>\n<td class=\"label\">Port FOB<\/td>\n<td>Guangzhou, Foshan, Shenzhen<\/td>\n<\/tr>\n<tr>\n<td class=\"label\">conditions de paiement<\/td>\n<td>T\/T, L\/C<\/td>\n<\/tr>\n<tr>\n<td class=\"label\">d\u00e9lai de r\u00e8glement<\/td>\n<td>Facturation par le poids r\u00e9el final ou par le poids th\u00e9orique du dessin<\/td>\n<\/tr>\n<tr>\n<td class=\"label\">Traitement<\/td>\n<td>Demande - \u00c9chantillon ou dessin CAO (fourni par le client) - Dessin CAO (notre soci\u00e9t\u00e9) - Confirmation du dessin - Fabrication du moule - Conformation de l'\u00e9chantillon - Production en s\u00e9rie - Inspection - Livraison\uff0c<\/td>\n<\/tr>\n<tr>\n<td class=\"label\">Certification disponible :<\/td>\n<td>ISO:9001, SONCAP, certificat BV ou certificat du client disponible<\/td>\n<\/tr>\n<\/table>\n<h2>Notre base de production<\/h2>\n<h3>Panorama de l'usine<\/h3>\n<p><img decoding=\"async\" src=\"\/wp-content\/uploads\/factory-01.webp\"\/><\/p>\n<h3>Atelier de fabrication de barres d'aluminium<\/h3>\n<p><img decoding=\"async\" src=\"\/wp-content\/uploads\/factory-02.webp\"\/><\/p>\n<p><img decoding=\"async\" src=\"\/wp-content\/uploads\/factory-03.webp\"\/><\/p>\n<h3>Entrep\u00f4t de stockage des moules<\/h3>\n<p><img decoding=\"async\" src=\"\/wp-content\/uploads\/factory-04.webp\"\/><\/p>\n<h3>43 lignes d'extrusion d'aluminium (500-5500 tonnes)<\/h3>\n<p><img decoding=\"async\" src=\"\/wp-content\/uploads\/factory-05.webp\"\/><\/p>\n<p><img decoding=\"async\" src=\"\/wp-content\/uploads\/factory-06.webp\"\/><\/p>\n<p><img decoding=\"async\" src=\"\/wp-content\/uploads\/factory-07.webp\"\/><\/p>\n<h3>Atelier de peinture en poudre<\/h3>\n<p><img decoding=\"async\" src=\"\/wp-content\/uploads\/factory-09.webp\"\/><\/p>\n<h3>Atelier d'anodisation<\/h3>\n<p><img decoding=\"async\" src=\"\/wp-content\/uploads\/factory-10.webp\"\/><\/p>\n<h3>Atelier sur le traitement en profondeur<\/h3>\n<p><img decoding=\"async\" src=\"\/wp-content\/uploads\/factory-11.webp\"\/><\/p>\n<h3>Atelier d'usinage de pr\u00e9cision CNC<\/h3>\n<p><img decoding=\"async\" src=\"\/wp-content\/uploads\/factory-11.5.webp\"\/><\/p>\n<h3>Entrep\u00f4t de produits finis et d'exportation<\/h3>\n<p><img decoding=\"async\" src=\"\/wp-content\/uploads\/factory-12.webp\"\/><\/p>\n<p><img decoding=\"async\" src=\"\/wp-content\/uploads\/factory-13.webp\"\/><\/p>\n<p><img decoding=\"async\" src=\"\/wp-content\/uploads\/factory-14.webp\"\/><\/p>\n<h2>FAQ<\/h2>\n<p><p><b>1) Quels sont les avantages des tubes en aluminium sans soudure ?<\/b><\/p>\n<p>Les tubes sans soudure en aluminium offrent une solidit\u00e9, une durabilit\u00e9, une r\u00e9sistance \u00e0 la corrosion et une polyvalence \u00e9lev\u00e9es, ce qui les rend id\u00e9aux pour une large gamme d'applications industrielles et de transfert de fluides.<br \/>\n<\/p><br \/>\n<br \/>\n<p><b>2. En quoi la construction sans soudure am\u00e9liore-t-elle la performance du tube ?<\/b><\/p>\n<p>La construction sans soudure assure une r\u00e9sistance uniforme et \u00e9vite les points faibles, ce qui am\u00e9liore la durabilit\u00e9 et la fiabilit\u00e9 dans les environnements \u00e0 haute pression.<br \/>\n<\/p><br \/>\n<br \/>\n<p><b>3) Quel est le mat\u00e9riau utilis\u00e9 pour les tubes en aluminium sans soudure ?<\/b><\/p>\n<p>Ils sont fabriqu\u00e9s en aluminium de haute qualit\u00e9, ce qui leur conf\u00e8re solidit\u00e9, l\u00e9g\u00e8ret\u00e9 et r\u00e9sistance \u00e0 la corrosion pour des performances \u00e0 long terme.<br \/>\n<\/p><br \/>\n<br \/>\n<p><b>4. Les tubes en aluminium sans soudure peuvent-ils \u00eatre personnalis\u00e9s ?<\/b><\/p>\n<p>Oui, ils sont disponibles dans des tailles et des longueurs personnalisables pour r\u00e9pondre aux besoins sp\u00e9cifiques de diverses applications, offrant ainsi une grande souplesse de conception et d'utilisation.<br \/>\n<\/p><br \/>\n<br \/>\n<p><b>5. Quelle est la r\u00e9sistance \u00e0 la corrosion des tubes en aluminium sans soudure ?<\/b><\/p>\n<p>L'aluminium est naturellement r\u00e9sistant \u00e0 la corrosion, ce qui garantit que les tuyaux conservent leur r\u00e9sistance et leurs performances m\u00eame dans des environnements ext\u00e9rieurs et industriels difficiles.<br \/>\n<\/p><br \/>\n<br \/>\n<p><b>6. Quelles sont les industries qui utilisent les tubes sans soudure en aluminium ?<\/b><\/p>\n<p>Ils sont utilis\u00e9s dans des secteurs tels que la construction, l'automobile, l'a\u00e9rospatiale et les syst\u00e8mes de transfert de fluides, o\u00f9 la solidit\u00e9, la r\u00e9sistance \u00e0 la corrosion et la flexibilit\u00e9 sont essentielles.<br \/>\n<\/p><br \/>\n<br \/>\n<p><b>7. Quel est le rapport co\u00fbt-efficacit\u00e9 des tubes sans soudure en aluminium ?<\/b><\/p>\n<p>Ils offrent une solution rentable en raison de leur durabilit\u00e9, de leur l\u00e9g\u00e8ret\u00e9 et de la r\u00e9duction des besoins d'entretien, ce qui permet de r\u00e9duire les co\u00fbts op\u00e9rationnels globaux dans diverses industries.<br \/>\n<\/p><br \/><\/p>","protected":false},"featured_media":8303,"template":"","categories":[54],"class_list":["post-8304","product","type-product","status-publish","has-post-thumbnail","hentry","category-industrial-aluminum-profiles"],"meta_box":{"hilight_text_group":{"product_hilight_text":"<li>High-strength, seamless construction, offering superior durability and reliability in various industrial applications.<\/li>\r\r\n<li>Lightweight yet strong aluminum material, making it easy to handle, transport, and install.<\/li>\r\r\n<li>Corrosion-resistant, ensuring long-lasting performance in both indoor and outdoor environments.<\/li>\r\r\n<li>Versatile, ideal for applications in construction, automotive, aerospace, and fluid transfer systems.<\/li>\r\r\n<li>Customizable sizes and lengths, providing flexible solutions for different project requirements.<\/li>","product_chanpin_blog":"<ul>\r\r\n<li><a href=\"https:\/\/sinoextrud.com\/t-slot-v-slot-differences\/\" target=\"_blank\">t slot vs v slot<\/a><\/li>\r\r\n<li><a href=\"https:\/\/sinoextrud.com\/what-is-4040-aluminium-extrud\/\" target=\"_blank\">4040 aluminium extrusion<\/a><\/li>\r\r\n<li><a href=\"https:\/\/sinoextrud.com\/what-is-4040-aluminium-extrud\/\" target=\"_blank\">aluminum extrusions for industrial racks<\/a><\/li>\r\r\n<li><a href=\"https:\/\/sinoextrud.com\/powder-coating-aluminium-process\/\" target=\"_blank\">powder coating aluminium<\/a><\/li>\r\r\n<li><a href=\"https:\/\/sinoextrud.com\/what-is-an-aluminium-strip-ceiling\/\" target=\"_blank\">aluminium strip ceiling<\/a><\/li>\r\r\n<li><a href=\"https:\/\/sinoextrud.com\/what-is-a-heat-sink\/\" target=\"_blank\">what is a heat sink<\/a><\/li>\r\r\n<\/ul>","product_chanpin_chanpin":"<li><a href=\"https:\/\/sinoextrud.com\/product\/aluminium-profile-case\/\" target=\"_blank\">Aluminium Profile Case<\/a><\/li>\r\n<li><a href=\"https:\/\/sinoextrud.com\/product\/aluminium-profile-for-clean-room\/\" target=\"_blank\">Aluminium Profile For Clean Room<\/a><\/li>\r\n<li><a href=\"https:\/\/sinoextrud.com\/product\/aluminium-profile-workbench\/\" target=\"_blank\">Aluminium Profile Workbench<\/a><\/li>\r\n<li><a href=\"https:\/\/sinoextrud.com\/product\/aluminium-roof-rack-extrusions\/\" target=\"_blank\">Aluminium Roof Rack Extrusions<\/a><\/li>\r\n<li><a href=\"https:\/\/sinoextrud.com\/product\/aluminium-seamless-pipe\/\" target=\"_blank\">Aluminium Seamless Pipe<\/a><\/li>\r\n<li><a href=\"https:\/\/sinoextrud.com\/product\/aluminum-alloy-section\/\" target=\"_blank\">Aluminum Alloy Section<\/a><\/li>\r\n<li><a href=\"https:\/\/sinoextrud.com\/product\/aluminum-balustrade-handrail\/\" target=\"_blank\">Aluminum Balustrade Handrail<\/a><\/li>\r\n<li><a href=\"https:\/\/sinoextrud.com\/product\/aluminum-extruded-products\/\" target=\"_blank\">Aluminum Extruded Products<\/a><\/li>\r\n<li><a href=\"https:\/\/sinoextrud.com\/product\/aluminum-extrusion-channel-profiles\/\" target=\"_blank\">Aluminum Extrusion Channel Profiles<\/a><\/li>\r\n<li><a href=\"https:\/\/sinoextrud.com\/product\/aluminum-profiles-partition\/\" target=\"_blank\">Aluminum Profiles Partition<\/a><\/li>\r\n<li><a href=\"https:\/\/sinoextrud.com\/product\/aluminum-extruded-profile-f-channel\/\" target=\"_blank\">Aluminum Extruded Profile F Channel<\/a><\/li>"},"feature_list":[]},"_links":{"self":[{"href":"https:\/\/sinoextrud.com\/fr\/wp-json\/wp\/v2\/product\/8304","targetHints":{"allow":["GET"]}}],"collection":[{"href":"https:\/\/sinoextrud.com\/fr\/wp-json\/wp\/v2\/product"}],"about":[{"href":"https:\/\/sinoextrud.com\/fr\/wp-json\/wp\/v2\/types\/product"}],"wp:featuredmedia":[{"embeddable":true,"href":"https:\/\/sinoextrud.com\/fr\/wp-json\/wp\/v2\/media\/8303"}],"wp:attachment":[{"href":"https:\/\/sinoextrud.com\/fr\/wp-json\/wp\/v2\/media?parent=8304"}],"wp:term":[{"taxonomy":"category","embeddable":true,"href":"https:\/\/sinoextrud.com\/fr\/wp-json\/wp\/v2\/categories?post=8304"}],"curies":[{"name":"wp","href":"https:\/\/api.w.org\/{rel}","templated":true}]}}