{"id":8300,"date":"2025-06-15T06:03:05","date_gmt":"2025-06-15T06:03:05","guid":{"rendered":"https:\/\/sinoextrud.com\/product\/aluminium-profile-workbench\/"},"modified":"2025-06-24T06:23:31","modified_gmt":"2025-06-24T06:23:31","slug":"etabli-en-profile-daluminium","status":"publish","type":"product","link":"https:\/\/sinoextrud.com\/fr\/product\/aluminium-profile-workbench\/","title":{"rendered":"\u00c9tabli en profil\u00e9 d'aluminium"},"content":{"rendered":"<h2>D\u00e9tails des produits<\/h2>\n<table class=\"custom-table\">\n<tbody>\n<tr>\n<td> Mod\u00e8le NO :<\/td>\n<td> \u00c9tabli en profil\u00e9 d'aluminium<\/td>\n<\/tr>\n<tr>\n<td> Contr\u00f4le de la qualit\u00e9 :<\/td>\n<td> Trucs professionnels de contr\u00f4le de la qualit\u00e9, spectrographe<\/td>\n<\/tr>\n<tr>\n<td> Approvisionnement :<\/td>\n<td> poste ouvert<\/td>\n<\/tr>\n<tr>\n<td> Nom de marque :<\/td>\n<td> Sinoextrud<\/td>\n<\/tr>\n<tr>\n<td> Type d'entreprise :<\/td>\n<td> Usine\/fabricant<\/td>\n<\/tr>\n<tr>\n<td> Origine :<\/td>\n<td> Foshan City, GD Province. Chine<\/td>\n<\/tr>\n<tr>\n<td> Standard :<\/td>\n<td> GB<\/td>\n<\/tr>\n<tr>\n<td> Mat\u00e9riau :<\/td>\n<td> Alliage d'aluminium 6063<\/td>\n<\/tr>\n<tr>\n<td> Techniques :<\/td>\n<td> Forgeage \u00e0 chaud\/\u00e0 froid\/\u00e0 l'emporte-pi\u00e8ce\/parachutage<\/td>\n<\/tr>\n<tr>\n<td> Unique en son genre :<\/td>\n<td> Fournisseur d'or chinois<\/td>\n<\/tr>\n<tr>\n<td> Marque d\u00e9pos\u00e9e :<\/td>\n<td> OEM<\/td>\n<\/tr>\n<tr>\n<td> Sp\u00e9cification :<\/td>\n<td> SGS\/Rohs\/ISO<\/td>\n<\/tr>\n<tr>\n<td> Code HS :<\/td>\n<td> 7604299000<\/td>\n<\/tr>\n<\/tbody>\n<\/table>\n<h2>Notre base de production<\/h2>\n<h3>Panorama de l'usine<\/h3>\n<p><img decoding=\"async\" src=\"\/wp-content\/uploads\/factory-01.webp\"\/><\/p>\n<h3>Atelier de fabrication de barres d'aluminium<\/h3>\n<p><img decoding=\"async\" src=\"\/wp-content\/uploads\/factory-02.webp\"\/><\/p>\n<p><img decoding=\"async\" src=\"\/wp-content\/uploads\/factory-03.webp\"\/><\/p>\n<h3>Entrep\u00f4t de stockage des moules<\/h3>\n<p><img decoding=\"async\" src=\"\/wp-content\/uploads\/factory-04.webp\"\/><\/p>\n<h3>43 lignes d'extrusion d'aluminium (500 \u00e0 5500 tonnes)<\/h3>\n<p><img decoding=\"async\" src=\"\/wp-content\/uploads\/factory-05.webp\"\/><\/p>\n<p><img decoding=\"async\" src=\"\/wp-content\/uploads\/factory-06.webp\"\/><\/p>\n<p><img decoding=\"async\" src=\"\/wp-content\/uploads\/factory-07.webp\"\/><\/p>\n<h3>Atelier de peinture en poudre<\/h3>\n<p><img decoding=\"async\" src=\"\/wp-content\/uploads\/factory-09.webp\"\/><\/p>\n<h3>Atelier d'anodisation<\/h3>\n<p><img decoding=\"async\" src=\"\/wp-content\/uploads\/factory-10.webp\"\/><\/p>\n<h3>Atelier sur le traitement en profondeur<\/h3>\n<p><img decoding=\"async\" src=\"\/wp-content\/uploads\/factory-11.webp\"\/><\/p>\n<h3>Atelier d'usinage de pr\u00e9cision CNC<\/h3>\n<p><img decoding=\"async\" src=\"\/wp-content\/uploads\/factory-11.5.webp\"\/><\/p>\n<h3>Entrep\u00f4t de produits finis et d'exportation<\/h3>\n<p><img decoding=\"async\" src=\"\/wp-content\/uploads\/factory-12.webp\"\/><\/p>\n<p><img decoding=\"async\" src=\"\/wp-content\/uploads\/factory-13.webp\"\/><\/p>\n<p><img decoding=\"async\" src=\"\/wp-content\/uploads\/factory-14.webp\"\/><\/p>\n<h2>FAQ<\/h2>\n<p><p><b>1. \u00e0 quoi sert un \u00e9tabli en profil\u00e9s d'aluminium ?<\/b><\/p>\n<p>Les \u00e9tablis en profil\u00e9s d'aluminium sont utilis\u00e9s pour cr\u00e9er des postes de travail personnalis\u00e9s et durables pour l'industrie, la fabrication et les ateliers, offrant flexibilit\u00e9 et solidit\u00e9.<br \/>\n<\/p><br \/>\n<br \/>\n<p><b>2) Pourquoi choisir un \u00e9tabli en profil\u00e9s d'aluminium plut\u00f4t qu'un \u00e9tabli traditionnel ?<\/b><\/p>\n<p>L'\u00e9tabli en profil\u00e9s d'aluminium offre une solution l\u00e9g\u00e8re, durable et modulaire, ce qui facilite la personnalisation et la reconfiguration par rapport aux \u00e9tablis traditionnels en bois ou en acier.<br \/>\n<\/p><br \/>\n<br \/>\n<p><b>3. En quoi la conception modulaire de l'\u00e9tabli en profil\u00e9s d'aluminium est-elle avantageuse pour les utilisateurs ?<\/b><\/p>\n<p>La conception modulaire permet aux utilisateurs de personnaliser et d'ajuster facilement l'\u00e9tabli en fonction de leurs besoins sp\u00e9cifiques, garantissant ainsi un espace de travail flexible et fonctionnel.<br \/>\n<\/p><br \/>\n<br \/>\n<p><b>4. l'\u00e9tabli en profil\u00e9 d'aluminium r\u00e9siste-t-il \u00e0 la corrosion ?<\/b><\/p>\n<p>Oui, le mat\u00e9riau en aluminium utilis\u00e9 pour l'\u00e9tabli est r\u00e9sistant \u00e0 la corrosion, ce qui permet de l'utiliser dans des environnements tr\u00e8s humides ou expos\u00e9s \u00e0 des produits chimiques.<br \/>\n<\/p><br \/>\n<br \/>\n<p><b>5. l'\u00e9tabli en profil\u00e9s d'aluminium peut-il \u00eatre personnalis\u00e9 ?<\/b><\/p>\n<p>Oui, l'\u00e9tabli en profil\u00e9s d'aluminium peut \u00eatre adapt\u00e9 en termes de taille, de forme et d'agencement pour r\u00e9pondre \u00e0 des exigences sp\u00e9cifiques en mati\u00e8re d'espace de travail, offrant ainsi une flexibilit\u00e9 maximale pour diverses applications.<br \/>\n<\/p><br \/>\n<br \/>\n<p><b>6) Quelle est la dur\u00e9e de vie d'un \u00e9tabli en profil\u00e9s d'aluminium ?<\/b><\/p>\n<p>L'\u00e9tabli en profil\u00e9 d'aluminium est con\u00e7u pour une durabilit\u00e9 \u00e0 long terme, avec des propri\u00e9t\u00e9s anticorrosion et une construction solide qui garantit qu'il peut r\u00e9sister \u00e0 une utilisation intensive au fil du temps.<br \/>\n<\/p><br \/>\n<br \/>\n<p><b>7. quels sont les accessoires qui peuvent \u00eatre ajout\u00e9s \u00e0 un \u00e9tabli en profil\u00e9s d'aluminium ?<\/b><\/p>\n<p>Divers accessoires tels que des \u00e9tag\u00e8res, des porte-outils, des tiroirs et des syst\u00e8mes de gestion des c\u00e2bles peuvent \u00eatre int\u00e9gr\u00e9s \u00e0 l'\u00e9tabli afin d'en am\u00e9liorer la fonctionnalit\u00e9 et l'organisation.<br \/>\n<\/p><br \/><\/p>","protected":false},"featured_media":8299,"template":"","categories":[54],"class_list":["post-8300","product","type-product","status-publish","has-post-thumbnail","hentry","category-industrial-aluminum-profiles"],"meta_box":{"hilight_text_group":{"product_hilight_text":"<li>Aluminium Profile Workbench provides a customizable and durable solution for various industrial and workshop environments.<\/li>\r\r\n<li>Lightweight yet strong aluminum profiles ensure high load-bearing capacity without added weight.<\/li>\r\r\n<li>Corrosion-resistant material guarantees long-term performance in challenging environments.<\/li>\r\r\n<li>Modular design allows for easy assembly, adjustment, and expansion to meet specific workspace needs.<\/li>\r\r\n<li>Compatible with a wide range of accessories for added functionality and organization.<\/li>","product_chanpin_blog":"<ul>\r\r\n<li><a href=\"https:\/\/sinoextrud.com\/t-slot-v-slot-differences\/\" target=\"_blank\">t slot vs v slot<\/a><\/li>\r\r\n<li><a href=\"https:\/\/sinoextrud.com\/what-is-4040-aluminium-extrud\/\" target=\"_blank\">4040 aluminium extrusion<\/a><\/li>\r\r\n<li><a href=\"https:\/\/sinoextrud.com\/what-is-4040-aluminium-extrud\/\" target=\"_blank\">aluminum extrusions for industrial racks<\/a><\/li>\r\r\n<li><a href=\"https:\/\/sinoextrud.com\/powder-coating-aluminium-process\/\" target=\"_blank\">powder coating aluminium<\/a><\/li>\r\r\n<li><a href=\"https:\/\/sinoextrud.com\/what-is-an-aluminium-strip-ceiling\/\" target=\"_blank\">aluminium strip ceiling<\/a><\/li>\r\r\n<li><a href=\"https:\/\/sinoextrud.com\/what-is-a-heat-sink\/\" target=\"_blank\">what is a heat sink<\/a><\/li>\r\r\n<\/ul>","product_chanpin_chanpin":"<li><a href=\"https:\/\/sinoextrud.com\/product\/aluminium-extrusion-case\/\" target=\"_blank\">Aluminium Extrusion Case<\/a><\/li>\r\n<li><a href=\"https:\/\/sinoextrud.com\/product\/aluminium-extrusion-moulding\/\" target=\"_blank\">Aluminium Extrusion Moulding<\/a><\/li>\r\n<li><a href=\"https:\/\/sinoextrud.com\/product\/aluminium-profile-case\/\" target=\"_blank\">Aluminium Profile Case<\/a><\/li>\r\n<li><a href=\"https:\/\/sinoextrud.com\/product\/aluminium-profile-for-clean-room\/\" target=\"_blank\">Aluminium Profile For Clean Room<\/a><\/li>\r\n<li><a href=\"https:\/\/sinoextrud.com\/product\/aluminium-profile-workbench\/\" target=\"_blank\">Aluminium Profile Workbench<\/a><\/li>\r\n<li><a href=\"https:\/\/sinoextrud.com\/product\/aluminium-roof-rack-extrusions\/\" target=\"_blank\">Aluminium Roof Rack Extrusions<\/a><\/li>\r\n<li><a href=\"https:\/\/sinoextrud.com\/product\/aluminium-seamless-pipe\/\" target=\"_blank\">Aluminium Seamless Pipe<\/a><\/li>\r\n<li><a href=\"https:\/\/sinoextrud.com\/product\/aluminum-alloy-section\/\" target=\"_blank\">Aluminum Alloy Section<\/a><\/li>\r\n<li><a href=\"https:\/\/sinoextrud.com\/product\/aluminum-balustrade-handrail\/\" target=\"_blank\">Aluminum Balustrade Handrail<\/a><\/li>\r\n<li><a href=\"https:\/\/sinoextrud.com\/product\/industrial-aluminum-extrusion\/\" target=\"_blank\">Industrial Aluminum Extrusion<\/a><\/li>\r\n<li><a href=\"https:\/\/sinoextrud.com\/product\/aluminum-cabinet-door-extrusion\/\" target=\"_blank\">Aluminum Cabinet Door Extrusion<\/a><\/li>"},"feature_list":[]},"_links":{"self":[{"href":"https:\/\/sinoextrud.com\/fr\/wp-json\/wp\/v2\/product\/8300","targetHints":{"allow":["GET"]}}],"collection":[{"href":"https:\/\/sinoextrud.com\/fr\/wp-json\/wp\/v2\/product"}],"about":[{"href":"https:\/\/sinoextrud.com\/fr\/wp-json\/wp\/v2\/types\/product"}],"wp:featuredmedia":[{"embeddable":true,"href":"https:\/\/sinoextrud.com\/fr\/wp-json\/wp\/v2\/media\/8299"}],"wp:attachment":[{"href":"https:\/\/sinoextrud.com\/fr\/wp-json\/wp\/v2\/media?parent=8300"}],"wp:term":[{"taxonomy":"category","embeddable":true,"href":"https:\/\/sinoextrud.com\/fr\/wp-json\/wp\/v2\/categories?post=8300"}],"curies":[{"name":"wp","href":"https:\/\/api.w.org\/{rel}","templated":true}]}}