{"id":8285,"date":"2025-06-14T06:51:04","date_gmt":"2025-06-14T06:51:04","guid":{"rendered":"https:\/\/sinoextrud.com\/product\/aluminium-profile-case\/"},"modified":"2025-06-24T06:23:30","modified_gmt":"2025-06-24T06:23:30","slug":"boitier-en-profile-daluminium","status":"publish","type":"product","link":"https:\/\/sinoextrud.com\/fr\/product\/aluminium-profile-case\/","title":{"rendered":"Bo\u00eetier en profil\u00e9 d'aluminium"},"content":{"rendered":"<h2>D\u00e9tails des produits<\/h2>\n<table class=\"custom-table\">\n<tbody>\n<tr>\n<td> Titre<\/td>\n<td> Bo\u00eetier en profil\u00e9 d'aluminium<\/td>\n<\/tr>\n<tr>\n<td> Cat\u00e9gorie<\/td>\n<td> Extrusion d'aluminium<\/td>\n<\/tr>\n<tr>\n<td> Mat\u00e9riau<\/td>\n<td> Alliage d'aluminium (6063, 6061, 6463, 6005, 6082)<\/td>\n<\/tr>\n<tr>\n<td> Temp\u00e9rer<\/td>\n<td> T5<\/td>\n<\/tr>\n<tr>\n<td> Taille<\/td>\n<td> La longueur est comprise entre 1 et 9 m\u00e8tres ou \u00e0 la demande du client.<\/td>\n<\/tr>\n<tr>\n<td> Forme<\/td>\n<td> Rectangulaire, rond, extrud\u00e9 selon le dessin du client<\/td>\n<\/tr>\n<tr>\n<td> Traitement de surface<\/td>\n<td> Anodisation, sablage, polissage, \u00e9lectrophor\u00e8se, rev\u00eatement \u00e9lectrique<\/td>\n<\/tr>\n<tr>\n<td> Couleur<\/td>\n<td> Possibilit\u00e9 de personnalisation<\/td>\n<\/tr>\n<tr>\n<td> Certificat<\/td>\n<td> TUV, ASTM, GB<\/td>\n<\/tr>\n<tr>\n<td> De<\/td>\n<td> Guangdong, Chine<\/td>\n<\/tr>\n<\/tbody>\n<\/table>\n<h2>Notre base de production<\/h2>\n<h3>Panorama de l'usine<\/h3>\n<p><img decoding=\"async\" src=\"\/wp-content\/uploads\/factory-01.webp\"\/><\/p>\n<h3>Atelier de fabrication de barres d'aluminium<\/h3>\n<p><img decoding=\"async\" src=\"\/wp-content\/uploads\/factory-02.webp\"\/><\/p>\n<\/p>\n<p><img decoding=\"async\" src=\"\/wp-content\/uploads\/factory-03.webp\"\/><\/p>\n<h3>Entrep\u00f4t de stockage des moules<\/h3>\n<p><img decoding=\"async\" src=\"\/wp-content\/uploads\/factory-04.webp\"\/><\/p>\n<h3>43 lignes d'extrusion d'aluminium (500-5500 tonnes)<\/h3>\n<p><img decoding=\"async\" src=\"\/wp-content\/uploads\/factory-05.webp\"\/><\/p>\n<p><img decoding=\"async\" src=\"\/wp-content\/uploads\/factory-06.webp\"\/><\/p>\n<p><img decoding=\"async\" src=\"\/wp-content\/uploads\/factory-07.webp\"\/><\/p>\n<h3>Atelier de peinture en poudre<\/h3>\n<p><img decoding=\"async\" src=\"\/wp-content\/uploads\/factory-09.webp\"\/><\/p>\n<h3>Atelier d'anodisation<\/h3>\n<p><img decoding=\"async\" src=\"\/wp-content\/uploads\/factory-10.webp\"\/><\/p>\n<h3>Atelier sur le traitement en profondeur<\/h3>\n<p><img decoding=\"async\" src=\"\/wp-content\/uploads\/factory-11.webp\"\/><\/p>\n<h3>Atelier d'usinage de pr\u00e9cision CNC<\/h3>\n<p><img decoding=\"async\" src=\"\/wp-content\/uploads\/factory-11.5.webp\"\/><\/p>\n<h3>Entrep\u00f4t de produits finis et d'exportation<\/h3>\n<p><img decoding=\"async\" src=\"\/wp-content\/uploads\/factory-12.webp\"\/><\/p>\n<p><img decoding=\"async\" src=\"\/wp-content\/uploads\/factory-13.webp\"\/><\/p>\n<p><img decoding=\"async\" src=\"\/wp-content\/uploads\/factory-14.webp\"\/><\/p>\n<h2>FAQ<\/h2>\n<p><b>1) Qu'est-ce qu'un bo\u00eetier en profil\u00e9 d'aluminium ? <\/b><\/p>\n<p> Un bo\u00eetier profil\u00e9 en aluminium est un bo\u00eetier de protection fabriqu\u00e9 \u00e0 partir d'extrusions d'aluminium, con\u00e7u pour abriter et prot\u00e9ger des composants ou des \u00e9quipements \u00e9lectroniques sensibles.\n<\/p>\n<p><\/p>\n<p><b>2. pourquoi choisir l'aluminium pour les bo\u00eetiers profil\u00e9s ? <\/b><\/p>\n<p> L'aluminium offre un excellent rapport poids\/r\u00e9sistance, une bonne r\u00e9sistance \u00e0 la corrosion et une bonne conductivit\u00e9 thermique, ce qui en fait un mat\u00e9riau id\u00e9al pour les bo\u00eetiers de protection.\n<\/p>\n<p><\/p>\n<p><b>3) Les bo\u00eetiers en profil\u00e9s d'aluminium peuvent-ils \u00eatre personnalis\u00e9s ? <\/b><\/p>\n<p> Oui, nous proposons des tailles, des configurations et des finitions de surface personnalis\u00e9es pour r\u00e9pondre \u00e0 des exigences sp\u00e9cifiques en mati\u00e8re d'application et de conception.\n<\/p>\n<p><\/p>\n<p><b>4. ces \u00e9tuis profil\u00e9s conviennent-ils pour une utilisation en ext\u00e9rieur ? <\/b><\/p>\n<p> Absolument, la finition r\u00e9sistante \u00e0 la corrosion garantit que les bo\u00eetiers en profil\u00e9 d'aluminium fonctionnent bien dans les environnements ext\u00e9rieurs et industriels.\n<\/p>\n<p><\/p>\n<p><b>5) Comment l'aluminium contribue-t-il \u00e0 la dissipation de la chaleur dans ces cas ? <\/b><\/p>\n<p> L'aluminium conduit naturellement la chaleur loin des composants \u00e9lectroniques sensibles, ce qui permet de maintenir des temp\u00e9ratures de fonctionnement s\u00fbres et d'am\u00e9liorer les performances.\n<\/p>\n<p><\/p>\n<p><b>6) Quelles sont les industries qui utilisent des caisses en profil\u00e9s d'aluminium ? <\/b><\/p>\n<p> Les bo\u00eetiers profil\u00e9s en aluminium sont largement utilis\u00e9s dans les secteurs de l'\u00e9lectronique, des t\u00e9l\u00e9communications, de l'automatisation, des dispositifs m\u00e9dicaux et d'autres industries o\u00f9 la protection et la dissipation de la chaleur sont importantes.\n<\/p>\n<p><\/p>\n<p><b>7. les caisses en profil\u00e9s d'aluminium sont-elles faciles \u00e0 assembler ? <\/b><\/p>\n<p> Oui, ces bo\u00eetiers sont con\u00e7us pour \u00eatre facilement assembl\u00e9s gr\u00e2ce \u00e0 des options de montage standard, ce qui r\u00e9duit le temps et les co\u00fbts d'installation.\n<\/p>\n<p><\/p>","protected":false},"featured_media":8284,"template":"","categories":[54],"class_list":["post-8285","product","type-product","status-publish","has-post-thumbnail","hentry","category-industrial-aluminum-profiles"],"meta_box":{"hilight_text_group":{"product_hilight_text":"<li>Durable aluminium profile casing offers superior strength and protection for electronic components.<\/li>\r\r\n<li>Corrosion-resistant finish ensures long-term use in harsh environments.<\/li>\r\r\n<li>Lightweight design reduces shipping and handling costs while maintaining structural integrity.<\/li>\r\r\n<li>Customizable sizes and configurations for diverse industrial applications.<\/li>\r\r\n<li>Easy to assemble with standard mounting options for quick integration into systems.<\/li>\r\r\n<li>Provides effective heat dissipation, preventing overheating of sensitive electronics.<\/li>\r\r\n<li>Compatible with various accessories like covers, brackets, and connectors for complete solutions.<\/li>","product_chanpin_blog":"<ul>\r\r\n<li><a href=\"https:\/\/sinoextrud.com\/t-slot-v-slot-differences\/\" target=\"_blank\">t slot vs v slot<\/a><\/li>\r\r\n<li><a href=\"https:\/\/sinoextrud.com\/what-is-4040-aluminium-extrud\/\" target=\"_blank\">4040 aluminium extrusion<\/a><\/li>\r\r\n<li><a href=\"https:\/\/sinoextrud.com\/what-is-4040-aluminium-extrud\/\" target=\"_blank\">aluminum extrusions for industrial racks<\/a><\/li>\r\r\n<li><a href=\"https:\/\/sinoextrud.com\/powder-coating-aluminium-process\/\" target=\"_blank\">powder coating aluminium<\/a><\/li>\r\r\n<li><a href=\"https:\/\/sinoextrud.com\/what-is-an-aluminium-strip-ceiling\/\" target=\"_blank\">aluminium strip ceiling<\/a><\/li>\r\r\n<li><a href=\"https:\/\/sinoextrud.com\/what-is-a-heat-sink\/\" target=\"_blank\">what is a heat sink<\/a><\/li>\r\r\n<\/ul>","product_chanpin_chanpin":"<li><a href=\"https:\/\/sinoextrud.com\/product\/6061-t5-l-shape-aluminum-profile-bar-customized-40x40-extruded-aluminum-angle-profile\/\" target=\"_blank\">6061-t5 L Shape Aluminum Profile Bar Customized 40\u00d740 Extruded Aluminum Angle Profile<\/a><\/li>\r\n<li><a href=\"https:\/\/sinoextrud.com\/product\/aerospace-aluminum-extrusions\/\" target=\"_blank\">Aerospace Aluminum Extrusions<\/a><\/li>\r\n<li><a href=\"https:\/\/sinoextrud.com\/product\/aluminium-extrusion-case\/\" target=\"_blank\">Aluminium Extrusion Case<\/a><\/li>\r\n<li><a href=\"https:\/\/sinoextrud.com\/product\/aluminium-extrusion-moulding\/\" target=\"_blank\">Aluminium Extrusion Moulding<\/a><\/li>\r\n<li><a href=\"https:\/\/sinoextrud.com\/product\/aluminium-profile-case\/\" target=\"_blank\">Aluminium Profile Case<\/a><\/li>\r\n<li><a href=\"https:\/\/sinoextrud.com\/product\/aluminium-profile-for-clean-room\/\" target=\"_blank\">Aluminium Profile For Clean Room<\/a><\/li>\r\n<li><a href=\"https:\/\/sinoextrud.com\/product\/aluminium-profile-workbench\/\" target=\"_blank\">Aluminium Profile Workbench<\/a><\/li>\r\n<li><a href=\"https:\/\/sinoextrud.com\/product\/aluminium-roof-rack-extrusions\/\" target=\"_blank\">Aluminium Roof Rack Extrusions<\/a><\/li>\r\n<li><a href=\"https:\/\/sinoextrud.com\/product\/aluminium-seamless-pipe\/\" target=\"_blank\">Aluminium Seamless Pipe<\/a><\/li>\r\n<li><a href=\"https:\/\/sinoextrud.com\/product\/oem-building-interlocking-aluminum-extrusions\/\" target=\"_blank\">OEM Building Interlocking Aluminum Extrusions<\/a><\/li>\r\n<li><a href=\"https:\/\/sinoextrud.com\/product\/40x40-aluminium-extrusion\/\" target=\"_blank\">40\u00d740 Aluminium Extrusion<\/a><\/li>"},"feature_list":[]},"_links":{"self":[{"href":"https:\/\/sinoextrud.com\/fr\/wp-json\/wp\/v2\/product\/8285","targetHints":{"allow":["GET"]}}],"collection":[{"href":"https:\/\/sinoextrud.com\/fr\/wp-json\/wp\/v2\/product"}],"about":[{"href":"https:\/\/sinoextrud.com\/fr\/wp-json\/wp\/v2\/types\/product"}],"wp:featuredmedia":[{"embeddable":true,"href":"https:\/\/sinoextrud.com\/fr\/wp-json\/wp\/v2\/media\/8284"}],"wp:attachment":[{"href":"https:\/\/sinoextrud.com\/fr\/wp-json\/wp\/v2\/media?parent=8285"}],"wp:term":[{"taxonomy":"category","embeddable":true,"href":"https:\/\/sinoextrud.com\/fr\/wp-json\/wp\/v2\/categories?post=8285"}],"curies":[{"name":"wp","href":"https:\/\/api.w.org\/{rel}","templated":true}]}}