{"id":8273,"date":"2025-06-14T06:42:01","date_gmt":"2025-06-14T06:42:01","guid":{"rendered":"https:\/\/sinoextrud.com\/product\/6061-aluminum-extrusion-round-tube-for-industry\/"},"modified":"2025-06-24T06:23:28","modified_gmt":"2025-06-24T06:23:28","slug":"tube-rond-en-aluminium-extrude-6061-pour-lindustrie","status":"publish","type":"product","link":"https:\/\/sinoextrud.com\/fr\/product\/6061-aluminum-extrusion-round-tube-for-industry\/","title":{"rendered":"Tube rond en aluminium extrud\u00e9 6061 pour l'industrie"},"content":{"rendered":"<h2>D\u00e9tails des produits<\/h2>\n<table class=\"custom-table\">\n<tbody>\n<tr>\n<td> Nom du produit<\/td>\n<td> Tube rond en aluminium extrud\u00e9 6061 pour l'industrie<\/td>\n<\/tr>\n<tr>\n<td> Alliage d'aluminium<\/td>\n<td> 6061-T5, personnalisation<\/td>\n<\/tr>\n<tr>\n<td> Traitement de surface<\/td>\n<td> Rev\u00eatement en poudre, personnalisation<\/td>\n<\/tr>\n<tr>\n<td> Couleur<\/td>\n<td> Bleu, personnalisation<\/td>\n<\/tr>\n<tr>\n<td> Taille<\/td>\n<td> 1m-9m, personnalisation<\/td>\n<\/tr>\n<tr>\n<td> Application<\/td>\n<td> camions, b\u00e2timents de type tour, navires, voitures \u00e9lectriques, accessoires, pi\u00e8ces de machines, tubes, barres, profil\u00e9s et plaques usin\u00e9s avec pr\u00e9cision, etc.<\/td>\n<\/tr>\n<tr>\n<td> Marque<\/td>\n<td> Sinoextrud \/ Sinoextrud \/ Sinoextrud Aluminium<\/td>\n<\/tr>\n<tr>\n<td> Origine<\/td>\n<td> Foshan, Chine<\/td>\n<\/tr>\n<\/tbody>\n<\/table>\n<h2>Notre base de production<\/h2>\n<h3>Panorama de l'usine<\/h3>\n<p><img decoding=\"async\" src=\"\/wp-content\/uploads\/factory-01.webp\"\/><\/p>\n<h3>Atelier de fabrication de barres d'aluminium<\/h3>\n<p><img decoding=\"async\" src=\"\/wp-content\/uploads\/factory-02.webp\"\/><\/p>\n<p><img decoding=\"async\" src=\"\/wp-content\/uploads\/factory-03.webp\"\/><\/p>\n<h3>Entrep\u00f4t de stockage des moules<\/h3>\n<p><img decoding=\"async\" src=\"\/wp-content\/uploads\/factory-04.webp\"\/><\/p>\n<h3>43 lignes d'extrusion d'aluminium (500 \u00e0 5500 tonnes)<\/h3>\n<p><img decoding=\"async\" src=\"\/wp-content\/uploads\/factory-05.webp\"\/><\/p>\n<p><img decoding=\"async\" src=\"\/wp-content\/uploads\/factory-06.webp\"\/><\/p>\n<p><img decoding=\"async\" src=\"\/wp-content\/uploads\/factory-07.webp\"\/><\/p>\n<h3>Atelier de peinture en poudre<\/h3>\n<p><img decoding=\"async\" src=\"\/wp-content\/uploads\/factory-09.webp\"\/><\/p>\n<h3>Atelier d'anodisation<\/h3>\n<p><img decoding=\"async\" src=\"\/wp-content\/uploads\/factory-10.webp\"\/><\/p>\n<h3>Atelier sur le traitement en profondeur<\/h3>\n<p><img decoding=\"async\" src=\"\/wp-content\/uploads\/factory-11.webp\"\/><\/p>\n<h3>Atelier d'usinage de pr\u00e9cision CNC<\/h3>\n<p><img decoding=\"async\" src=\"\/wp-content\/uploads\/factory-11.5.webp\"\/><\/p>\n<h3>Entrep\u00f4t de produits finis et d'exportation<\/h3>\n<p><img decoding=\"async\" src=\"\/wp-content\/uploads\/factory-12.webp\"\/><\/p>\n<p><img decoding=\"async\" src=\"\/wp-content\/uploads\/factory-13.webp\"\/><\/p>\n<p><img decoding=\"async\" src=\"\/wp-content\/uploads\/factory-14.webp\"\/><\/p>\n<h2>FAQ<\/h2>\n<p><p><b>1) Pourquoi le tube rond en aluminium extrud\u00e9 6061 est-il adapt\u00e9 aux applications industrielles ? <\/b><\/p>\n<p> Le tube rond en aluminium extrud\u00e9 6061 est solide, r\u00e9sistant \u00e0 la corrosion et l\u00e9ger, ce qui le rend id\u00e9al pour une vari\u00e9t\u00e9 d'utilisations industrielles o\u00f9 la durabilit\u00e9 et la solidit\u00e9 sont essentielles.<br \/>\n<\/p><br \/>\n<br \/>\n<p><b>2) Le tube rond en aluminium extrud\u00e9 6061 peut-il \u00eatre personnalis\u00e9 ? <\/b><\/p>\n<p> Oui, le tube peut \u00eatre personnalis\u00e9 en termes de taille, d'\u00e9paisseur de paroi et de longueur pour r\u00e9pondre aux exigences sp\u00e9cifiques d'un projet industriel.<br \/>\n<\/p><br \/>\n<br \/>\n<p><b>3) Quelle est la durabilit\u00e9 du tube rond en aluminium extrud\u00e9 6061 ? <\/b><\/p>\n<p> L'alliage d'aluminium 6061 est connu pour son excellent rapport r\u00e9sistance\/poids et sa r\u00e9sistance \u00e0 la corrosion, ce qui garantit une longue dur\u00e9e de vie, m\u00eame dans des environnements difficiles.<br \/>\n<\/p><br \/>\n<br \/>\n<p><b>4) Quelles sont les industries qui b\u00e9n\u00e9ficient du tube rond en aluminium extrud\u00e9 6061 ? <\/b><\/p>\n<p> Il est largement utilis\u00e9 dans des industries telles que l'a\u00e9rospatiale, l'automobile, la construction et l'industrie manufacturi\u00e8re, o\u00f9 des mat\u00e9riaux tr\u00e8s r\u00e9sistants et l\u00e9gers sont n\u00e9cessaires.<br \/>\n<\/p><br \/>\n<br \/>\n<p><b>5. le tube rond en aluminium extrud\u00e9 6061 est-il facile \u00e0 fabriquer ? <\/b><\/p>\n<p> Oui, il est facile \u00e0 usiner, \u00e0 souder et \u00e0 fabriquer, ce qui en fait un choix polyvalent pour toute une s\u00e9rie d'applications industrielles.<br \/>\n<\/p><br \/>\n<br \/>\n<p><b>6. le tube rond en aluminium extrud\u00e9 6061 est-il respectueux de l'environnement ? <\/b><\/p>\n<p> Oui, l'aluminium est un mat\u00e9riau enti\u00e8rement recyclable, ce qui fait de ce tube une solution \u00e9cologique pour les applications industrielles.<br \/>\n<\/p><br \/>\n<br \/>\n<p><b>7. comment le tube rond en aluminium extrud\u00e9 6061 am\u00e9liore-t-il les performances ? <\/b><\/p>\n<p> Ses propri\u00e9t\u00e9s de l\u00e9g\u00e8ret\u00e9, de r\u00e9sistance \u00e0 la corrosion et de haute r\u00e9sistance en font un excellent choix pour am\u00e9liorer l'int\u00e9grit\u00e9 structurelle et les performances des \u00e9quipements industriels.<br \/>\n<\/p><br \/><\/p>","protected":false},"featured_media":0,"template":"","categories":[54],"class_list":["post-8273","product","type-product","status-publish","hentry","category-industrial-aluminum-profiles"],"meta_box":{"hilight_text_group":{"product_hilight_text":"<ul>\r\r\n  <li>High-strength 6061 aluminum extrusion round tube ideal for industrial applications<\/li>\r\r\n  <li>Corrosion-resistant, ensuring longevity in harsh environments<\/li>\r\r\n  <li>Lightweight yet durable, providing strength without adding excess weight<\/li>\r\r\n  <li>Customizable sizes and wall thickness to meet specific project needs<\/li>\r\r\n  <li>Easy to machine and fabricate for a wide range of industrial uses<\/li>\r\r\n  <li>Excellent weldability, making it ideal for assembly in various projects<\/li>\r\r\n  <li>Environmentally friendly, as aluminum is 100% recyclable<\/li>\r\r\n<\/ul>","product_chanpin_blog":"<ul>\r\r\n<li><a href=\"https:\/\/sinoextrud.com\/t-slot-v-slot-differences\/\" target=\"_blank\">t slot vs v slot<\/a><\/li>\r\r\n<li><a href=\"https:\/\/sinoextrud.com\/what-is-4040-aluminium-extrud\/\" target=\"_blank\">4040 aluminium extrusion<\/a><\/li>\r\r\n<li><a href=\"https:\/\/sinoextrud.com\/what-is-4040-aluminium-extrud\/\" target=\"_blank\">aluminum extrusions for industrial racks<\/a><\/li>\r\r\n<li><a href=\"https:\/\/sinoextrud.com\/powder-coating-aluminium-process\/\" target=\"_blank\">powder coating aluminium<\/a><\/li>\r\r\n<li><a href=\"https:\/\/sinoextrud.com\/what-is-an-aluminium-strip-ceiling\/\" target=\"_blank\">aluminium strip ceiling<\/a><\/li>\r\r\n<li><a href=\"https:\/\/sinoextrud.com\/what-is-a-heat-sink\/\" target=\"_blank\">what is a heat sink<\/a><\/li>\r\r\n<\/ul>","product_chanpin_chanpin":"<li><a href=\"https:\/\/sinoextrud.com\/product\/profile-square-aluminum-heat-sink\/\" target=\"_blank\">Profile Square Aluminum Heat Sink<\/a><\/li>\r\n<li><a href=\"https:\/\/sinoextrud.com\/product\/triangular-aluminum-extrusion\/\" target=\"_blank\">Triangular Aluminum Extrusion<\/a><\/li>\r\n<li><a href=\"https:\/\/sinoextrud.com\/product\/standard-aluminum-extrusions\/\" target=\"_blank\">Standard Aluminum Extrusions<\/a><\/li>\r\n<li><a href=\"https:\/\/sinoextrud.com\/product\/solar-frames-aluminum-extrusions\/\" target=\"_blank\">Solar Frames Aluminum Extrusions<\/a><\/li>\r\n<li><a href=\"https:\/\/sinoextrud.com\/product\/6061-aluminum-extrusion-round-tube-for-industry\/\" target=\"_blank\">6061 Aluminum Extrusion Round Tube For Industry<\/a><\/li>\r\n<li><a href=\"https:\/\/sinoextrud.com\/product\/6061-aluminum-price-per-pound-best-quality-anodized-t-slot-aluminum-profile-extrusion-framing-track\/\" target=\"_blank\">6061 aluminum price per pound best quality anodized t-slot aluminum profile extrusion framing track<\/a><\/li>\r\n<li><a href=\"https:\/\/sinoextrud.com\/product\/6061-t5-l-shape-aluminum-profile-bar-customized-40x40-extruded-aluminum-angle-profile\/\" target=\"_blank\">6061-t5 L Shape Aluminum Profile Bar Customized 40\u00c3\u201440 Extruded Aluminum Angle Profile<\/a><\/li>\r\n<li><a href=\"https:\/\/sinoextrud.com\/product\/aerospace-aluminum-extrusions\/\" target=\"_blank\">Aerospace Aluminum Extrusions<\/a><\/li>\r\n<li><a href=\"https:\/\/sinoextrud.com\/product\/aluminium-extrusion-case\/\" target=\"_blank\">Aluminium Extrusion Case<\/a><\/li>\r\n<li><a href=\"https:\/\/sinoextrud.com\/product\/aluminum-angle-channel-bright-polished-mirror\/\" target=\"_blank\">Aluminum Angle Channel Bright Polished Mirror<\/a><\/li>\r\n<li><a href=\"https:\/\/sinoextrud.com\/product\/aluminum-extrusion-telescopic-tube-octagon-tube\/\" target=\"_blank\">Aluminum Extrusion Telescopic Tube Octagon Tube<\/a><\/li>"},"feature_list":[]},"_links":{"self":[{"href":"https:\/\/sinoextrud.com\/fr\/wp-json\/wp\/v2\/product\/8273","targetHints":{"allow":["GET"]}}],"collection":[{"href":"https:\/\/sinoextrud.com\/fr\/wp-json\/wp\/v2\/product"}],"about":[{"href":"https:\/\/sinoextrud.com\/fr\/wp-json\/wp\/v2\/types\/product"}],"wp:attachment":[{"href":"https:\/\/sinoextrud.com\/fr\/wp-json\/wp\/v2\/media?parent=8273"}],"wp:term":[{"taxonomy":"category","embeddable":true,"href":"https:\/\/sinoextrud.com\/fr\/wp-json\/wp\/v2\/categories?post=8273"}],"curies":[{"name":"wp","href":"https:\/\/api.w.org\/{rel}","templated":true}]}}