{"id":8265,"date":"2025-06-14T06:36:25","date_gmt":"2025-06-14T06:36:25","guid":{"rendered":"https:\/\/sinoextrud.com\/product\/profile-square-aluminum-heat-sink\/"},"modified":"2025-06-24T06:23:27","modified_gmt":"2025-06-24T06:23:27","slug":"dissipateur-thermique-en-aluminium-a-profil-carre","status":"publish","type":"product","link":"https:\/\/sinoextrud.com\/fr\/product\/profile-square-aluminum-heat-sink\/","title":{"rendered":"Dissipateur thermique en aluminium \u00e0 profil carr\u00e9"},"content":{"rendered":"<h2>D\u00e9tails des produits<\/h2>\n<table class=\"custom-table\">\n<tr>\n<td class=\"label\">Nom du produit<\/td>\n<td>Dissipateur thermique en aluminium \u00e0 profil carr\u00e9<\/td>\n<\/tr>\n<tr>\n<td class=\"label\">Mod\u00e8le<\/td>\n<td>Sinoextrud-HS-916<\/td>\n<\/tr>\n<tr>\n<td class=\"label\">Taille :<\/td>\n<td>selon votre demande<\/td>\n<\/tr>\n<tr>\n<td class=\"label\">Forme<\/td>\n<td>carr\u00e9<\/td>\n<\/tr>\n<tr>\n<td class=\"label\">M\u00e9thode de production<\/td>\n<td>extrusion aluminium<\/td>\n<\/tr>\n<tr>\n<td class=\"label\">Traitement<\/td>\n<td>Per\u00e7age, taraudage, polissage, fraisage, d\u00e9coupe laser, usinage CNC, chanfrein, \u00e9bavurage<\/td>\n<\/tr>\n<tr>\n<td class=\"label\">Tol\u00e9rance<\/td>\n<td>0,01 mm<\/td>\n<\/tr>\n<tr>\n<td class=\"label\">Traitement de surface<\/td>\n<td>anodis\u00e9, rev\u00eatement en poudre, placage, \u00e9lectrophor\u00e8se<\/td>\n<\/tr>\n<tr>\n<td class=\"label\">Couleur<\/td>\n<td>noir, rouge, argent, bleu, selon votre demande<\/td>\n<\/tr>\n<tr>\n<td class=\"label\">\u00c9chantillon<\/td>\n<td>Disponible<\/td>\n<\/tr>\n<tr>\n<td class=\"label\">Attention<\/td>\n<td>Voici plus de 200 mod\u00e8les de dissipateurs thermiques en aluminium, d'un diam\u00e8tre de 15 mm \u00e0 350 mm. N'h\u00e9sitez pas \u00e0 nous demander plus d'informations.<\/td>\n<\/tr>\n<\/table>\n<h2>Notre base de production<\/h2>\n<h3>Panorama de l'usine<\/h3>\n<p><img decoding=\"async\" src=\"\/wp-content\/uploads\/factory-01.webp\"\/><\/p>\n<h3>Atelier de fabrication de barres d'aluminium<\/h3>\n<p><img decoding=\"async\" src=\"\/wp-content\/uploads\/factory-02.webp\"\/><\/p>\n<p><img decoding=\"async\" src=\"\/wp-content\/uploads\/factory-03.webp\"\/><\/p>\n<h3>Entrep\u00f4t de stockage des moules<\/h3>\n<p><img decoding=\"async\" src=\"\/wp-content\/uploads\/factory-04.webp\"\/><\/p>\n<h3>43 lignes d'extrusion d'aluminium (500 \u00e0 5500 tonnes)<\/h3>\n<p><img decoding=\"async\" src=\"\/wp-content\/uploads\/factory-05.webp\"\/><\/p>\n<p><img decoding=\"async\" src=\"\/wp-content\/uploads\/factory-06.webp\"\/><\/p>\n<p><img decoding=\"async\" src=\"\/wp-content\/uploads\/factory-07.webp\"\/><\/p>\n<h3>Atelier de peinture en poudre<\/h3>\n<p><img decoding=\"async\" src=\"\/wp-content\/uploads\/factory-09.webp\"\/><\/p>\n<h3>Atelier d'anodisation<\/h3>\n<p><img decoding=\"async\" src=\"\/wp-content\/uploads\/factory-10.webp\"\/><\/p>\n<h3>Atelier sur le traitement en profondeur<\/h3>\n<p><img decoding=\"async\" src=\"\/wp-content\/uploads\/factory-11.webp\"\/><\/p>\n<h3>Atelier d'usinage de pr\u00e9cision CNC<\/h3>\n<p><img decoding=\"async\" src=\"\/wp-content\/uploads\/factory-11.5.webp\"\/><\/p>\n<h3>Entrep\u00f4t de produits finis et d'exportation<\/h3>\n<p><img decoding=\"async\" src=\"\/wp-content\/uploads\/factory-12.webp\"\/><\/p>\n<p><img decoding=\"async\" src=\"\/wp-content\/uploads\/factory-13.webp\"\/><\/p>\n<p><img decoding=\"async\" src=\"\/wp-content\/uploads\/factory-14.webp\"\/><\/p>\n<h2>FAQ<\/h2>\n<p><p><b>1) Quels sont les avantages du dissipateur thermique en aluminium \u00e0 profil carr\u00e9 ?<\/b><\/p>\n<p>Le dissipateur thermique en aluminium Profile Square offre une dissipation thermique \u00e0 haute efficacit\u00e9, une durabilit\u00e9 et un design compact, ce qui le rend id\u00e9al pour diverses applications de refroidissement \u00e9lectronique.<br \/>\n<\/p><br \/>\n<br \/>\n<p><b>2) Comment le dissipateur thermique en aluminium Profile Square am\u00e9liore-t-il les performances de refroidissement ?<\/b><\/p>\n<p>Sa conception efficace maximise la surface, assurant une dissipation optimale de la chaleur et maintenant des temp\u00e9ratures de fonctionnement s\u00fbres pour les composants \u00e9lectroniques.<br \/>\n<\/p><br \/>\n<br \/>\n<p><b>3) En quel mat\u00e9riau le dissipateur thermique Profile Square Aluminum est-il fabriqu\u00e9 ?<\/b><\/p>\n<p>Il est fabriqu\u00e9 en aluminium de haute qualit\u00e9, l\u00e9ger, durable et r\u00e9sistant \u00e0 la corrosion, ce qui garantit une utilisation durable.<br \/>\n<\/p><br \/>\n<br \/>\n<p><b>4. le dissipateur thermique en aluminium Profile Square peut-il \u00eatre utilis\u00e9 dans des applications o\u00f9 l'espace est limit\u00e9 ?<\/b><\/p>\n<p>En effet, sa conception compacte \u00e0 profil carr\u00e9 la rend id\u00e9ale pour les applications \u00e0 espace limit\u00e9 tout en offrant une excellente gestion thermique.<br \/>\n<\/p><br \/>\n<br \/>\n<p><b>5. le dissipateur thermique en aluminium Profile Square r\u00e9siste-t-il \u00e0 la corrosion ?<\/b><\/p>\n<p>Oui, il pr\u00e9sente une surface r\u00e9sistante \u00e0 la corrosion, ce qui lui permet de conserver ses performances et son aspect dans des environnements exigeants.<br \/>\n<\/p><br \/>\n<br \/>\n<p><b>6. dans quelle mesure le dissipateur thermique en aluminium Profile Square est-il personnalisable ?<\/b><\/p>\n<p>Le dissipateur thermique est hautement personnalisable, ce qui permet de l'adapter aux besoins de refroidissement sp\u00e9cifiques de diverses applications \u00e9lectroniques.<br \/>\n<\/p><br \/>\n<br \/>\n<p><b>7) Qu'est-ce qui fait que le dissipateur thermique en aluminium Profile Square est adapt\u00e9 \u00e0 l'\u00e9lectronique ?<\/b><\/p>\n<p>Sa dissipation efficace de la chaleur, son mat\u00e9riau durable et sa conception compacte en font un outil id\u00e9al pour garantir la fiabilit\u00e9 des performances des composants \u00e9lectroniques sensibles.<br \/>\n<\/p><br \/><\/p>","protected":false},"featured_media":8264,"template":"","categories":[54],"class_list":["post-8265","product","type-product","status-publish","has-post-thumbnail","hentry","category-industrial-aluminum-profiles"],"meta_box":{"hilight_text_group":{"product_hilight_text":"<li>High-efficiency heat dissipation, providing reliable cooling for various electronic devices.<\/li>\r\r\n<li>Durable and lightweight aluminum construction for strength and ease of handling.<\/li>\r\r\n<li>Compact square profile design, ideal for space-constrained applications.<\/li>\r\r\n<li>Corrosion-resistant surface, ensuring long-lasting performance in harsh environments.<\/li>\r\r\n<li>Versatile and customizable, suitable for a wide range of thermal management needs.<\/li>","product_chanpin_blog":"<ul>\r\r\n<li><a href=\"https:\/\/sinoextrud.com\/t-slot-v-slot-differences\/\" target=\"_blank\">t slot vs v slot<\/a><\/li>\r\r\n<li><a href=\"https:\/\/sinoextrud.com\/what-is-4040-aluminium-extrud\/\" target=\"_blank\">4040 aluminium extrusion<\/a><\/li>\r\r\n<li><a href=\"https:\/\/sinoextrud.com\/what-is-4040-aluminium-extrud\/\" target=\"_blank\">aluminum extrusions for industrial racks<\/a><\/li>\r\r\n<li><a href=\"https:\/\/sinoextrud.com\/powder-coating-aluminium-process\/\" target=\"_blank\">powder coating aluminium<\/a><\/li>\r\r\n<li><a href=\"https:\/\/sinoextrud.com\/what-is-an-aluminium-strip-ceiling\/\" target=\"_blank\">aluminium strip ceiling<\/a><\/li>\r\r\n<li><a href=\"https:\/\/sinoextrud.com\/what-is-a-heat-sink\/\" target=\"_blank\">what is a heat sink<\/a><\/li>\r\r\n<\/ul>","product_chanpin_chanpin":"<li><a href=\"https:\/\/sinoextrud.com\/product\/industrial-t-slot-aluminum-profile\/\" target=\"_blank\">Industrial T Slot Aluminum Profile<\/a><\/li>\r\n<li><a href=\"https:\/\/sinoextrud.com\/product\/large-scale-industrial-aluminum-profile\/\" target=\"_blank\">Large Scale Industrial Aluminum Profile<\/a><\/li>\r\n<li><a href=\"https:\/\/sinoextrud.com\/product\/solar-aluminium-profile-2\/\" target=\"_blank\">Solar Aluminium Profile<\/a><\/li>\r\n<li><a href=\"https:\/\/sinoextrud.com\/product\/round-sunflower-led-light-aluminium-heat-sink\/\" target=\"_blank\">Round Sunflower LED Light Aluminium Heat Sink<\/a><\/li>\r\n<li><a href=\"https:\/\/sinoextrud.com\/product\/profile-square-aluminum-heat-sink\/\" target=\"_blank\">Profile Square Aluminum Heat Sink<\/a><\/li>\r\n<li><a href=\"https:\/\/sinoextrud.com\/product\/triangular-aluminum-extrusion\/\" target=\"_blank\">Triangular Aluminum Extrusion<\/a><\/li>\r\n<li><a href=\"https:\/\/sinoextrud.com\/product\/standard-aluminum-extrusions\/\" target=\"_blank\">Standard Aluminum Extrusions<\/a><\/li>\r\n<li><a href=\"https:\/\/sinoextrud.com\/product\/solar-frames-aluminum-extrusions\/\" target=\"_blank\">Solar Frames Aluminum Extrusions<\/a><\/li>\r\n<li><a href=\"https:\/\/sinoextrud.com\/product\/6061-aluminum-extrusion-round-tube-for-industry\/\" target=\"_blank\">6061 Aluminum Extrusion Round Tube For Industry<\/a><\/li>\r\n<li><a href=\"https:\/\/sinoextrud.com\/product\/t-shaped-aluminium-profile\/\" target=\"_blank\">T Shaped Aluminium Profile<\/a><\/li>\r\n<li><a href=\"https:\/\/sinoextrud.com\/product\/aluminum-profil-louver-roof\/\" target=\"_blank\">Aluminum Profil Louver Roof<\/a><\/li>"},"feature_list":[]},"_links":{"self":[{"href":"https:\/\/sinoextrud.com\/fr\/wp-json\/wp\/v2\/product\/8265","targetHints":{"allow":["GET"]}}],"collection":[{"href":"https:\/\/sinoextrud.com\/fr\/wp-json\/wp\/v2\/product"}],"about":[{"href":"https:\/\/sinoextrud.com\/fr\/wp-json\/wp\/v2\/types\/product"}],"wp:featuredmedia":[{"embeddable":true,"href":"https:\/\/sinoextrud.com\/fr\/wp-json\/wp\/v2\/media\/8264"}],"wp:attachment":[{"href":"https:\/\/sinoextrud.com\/fr\/wp-json\/wp\/v2\/media?parent=8265"}],"wp:term":[{"taxonomy":"category","embeddable":true,"href":"https:\/\/sinoextrud.com\/fr\/wp-json\/wp\/v2\/categories?post=8265"}],"curies":[{"name":"wp","href":"https:\/\/api.w.org\/{rel}","templated":true}]}}