{"id":8263,"date":"2025-06-14T06:34:05","date_gmt":"2025-06-14T06:34:05","guid":{"rendered":"https:\/\/sinoextrud.com\/product\/round-sunflower-led-light-aluminium-heat-sink\/"},"modified":"2025-06-24T06:23:26","modified_gmt":"2025-06-24T06:23:26","slug":"lumiere-ronde-tournesol-led-aluminium-dissipateur-de-chaleur","status":"publish","type":"product","link":"https:\/\/sinoextrud.com\/fr\/product\/round-sunflower-led-light-aluminium-heat-sink\/","title":{"rendered":"Lampe LED Tournesol ronde Dissipateur de chaleur en aluminium"},"content":{"rendered":"<h2>D\u00e9tails des produits<\/h2>\n<table class=\"custom-table\">\n<tr>\n<td class=\"label\">Nom du produit<\/td>\n<td>Lampe LED Tournesol ronde Dissipateur de chaleur en aluminium<\/td>\n<\/tr>\n<tr>\n<td class=\"label\">Taille :<\/td>\n<td>selon votre demande<\/td>\n<\/tr>\n<tr>\n<td class=\"label\">Forme<\/td>\n<td>ronde<\/td>\n<\/tr>\n<tr>\n<td class=\"label\">M\u00e9thode de production<\/td>\n<td>extrusion aluminium<\/td>\n<\/tr>\n<tr>\n<td class=\"label\">Traitement<\/td>\n<td>Per\u00e7age, taraudage, polissage, fraisage, d\u00e9coupe laser, usinage CNC, chanfrein, \u00e9bavurage<\/td>\n<\/tr>\n<tr>\n<td class=\"label\">Tol\u00e9rance<\/td>\n<td>0,01 mm<\/td>\n<\/tr>\n<tr>\n<td class=\"label\">Traitement de surface<\/td>\n<td>anodis\u00e9, rev\u00eatement en poudre, placage, \u00e9lectrophor\u00e8se<\/td>\n<\/tr>\n<tr>\n<td class=\"label\">Couleur<\/td>\n<td>noir, rouge, argent, bleu, selon votre demande<\/td>\n<\/tr>\n<tr>\n<td class=\"label\">Attention<\/td>\n<td>Voici plus de 2000 mod\u00e8les de dissipateurs thermiques en aluminium, de 15 mm \u00e0 350 mm de diam\u00e8tre, n'h\u00e9sitez pas \u00e0 nous demander plus d'informations.<\/td>\n<\/tr>\n<\/table>\n<h2>Notre base de production<\/h2>\n<h3>Panorama de l'usine<\/h3>\n<p><img decoding=\"async\" src=\"\/wp-content\/uploads\/factory-01.webp\"\/><\/p>\n<h3>Atelier de fabrication de barres d'aluminium<\/h3>\n<p><img decoding=\"async\" src=\"\/wp-content\/uploads\/factory-02.webp\"\/><\/p>\n<\/p>\n<p><img decoding=\"async\" src=\"\/wp-content\/uploads\/factory-03.webp\"\/><\/p>\n<h3>Entrep\u00f4t de stockage des moules<\/h3>\n<p><img decoding=\"async\" src=\"\/wp-content\/uploads\/factory-04.webp\"\/><\/p>\n<h3>43 lignes d'extrusion d'aluminium (500 \u00e0 5500 tonnes)<\/h3>\n<p><img decoding=\"async\" src=\"\/wp-content\/uploads\/factory-05.webp\"\/><\/p>\n<p><img decoding=\"async\" src=\"\/wp-content\/uploads\/factory-06.webp\"\/><\/p>\n<p><img decoding=\"async\" src=\"\/wp-content\/uploads\/factory-07.webp\"\/><\/p>\n<h3>Atelier de peinture en poudre<\/h3>\n<p><img decoding=\"async\" src=\"\/wp-content\/uploads\/factory-09.webp\"\/><\/p>\n<h3>Atelier d'anodisation<\/h3>\n<p><img decoding=\"async\" src=\"\/wp-content\/uploads\/factory-10.webp\"\/><\/p>\n<h3>Atelier sur le traitement en profondeur<\/h3>\n<p><img decoding=\"async\" src=\"\/wp-content\/uploads\/factory-11.webp\"\/><\/p>\n<h3>Atelier d'usinage de pr\u00e9cision CNC<\/h3>\n<p><img decoding=\"async\" src=\"\/wp-content\/uploads\/factory-11.5.webp\"\/><\/p>\n<h3>Entrep\u00f4t de produits finis et d'exportation<\/h3>\n<p><img decoding=\"async\" src=\"\/wp-content\/uploads\/factory-12.webp\"\/><\/p>\n<p><img decoding=\"async\" src=\"\/wp-content\/uploads\/factory-13.webp\"\/><\/p>\n<p><img decoding=\"async\" src=\"\/wp-content\/uploads\/factory-14.webp\"\/><\/p>\n<h2>FAQ<\/h2>\n<p><b>1) Quels sont les principaux avantages du dissipateur thermique en aluminium pour l'\u00e9clairage LED Tournesol ?<\/b><\/p>\n<p>Le dissipateur thermique en aluminium Round Sunflower LED Light offre une dissipation efficace de la chaleur, une durabilit\u00e9 et une r\u00e9sistance \u00e0 la corrosion, garantissant des performances optimales et une dur\u00e9e de vie plus longue pour les lampes LED.\n<\/p>\n<p><\/p>\n<p><b>2) Comment la conception du tournesol am\u00e9liore-t-elle l'efficacit\u00e9 du refroidissement ?<\/b><\/p>\n<p>La forme innovante du tournesol favorise la circulation de l'air, ce qui am\u00e9liore l'efficacit\u00e9 du refroidissement et aide \u00e0 maintenir les performances des lampes LED.\n<\/p>\n<p><\/p>\n<p><b>3. le dissipateur thermique en aluminium de l'\u00e9clairage LED Tournesol rond est-il l\u00e9ger ?<\/b><\/p>\n<p>Oui, il est fabriqu\u00e9 en aluminium l\u00e9ger, ce qui le rend facile \u00e0 manipuler et \u00e0 installer sans compromettre la durabilit\u00e9.\n<\/p>\n<p><\/p>\n<p><b>4) Quel est le mat\u00e9riau utilis\u00e9 dans le dissipateur thermique en aluminium de l'\u00e9clairage LED Tournesol rond ?<\/b><\/p>\n<p>Il est fabriqu\u00e9 en aluminium de haute qualit\u00e9, offrant solidit\u00e9, r\u00e9sistance \u00e0 la corrosion et d'excellentes propri\u00e9t\u00e9s de dissipation de la chaleur.\n<\/p>\n<p><\/p>\n<p><b>5. le dissipateur thermique en aluminium Round Sunflower LED Light peut-il \u00eatre utilis\u00e9 pour l'\u00e9clairage LED ext\u00e9rieur ?<\/b><\/p>\n<p>En effet, sa surface r\u00e9sistante \u00e0 la corrosion lui permet d'\u00eatre utilis\u00e9e pour des applications d'\u00e9clairage LED en int\u00e9rieur et en ext\u00e9rieur.\n<\/p>\n<p><\/p>\n<p><b>6. comment le dissipateur thermique en aluminium Round Sunflower LED Light contribue-t-il \u00e0 la performance de la lumi\u00e8re LED ?<\/b><\/p>\n<p>Il aide \u00e0 r\u00e9guler la temp\u00e9rature et \u00e0 dissiper efficacement la chaleur, ce qui permet aux lampes LED de conserver une luminosit\u00e9 et une long\u00e9vit\u00e9 optimales.\n<\/p>\n<p><\/p>\n<p><b>7) Qu'est-ce qui fait que le dissipateur thermique en aluminium Round Sunflower LED Light convient \u00e0 diverses applications ?<\/b><\/p>\n<p>Sa taille compacte, sa durabilit\u00e9 et sa dissipation thermique efficace la rendent polyvalente pour une large gamme d'applications d'\u00e9clairage LED, de l'industrie au r\u00e9sidentiel.\n<\/p>\n<p><\/p>","protected":false},"featured_media":8262,"template":"","categories":[54],"class_list":["post-8263","product","type-product","status-publish","has-post-thumbnail","hentry","category-industrial-aluminum-profiles"],"meta_box":{"hilight_text_group":{"product_hilight_text":"<li>Efficient heat dissipation design, ensuring optimal performance for LED lights.<\/li>\r\r\n<li>Durable and lightweight aluminum material for long-lasting use and easy handling.<\/li>\r\r\n<li>Innovative sunflower shape enhances airflow for better cooling efficiency.<\/li>\r\r\n<li>Corrosion-resistant surface, extending the lifespan of the LED lights and heat sink.<\/li>\r\r\n<li>Compact and versatile, suitable for various LED lighting applications.<\/li>","product_chanpin_blog":"<ul>\r\r\n<li><a href=\"https:\/\/sinoextrud.com\/t-slot-v-slot-differences\/\" target=\"_blank\">t slot vs v slot<\/a><\/li>\r\r\n<li><a href=\"https:\/\/sinoextrud.com\/what-is-4040-aluminium-extrud\/\" target=\"_blank\">4040 aluminium extrusion<\/a><\/li>\r\r\n<li><a href=\"https:\/\/sinoextrud.com\/what-is-4040-aluminium-extrud\/\" target=\"_blank\">aluminum extrusions for industrial racks<\/a><\/li>\r\r\n<li><a href=\"https:\/\/sinoextrud.com\/powder-coating-aluminium-process\/\" target=\"_blank\">powder coating aluminium<\/a><\/li>\r\r\n<li><a href=\"https:\/\/sinoextrud.com\/what-is-an-aluminium-strip-ceiling\/\" target=\"_blank\">aluminium strip ceiling<\/a><\/li>\r\r\n<li><a href=\"https:\/\/sinoextrud.com\/what-is-a-heat-sink\/\" target=\"_blank\">what is a heat sink<\/a><\/li>\r\r\n<\/ul>","product_chanpin_chanpin":"<li><a href=\"https:\/\/sinoextrud.com\/product\/industrial-large-aluminum-heat-sink\/\" target=\"_blank\">Industrial Large Aluminum Heat Sink<\/a><\/li>\r\n<li><a href=\"https:\/\/sinoextrud.com\/product\/industrial-t-slot-aluminum-profile\/\" target=\"_blank\">Industrial T Slot Aluminum Profile<\/a><\/li>\r\n<li><a href=\"https:\/\/sinoextrud.com\/product\/large-scale-industrial-aluminum-profile\/\" target=\"_blank\">Large Scale Industrial Aluminum Profile<\/a><\/li>\r\n<li><a href=\"https:\/\/sinoextrud.com\/product\/solar-aluminium-profile-2\/\" target=\"_blank\">Solar Aluminium Profile<\/a><\/li>\r\n<li><a href=\"https:\/\/sinoextrud.com\/product\/round-sunflower-led-light-aluminium-heat-sink\/\" target=\"_blank\">Round Sunflower LED Light Aluminium Heat Sink<\/a><\/li>\r\n<li><a href=\"https:\/\/sinoextrud.com\/product\/profile-square-aluminum-heat-sink\/\" target=\"_blank\">Profile Square Aluminum Heat Sink<\/a><\/li>\r\n<li><a href=\"https:\/\/sinoextrud.com\/product\/triangular-aluminum-extrusion\/\" target=\"_blank\">Triangular Aluminum Extrusion<\/a><\/li>\r\n<li><a href=\"https:\/\/sinoextrud.com\/product\/standard-aluminum-extrusions\/\" target=\"_blank\">Standard Aluminum Extrusions<\/a><\/li>\r\n<li><a href=\"https:\/\/sinoextrud.com\/product\/solar-frames-aluminum-extrusions\/\" target=\"_blank\">Solar Frames Aluminum Extrusions<\/a><\/li>\r\n<li><a href=\"https:\/\/sinoextrud.com\/product\/oval-aluminum-extrusion\/\" target=\"_blank\">Oval Aluminum Extrusion<\/a><\/li>\r\n<li><a href=\"https:\/\/sinoextrud.com\/product\/slotted-extruded-aluminum-u-shaped-bending-punching\/\" target=\"_blank\">Slotted Extruded Aluminum U Shaped Bending Punching<\/a><\/li>"},"feature_list":[]},"_links":{"self":[{"href":"https:\/\/sinoextrud.com\/fr\/wp-json\/wp\/v2\/product\/8263","targetHints":{"allow":["GET"]}}],"collection":[{"href":"https:\/\/sinoextrud.com\/fr\/wp-json\/wp\/v2\/product"}],"about":[{"href":"https:\/\/sinoextrud.com\/fr\/wp-json\/wp\/v2\/types\/product"}],"wp:featuredmedia":[{"embeddable":true,"href":"https:\/\/sinoextrud.com\/fr\/wp-json\/wp\/v2\/media\/8262"}],"wp:attachment":[{"href":"https:\/\/sinoextrud.com\/fr\/wp-json\/wp\/v2\/media?parent=8263"}],"wp:term":[{"taxonomy":"category","embeddable":true,"href":"https:\/\/sinoextrud.com\/fr\/wp-json\/wp\/v2\/categories?post=8263"}],"curies":[{"name":"wp","href":"https:\/\/api.w.org\/{rel}","templated":true}]}}