{"id":8259,"date":"2025-06-14T06:30:54","date_gmt":"2025-06-14T06:30:54","guid":{"rendered":"https:\/\/sinoextrud.com\/product\/large-scale-industrial-aluminum-profile\/"},"modified":"2025-06-24T06:23:26","modified_gmt":"2025-06-24T06:23:26","slug":"profile-daluminium-industriel-a-grande-echelle","status":"publish","type":"product","link":"https:\/\/sinoextrud.com\/fr\/product\/large-scale-industrial-aluminum-profile\/","title":{"rendered":"Profil\u00e9 d'aluminium industriel \u00e0 grande \u00e9chelle"},"content":{"rendered":"<h2>D\u00e9tails des produits<\/h2>\n<table class=\"custom-table\">\n<tbody>\n<tr>\n<td> Nom du produit<\/td>\n<td> Profil\u00e9 d'aluminium industriel \u00e0 grande \u00e9chelle                            <\/td>\n<\/tr>\n<tr>\n<td> Mat\u00e9riau<\/td>\n<td> 6063, 6061, 6043, 6082 Alliage d'aluminium<\/td>\n<\/tr>\n<tr>\n<td> Couleur<\/td>\n<td> Sur mesure<\/td>\n<\/tr>\n<tr>\n<td> Standard<\/td>\n<td> GB2008<\/td>\n<\/tr>\n<tr>\n<td> Grade<\/td>\n<td> S\u00e9rie 6000<\/td>\n<\/tr>\n<tr>\n<td> \u00c9paisseur<\/td>\n<td> Sur mesure<\/td>\n<\/tr>\n<tr>\n<td> Utilisation<\/td>\n<td> Industriel<\/td>\n<\/tr>\n<tr>\n<td> Temp\u00e9rer<\/td>\n<td> T3-T8<\/td>\n<\/tr>\n<tr>\n<td> Longueur<\/td>\n<td> Sur mesure<\/td>\n<\/tr>\n<tr>\n<td> Traitement de surface<\/td>\n<td> Rev\u00eatement en poudre, finition en usine, PVDF, anodis\u00e9, grain de bois, poli, bross\u00e9, etc.<\/td>\n<\/tr>\n<tr>\n<td> Orgin<\/td>\n<td> CHINE<\/td>\n<\/tr>\n<tr>\n<td> Est-il en alliage ou non ?<\/td>\n<td> Est un alliage<\/td>\n<\/tr>\n<tr>\n<td> Port<\/td>\n<td> Guangzhou, Shenzhen, Foshan<\/td>\n<\/tr>\n<\/tbody>\n<\/table>\n<h2>Notre base de production<\/h2>\n<h3>Panorama de l'usine<\/h3>\n<p><img decoding=\"async\" src=\"\/wp-content\/uploads\/factory-01.webp\"\/><\/p>\n<h3>Atelier de fabrication de barres d'aluminium<\/h3>\n<p><img decoding=\"async\" src=\"\/wp-content\/uploads\/factory-02.webp\"\/><\/p>\n<p><img decoding=\"async\" src=\"\/wp-content\/uploads\/factory-03.webp\"\/><\/p>\n<h3>Entrep\u00f4t de stockage des moules<\/h3>\n<p><img decoding=\"async\" src=\"\/wp-content\/uploads\/factory-04.webp\"\/><\/p>\n<h3>43 lignes d'extrusion d'aluminium (500 \u00e0 5500 tonnes)<\/h3>\n<p><img decoding=\"async\" src=\"\/wp-content\/uploads\/factory-05.webp\"\/><\/p>\n<p><img decoding=\"async\" src=\"\/wp-content\/uploads\/factory-06.webp\"\/><\/p>\n<p><img decoding=\"async\" src=\"\/wp-content\/uploads\/factory-07.webp\"\/><\/p>\n<h3>Atelier de peinture en poudre<\/h3>\n<p><img decoding=\"async\" src=\"\/wp-content\/uploads\/factory-09.webp\"\/><\/p>\n<h3>Atelier d'anodisation<\/h3>\n<p><img decoding=\"async\" src=\"\/wp-content\/uploads\/factory-10.webp\"\/><\/p>\n<h3>Atelier sur le traitement en profondeur<\/h3>\n<p><img decoding=\"async\" src=\"\/wp-content\/uploads\/factory-11.webp\"\/><\/p>\n<h3>Atelier d'usinage de pr\u00e9cision CNC<\/h3>\n<p><img decoding=\"async\" src=\"\/wp-content\/uploads\/factory-11.5.webp\"\/><\/p>\n<h3>Entrep\u00f4t de produits finis et d'exportation<\/h3>\n<p><img decoding=\"async\" src=\"\/wp-content\/uploads\/factory-12.webp\"\/><\/p>\n<p><img decoding=\"async\" src=\"\/wp-content\/uploads\/factory-13.webp\"\/><\/p>\n<p><img decoding=\"async\" src=\"\/wp-content\/uploads\/factory-14.webp\"\/><\/p>\n<h2>FAQ<\/h2>\n<p><p><b>1. \u00e0 quoi servent les profil\u00e9s aluminium industriels \u00e0 grande \u00e9chelle ?<\/b><\/p>\n<p>Les profil\u00e9s industriels en aluminium \u00e0 grande \u00e9chelle sont utilis\u00e9s dans la construction de grandes charpentes, de syst\u00e8mes structurels et d'\u00e9quipements industriels o\u00f9 la solidit\u00e9, la durabilit\u00e9 et la flexibilit\u00e9 sont requises.<br \/>\n<\/p><br \/>\n<br \/>\n<p><b>2. Pourquoi l'aluminium est-il utilis\u00e9 dans les profil\u00e9s industriels \u00e0 grande \u00e9chelle ?<\/b><\/p>\n<p>L'aluminium est l\u00e9ger, r\u00e9sistant \u00e0 la corrosion et durable, ce qui en fait un mat\u00e9riau id\u00e9al pour les applications industrielles \u00e0 grande \u00e9chelle qui n\u00e9cessitent \u00e0 la fois robustesse et facilit\u00e9 de manipulation.<br \/>\n<\/p><br \/>\n<br \/>\n<p><b>3) Les profil\u00e9s industriels en aluminium \u00e0 grande \u00e9chelle peuvent-ils \u00eatre personnalis\u00e9s ?<\/b><\/p>\n<p>En effet, ces profil\u00e9s sont hautement personnalisables, ce qui permet des conceptions sur mesure r\u00e9pondant \u00e0 des exigences structurelles et fonctionnelles sp\u00e9cifiques dans le cadre de grands projets industriels.<br \/>\n<\/p><br \/>\n<br \/>\n<p><b>4. Quels sont les avantages de la r\u00e9sistance \u00e0 la corrosion pour les profil\u00e9s industriels en aluminium \u00e0 grande \u00e9chelle ?<\/b><\/p>\n<p>La r\u00e9sistance \u00e0 la corrosion garantit que les profil\u00e9s conservent leur r\u00e9sistance et leur aspect au fil du temps, m\u00eame dans des environnements industriels difficiles, ce qui r\u00e9duit la maintenance et augmente la long\u00e9vit\u00e9.<br \/>\n<\/p><br \/>\n<br \/>\n<p><b>5. les profil\u00e9s industriels en aluminium \u00e0 grande \u00e9chelle sont-ils rentables ?<\/b><\/p>\n<p>En effet, ces profil\u00e9s offrent une solution rentable pour les projets industriels \u00e0 grande \u00e9chelle en r\u00e9duisant les co\u00fbts des mat\u00e9riaux et en offrant une durabilit\u00e9 \u00e0 long terme avec un minimum d'entretien.<br \/>\n<\/p><br \/>\n<br \/>\n<p><b>6. Comment les profil\u00e9s aluminium industriels \u00e0 grande \u00e9chelle contribuent-ils \u00e0 l'efficacit\u00e9 \u00e9nerg\u00e9tique ?<\/b><\/p>\n<p>La l\u00e9g\u00e8ret\u00e9 de l'aluminium permet de r\u00e9duire les co\u00fbts de transport et la consommation d'\u00e9nergie lors de l'installation, ce qui fait de ces profil\u00e9s une solution plus \u00e9conome en \u00e9nergie pour les applications industrielles.<br \/>\n<\/p><br \/>\n<br \/>\n<p><b>7) Quelles sont les industries qui b\u00e9n\u00e9ficient des profil\u00e9s industriels en aluminium \u00e0 grande \u00e9chelle ?<\/b><\/p>\n<p>Les industries telles que la fabrication, la construction, l'a\u00e9rospatiale et l'automatisation b\u00e9n\u00e9ficient de la solidit\u00e9, de la flexibilit\u00e9 et de la rentabilit\u00e9 des profil\u00e9s industriels en aluminium \u00e0 grande \u00e9chelle pour les applications \u00e0 grande \u00e9chelle.<br \/>\n<\/p><br \/><\/p>","protected":false},"featured_media":8258,"template":"","categories":[54],"class_list":["post-8259","product","type-product","status-publish","has-post-thumbnail","hentry","category-industrial-aluminum-profiles"],"meta_box":{"hilight_text_group":{"product_hilight_text":"<li>High-strength aluminum profiles designed for large-scale industrial applications.<\/li>\r\r\n<li>Customizable profiles for specific structural needs, offering maximum design flexibility.<\/li>\r\r\n<li>Corrosion-resistant properties ensure long-lasting performance in challenging industrial environments.<\/li>\r\r\n<li>Lightweight yet durable, providing ease of handling and transport for large projects.<\/li>\r\r\n<li>Cost-effective and energy-efficient solution for constructing large structures and frameworks.<\/li>","product_chanpin_blog":"<ul>\r\r\n<li><a href=\"https:\/\/sinoextrud.com\/t-slot-v-slot-differences\/\" target=\"_blank\">t slot vs v slot<\/a><\/li>\r\r\n<li><a href=\"https:\/\/sinoextrud.com\/what-is-4040-aluminium-extrud\/\" target=\"_blank\">4040 aluminium extrusion<\/a><\/li>\r\r\n<li><a href=\"https:\/\/sinoextrud.com\/what-is-4040-aluminium-extrud\/\" target=\"_blank\">aluminum extrusions for industrial racks<\/a><\/li>\r\r\n<li><a href=\"https:\/\/sinoextrud.com\/powder-coating-aluminium-process\/\" target=\"_blank\">powder coating aluminium<\/a><\/li>\r\r\n<li><a href=\"https:\/\/sinoextrud.com\/what-is-an-aluminium-strip-ceiling\/\" target=\"_blank\">aluminium strip ceiling<\/a><\/li>\r\r\n<li><a href=\"https:\/\/sinoextrud.com\/what-is-a-heat-sink\/\" target=\"_blank\">what is a heat sink<\/a><\/li>\r\r\n<\/ul>","product_chanpin_chanpin":"<li><a href=\"https:\/\/sinoextrud.com\/product\/hospital-aluminum-profile\/\" target=\"_blank\">Hospital Aluminum Profile<\/a><\/li>\r\n<li><a href=\"https:\/\/sinoextrud.com\/product\/industrial-large-aluminium-extrusions\/\" target=\"_blank\">Industrial Large Aluminium Extrusions<\/a><\/li>\r\n<li><a href=\"https:\/\/sinoextrud.com\/product\/industrial-large-aluminum-heat-sink\/\" target=\"_blank\">Industrial Large Aluminum Heat Sink<\/a><\/li>\r\n<li><a href=\"https:\/\/sinoextrud.com\/product\/industrial-t-slot-aluminum-profile\/\" target=\"_blank\">Industrial T Slot Aluminum Profile<\/a><\/li>\r\n<li><a href=\"https:\/\/sinoextrud.com\/product\/large-scale-industrial-aluminum-profile\/\" target=\"_blank\">Large Scale Industrial Aluminum Profile<\/a><\/li>\r\n<li><a href=\"https:\/\/sinoextrud.com\/product\/solar-aluminium-profile-2\/\" target=\"_blank\">Solar Aluminium Profile<\/a><\/li>\r\n<li><a href=\"https:\/\/sinoextrud.com\/product\/round-sunflower-led-light-aluminium-heat-sink\/\" target=\"_blank\">Round Sunflower LED Light Aluminium Heat Sink<\/a><\/li>\r\n<li><a href=\"https:\/\/sinoextrud.com\/product\/profile-square-aluminum-heat-sink\/\" target=\"_blank\">Profile Square Aluminum Heat Sink<\/a><\/li>\r\n<li><a href=\"https:\/\/sinoextrud.com\/product\/triangular-aluminum-extrusion\/\" target=\"_blank\">Triangular Aluminum Extrusion<\/a><\/li>\r\n<li><a href=\"https:\/\/sinoextrud.com\/product\/aluminum-profile-slider-for-window-curtain\/\" target=\"_blank\">Aluminum Profile Slider For Window Curtain<\/a><\/li>\r\n<li><a href=\"https:\/\/sinoextrud.com\/product\/60x60-aluminium-extrusion\/\" target=\"_blank\">60\u00c3\u201460 Aluminium Extrusion<\/a><\/li>"},"feature_list":[]},"_links":{"self":[{"href":"https:\/\/sinoextrud.com\/fr\/wp-json\/wp\/v2\/product\/8259","targetHints":{"allow":["GET"]}}],"collection":[{"href":"https:\/\/sinoextrud.com\/fr\/wp-json\/wp\/v2\/product"}],"about":[{"href":"https:\/\/sinoextrud.com\/fr\/wp-json\/wp\/v2\/types\/product"}],"wp:featuredmedia":[{"embeddable":true,"href":"https:\/\/sinoextrud.com\/fr\/wp-json\/wp\/v2\/media\/8258"}],"wp:attachment":[{"href":"https:\/\/sinoextrud.com\/fr\/wp-json\/wp\/v2\/media?parent=8259"}],"wp:term":[{"taxonomy":"category","embeddable":true,"href":"https:\/\/sinoextrud.com\/fr\/wp-json\/wp\/v2\/categories?post=8259"}],"curies":[{"name":"wp","href":"https:\/\/api.w.org\/{rel}","templated":true}]}}