{"id":8253,"date":"2025-06-14T06:26:45","date_gmt":"2025-06-14T06:26:45","guid":{"rendered":"https:\/\/sinoextrud.com\/product\/industrial-large-aluminium-extrusions\/"},"modified":"2025-06-24T06:23:24","modified_gmt":"2025-06-24T06:23:24","slug":"grandes-extrusions-industrielles-daluminium","status":"publish","type":"product","link":"https:\/\/sinoextrud.com\/fr\/product\/industrial-large-aluminium-extrusions\/","title":{"rendered":"Grandes extrusions industrielles d'aluminium"},"content":{"rendered":"<h2>D\u00e9tails des produits<\/h2>\n<table class=\"custom-table\">\n<tbody>\n<tr>\n<td> Nom<\/td>\n<td> Grandes extrusions industrielles en aluminium, Grandes extrusions en aluminium<\/td>\n<\/tr>\n<tr>\n<td> Marque<\/td>\n<td> Sinoextrud\/Sinoextrud<\/td>\n<\/tr>\n<tr>\n<td> Cat\u00e9gorie<\/td>\n<td> Profil\u00e9s en aluminium<\/td>\n<\/tr>\n<tr>\n<td> Type<\/td>\n<td> Type lourd<\/td>\n<\/tr>\n<tr>\n<td> Mat\u00e9riau<\/td>\n<td> La norme 6061 est largement utilis\u00e9e. 6063, 6463, 6005, 6082, sont \u00e9galement disponibles.<\/td>\n<\/tr>\n<tr>\n<td> Temp\u00e9rer<\/td>\n<td> T5-T8<\/td>\n<\/tr>\n<tr>\n<td> Longueur<\/td>\n<td> 1-9m ou personnalisation<\/td>\n<\/tr>\n<tr>\n<td> Taille (mm)<\/td>\n<td> Selon le dessin<\/td>\n<\/tr>\n<tr>\n<td> Forme<\/td>\n<td> Grande \u00e9chelle<\/td>\n<\/tr>\n<tr>\n<td> Traitement de surface<\/td>\n<td> Finition en usine, anodisation, sablage, \u00e9lectrophor\u00e8se, rev\u00eatement, etc.<\/td>\n<\/tr>\n<tr>\n<td> Couleur<\/td>\n<td> Argent, noir, blanc, rouge, jaune, champagne ou couleur personnalis\u00e9e<\/td>\n<\/tr>\n<tr>\n<td> Standard<\/td>\n<td> ASTM, GB, DIN<\/td>\n<\/tr>\n<tr>\n<td> De<\/td>\n<td> Guangdong, Chine<\/td>\n<\/tr>\n<tr>\n<td> Application<\/td>\n<td> Profil de l'industrie, b\u00e2timent<\/td>\n<\/tr>\n<\/tbody>\n<\/table>\n<h2>Notre base de production<\/h2>\n<h3>Panorama de l'usine<\/h3>\n<p><img decoding=\"async\" src=\"\/wp-content\/uploads\/factory-01.webp\"\/><\/p>\n<h3>Atelier de fabrication de barres d'aluminium<\/h3>\n<p><img decoding=\"async\" src=\"\/wp-content\/uploads\/factory-02.webp\"\/><\/p>\n<p><img decoding=\"async\" src=\"\/wp-content\/uploads\/factory-03.webp\"\/><\/p>\n<h3>Entrep\u00f4t de stockage des moules<\/h3>\n<p><img decoding=\"async\" src=\"\/wp-content\/uploads\/factory-04.webp\"\/><\/p>\n<h3>43 lignes d'extrusion d'aluminium (500 \u00e0 5500 tonnes)<\/h3>\n<p><img decoding=\"async\" src=\"\/wp-content\/uploads\/factory-05.webp\"\/><\/p>\n<p><img decoding=\"async\" src=\"\/wp-content\/uploads\/factory-06.webp\"\/><\/p>\n<p><img decoding=\"async\" src=\"\/wp-content\/uploads\/factory-07.webp\"\/><\/p>\n<h3>Atelier de peinture en poudre<\/h3>\n<p><img decoding=\"async\" src=\"\/wp-content\/uploads\/factory-09.webp\"\/><\/p>\n<h3>Atelier d'anodisation<\/h3>\n<p><img decoding=\"async\" src=\"\/wp-content\/uploads\/factory-10.webp\"\/><\/p>\n<h3>Atelier sur le traitement en profondeur<\/h3>\n<p><img decoding=\"async\" src=\"\/wp-content\/uploads\/factory-11.webp\"\/><\/p>\n<h3>Atelier d'usinage de pr\u00e9cision CNC<\/h3>\n<p><img decoding=\"async\" src=\"\/wp-content\/uploads\/factory-11.5.webp\"\/><\/p>\n<h3>Entrep\u00f4t de produits finis et d'exportation<\/h3>\n<p><img decoding=\"async\" src=\"\/wp-content\/uploads\/factory-12.webp\"\/><\/p>\n<p><img decoding=\"async\" src=\"\/wp-content\/uploads\/factory-13.webp\"\/><\/p>\n<p><img decoding=\"async\" src=\"\/wp-content\/uploads\/factory-14.webp\"\/><\/p>\n<h2>FAQ<\/h2>\n<p><p><b>1. \u00e0 quoi servent les grandes extrusions industrielles d'aluminium ?<\/b><\/p>\n<p>Les grandes extrusions industrielles d'aluminium sont utilis\u00e9es pour cr\u00e9er des composants structurels lourds dans des secteurs tels que l'industrie manufacturi\u00e8re, la construction et l'a\u00e9rospatiale, fournissant un support fiable pour des projets de grande envergure.<br \/>\n<\/p><br \/>\n<br \/>\n<p><b>2) Pourquoi l'aluminium est-il id\u00e9al pour les grandes extrusions industrielles ?<\/b><\/p>\n<p>L'aluminium est \u00e0 la fois l\u00e9ger et solide, r\u00e9sistant \u00e0 la corrosion et facile \u00e0 transformer, ce qui en fait un mat\u00e9riau id\u00e9al pour les grandes extrusions qui n\u00e9cessitent durabilit\u00e9 et facilit\u00e9 de manipulation.<br \/>\n<\/p><br \/>\n<br \/>\n<p><b>3. les grandes extrusions industrielles d'aluminium peuvent-elles \u00eatre personnalis\u00e9es ?<\/b><\/p>\n<p>Oui, les grandes extrusions industrielles d'aluminium peuvent \u00eatre adapt\u00e9es \u00e0 des longueurs, des formes et des tailles sp\u00e9cifiques, offrant ainsi des solutions flexibles pour une vari\u00e9t\u00e9 d'applications industrielles.<br \/>\n<\/p><br \/>\n<br \/>\n<p><b>4. Comment les grandes extrusions industrielles d'aluminium r\u00e9sistent-elles aux environnements difficiles ?<\/b><\/p>\n<p>La r\u00e9sistance \u00e0 la corrosion de l'aluminium permet aux grandes extrusions industrielles en aluminium de conserver leur solidit\u00e9 et leur int\u00e9grit\u00e9 dans des environnements difficiles, tels qu'une humidit\u00e9 \u00e9lev\u00e9e ou une exposition \u00e0 des produits chimiques.<br \/>\n<\/p><br \/>\n<br \/>\n<p><b>5. ces extrusions sont-elles faciles \u00e0 assembler et \u00e0 installer ?<\/b><\/p>\n<p>Oui, les grandes extrusions industrielles en aluminium sont con\u00e7ues pour une fabrication facile et un assemblage rapide, ce qui r\u00e9duit le temps d'installation et les co\u00fbts de main-d'\u0153uvre dans les projets industriels.<br \/>\n<\/p><br \/>\n<br \/>\n<p><b>6) Quelle est la dur\u00e9e de vie des grandes extrusions industrielles d'aluminium ?<\/b><\/p>\n<p>Les grandes extrusions industrielles d'aluminium sont tr\u00e8s durables et r\u00e9sistantes \u00e0 l'usure, \u00e0 la corrosion et aux dommages, ce qui garantit des performances \u00e0 long terme dans les applications industrielles exigeantes.<br \/>\n<\/p><br \/>\n<br \/>\n<p><b>7) Quelles sont les industries qui b\u00e9n\u00e9ficient de l'utilisation des grandes extrusions industrielles d'aluminium ?<\/b><\/p>\n<p>Les industries telles que la construction, l'a\u00e9rospatiale, l'automobile et l'industrie lourde b\u00e9n\u00e9ficient des grandes extrusions industrielles d'aluminium en raison de leur r\u00e9sistance, de leur flexibilit\u00e9 et de leur efficacit\u00e9.<br \/>\n<\/p><br \/><\/p>","protected":false},"featured_media":8252,"template":"","categories":[54],"class_list":["post-8253","product","type-product","status-publish","has-post-thumbnail","hentry","category-industrial-aluminum-profiles"],"meta_box":{"hilight_text_group":{"product_hilight_text":"<li>Industrial Large Aluminium Extrusions offer robust structural support for heavy-duty industrial applications.<\/li>\r\r\n<li>Lightweight yet strong, these extrusions provide an optimal balance of durability and ease of handling.<\/li>\r\r\n<li>Corrosion-resistant properties ensure long-lasting performance in tough environmental conditions.<\/li>\r\r\n<li>Customizable shapes and sizes allow for tailored solutions to meet specific industrial design needs.<\/li>\r\r\n<li>Easy to fabricate and assemble, saving time and labor costs during installation and construction.<\/li>","product_chanpin_blog":"<ul>\r\r\n<li><a href=\"https:\/\/sinoextrud.com\/t-slot-v-slot-differences\/\" target=\"_blank\">t slot vs v slot<\/a><\/li>\r\r\n<li><a href=\"https:\/\/sinoextrud.com\/what-is-4040-aluminium-extrud\/\" target=\"_blank\">4040 aluminium extrusion<\/a><\/li>\r\r\n<li><a href=\"https:\/\/sinoextrud.com\/what-is-4040-aluminium-extrud\/\" target=\"_blank\">aluminum extrusions for industrial racks<\/a><\/li>\r\r\n<li><a href=\"https:\/\/sinoextrud.com\/powder-coating-aluminium-process\/\" target=\"_blank\">powder coating aluminium<\/a><\/li>\r\r\n<li><a href=\"https:\/\/sinoextrud.com\/what-is-an-aluminium-strip-ceiling\/\" target=\"_blank\">aluminium strip ceiling<\/a><\/li>\r\r\n<li><a href=\"https:\/\/sinoextrud.com\/what-is-a-heat-sink\/\" target=\"_blank\">what is a heat sink<\/a><\/li>\r\r\n<\/ul>","product_chanpin_chanpin":"<li><a href=\"https:\/\/sinoextrud.com\/product\/customized-led-aluminium-profile-led-aluminum-extrusion\/\" target=\"_blank\">Customized LED Aluminium Profile  LED Aluminum Extrusion<\/a><\/li>\r\n<li><a href=\"https:\/\/sinoextrud.com\/product\/manufacturer-price-of-customized-oem-matt-anodized-aluminium-profile-for-hospital-pharmaceutical-clean-room\/\" target=\"_blank\">Manufacturer Price Of Customized OEM Matt Anodized Aluminium Profile For Hospital Pharmaceutical Clean Room<\/a><\/li>\r\n<li><a href=\"https:\/\/sinoextrud.com\/product\/large-aluminium-pipe-aluminium-pole\/\" target=\"_blank\">Large Aluminium Pipe Aluminium Pole<\/a><\/li>\r\n<li><a href=\"https:\/\/sinoextrud.com\/product\/hospital-aluminum-profile\/\" target=\"_blank\">Hospital Aluminum Profile<\/a><\/li>\r\n<li><a href=\"https:\/\/sinoextrud.com\/product\/industrial-large-aluminium-extrusions\/\" target=\"_blank\">Industrial Large Aluminium Extrusions<\/a><\/li>\r\n<li><a href=\"https:\/\/sinoextrud.com\/product\/industrial-large-aluminum-heat-sink\/\" target=\"_blank\">Industrial Large Aluminum Heat Sink<\/a><\/li>\r\n<li><a href=\"https:\/\/sinoextrud.com\/product\/industrial-t-slot-aluminum-profile\/\" target=\"_blank\">Industrial T Slot Aluminum Profile<\/a><\/li>\r\n<li><a href=\"https:\/\/sinoextrud.com\/product\/large-scale-industrial-aluminum-profile\/\" target=\"_blank\">Large Scale Industrial Aluminum Profile<\/a><\/li>\r\n<li><a href=\"https:\/\/sinoextrud.com\/product\/solar-aluminium-profile-2\/\" target=\"_blank\">Solar Aluminium Profile<\/a><\/li>\r\n<li><a href=\"https:\/\/sinoextrud.com\/product\/2024-2014-alloy-aluminum-profiles\/\" target=\"_blank\">2024 2014 Alloy Aluminum Profiles<\/a><\/li>\r\n<li><a href=\"https:\/\/sinoextrud.com\/product\/aluminum-profile-t-slot-for-machine-frame\/\" target=\"_blank\">Aluminum Profile T-Slot For Machine Frame<\/a><\/li>"},"feature_list":[]},"_links":{"self":[{"href":"https:\/\/sinoextrud.com\/fr\/wp-json\/wp\/v2\/product\/8253","targetHints":{"allow":["GET"]}}],"collection":[{"href":"https:\/\/sinoextrud.com\/fr\/wp-json\/wp\/v2\/product"}],"about":[{"href":"https:\/\/sinoextrud.com\/fr\/wp-json\/wp\/v2\/types\/product"}],"wp:featuredmedia":[{"embeddable":true,"href":"https:\/\/sinoextrud.com\/fr\/wp-json\/wp\/v2\/media\/8252"}],"wp:attachment":[{"href":"https:\/\/sinoextrud.com\/fr\/wp-json\/wp\/v2\/media?parent=8253"}],"wp:term":[{"taxonomy":"category","embeddable":true,"href":"https:\/\/sinoextrud.com\/fr\/wp-json\/wp\/v2\/categories?post=8253"}],"curies":[{"name":"wp","href":"https:\/\/api.w.org\/{rel}","templated":true}]}}