{"id":8208,"date":"2025-06-13T07:46:03","date_gmt":"2025-06-13T07:46:03","guid":{"rendered":"https:\/\/sinoextrud.com\/product\/extruded-aluminum-framing-systems\/"},"modified":"2025-06-24T06:23:22","modified_gmt":"2025-06-24T06:23:22","slug":"systemes-dencadrement-en-aluminium-extrude","status":"publish","type":"product","link":"https:\/\/sinoextrud.com\/fr\/product\/extruded-aluminum-framing-systems\/","title":{"rendered":"Syst\u00e8mes d'ossature en aluminium extrud\u00e9"},"content":{"rendered":"<h2>D\u00e9tails des produits<\/h2>\n<table class=\"custom-table\">\n<tr>\n<td class=\"label\">Nom de l'article<\/td>\n<td>Syst\u00e8mes d'encadrement en aluminium extrud\u00e9<\/td>\n<\/tr>\n<tr>\n<td class=\"label\">Mat\u00e9riau<\/td>\n<td>Alliage 6063<\/td>\n<\/tr>\n<tr>\n<td class=\"label\">Temp\u00e9rer<\/td>\n<td>T3, T4, T5, T6, T7<\/td>\n<\/tr>\n<tr>\n<td class=\"label\">Traitement de surface<\/td>\n<td>Rev\u00eatement en poudre, \u00e9lectrophor\u00e8se, finition en usine, anodisation, grain de bois.<\/td>\n<\/tr>\n<tr>\n<td class=\"label\">Couleur<\/td>\n<td>Argent, champagne, couleur bois, ou personnalis\u00e9 selon vos besoins.<\/td>\n<\/tr>\n<tr>\n<td class=\"label\">Utilisation<\/td>\n<td>Portes roulantes, fen\u00eatres, portes, murs-rideaux, pluies, profil\u00e9s de d\u00e9coration.<\/td>\n<\/tr>\n<tr>\n<td class=\"label\">\u00c9paisseur<\/td>\n<td>1. \u00c9paisseur g\u00e9n\u00e9rale du profil\u00e9 : 08 mm-1,4 mm<br \/>\n2. \u00c9paisseur de la protection par anodisation : 8-12 micro<br \/>\n3. \u00c9paisseur normale du rev\u00eatement en poudre : 60-100 micro<\/td>\n<\/tr>\n<tr>\n<td class=\"label\">Forme<\/td>\n<td>Carr\u00e9, angle, plat, creux, ovale, disponible sur mesure.<\/td>\n<\/tr>\n<tr>\n<td class=\"label\">longueur<\/td>\n<td>personnalis\u00e9 en fonction de vos besoins<\/td>\n<\/tr>\n<tr>\n<td class=\"label\">Emballage<\/td>\n<td>1. EPE pour chaque profil ;<br \/>\n2. Envelopper l'ext\u00e9rieur d'un film r\u00e9tractable ;<br \/>\n3. Emballage selon la demande du client.<\/td>\n<\/tr>\n<\/table>\n<h2>Notre base de production<\/h2>\n<h3>Panorama de l'usine<\/h3>\n<p><img decoding=\"async\" src=\"\/wp-content\/uploads\/factory-01.webp\"\/><\/p>\n<h3>Atelier de fabrication de barres d'aluminium<\/h3>\n<p><img decoding=\"async\" src=\"\/wp-content\/uploads\/factory-02.webp\"\/><\/p>\n<p><img decoding=\"async\" src=\"\/wp-content\/uploads\/factory-03.webp\"\/><\/p>\n<h3>Entrep\u00f4t de stockage des moules<\/h3>\n<p><img decoding=\"async\" src=\"\/wp-content\/uploads\/factory-04.webp\"\/><\/p>\n<h3>43 lignes d'extrusion d'aluminium (500 \u00e0 5500 tonnes)<\/h3>\n<p><img decoding=\"async\" src=\"\/wp-content\/uploads\/factory-05.webp\"\/><\/p>\n<p><img decoding=\"async\" src=\"\/wp-content\/uploads\/factory-06.webp\"\/><\/p>\n<p><img decoding=\"async\" src=\"\/wp-content\/uploads\/factory-07.webp\"\/><\/p>\n<h3>Atelier de peinture en poudre<\/h3>\n<p><img decoding=\"async\" src=\"\/wp-content\/uploads\/factory-09.webp\"\/><\/p>\n<h3>Atelier d'anodisation<\/h3>\n<p><img decoding=\"async\" src=\"\/wp-content\/uploads\/factory-10.webp\"\/><\/p>\n<h3>Atelier sur le traitement en profondeur<\/h3>\n<p><img decoding=\"async\" src=\"\/wp-content\/uploads\/factory-11.webp\"\/><\/p>\n<h3>Atelier d'usinage de pr\u00e9cision CNC<\/h3>\n<p><img decoding=\"async\" src=\"\/wp-content\/uploads\/factory-11.5.webp\"\/><\/p>\n<h3>Entrep\u00f4t de produits finis et d'exportation<\/h3>\n<p><img decoding=\"async\" src=\"\/wp-content\/uploads\/factory-12.webp\"\/><\/p>\n<p><img decoding=\"async\" src=\"\/wp-content\/uploads\/factory-13.webp\"\/><\/p>\n<p><img decoding=\"async\" src=\"\/wp-content\/uploads\/factory-14.webp\"\/><\/p>\n<h2>FAQ<\/h2>\n<p><p><b>1) Quels sont les principaux avantages des syst\u00e8mes d'ossature en aluminium extrud\u00e9 ?<\/b><\/p>\n<p>Les syst\u00e8mes d'ossature en aluminium extrud\u00e9 sont durables, l\u00e9gers et r\u00e9sistants \u00e0 la corrosion, ce qui les rend id\u00e9aux pour les applications industrielles et les structures personnalis\u00e9es.<br \/>\n<\/p><br \/>\n<br \/>\n<p><b>2) Est-il facile d'assembler un syst\u00e8me d'ossature en aluminium extrud\u00e9 ?<\/b><\/p>\n<p>Ces syst\u00e8mes sont con\u00e7us pour un assemblage facile, avec une gamme de composants polyvalents qui permettent une construction rapide et efficace.<br \/>\n<\/p><br \/>\n<br \/>\n<p><b>3. les syst\u00e8mes d'ossature en aluminium extrud\u00e9 conviennent-ils \u00e0 une utilisation en ext\u00e9rieur ?<\/b><\/p>\n<p>Oui, ils sont tr\u00e8s r\u00e9sistants \u00e0 la corrosion, ce qui les rend parfaits pour les environnements int\u00e9rieurs et ext\u00e9rieurs.<br \/>\n<\/p><br \/>\n<br \/>\n<p><b>4. Les syst\u00e8mes d'ossature en aluminium extrud\u00e9 peuvent-ils \u00eatre personnalis\u00e9s pour des applications sp\u00e9cifiques ?<\/b><\/p>\n<p>Oui, ces syst\u00e8mes offrent une excellente flexibilit\u00e9, permettant des conceptions personnalis\u00e9es adapt\u00e9es \u00e0 des besoins et des exigences sp\u00e9cifiques.<br \/>\n<\/p><br \/>\n<br \/>\n<p><b>5. Quel est le rapport co\u00fbt-efficacit\u00e9 des syst\u00e8mes d'ossature en aluminium extrud\u00e9 ?<\/b><\/p>\n<p>Ils constituent une solution abordable en raison de leur durabilit\u00e9, de leurs besoins d'entretien minimaux et de leur longue dur\u00e9e de vie.<br \/>\n<\/p><br \/>\n<br \/>\n<p><b>6. Quelle est la r\u00e9sistance des syst\u00e8mes d'ossature en aluminium extrud\u00e9 par rapport \u00e0 celle de l'acier ?<\/b><\/p>\n<p>Bien que l'aluminium soit plus l\u00e9ger, il est tout aussi solide dans de nombreuses applications et r\u00e9siste mieux \u00e0 la rouille et \u00e0 la corrosion que l'acier.<br \/>\n<\/p><br \/>\n<br \/>\n<p><b>7. quelles industries utilisent les syst\u00e8mes d'ossature en aluminium extrud\u00e9 ?<\/b><\/p>\n<p>Ils sont couramment utilis\u00e9s dans les secteurs de la fabrication, de l'automatisation, de l'a\u00e9rospatiale et d'autres industries n\u00e9cessitant des syst\u00e8mes d'assemblage modulaires et de pr\u00e9cision.<br \/>\n<\/p><br \/><\/p>","protected":false},"featured_media":8207,"template":"","categories":[54],"class_list":["post-8208","product","type-product","status-publish","has-post-thumbnail","hentry","category-industrial-aluminum-profiles"],"meta_box":{"hilight_text_group":{"product_hilight_text":"<li>Durable and lightweight, ideal for custom structures and industrial applications.<\/li>\r\r\n<li>Easy to assemble with a versatile range of components for flexibility in design.<\/li>\r\r\n<li>Highly resistant to corrosion, ensuring long-term performance even in harsh environments.<\/li>\r\r\n<li>Cost-effective solution with minimal maintenance and high longevity.<\/li>\r\r\n<li>Precision-engineered for seamless integration with other modular systems.<\/li>","product_chanpin_blog":"<ul>\r\r\n<li><a href=\"https:\/\/sinoextrud.com\/t-slot-v-slot-differences\/\" target=\"_blank\">t slot vs v slot<\/a><\/li>\r\r\n<li><a href=\"https:\/\/sinoextrud.com\/what-is-4040-aluminium-extrud\/\" target=\"_blank\">4040 aluminium extrusion<\/a><\/li>\r\r\n<li><a href=\"https:\/\/sinoextrud.com\/what-is-4040-aluminium-extrud\/\" target=\"_blank\">aluminum extrusions for industrial racks<\/a><\/li>\r\r\n<li><a href=\"https:\/\/sinoextrud.com\/powder-coating-aluminium-process\/\" target=\"_blank\">powder coating aluminium<\/a><\/li>\r\r\n<li><a href=\"https:\/\/sinoextrud.com\/what-is-an-aluminium-strip-ceiling\/\" target=\"_blank\">aluminium strip ceiling<\/a><\/li>\r\r\n<li><a href=\"https:\/\/sinoextrud.com\/what-is-a-heat-sink\/\" target=\"_blank\">what is a heat sink<\/a><\/li>\r\r\n<\/ul>","product_chanpin_chanpin":"<li><a href=\"https:\/\/sinoextrud.com\/product\/extruded-aluminium-profiles-heat-sink\/\" target=\"_blank\">Extruded Aluminium Profiles Heat Sink<\/a><\/li>\r\n<li><a href=\"https:\/\/sinoextrud.com\/product\/industrial-aluminium-profiles\/\" target=\"_blank\">Industrial Aluminium Profiles<\/a><\/li>\r\n<li><a href=\"https:\/\/sinoextrud.com\/product\/extruded-aluminum-case\/\" target=\"_blank\">Extruded Aluminum Case<\/a><\/li>\r\n<li><a href=\"https:\/\/sinoextrud.com\/product\/industrial-aluminum-profile-cad-drawing-uses-in-industry-customized-extrusion-press-manufacturers\/\" target=\"_blank\">industrial aluminum profile cad drawing uses in industry customized extrusion press manufacturers<\/a><\/li>\r\n<li><a href=\"https:\/\/sinoextrud.com\/product\/extruded-aluminum-framing-systems\/\" target=\"_blank\">Extruded Aluminum Framing Systems<\/a><\/li>\r\n<li><a href=\"https:\/\/sinoextrud.com\/product\/extruded-aluminum-h-channel\/\" target=\"_blank\">Extruded Aluminum H Channel<\/a><\/li>\r\n<li><a href=\"https:\/\/sinoextrud.com\/product\/polished-aluminum-profile-bending-cnc-industrial-aluminium\/\" target=\"_blank\">Polished Aluminum Profile Bending CNC Industrial Aluminium<\/a><\/li>\r\n<li><a href=\"https:\/\/sinoextrud.com\/product\/customized-led-aluminium-profile-led-aluminum-extrusion\/\" target=\"_blank\">Customized LED Aluminium Profile  LED Aluminum Extrusion<\/a><\/li>\r\n<li><a href=\"https:\/\/sinoextrud.com\/product\/manufacturer-price-of-customized-oem-matt-anodized-aluminium-profile-for-hospital-pharmaceutical-clean-room\/\" target=\"_blank\">Manufacturer Price Of Customized OEM Matt Anodized Aluminium Profile For Hospital Pharmaceutical Clean Room<\/a><\/li>\r\n<li><a href=\"https:\/\/sinoextrud.com\/product\/square-extruded-aluminum\/\" target=\"_blank\">Square Extruded Aluminum<\/a><\/li>\r\n<li><a href=\"https:\/\/sinoextrud.com\/product\/slotted-aluminum-framing\/\" target=\"_blank\">Slotted Aluminum Framing<\/a><\/li>"},"feature_list":[]},"_links":{"self":[{"href":"https:\/\/sinoextrud.com\/fr\/wp-json\/wp\/v2\/product\/8208","targetHints":{"allow":["GET"]}}],"collection":[{"href":"https:\/\/sinoextrud.com\/fr\/wp-json\/wp\/v2\/product"}],"about":[{"href":"https:\/\/sinoextrud.com\/fr\/wp-json\/wp\/v2\/types\/product"}],"wp:featuredmedia":[{"embeddable":true,"href":"https:\/\/sinoextrud.com\/fr\/wp-json\/wp\/v2\/media\/8207"}],"wp:attachment":[{"href":"https:\/\/sinoextrud.com\/fr\/wp-json\/wp\/v2\/media?parent=8208"}],"wp:term":[{"taxonomy":"category","embeddable":true,"href":"https:\/\/sinoextrud.com\/fr\/wp-json\/wp\/v2\/categories?post=8208"}],"curies":[{"name":"wp","href":"https:\/\/api.w.org\/{rel}","templated":true}]}}