{"id":8204,"date":"2025-06-13T07:42:12","date_gmt":"2025-06-13T07:42:12","guid":{"rendered":"https:\/\/sinoextrud.com\/product\/extruded-aluminum-case\/"},"modified":"2025-06-24T06:23:21","modified_gmt":"2025-06-24T06:23:21","slug":"boitier-en-aluminium-extrude-2","status":"publish","type":"product","link":"https:\/\/sinoextrud.com\/fr\/product\/extruded-aluminum-case\/","title":{"rendered":"Bo\u00eetier en aluminium extrud\u00e9"},"content":{"rendered":"<h2>D\u00e9tails des produits<\/h2>\n<table class=\"custom-table\">\n<tbody>\n<tr>\n<td> Nom<\/td>\n<td> Bo\u00eetier en aluminium extrud\u00e9<\/td>\n<\/tr>\n<tr>\n<td> Marque<\/td>\n<td> Sinoextrud\/Sinoextrud<\/td>\n<\/tr>\n<tr>\n<td> Cat\u00e9gorie<\/td>\n<td> Profil\u00e9s en aluminium<\/td>\n<\/tr>\n<tr>\n<td> Type<\/td>\n<td> Type lourd ou l\u00e9ger disponible<\/td>\n<\/tr>\n<tr>\n<td> Mat\u00e9riau<\/td>\n<td> La norme 6061 est largement utilis\u00e9e. 6063, 6463, 6005, 6082 sont \u00e9galement disponibles.<\/td>\n<\/tr>\n<tr>\n<td> Temp\u00e9rer<\/td>\n<td> T5-T8<\/td>\n<\/tr>\n<tr>\n<td> Longueur<\/td>\n<td> 1-9m ou personnalisation<\/td>\n<\/tr>\n<tr>\n<td> Taille (mm)<\/td>\n<td> Selon le dessin<\/td>\n<\/tr>\n<tr>\n<td> Forme<\/td>\n<td> Rond\/ rectangle\/carr\u00e9\/personnalisation<\/td>\n<\/tr>\n<tr>\n<td> Traitement de surface<\/td>\n<td> Finition en usine, anodisation, sablage, \u00e9lectrophor\u00e8se, rev\u00eatement, etc.<\/td>\n<\/tr>\n<tr>\n<td> Couleur<\/td>\n<td> Argent, noir, blanc, rouge, jaune, champagne ou couleur personnalis\u00e9e<\/td>\n<\/tr>\n<tr>\n<td> Standard<\/td>\n<td> ASTM, GB, DIN<\/td>\n<\/tr>\n<tr>\n<td> De<\/td>\n<td> Guangdong, Chine<\/td>\n<\/tr>\n<tr>\n<td> Application<\/td>\n<td> Profil de l'industrie, b\u00e2timent, d\u00e9coration, portes et fen\u00eatres<\/td>\n<\/tr>\n<\/tbody>\n<\/table>\n<h2>Notre base de production<\/h2>\n<h3>Panorama de l'usine<\/h3>\n<p><img decoding=\"async\" src=\"\/wp-content\/uploads\/factory-01.webp\"\/><\/p>\n<h3>Atelier de fabrication de barres d'aluminium<\/h3>\n<p><img decoding=\"async\" src=\"\/wp-content\/uploads\/factory-02.webp\"\/><\/p>\n<p><img decoding=\"async\" src=\"\/wp-content\/uploads\/factory-03.webp\"\/><\/p>\n<h3>Entrep\u00f4t de stockage des moules<\/h3>\n<p><img decoding=\"async\" src=\"\/wp-content\/uploads\/factory-04.webp\"\/><\/p>\n<h3>43 lignes d'extrusion d'aluminium (500-5500 tonnes)<\/h3>\n<p><img decoding=\"async\" src=\"\/wp-content\/uploads\/factory-05.webp\"\/><\/p>\n<p><img decoding=\"async\" src=\"\/wp-content\/uploads\/factory-06.webp\"\/><\/p>\n<p><img decoding=\"async\" src=\"\/wp-content\/uploads\/factory-07.webp\"\/><\/p>\n<h3>Atelier de peinture en poudre<\/h3>\n<p><img decoding=\"async\" src=\"\/wp-content\/uploads\/factory-09.webp\"\/><\/p>\n<h3>Atelier d'anodisation<\/h3>\n<p><img decoding=\"async\" src=\"\/wp-content\/uploads\/factory-10.webp\"\/><\/p>\n<h3>Atelier sur le traitement en profondeur<\/h3>\n<p><img decoding=\"async\" src=\"\/wp-content\/uploads\/factory-11.webp\"\/><\/p>\n<h3>Atelier d'usinage de pr\u00e9cision CNC<\/h3>\n<p><img decoding=\"async\" src=\"\/wp-content\/uploads\/factory-11.5.webp\"\/><\/p>\n<h3>Entrep\u00f4t de produits finis et d'exportation<\/h3>\n<p><img decoding=\"async\" src=\"\/wp-content\/uploads\/factory-12.webp\"\/><\/p>\n<p><img decoding=\"async\" src=\"\/wp-content\/uploads\/factory-13.webp\"\/><\/p>\n<p><img decoding=\"async\" src=\"\/wp-content\/uploads\/factory-14.webp\"\/><\/p>\n<h2>FAQ<\/h2>\n<p><p><b>1) Quels sont les principaux avantages de l'utilisation d'un bo\u00eetier en aluminium extrud\u00e9 ?<\/b><\/p>\n<p>Les bo\u00eetiers en aluminium extrud\u00e9 offrent une grande durabilit\u00e9, une conception l\u00e9g\u00e8re et une excellente protection contre les facteurs environnementaux, ce qui les rend id\u00e9aux pour les composants \u00e9lectroniques sensibles.<br \/>\n<\/p><br \/>\n<br \/>\n<p><b>2) Comment un bo\u00eetier en aluminium extrud\u00e9 contribue-t-il \u00e0 la dissipation de la chaleur ?<\/b><\/p>\n<p>La conductivit\u00e9 thermique du mat\u00e9riau permet une dissipation efficace de la chaleur, \u00e9vitant ainsi la surchauffe et am\u00e9liorant les performances et la long\u00e9vit\u00e9 des composants internes.<br \/>\n<\/p><br \/>\n<br \/>\n<p><b>3. les bo\u00eetiers en aluminium extrud\u00e9 sont-ils personnalisables ?<\/b><\/p>\n<p>Oui, les bo\u00eetiers en aluminium extrud\u00e9 peuvent \u00eatre personnalis\u00e9s en termes de taille, de forme et de conception pour r\u00e9pondre aux exigences sp\u00e9cifiques de votre application, garantissant ainsi un ajustement parfait.<br \/>\n<\/p><br \/>\n<br \/>\n<p><b>4. les bo\u00eetiers en aluminium extrud\u00e9 peuvent-ils \u00eatre utilis\u00e9s dans des environnements difficiles ?<\/b><\/p>\n<p>Oui, les bo\u00eetiers en aluminium extrud\u00e9 sont tr\u00e8s r\u00e9sistants \u00e0 la corrosion, ce qui permet de les utiliser dans des environnements exigeants tels que la marine, l'industrie et l'ext\u00e9rieur.<br \/>\n<\/p><br \/>\n<br \/>\n<p><b>5) Qu'est-ce qui fait que les bo\u00eetiers en aluminium extrud\u00e9 sont \u00e0 la fois l\u00e9gers et r\u00e9sistants ?<\/b><\/p>\n<p>Les bo\u00eetiers en aluminium extrud\u00e9 sont fabriqu\u00e9s \u00e0 partir d'aluminium de haute qualit\u00e9, offrant un \u00e9quilibre parfait entre r\u00e9sistance et poids, garantissant une protection fiable sans encombrement excessif.<br \/>\n<\/p><br \/>\n<br \/>\n<p><b>6) Comment les caisses en aluminium extrud\u00e9 am\u00e9liorent-elles l'efficacit\u00e9 de l'exp\u00e9dition et de la manutention ?<\/b><\/p>\n<p>Leur conception l\u00e9g\u00e8re r\u00e9duit les co\u00fbts d'exp\u00e9dition et simplifie la manipulation pendant le transport, tout en offrant une protection solide pour les \u00e9quipements sensibles.<br \/>\n<\/p><br \/>\n<br \/>\n<p><b>7. les bo\u00eetiers en aluminium extrud\u00e9 sont-ils respectueux de l'environnement ?<\/b><\/p>\n<p>Oui, les bo\u00eetiers en aluminium extrud\u00e9 sont recyclables, ce qui contribue au d\u00e9veloppement durable et \u00e0 la r\u00e9duction des d\u00e9chets dans le processus de fabrication.<br \/>\n<\/p><br \/>\n<br \/>\n<p><b>8. Quel est le rapport co\u00fbt-efficacit\u00e9 des caisses en aluminium extrud\u00e9 ?<\/b><\/p>\n<p>Les bo\u00eetiers en aluminium extrud\u00e9 offrent une protection rentable gr\u00e2ce \u00e0 leur processus de production efficace, au co\u00fbt r\u00e9duit des mat\u00e9riaux et \u00e0 leur durabilit\u00e9 \u00e0 long terme, ce qui r\u00e9duit le besoin de remplacements fr\u00e9quents.<br \/>\n<\/p><br \/><\/p>","protected":false},"featured_media":8203,"template":"","categories":[54],"class_list":["post-8204","product","type-product","status-publish","has-post-thumbnail","hentry","category-industrial-aluminum-profiles"],"meta_box":{"hilight_text_group":{"product_hilight_text":"<li>Durable and robust, providing superior protection for electronic components and sensitive equipment.<\/li>\r\r\n<li>Lightweight design without compromising on strength, reducing shipping and handling costs.<\/li>\r\r\n<li>Excellent heat dissipation properties, extending the lifespan of internal components.<\/li>\r\r\n<li>Corrosion-resistant, making it ideal for use in demanding environments such as marine and industrial applications.<\/li>\r\r\n<li>Customizable size and shape options to meet specific application needs and ensure a perfect fit.<\/li>\r\r\n<li>Efficient manufacturing process, reducing production time and costs for large orders.<\/li>\r\r\n<li>Recyclable and environmentally friendly, promoting sustainability in the production process.<\/li>","product_chanpin_blog":"<ul>\r\r\n<li><a href=\"https:\/\/sinoextrud.com\/t-slot-v-slot-differences\/\" target=\"_blank\">t slot vs v slot<\/a><\/li>\r\r\n<li><a href=\"https:\/\/sinoextrud.com\/what-is-4040-aluminium-extrud\/\" target=\"_blank\">4040 aluminium extrusion<\/a><\/li>\r\r\n<li><a href=\"https:\/\/sinoextrud.com\/what-is-4040-aluminium-extrud\/\" target=\"_blank\">aluminum extrusions for industrial racks<\/a><\/li>\r\r\n<li><a href=\"https:\/\/sinoextrud.com\/powder-coating-aluminium-process\/\" target=\"_blank\">powder coating aluminium<\/a><\/li>\r\r\n<li><a href=\"https:\/\/sinoextrud.com\/what-is-an-aluminium-strip-ceiling\/\" target=\"_blank\">aluminium strip ceiling<\/a><\/li>\r\r\n<li><a href=\"https:\/\/sinoextrud.com\/what-is-a-heat-sink\/\" target=\"_blank\">what is a heat sink<\/a><\/li>\r\r\n<\/ul>","product_chanpin_chanpin":"<li><a href=\"https:\/\/sinoextrud.com\/product\/extrude-6000-series-aluminium-bar\/\" target=\"_blank\">Extrude 6000 Series Aluminium bar<\/a><\/li>\r\n<li><a href=\"https:\/\/sinoextrud.com\/product\/v-slot-rail-aluminum-profile-extrusion\/\" target=\"_blank\">V Slot Rail Aluminum Profile Extrusion<\/a><\/li>\r\n<li><a href=\"https:\/\/sinoextrud.com\/product\/extruded-aluminium-profiles-heat-sink\/\" target=\"_blank\">Extruded Aluminium Profiles Heat Sink<\/a><\/li>\r\n<li><a href=\"https:\/\/sinoextrud.com\/product\/industrial-aluminium-profiles\/\" target=\"_blank\">Industrial Aluminium Profiles<\/a><\/li>\r\n<li><a href=\"https:\/\/sinoextrud.com\/product\/extruded-aluminum-case\/\" target=\"_blank\">Extruded Aluminum Case<\/a><\/li>\r\n<li><a href=\"https:\/\/sinoextrud.com\/product\/industrial-aluminum-profile-cad-drawing-uses-in-industry-customized-extrusion-press-manufacturers\/\" target=\"_blank\">industrial aluminum profile cad drawing uses in industry customized extrusion press manufacturers<\/a><\/li>\r\n<li><a href=\"https:\/\/sinoextrud.com\/product\/extruded-aluminum-framing-systems\/\" target=\"_blank\">Extruded Aluminum Framing Systems<\/a><\/li>\r\n<li><a href=\"https:\/\/sinoextrud.com\/product\/extruded-aluminum-h-channel\/\" target=\"_blank\">Extruded Aluminum H Channel<\/a><\/li>\r\n<li><a href=\"https:\/\/sinoextrud.com\/product\/polished-aluminum-profile-bending-cnc-industrial-aluminium\/\" target=\"_blank\">Polished Aluminum Profile Bending CNC Industrial Aluminium<\/a><\/li>\r\n<li><a href=\"https:\/\/sinoextrud.com\/product\/aluminium-profile-for-glass-roof\/\" target=\"_blank\">Aluminium Profile For Glass Roof<\/a><\/li>\r\n<li><a href=\"https:\/\/sinoextrud.com\/product\/aluminum-glass-channel\/\" target=\"_blank\">Aluminum Glass Channel<\/a><\/li>"},"feature_list":[]},"_links":{"self":[{"href":"https:\/\/sinoextrud.com\/fr\/wp-json\/wp\/v2\/product\/8204","targetHints":{"allow":["GET"]}}],"collection":[{"href":"https:\/\/sinoextrud.com\/fr\/wp-json\/wp\/v2\/product"}],"about":[{"href":"https:\/\/sinoextrud.com\/fr\/wp-json\/wp\/v2\/types\/product"}],"wp:featuredmedia":[{"embeddable":true,"href":"https:\/\/sinoextrud.com\/fr\/wp-json\/wp\/v2\/media\/8203"}],"wp:attachment":[{"href":"https:\/\/sinoextrud.com\/fr\/wp-json\/wp\/v2\/media?parent=8204"}],"wp:term":[{"taxonomy":"category","embeddable":true,"href":"https:\/\/sinoextrud.com\/fr\/wp-json\/wp\/v2\/categories?post=8204"}],"curies":[{"name":"wp","href":"https:\/\/api.w.org\/{rel}","templated":true}]}}