{"id":8191,"date":"2025-06-13T07:29:45","date_gmt":"2025-06-13T07:29:45","guid":{"rendered":"https:\/\/sinoextrud.com\/product\/customized-new-energy-conservation-anodized-aluminum-profile-frame-for-solar-panel-frame\/"},"modified":"2025-06-24T06:23:19","modified_gmt":"2025-06-24T06:23:19","slug":"cadre-de-profile-en-aluminium-anodise-pour-panneau-solaire-personnalise-pour-la-conservation-de-lenergie","status":"publish","type":"product","link":"https:\/\/sinoextrud.com\/fr\/product\/customized-new-energy-conservation-anodized-aluminum-profile-frame-for-solar-panel-frame\/","title":{"rendered":"Cadre de profil\u00e9 en aluminium anodis\u00e9 pour panneau solaire, personnalis\u00e9 et \u00e0 faible consommation d'\u00e9nergie"},"content":{"rendered":"<h2>D\u00e9tails des produits<\/h2>\n<table class=\"custom-table\">\n<tbody>\n<tr>\n<td> Article :<\/td>\n<td> Nouveau cadre de profil\u00e9 en aluminium anodis\u00e9 personnalis\u00e9 pour panneau solaire<\/td>\n<td> Grade :<\/td>\n<td> S\u00e9rie 6000<\/td>\n<\/tr>\n<tr>\n<td> Temp\u00e9rer :<\/td>\n<td> T3-T8<\/td>\n<td> Lieu d'origine :<\/td>\n<td> Foshan, Guangdong<\/td>\n<\/tr>\n<tr>\n<td> Forme :<\/td>\n<td> personnalis\u00e9<\/td>\n<td> Alliage ou non :<\/td>\n<td> Est un alliage<\/td>\n<\/tr>\n<tr>\n<td> Tol\u00e9rance :<\/td>\n<td> \u00b10,5%<\/td>\n<td> Marque :<\/td>\n<td> Sinoextrud<\/td>\n<\/tr>\n<tr>\n<td> Fonctionnalit\u00e9 :<\/td>\n<td> Nouvelles \u00e9conomies d'\u00e9nergie<\/td>\n<td> Traitement de surface :<\/td>\n<td> Anodis\u00e9<\/td>\n<\/tr>\n<tr>\n<td> D\u00e9lai de livraison :<\/td>\n<td> 25-30 jours<\/td>\n<td> MOQ :<\/td>\n<td> 200KG<\/td>\n<\/tr>\n<tr>\n<td> D\u00e9lai de paiement :<\/td>\n<td> T\/T(30% Deposit), L\/C<\/td>\n<td> Service de traitement :<\/td>\n<td> Usinage CNC<\/td>\n<\/tr>\n<tr>\n<td> Port :<\/td>\n<td> Guangzhou, Shenzhen, Foshan<\/td>\n<td> Longueur: :<\/td>\n<td> Longueur sur mesure<\/td>\n<\/tr>\n<tr>\n<td> Type :<\/td>\n<td> Cadre en profil\u00e9 d'aluminium<\/td>\n<td> Utilisation :<\/td>\n<td> Industriel<\/td>\n<\/tr>\n<\/tbody>\n<\/table>\n<h2>Notre base de production<\/h2>\n<h3>Panorama de l'usine<\/h3>\n<p><img decoding=\"async\" src=\"\/wp-content\/uploads\/factory-01.webp\"\/><\/p>\n<h3>Atelier de fabrication de barres d'aluminium<\/h3>\n<p><img decoding=\"async\" src=\"\/wp-content\/uploads\/factory-02.webp\"\/><\/p>\n<p><img decoding=\"async\" src=\"\/wp-content\/uploads\/factory-03.webp\"\/><\/p>\n<h3>Entrep\u00f4t de stockage des moules<\/h3>\n<p><img decoding=\"async\" src=\"\/wp-content\/uploads\/factory-04.webp\"\/><\/p>\n<h3>43 lignes d'extrusion d'aluminium (500-5500 tonnes)<\/h3>\n<p><img decoding=\"async\" src=\"\/wp-content\/uploads\/factory-05.webp\"\/><\/p>\n<p><img decoding=\"async\" src=\"\/wp-content\/uploads\/factory-06.webp\"\/><\/p>\n<p><img decoding=\"async\" src=\"\/wp-content\/uploads\/factory-07.webp\"\/><\/p>\n<h3>Atelier de peinture en poudre<\/h3>\n<p><img decoding=\"async\" src=\"\/wp-content\/uploads\/factory-09.webp\"\/><\/p>\n<h3>Atelier d'anodisation<\/h3>\n<p><img decoding=\"async\" src=\"\/wp-content\/uploads\/factory-10.webp\"\/><\/p>\n<h3>Atelier sur le traitement en profondeur<\/h3>\n<p><img decoding=\"async\" src=\"\/wp-content\/uploads\/factory-11.webp\"\/><\/p>\n<h3>Atelier d'usinage de pr\u00e9cision CNC<\/h3>\n<p><img decoding=\"async\" src=\"\/wp-content\/uploads\/factory-11.5.webp\"\/><\/p>\n<h3>Entrep\u00f4t de produits finis et d'exportation<\/h3>\n<p><img decoding=\"async\" src=\"\/wp-content\/uploads\/factory-12.webp\"\/><\/p>\n<p><img decoding=\"async\" src=\"\/wp-content\/uploads\/factory-13.webp\"\/><\/p>\n<p><img decoding=\"async\" src=\"\/wp-content\/uploads\/factory-14.webp\"\/><\/p>\n<h2>FAQ<\/h2>\n<p><p><b>1) A quoi sert le profil\u00e9 en aluminium anodis\u00e9 dans les cadres de panneaux solaires ? <\/b><\/p>\n<p>Le profil\u00e9 en aluminium anodis\u00e9 est utilis\u00e9 pour cr\u00e9er des cadres durables, l\u00e9gers et r\u00e9sistants \u00e0 la corrosion pour les panneaux solaires, garantissant ainsi une performance et une protection \u00e0 long terme.<br \/>\n<\/p><br \/>\n<br \/>\n<p><b>2) Pourquoi la finition anodis\u00e9e est-elle importante pour les cadres des panneaux solaires ? <\/b><\/p>\n<p>La finition anodis\u00e9e renforce la r\u00e9sistance \u00e0 la corrosion de l'aluminium, ce qui garantit que le cadre du panneau solaire reste intact et fonctionne bien, m\u00eame dans des environnements ext\u00e9rieurs difficiles.<br \/>\n<\/p><br \/>\n<br \/>\n<p><b>3. les profil\u00e9s en aluminium peuvent-ils \u00eatre personnalis\u00e9s pour des projets de panneaux solaires sp\u00e9cifiques ? <\/b><\/p>\n<p>Oui, les profil\u00e9s en aluminium peuvent \u00eatre personnalis\u00e9s en termes de taille, de forme et de conception pour r\u00e9pondre aux besoins sp\u00e9cifiques des diff\u00e9rentes installations de panneaux solaires.<br \/>\n<\/p><br \/>\n<br \/>\n<p><b>4. En quoi la l\u00e9g\u00e8ret\u00e9 du profil\u00e9 d'aluminium est-elle b\u00e9n\u00e9fique pour les cadres de panneaux solaires ? <\/b><\/p>\n<p>Le cadre en aluminium l\u00e9ger r\u00e9duit le poids total du syst\u00e8me de panneaux solaires, ce qui le rend plus facile \u00e0 manipuler et \u00e0 installer tout en fournissant un support structurel solide.<br \/>\n<\/p><br \/>\n<br \/>\n<p><b>5) Quels sont les avantages de l'utilisation de l'aluminium anodis\u00e9 pour les cadres des panneaux solaires ? <\/b><\/p>\n<p>L'aluminium anodis\u00e9 offre une r\u00e9sistance sup\u00e9rieure \u00e0 la corrosion, une durabilit\u00e9 et des performances \u00e0 long terme, ce qui le rend id\u00e9al pour les cadres de panneaux solaires expos\u00e9s aux intemp\u00e9ries et aux \u00e9l\u00e9ments environnementaux.<br \/>\n<\/p><br \/>\n<br \/>\n<p><b>6. Comment l'utilisation de profil\u00e9s en aluminium personnalis\u00e9s am\u00e9liore-t-elle l'installation des panneaux solaires ? <\/b><\/p>\n<p>Les profils en aluminium personnalis\u00e9s permettent un ajustement pr\u00e9cis et une conception adapt\u00e9e \u00e0 chaque projet de panneau solaire, ce qui r\u00e9duit le temps d'installation et garantit un ajustement s\u00fbr.<br \/>\n<\/p><br \/>\n<br \/>\n<p><b>7. le profil\u00e9 en aluminium pour les cadres de panneaux solaires est-il respectueux de l'environnement ? <\/b><\/p>\n<p>Oui, le profil\u00e9 en aluminium anodis\u00e9 est une solution \u00e9cologique qui favorise les \u00e9conomies d'\u00e9nergie et le d\u00e9veloppement durable, contribuant ainsi aux avantages environnementaux globaux des syst\u00e8mes d'\u00e9nergie solaire.<br \/>\n<\/p><br \/><\/p>","protected":false},"featured_media":8190,"template":"","categories":[54],"class_list":["post-8191","product","type-product","status-publish","has-post-thumbnail","hentry","category-industrial-aluminum-profiles"],"meta_box":{"hilight_text_group":{"product_hilight_text":"<ul>\r\r\n  <li>Customized anodized aluminum profiles specifically designed for durable solar panel frames.<\/li>\r\r\n  <li>Corrosion-resistant anodized finish ensures long-lasting performance in outdoor environments.<\/li>\r\r\n  <li>Lightweight yet strong, providing excellent structural support without adding unnecessary weight.<\/li>\r\r\n  <li>Energy-efficient design that enhances solar panel performance by optimizing frame durability.<\/li>\r\r\n  <li>Customizable sizes and designs to meet specific requirements for different solar panel projects.<\/li>\r\r\n  <li>Easy to assemble and install, reducing labor costs and time for solar panel frame construction.<\/li>\r\r\n  <li>Environmentally friendly solution, contributing to energy conservation and sustainability efforts.<\/li>\r\r\n<\/ul>","product_chanpin_blog":"<ul>\r\r\n<li><a href=\"https:\/\/sinoextrud.com\/t-slot-v-slot-differences\/\" target=\"_blank\">t slot vs v slot<\/a><\/li>\r\r\n<li><a href=\"https:\/\/sinoextrud.com\/what-is-4040-aluminium-extrud\/\" target=\"_blank\">4040 aluminium extrusion<\/a><\/li>\r\r\n<li><a href=\"https:\/\/sinoextrud.com\/what-is-4040-aluminium-extrud\/\" target=\"_blank\">aluminum extrusions for industrial racks<\/a><\/li>\r\r\n<li><a href=\"https:\/\/sinoextrud.com\/powder-coating-aluminium-process\/\" target=\"_blank\">powder coating aluminium<\/a><\/li>\r\r\n<li><a href=\"https:\/\/sinoextrud.com\/what-is-an-aluminium-strip-ceiling\/\" target=\"_blank\">aluminium strip ceiling<\/a><\/li>\r\r\n<li><a href=\"https:\/\/sinoextrud.com\/what-is-a-heat-sink\/\" target=\"_blank\">what is a heat sink<\/a><\/li>\r\r\n<\/ul>","product_chanpin_chanpin":"<li><a href=\"https:\/\/sinoextrud.com\/product\/t-section-aluminium-extrusion\/\" target=\"_blank\">T Section Aluminium Extrusion<\/a><\/li>\r\n<li><a href=\"https:\/\/sinoextrud.com\/product\/customized-extruded-shaped-aluminum-profiles-6063-anodized-industrial-aluminum-profile\/\" target=\"_blank\">Customized Extruded Shaped Aluminum Profiles 6063 Anodized Industrial Aluminum Profile<\/a><\/li>\r\n<li><a href=\"https:\/\/sinoextrud.com\/product\/customized-industrial-aluminum-heat-sink\/\" target=\"_blank\">Customized Industrial Aluminum Heat Sink<\/a><\/li>\r\n<li><a href=\"https:\/\/sinoextrud.com\/product\/led-strip-aluminum-profile\/\" target=\"_blank\">Led Strip Aluminum Profile<\/a><\/li>\r\n<li><a href=\"https:\/\/sinoextrud.com\/product\/customized-new-energy-conservation-anodized-aluminum-profile-frame-for-solar-panel-frame\/\" target=\"_blank\">Customized New Energy Conservation Anodized Aluminum Profile Frame For Solar Panel Frame<\/a><\/li>\r\n<li><a href=\"https:\/\/sinoextrud.com\/product\/cutting-bending-aluminum-led-strip-heatsink\/\" target=\"_blank\">Cutting Bending Aluminum LED Strip Heatsink<\/a><\/li>\r\n<li><a href=\"https:\/\/sinoextrud.com\/product\/extrude-6000-series-aluminium-bar\/\" target=\"_blank\">Extrude 6000 Series Aluminium bar<\/a><\/li>\r\n<li><a href=\"https:\/\/sinoextrud.com\/product\/v-slot-rail-aluminum-profile-extrusion\/\" target=\"_blank\">V Slot Rail Aluminum Profile Extrusion<\/a><\/li>\r\n<li><a href=\"https:\/\/sinoextrud.com\/product\/extruded-aluminium-profiles-heat-sink\/\" target=\"_blank\">Extruded Aluminium Profiles Heat Sink<\/a><\/li>\r\n<li><a href=\"https:\/\/sinoextrud.com\/product\/aluminum-shutter-profile\/\" target=\"_blank\">Aluminum Shutter Profile<\/a><\/li>\r\n<li><a href=\"https:\/\/sinoextrud.com\/product\/furniture-aluminium-profiles\/\" target=\"_blank\">Furniture Aluminium Profiles<\/a><\/li>"},"feature_list":[]},"_links":{"self":[{"href":"https:\/\/sinoextrud.com\/fr\/wp-json\/wp\/v2\/product\/8191","targetHints":{"allow":["GET"]}}],"collection":[{"href":"https:\/\/sinoextrud.com\/fr\/wp-json\/wp\/v2\/product"}],"about":[{"href":"https:\/\/sinoextrud.com\/fr\/wp-json\/wp\/v2\/types\/product"}],"wp:featuredmedia":[{"embeddable":true,"href":"https:\/\/sinoextrud.com\/fr\/wp-json\/wp\/v2\/media\/8190"}],"wp:attachment":[{"href":"https:\/\/sinoextrud.com\/fr\/wp-json\/wp\/v2\/media?parent=8191"}],"wp:term":[{"taxonomy":"category","embeddable":true,"href":"https:\/\/sinoextrud.com\/fr\/wp-json\/wp\/v2\/categories?post=8191"}],"curies":[{"name":"wp","href":"https:\/\/api.w.org\/{rel}","templated":true}]}}