{"id":8181,"date":"2025-06-13T07:19:10","date_gmt":"2025-06-13T07:19:10","guid":{"rendered":"https:\/\/sinoextrud.com\/product\/solar-panel-frame-aluminum-profile\/"},"modified":"2025-06-24T06:23:17","modified_gmt":"2025-06-24T06:23:17","slug":"cadre-de-panneau-solaire-profile-en-aluminium","status":"publish","type":"product","link":"https:\/\/sinoextrud.com\/fr\/product\/solar-panel-frame-aluminum-profile\/","title":{"rendered":"Cadre de panneau solaire profil\u00e9 en aluminium"},"content":{"rendered":"<h2>D\u00e9tails des produits<\/h2>\n<table class=\"custom-table\">\n<tbody>\n<tr>\n<td> Nom<\/td>\n<td> Cadre de panneau solaire profil\u00e9 en aluminium<\/td>\n<\/tr>\n<tr>\n<td> Marque<\/td>\n<td> Sinoextrud\/Sinoextrud<\/td>\n<\/tr>\n<tr>\n<td> Cat\u00e9gorie<\/td>\n<td> Cadre en aluminium<\/td>\n<\/tr>\n<tr>\n<td> Type<\/td>\n<td> Type de cadre<\/td>\n<\/tr>\n<tr>\n<td> Mat\u00e9riau<\/td>\n<td> La norme 6063 est largement utilis\u00e9e. 6061, 6463, 6005, 6082 sont \u00e9galement disponibles.<\/td>\n<\/tr>\n<tr>\n<td> Temp\u00e9rer<\/td>\n<td> T5-T8<\/td>\n<\/tr>\n<tr>\n<td> Longueur<\/td>\n<td> 1-9m ou personnalisation<\/td>\n<\/tr>\n<tr>\n<td> Taille (mm)<\/td>\n<td> Diff\u00e9rentes tailles, vous pouvez nous contacter pour plus de d\u00e9tails.<\/td>\n<\/tr>\n<tr>\n<td> \u00c9paisseur<\/td>\n<td> Sup\u00e9rieure \u00e0 0,7MM<\/td>\n<\/tr>\n<tr>\n<td> Forme<\/td>\n<td> Personnalisation<\/td>\n<\/tr>\n<tr>\n<td> Traitement de surface<\/td>\n<td> Finition en usine, anodisation, sablage, \u00e9lectrophor\u00e8se, rev\u00eatement, etc.<\/td>\n<\/tr>\n<tr>\n<td> Couleur<\/td>\n<td> Argent, noir, blanc, rouge, jaune, champagne ou couleur personnalis\u00e9e<\/td>\n<\/tr>\n<tr>\n<td> Standard<\/td>\n<td> ASTM, GB, DIN<\/td>\n<\/tr>\n<tr>\n<td> De<\/td>\n<td> Guangdong, Chine<\/td>\n<\/tr>\n<tr>\n<td> Application<\/td>\n<td> Industriel, domestique et \u00e9lectrique<\/td>\n<\/tr>\n<\/tbody>\n<\/table>\n<h2>Notre base de production<\/h2>\n<h3>Panorama de l'usine<\/h3>\n<p><img decoding=\"async\" src=\"\/wp-content\/uploads\/factory-01.webp\"\/><\/p>\n<h3>Atelier de fabrication de barres d'aluminium<\/h3>\n<p><img decoding=\"async\" src=\"\/wp-content\/uploads\/factory-02.webp\"\/><\/p>\n<p><img decoding=\"async\" src=\"\/wp-content\/uploads\/factory-03.webp\"\/><\/p>\n<h3>Entrep\u00f4t de stockage des moules<\/h3>\n<p><img decoding=\"async\" src=\"\/wp-content\/uploads\/factory-04.webp\"\/><\/p>\n<h3>43 lignes d'extrusion d'aluminium (500 \u00e0 5500 tonnes)<\/h3>\n<p><img decoding=\"async\" src=\"\/wp-content\/uploads\/factory-05.webp\"\/><\/p>\n<p><img decoding=\"async\" src=\"\/wp-content\/uploads\/factory-06.webp\"\/><\/p>\n<p><img decoding=\"async\" src=\"\/wp-content\/uploads\/factory-07.webp\"\/><\/p>\n<h3>Atelier de peinture en poudre<\/h3>\n<p><img decoding=\"async\" src=\"\/wp-content\/uploads\/factory-09.webp\"\/><\/p>\n<h3>Atelier d'anodisation<\/h3>\n<p><img decoding=\"async\" src=\"\/wp-content\/uploads\/factory-10.webp\"\/><\/p>\n<h3>Atelier sur le traitement en profondeur<\/h3>\n<p><img decoding=\"async\" src=\"\/wp-content\/uploads\/factory-11.webp\"\/><\/p>\n<h3>Atelier d'usinage de pr\u00e9cision CNC<\/h3>\n<p><img decoding=\"async\" src=\"\/wp-content\/uploads\/factory-11.5.webp\"\/><\/p>\n<h3>Entrep\u00f4t de produits finis et d'exportation<\/h3>\n<p><img decoding=\"async\" src=\"\/wp-content\/uploads\/factory-12.webp\"\/><\/p>\n<p><img decoding=\"async\" src=\"\/wp-content\/uploads\/factory-13.webp\"\/><\/p>\n<p><img decoding=\"async\" src=\"\/wp-content\/uploads\/factory-14.webp\"\/><\/p>\n<h2>FAQ<\/h2>\n<p><p><b>1) Qu'est-ce qu'un profil\u00e9 en aluminium pour cadre de panneau solaire ? <\/b><\/p>\n<p> Un cadre de panneau solaire en aluminium est un composant structurel qui entoure et soutient les panneaux solaires, assurant la durabilit\u00e9 et l'alignement pendant l'installation.<br \/>\n<\/p><br \/>\n<br \/>\n<p><b>2. Pourquoi utiliser des profil\u00e9s en aluminium pour les cadres de panneaux solaires ? <\/b><\/p>\n<p> Les profil\u00e9s en aluminium offrent une grande solidit\u00e9, une r\u00e9sistance \u00e0 la corrosion et un poids l\u00e9ger, ce qui les rend id\u00e9aux pour l'encadrement fiable et durable des panneaux solaires.<br \/>\n<\/p><br \/>\n<br \/>\n<p><b>3. les cadres en aluminium des panneaux solaires peuvent-ils \u00eatre personnalis\u00e9s ? <\/b><\/p>\n<p> Oui, nous fournissons des longueurs, des formes et des finitions personnalis\u00e9es pour r\u00e9pondre aux dimensions sp\u00e9cifiques des modules solaires et aux exigences du projet.<br \/>\n<\/p><br \/>\n<br \/>\n<p><b>4. Ces profil\u00e9s en aluminium conviennent-ils pour une utilisation en ext\u00e9rieur ? <\/b><\/p>\n<p> La surface anodis\u00e9e ou rev\u00eatue de poudre leur conf\u00e8re une grande r\u00e9sistance aux intemp\u00e9ries et \u00e0 la corrosion.<br \/>\n<\/p><br \/>\n<br \/>\n<p><b>5. quels sont les avantages de l'aluminium l\u00e9ger dans les applications solaires ? <\/b><\/p>\n<p> L'aluminium l\u00e9ger r\u00e9duit le travail d'installation, diminue les co\u00fbts d'exp\u00e9dition et facilite la manipulation sans compromettre la solidit\u00e9.<br \/>\n<\/p><br \/>\n<br \/>\n<p><b>6. comment les cadres solaires en aluminium am\u00e9liorent-ils les performances des panneaux ? <\/b><\/p>\n<p> Le cadre fournit un support structurel, un alignement correct et une dissipation de la chaleur, ce qui permet de maintenir les performances optimales du panneau solaire.<br \/>\n<\/p><br \/>\n<br \/>\n<p><b>7. les cadres des panneaux solaires s'adaptent-ils aux syst\u00e8mes de montage standard ? <\/b><\/p>\n<p> Oui, nos profil\u00e9s en aluminium sont con\u00e7us pour \u00eatre compatibles avec la plupart des syst\u00e8mes et accessoires de montage solaire commerciaux.<br \/>\n<\/p><br \/><\/p>","protected":false},"featured_media":8180,"template":"","categories":[54],"class_list":["post-8181","product","type-product","status-publish","has-post-thumbnail","hentry","category-industrial-aluminum-profiles"],"meta_box":{"hilight_text_group":{"product_hilight_text":"<li>High-strength aluminum ensures reliable structural support for solar panels.<\/li>\r\r\n<li>Corrosion-resistant surface is ideal for long-term outdoor exposure.<\/li>\r\r\n<li>Lightweight material simplifies transportation and installation.<\/li>\r\r\n<li>Customizable profiles to match different solar module sizes and layouts.<\/li>\r\r\n<li>Precision extrusion for tight tolerance and easy assembly.<\/li>\r\r\n<li>Compatible with various mounting systems and brackets.<\/li>\r\r\n<li>Low maintenance and long service life reduce overall system cost.<\/li>","product_chanpin_blog":"<ul>\r\r\n<li><a href=\"https:\/\/sinoextrud.com\/t-slot-v-slot-differences\/\" target=\"_blank\">t slot vs v slot<\/a><\/li>\r\r\n<li><a href=\"https:\/\/sinoextrud.com\/what-is-4040-aluminium-extrud\/\" target=\"_blank\">4040 aluminium extrusion<\/a><\/li>\r\r\n<li><a href=\"https:\/\/sinoextrud.com\/what-is-4040-aluminium-extrud\/\" target=\"_blank\">aluminum extrusions for industrial racks<\/a><\/li>\r\r\n<li><a href=\"https:\/\/sinoextrud.com\/powder-coating-aluminium-process\/\" target=\"_blank\">powder coating aluminium<\/a><\/li>\r\r\n<li><a href=\"https:\/\/sinoextrud.com\/what-is-an-aluminium-strip-ceiling\/\" target=\"_blank\">aluminium strip ceiling<\/a><\/li>\r\r\n<li><a href=\"https:\/\/sinoextrud.com\/what-is-a-heat-sink\/\" target=\"_blank\">what is a heat sink<\/a><\/li>\r\r\n<\/ul>","product_chanpin_chanpin":"<li><a href=\"https:\/\/sinoextrud.com\/product\/cnc-machining-aluminum-heat-sink\/\" target=\"_blank\">CNC Machining Aluminum Heat Sink<\/a><\/li>\r\n<li><a href=\"https:\/\/sinoextrud.com\/product\/comb-shape-aluminium-heat-sink\/\" target=\"_blank\">Comb Shape Aluminium Heat Sink<\/a><\/li>\r\n<li><a href=\"https:\/\/sinoextrud.com\/product\/aluminum-heat-sink-box-shapes-profiles\/\" target=\"_blank\">Aluminum Heat Sink Box  Shapes  Profiles<\/a><\/li>\r\n<li><a href=\"https:\/\/sinoextrud.com\/product\/solar-aluminium-profiles\/\" target=\"_blank\">Solar Aluminium Profiles<\/a><\/li>\r\n<li><a href=\"https:\/\/sinoextrud.com\/product\/solar-panel-frame-aluminum-profile\/\" target=\"_blank\">Solar Panel Frame Aluminum Profile<\/a><\/li>\r\n<li><a href=\"https:\/\/sinoextrud.com\/product\/t-section-aluminium-extrusion\/\" target=\"_blank\">T Section Aluminium Extrusion<\/a><\/li>\r\n<li><a href=\"https:\/\/sinoextrud.com\/product\/customized-extruded-shaped-aluminum-profiles-6063-anodized-industrial-aluminum-profile\/\" target=\"_blank\">Customized Extruded Shaped Aluminum Profiles 6063 Anodized Industrial Aluminum Profile<\/a><\/li>\r\n<li><a href=\"https:\/\/sinoextrud.com\/product\/customized-industrial-aluminum-heat-sink\/\" target=\"_blank\">Customized Industrial Aluminum Heat Sink<\/a><\/li>\r\n<li><a href=\"https:\/\/sinoextrud.com\/product\/led-strip-aluminum-profile\/\" target=\"_blank\">Led Strip Aluminum Profile<\/a><\/li>\r\n<li><a href=\"https:\/\/sinoextrud.com\/product\/the-hinges-of-aluminium-clean-room\/\" target=\"_blank\">The Hinges Of Aluminium Clean Room<\/a><\/li>\r\n<li><a href=\"https:\/\/sinoextrud.com\/product\/industrial-large-aluminum-heat-sink\/\" target=\"_blank\">Industrial Large Aluminum Heat Sink<\/a><\/li>"},"feature_list":[]},"_links":{"self":[{"href":"https:\/\/sinoextrud.com\/fr\/wp-json\/wp\/v2\/product\/8181","targetHints":{"allow":["GET"]}}],"collection":[{"href":"https:\/\/sinoextrud.com\/fr\/wp-json\/wp\/v2\/product"}],"about":[{"href":"https:\/\/sinoextrud.com\/fr\/wp-json\/wp\/v2\/types\/product"}],"wp:featuredmedia":[{"embeddable":true,"href":"https:\/\/sinoextrud.com\/fr\/wp-json\/wp\/v2\/media\/8180"}],"wp:attachment":[{"href":"https:\/\/sinoextrud.com\/fr\/wp-json\/wp\/v2\/media?parent=8181"}],"wp:term":[{"taxonomy":"category","embeddable":true,"href":"https:\/\/sinoextrud.com\/fr\/wp-json\/wp\/v2\/categories?post=8181"}],"curies":[{"name":"wp","href":"https:\/\/api.w.org\/{rel}","templated":true}]}}