{"id":8179,"date":"2025-06-13T07:17:33","date_gmt":"2025-06-13T07:17:33","guid":{"rendered":"https:\/\/sinoextrud.com\/product\/solar-aluminium-profiles\/"},"modified":"2025-06-24T06:23:17","modified_gmt":"2025-06-24T06:23:17","slug":"profiles-solaires-en-aluminium","status":"publish","type":"product","link":"https:\/\/sinoextrud.com\/fr\/product\/solar-aluminium-profiles\/","title":{"rendered":"Profil\u00e9s solaires en aluminium"},"content":{"rendered":"<h2>D\u00e9tails des produits<\/h2>\n<table class=\"custom-table\">\n<tbody>\n<tr>\n<td> Titre<\/td>\n<td> Profil\u00e9s solaires en aluminium<\/td>\n<\/tr>\n<tr>\n<td> Cat\u00e9gorie<\/td>\n<td> Profil\u00e9 en aluminium<\/td>\n<\/tr>\n<tr>\n<td> Mat\u00e9riau<\/td>\n<td> Alliage d'aluminium de la s\u00e9rie 6000<\/td>\n<\/tr>\n<tr>\n<td> Temp\u00e9rer<\/td>\n<td> T5<\/td>\n<\/tr>\n<tr>\n<td> Taille<\/td>\n<td> Type de rail, selon le dessin<\/td>\n<\/tr>\n<tr>\n<td> Forme<\/td>\n<td> Rectangulaire, rond, extrud\u00e9 selon le dessin du client<\/td>\n<\/tr>\n<tr>\n<td> Traitement de surface<\/td>\n<td> Anodisation, sablage, polissage, \u00e9lectrophor\u00e8se, rev\u00eatement \u00e9lectrique<\/td>\n<\/tr>\n<tr>\n<td> Couleur<\/td>\n<td> Possibilit\u00e9 de personnalisation<\/td>\n<\/tr>\n<tr>\n<td> Certificat<\/td>\n<td> TUV, ASTM, GB<\/td>\n<\/tr>\n<tr>\n<td> De<\/td>\n<td> Guangdong, Chine<\/td>\n<\/tr>\n<\/tbody>\n<\/table>\n<h2>Notre base de production<\/h2>\n<h3>Panorama de l'usine<\/h3>\n<p><img decoding=\"async\" src=\"\/wp-content\/uploads\/factory-01.webp\"\/><\/p>\n<h3>Atelier de fabrication de barres d'aluminium<\/h3>\n<p><img decoding=\"async\" src=\"\/wp-content\/uploads\/factory-02.webp\"\/><\/p>\n<p><img decoding=\"async\" src=\"\/wp-content\/uploads\/factory-03.webp\"\/><\/p>\n<h3>Entrep\u00f4t de stockage des moules<\/h3>\n<p><img decoding=\"async\" src=\"\/wp-content\/uploads\/factory-04.webp\"\/><\/p>\n<h3>43 lignes d'extrusion d'aluminium (500 \u00e0 5500 tonnes)<\/h3>\n<p><img decoding=\"async\" src=\"\/wp-content\/uploads\/factory-05.webp\"\/><\/p>\n<p><img decoding=\"async\" src=\"\/wp-content\/uploads\/factory-06.webp\"\/><\/p>\n<p><img decoding=\"async\" src=\"\/wp-content\/uploads\/factory-07.webp\"\/><\/p>\n<h3>Atelier de peinture en poudre<\/h3>\n<p><img decoding=\"async\" src=\"\/wp-content\/uploads\/factory-09.webp\"\/><\/p>\n<h3>Atelier d'anodisation<\/h3>\n<p><img decoding=\"async\" src=\"\/wp-content\/uploads\/factory-10.webp\"\/><\/p>\n<h3>Atelier sur le traitement en profondeur<\/h3>\n<p><img decoding=\"async\" src=\"\/wp-content\/uploads\/factory-11.webp\"\/><\/p>\n<h3>Atelier d'usinage de pr\u00e9cision CNC<\/h3>\n<p><img decoding=\"async\" src=\"\/wp-content\/uploads\/factory-11.5.webp\"\/><\/p>\n<h3>Entrep\u00f4t de produits finis et d'exportation<\/h3>\n<p><img decoding=\"async\" src=\"\/wp-content\/uploads\/factory-12.webp\"\/><\/p>\n<p><img decoding=\"async\" src=\"\/wp-content\/uploads\/factory-13.webp\"\/><\/p>\n<p><img decoding=\"async\" src=\"\/wp-content\/uploads\/factory-14.webp\"\/><\/p>\n<h2>FAQ<\/h2>\n<p><p><b>1. \u00e0 quoi servent les profil\u00e9s solaires en aluminium ? <\/b><\/p>\n<p> Les profil\u00e9s solaires en aluminium sont utilis\u00e9s dans les syst\u00e8mes de montage solaire pour soutenir et fixer les panneaux solaires en toiture ou au sol.<br \/>\n<\/p><br \/>\n<br \/>\n<p><b>2. pourquoi choisir l'aluminium pour les structures des panneaux solaires ? <\/b><\/p>\n<p> L'aluminium est l\u00e9ger, r\u00e9sistant \u00e0 la corrosion et solide, ce qui en fait un mat\u00e9riau id\u00e9al pour les syst\u00e8mes de montage solaire durables et n\u00e9cessitant peu d'entretien.<br \/>\n<\/p><br \/>\n<br \/>\n<p><b>3. les profil\u00e9s solaires en aluminium sont-ils r\u00e9sistants \u00e0 la corrosion ? <\/b><\/p>\n<p> Oui, les profil\u00e9s solaires en aluminium sont anodis\u00e9s ou rev\u00eatus pour une meilleure r\u00e9sistance \u00e0 la corrosion dans les environnements ext\u00e9rieurs et c\u00f4tiers.<br \/>\n<\/p><br \/>\n<br \/>\n<p><b>4. les profil\u00e9s en aluminium peuvent-ils \u00eatre adapt\u00e9s \u00e0 diff\u00e9rents syst\u00e8mes solaires ? <\/b><\/p>\n<p> Absolument, nous offrons des profils solaires en aluminium sur mesure adapt\u00e9s \u00e0 diff\u00e9rentes tailles de panneaux, angles et configurations de montage.<br \/>\n<\/p><br \/>\n<br \/>\n<p><b>5. Quels sont les avantages des profil\u00e9s en aluminium pour les projets d'installation solaire ? <\/b><\/p>\n<p> Gr\u00e2ce \u00e0 leur l\u00e9g\u00e8ret\u00e9 et \u00e0 leur conception modulaire, les profil\u00e9s solaires en aluminium sont faciles \u00e0 transporter, \u00e0 installer et \u00e0 entretenir, ce qui permet de r\u00e9duire les co\u00fbts globaux du projet.<br \/>\n<\/p><br \/>\n<br \/>\n<p><b>6. les profil\u00e9s solaires en aluminium sont-ils compatibles avec les syst\u00e8mes de rayonnage existants ? <\/b><\/p>\n<p> Oui, nos profil\u00e9s sont con\u00e7us pour \u00eatre compatibles avec la plupart des syst\u00e8mes de montage et d'\u00e9tag\u00e8res solaires standard de l'industrie.<br \/>\n<\/p><br \/>\n<br \/>\n<p><b>7. Quelles sont les finitions disponibles pour les profil\u00e9s solaires en aluminium ? <\/b><\/p>\n<p> Nous proposons des finitions anodis\u00e9es, poudr\u00e9es et usin\u00e9es pour r\u00e9pondre aux exigences de performance et d'esth\u00e9tique des installations solaires.<br \/>\n<\/p><br \/><\/p>","protected":false},"featured_media":8178,"template":"","categories":[54],"class_list":["post-8179","product","type-product","status-publish","has-post-thumbnail","hentry","category-industrial-aluminum-profiles"],"meta_box":{"hilight_text_group":{"product_hilight_text":"<li>Engineered for high strength and stability in solar mounting systems.<\/li>\r\r\n<li>Corrosion-resistant surface ideal for long-term outdoor use.<\/li>\r\r\n<li>Lightweight aluminum reduces transportation and installation costs.<\/li>\r\r\n<li>Customizable profiles to fit various solar panel designs and layouts.<\/li>\r\r\n<li>Compatible with most solar racking and mounting components.<\/li>\r\r\n<li>Precision-extruded for easy assembly and alignment.<\/li>\r\r\n<li>Low maintenance and long service life in harsh environments.<\/li>","product_chanpin_blog":"<ul>\r\r\n<li><a href=\"https:\/\/sinoextrud.com\/t-slot-v-slot-differences\/\" target=\"_blank\">t slot vs v slot<\/a><\/li>\r\r\n<li><a href=\"https:\/\/sinoextrud.com\/what-is-4040-aluminium-extrud\/\" target=\"_blank\">4040 aluminium extrusion<\/a><\/li>\r\r\n<li><a href=\"https:\/\/sinoextrud.com\/what-is-4040-aluminium-extrud\/\" target=\"_blank\">aluminum extrusions for industrial racks<\/a><\/li>\r\r\n<li><a href=\"https:\/\/sinoextrud.com\/powder-coating-aluminium-process\/\" target=\"_blank\">powder coating aluminium<\/a><\/li>\r\r\n<li><a href=\"https:\/\/sinoextrud.com\/what-is-an-aluminium-strip-ceiling\/\" target=\"_blank\">aluminium strip ceiling<\/a><\/li>\r\r\n<li><a href=\"https:\/\/sinoextrud.com\/what-is-a-heat-sink\/\" target=\"_blank\">what is a heat sink<\/a><\/li>\r\r\n<\/ul>","product_chanpin_chanpin":"<li><a href=\"https:\/\/sinoextrud.com\/product\/brushed-aluminium-profile\/\" target=\"_blank\">Brushed Aluminium Profile<\/a><\/li>\r\n<li><a href=\"https:\/\/sinoextrud.com\/product\/cnc-machining-aluminum-heat-sink\/\" target=\"_blank\">CNC Machining Aluminum Heat Sink<\/a><\/li>\r\n<li><a href=\"https:\/\/sinoextrud.com\/product\/comb-shape-aluminium-heat-sink\/\" target=\"_blank\">Comb Shape Aluminium Heat Sink<\/a><\/li>\r\n<li><a href=\"https:\/\/sinoextrud.com\/product\/aluminum-heat-sink-box-shapes-profiles\/\" target=\"_blank\">Aluminum Heat Sink Box  Shapes  Profiles<\/a><\/li>\r\n<li><a href=\"https:\/\/sinoextrud.com\/product\/solar-aluminium-profiles\/\" target=\"_blank\">Solar Aluminium Profiles<\/a><\/li>\r\n<li><a href=\"https:\/\/sinoextrud.com\/product\/solar-panel-frame-aluminum-profile\/\" target=\"_blank\">Solar Panel Frame Aluminum Profile<\/a><\/li>\r\n<li><a href=\"https:\/\/sinoextrud.com\/product\/t-section-aluminium-extrusion\/\" target=\"_blank\">T Section Aluminium Extrusion<\/a><\/li>\r\n<li><a href=\"https:\/\/sinoextrud.com\/product\/customized-extruded-shaped-aluminum-profiles-6063-anodized-industrial-aluminum-profile\/\" target=\"_blank\">Customized Extruded Shaped Aluminum Profiles 6063 Anodized Industrial Aluminum Profile<\/a><\/li>\r\n<li><a href=\"https:\/\/sinoextrud.com\/product\/customized-industrial-aluminum-heat-sink\/\" target=\"_blank\">Customized Industrial Aluminum Heat Sink<\/a><\/li>\r\n<li><a href=\"https:\/\/sinoextrud.com\/product\/cnc-machining-anodized-item-extruded-aluminum\/\" target=\"_blank\">CNC Machining Anodized Item Extruded Aluminum<\/a><\/li>\r\n<li><a href=\"https:\/\/sinoextrud.com\/product\/6061-extruded-aluminum\/\" target=\"_blank\">6061 Extruded Aluminum<\/a><\/li>"},"feature_list":[]},"_links":{"self":[{"href":"https:\/\/sinoextrud.com\/fr\/wp-json\/wp\/v2\/product\/8179","targetHints":{"allow":["GET"]}}],"collection":[{"href":"https:\/\/sinoextrud.com\/fr\/wp-json\/wp\/v2\/product"}],"about":[{"href":"https:\/\/sinoextrud.com\/fr\/wp-json\/wp\/v2\/types\/product"}],"wp:featuredmedia":[{"embeddable":true,"href":"https:\/\/sinoextrud.com\/fr\/wp-json\/wp\/v2\/media\/8178"}],"wp:attachment":[{"href":"https:\/\/sinoextrud.com\/fr\/wp-json\/wp\/v2\/media?parent=8179"}],"wp:term":[{"taxonomy":"category","embeddable":true,"href":"https:\/\/sinoextrud.com\/fr\/wp-json\/wp\/v2\/categories?post=8179"}],"curies":[{"name":"wp","href":"https:\/\/api.w.org\/{rel}","templated":true}]}}