{"id":8177,"date":"2025-06-13T07:14:46","date_gmt":"2025-06-13T07:14:46","guid":{"rendered":"https:\/\/sinoextrud.com\/product\/aluminum-heat-sink-box-shapes-profiles\/"},"modified":"2025-06-24T06:23:17","modified_gmt":"2025-06-24T06:23:17","slug":"profiles-en-aluminium-pour-dissipateurs-de-chaleur-2","status":"publish","type":"product","link":"https:\/\/sinoextrud.com\/fr\/product\/aluminum-heat-sink-box-shapes-profiles\/","title":{"rendered":"Profil\u00e9s pour bo\u00eetes de dissipation thermique en aluminium"},"content":{"rendered":"<h2>D\u00e9tails des produits<\/h2>\n<table class=\"custom-table\">\n<tr>\n<td class=\"label\">Nom<\/td>\n<td>Bo\u00eetes \/ formes \/ profils de dissipateurs thermiques en aluminium<\/td>\n<\/tr>\n<tr>\n<td class=\"label\">Marque<\/td>\n<td>Sinoextrud\/<\/td>\n<\/tr>\n<tr>\n<td class=\"label\">Cat\u00e9gorie<\/td>\n<td>Extrusion d'aluminium<\/td>\n<\/tr>\n<tr>\n<td class=\"label\">Mat\u00e9riau<\/td>\n<td>Alliage d'aluminium (6063, 6061, 6463, 6005, 6082)<\/td>\n<\/tr>\n<tr>\n<td class=\"label\">Temp\u00e9rer<\/td>\n<td>T5-T8<\/td>\n<\/tr>\n<tr>\n<td class=\"label\">Longueur<\/td>\n<td>La longueur est comprise entre 1 et 9 m\u00e8tres ou \u00e0 la demande du client.<\/td>\n<\/tr>\n<tr>\n<td class=\"label\">Taille (mm)<\/td>\n<td>Sur mesure<\/td>\n<\/tr>\n<tr>\n<td class=\"label\">Forme<\/td>\n<td>Selon le dessin<\/td>\n<\/tr>\n<tr>\n<td class=\"label\">Traitement de surface<\/td>\n<td>Rev\u00eatement \u00e9lectrique ; finition en usine, anodisation, sablage, \u00e9lectrophor\u00e8se \u00e9galement disponible.<\/td>\n<\/tr>\n<tr>\n<td class=\"label\">Couleur<\/td>\n<td>Argent, noir, or, champagne, bronze, rouge, bleu et nous pouvons personnaliser les couleurs sur la base des \u00e9chantillons des clients.<\/td>\n<\/tr>\n<tr>\n<td class=\"label\">Garantie<\/td>\n<td>BV , TUV ,ISO<\/td>\n<\/tr>\n<tr>\n<td class=\"label\">Standard<\/td>\n<td>Qualit\u00e9 moyenne et \u00e9lev\u00e9e<\/td>\n<\/tr>\n<tr>\n<td class=\"label\">MOQ<\/td>\n<td>200KGS pour chaque article<\/td>\n<\/tr>\n<tr>\n<td class=\"label\">De<\/td>\n<td>Guangdong, Chine<\/td>\n<\/tr>\n<tr>\n<td class=\"label\">Application<\/td>\n<td>Industrie, b\u00e2timent, d\u00e9coration<\/td>\n<\/tr>\n<tr>\n<td class=\"label\">Traitement en profondeur<\/td>\n<td>D\u00e9coupage, per\u00e7age, usinage, poin\u00e7onnage, pliage, taraudage, etc.<\/td>\n<\/tr>\n<tr>\n<td class=\"label\">Paquet<\/td>\n<td>Int\u00e9rieur avec film protecteur, plastique r\u00e9tractable ou mousse PE. Ext\u00e9rieur : bo\u00eete, carton, cadre en bois ou personnalisation.<\/td>\n<\/tr>\n<tr>\n<td class=\"label\">D\u00e9lai de livraison<\/td>\n<td>La mise au point du moule et la conformation de l'\u00e9chantillon prennent 12 \u00e0 18 jours, puis la production prend 25 \u00e0 30 jours apr\u00e8s r\u00e9ception de l'acompte de l'acheteur.<\/td>\n<\/tr>\n<tr>\n<td class=\"label\">Capacit\u00e9 du produit<\/td>\n<td>3000 tonnes \/ mois<\/td>\n<\/tr>\n<\/table>\n<h2>Notre base de production<\/h2>\n<h3>Panorama de l'usine<\/h3>\n<p><img decoding=\"async\" src=\"\/wp-content\/uploads\/factory-01.webp\"\/><\/p>\n<h3>Atelier de fabrication de barres d'aluminium<\/h3>\n<p><img decoding=\"async\" src=\"\/wp-content\/uploads\/factory-02.webp\"\/><\/p>\n<\/p>\n<p><img decoding=\"async\" src=\"\/wp-content\/uploads\/factory-03.webp\"\/><\/p>\n<h3>Entrep\u00f4t de stockage des moules<\/h3>\n<p><img decoding=\"async\" src=\"\/wp-content\/uploads\/factory-04.webp\"\/><\/p>\n<h3>43 lignes d'extrusion d'aluminium (500-5500 tonnes)<\/h3>\n<p><img decoding=\"async\" src=\"\/wp-content\/uploads\/factory-05.webp\"\/><\/p>\n<p><img decoding=\"async\" src=\"\/wp-content\/uploads\/factory-06.webp\"\/><\/p>\n<p><img decoding=\"async\" src=\"\/wp-content\/uploads\/factory-07.webp\"\/><\/p>\n<h3>Atelier de peinture en poudre<\/h3>\n<p><img decoding=\"async\" src=\"\/wp-content\/uploads\/factory-09.webp\"\/><\/p>\n<h3>Atelier d'anodisation<\/h3>\n<p><img decoding=\"async\" src=\"\/wp-content\/uploads\/factory-10.webp\"\/><\/p>\n<h3>Atelier sur le traitement en profondeur<\/h3>\n<p><img decoding=\"async\" src=\"\/wp-content\/uploads\/factory-11.webp\"\/><\/p>\n<h3>Atelier d'usinage de pr\u00e9cision CNC<\/h3>\n<p><img decoding=\"async\" src=\"\/wp-content\/uploads\/factory-11.5.webp\"\/><\/p>\n<h3>Entrep\u00f4t de produits finis et d'exportation<\/h3>\n<p><img decoding=\"async\" src=\"\/wp-content\/uploads\/factory-12.webp\"\/><\/p>\n<p><img decoding=\"async\" src=\"\/wp-content\/uploads\/factory-13.webp\"\/><\/p>\n<p><img decoding=\"async\" src=\"\/wp-content\/uploads\/factory-14.webp\"\/><\/p>\n<h2>FAQ<\/h2>\n<p><b>1) \u00c0 quoi sert un profil\u00e9 de dissipation thermique en aluminium ? <\/b><\/p>\n<p> Les profils de dissipation thermique en aluminium sont con\u00e7us pour dissiper la chaleur des composants \u00e9lectroniques, garantissant ainsi des performances stables et \u00e9vitant la surchauffe.\n<\/p>\n<p><\/p>\n<p><b>2) Pourquoi utiliser l'aluminium pour les dissipateurs thermiques ? <\/b><\/p>\n<p> L'aluminium offre une excellente conductivit\u00e9 thermique, est l\u00e9ger et r\u00e9sistant \u00e0 la corrosion, ce qui en fait un mat\u00e9riau id\u00e9al pour les syst\u00e8mes de dissipation de la chaleur.\n<\/p>\n<p><\/p>\n<p><b>3. quels sont les types de formes disponibles pour les dissipateurs thermiques en aluminium ? <\/b><\/p>\n<p> Nous fournissons des dissipateurs thermiques en aluminium sous forme de bo\u00eetes, de formes personnalis\u00e9es et de profils extrud\u00e9s standard pour r\u00e9pondre aux besoins de diverses applications.\n<\/p>\n<p><\/p>\n<p><b>4. les dissipateurs thermiques en aluminium peuvent-ils \u00eatre personnalis\u00e9s ? <\/b><\/p>\n<p> Oui, nous proposons des dimensions, des motifs d'ailettes et des finitions de surface personnalis\u00e9s afin d'optimiser les performances thermiques pour des appareils sp\u00e9cifiques.\n<\/p>\n<p><\/p>\n<p><b>5. les profils de dissipation thermique en aluminium sont-ils faciles \u00e0 installer ? <\/b><\/p>\n<p> Absolument, ils sont l\u00e9gers, faciles \u00e0 usiner et con\u00e7us pour une int\u00e9gration rapide dans les bo\u00eetiers et les assemblages \u00e9lectroniques.\n<\/p>\n<p><\/p>\n<p><b>6) Quelles sont les industries qui utilisent les profil\u00e9s de dissipation thermique en aluminium ? <\/b><\/p>\n<p> Ces profils sont largement utilis\u00e9s dans l'\u00e9clairage LED, les alimentations \u00e9lectriques, les \u00e9quipements de t\u00e9l\u00e9communications, les contr\u00f4les industriels et l'\u00e9lectronique grand public.\n<\/p>\n<p><\/p>\n<p><b>7. comment les profils des dissipateurs thermiques en aluminium am\u00e9liorent-ils les performances des appareils ? <\/b><\/p>\n<p> En dispersant efficacement la chaleur, ils maintiennent des temp\u00e9ratures de fonctionnement s\u00fbres, prolongent la dur\u00e9e de vie des composants et assurent un fonctionnement fiable des appareils.\n<\/p>\n<p><\/p>","protected":false},"featured_media":8176,"template":"","categories":[54],"class_list":["post-8177","product","type-product","status-publish","has-post-thumbnail","hentry","category-industrial-aluminum-profiles"],"meta_box":{"hilight_text_group":{"product_hilight_text":"<li>Efficient thermal conductivity for effective heat dissipation.<\/li>\r\r\n<li>Available in box, custom shapes, and extruded profiles for flexible use.<\/li>\r\r\n<li>Lightweight aluminum reduces overall device weight.<\/li>\r\r\n<li>Corrosion-resistant surface suitable for harsh environments.<\/li>\r\r\n<li>Customizable dimensions and fin designs to optimize cooling performance.<\/li>\r\r\n<li>Easy to machine and integrate into electronic enclosures.<\/li>\r\r\n<li>Ideal for LED, power supply, telecom, and industrial applications.<\/li>","product_chanpin_blog":"<ul>\r\r\n<li><a href=\"https:\/\/sinoextrud.com\/t-slot-v-slot-differences\/\" target=\"_blank\">t slot vs v slot<\/a><\/li>\r\r\n<li><a href=\"https:\/\/sinoextrud.com\/what-is-4040-aluminium-extrud\/\" target=\"_blank\">4040 aluminium extrusion<\/a><\/li>\r\r\n<li><a href=\"https:\/\/sinoextrud.com\/what-is-4040-aluminium-extrud\/\" target=\"_blank\">aluminum extrusions for industrial racks<\/a><\/li>\r\r\n<li><a href=\"https:\/\/sinoextrud.com\/powder-coating-aluminium-process\/\" target=\"_blank\">powder coating aluminium<\/a><\/li>\r\r\n<li><a href=\"https:\/\/sinoextrud.com\/what-is-an-aluminium-strip-ceiling\/\" target=\"_blank\">aluminium strip ceiling<\/a><\/li>\r\r\n<li><a href=\"https:\/\/sinoextrud.com\/what-is-a-heat-sink\/\" target=\"_blank\">what is a heat sink<\/a><\/li>\r\r\n<\/ul>","product_chanpin_chanpin":"<li><a href=\"https:\/\/sinoextrud.com\/product\/aluminum-t-slot-table\/\" target=\"_blank\">Aluminum T Slot Table<\/a><\/li>\r\n<li><a href=\"https:\/\/sinoextrud.com\/product\/brushed-aluminium-profile\/\" target=\"_blank\">Brushed Aluminium Profile<\/a><\/li>\r\n<li><a href=\"https:\/\/sinoextrud.com\/product\/cnc-machining-aluminum-heat-sink\/\" target=\"_blank\">CNC Machining Aluminum Heat Sink<\/a><\/li>\r\n<li><a href=\"https:\/\/sinoextrud.com\/product\/comb-shape-aluminium-heat-sink\/\" target=\"_blank\">Comb Shape Aluminium Heat Sink<\/a><\/li>\r\n<li><a href=\"https:\/\/sinoextrud.com\/product\/aluminum-heat-sink-box-shapes-profiles\/\" target=\"_blank\">Aluminum Heat Sink Box  Shapes  Profiles<\/a><\/li>\r\n<li><a href=\"https:\/\/sinoextrud.com\/product\/solar-aluminium-profiles\/\" target=\"_blank\">Solar Aluminium Profiles<\/a><\/li>\r\n<li><a href=\"https:\/\/sinoextrud.com\/product\/solar-panel-frame-aluminum-profile\/\" target=\"_blank\">Solar Panel Frame Aluminum Profile<\/a><\/li>\r\n<li><a href=\"https:\/\/sinoextrud.com\/product\/t-section-aluminium-extrusion\/\" target=\"_blank\">T Section Aluminium Extrusion<\/a><\/li>\r\n<li><a href=\"https:\/\/sinoextrud.com\/product\/customized-extruded-shaped-aluminum-profiles-6063-anodized-industrial-aluminum-profile\/\" target=\"_blank\">Customized Extruded Shaped Aluminum Profiles 6063 Anodized Industrial Aluminum Profile<\/a><\/li>\r\n<li><a href=\"https:\/\/sinoextrud.com\/product\/aluminium-glass-fitting-channel\/\" target=\"_blank\">Aluminium Glass Fitting Channel<\/a><\/li>\r\n<li><a href=\"https:\/\/sinoextrud.com\/product\/aluminum-extrusion-6063-powder-coating-aluminum-tile-roof-profile\/\" target=\"_blank\">Aluminum Extrusion 6063 Powder Coating Aluminum Tile Roof Profile<\/a><\/li>"},"feature_list":[]},"_links":{"self":[{"href":"https:\/\/sinoextrud.com\/fr\/wp-json\/wp\/v2\/product\/8177","targetHints":{"allow":["GET"]}}],"collection":[{"href":"https:\/\/sinoextrud.com\/fr\/wp-json\/wp\/v2\/product"}],"about":[{"href":"https:\/\/sinoextrud.com\/fr\/wp-json\/wp\/v2\/types\/product"}],"wp:featuredmedia":[{"embeddable":true,"href":"https:\/\/sinoextrud.com\/fr\/wp-json\/wp\/v2\/media\/8176"}],"wp:attachment":[{"href":"https:\/\/sinoextrud.com\/fr\/wp-json\/wp\/v2\/media?parent=8177"}],"wp:term":[{"taxonomy":"category","embeddable":true,"href":"https:\/\/sinoextrud.com\/fr\/wp-json\/wp\/v2\/categories?post=8177"}],"curies":[{"name":"wp","href":"https:\/\/api.w.org\/{rel}","templated":true}]}}