{"id":8172,"date":"2025-06-13T07:07:20","date_gmt":"2025-06-13T07:07:20","guid":{"rendered":"https:\/\/sinoextrud.com\/product\/cnc-machining-aluminum-heat-sink\/"},"modified":"2025-06-24T06:23:16","modified_gmt":"2025-06-24T06:23:16","slug":"dissipateur-thermique-en-aluminium-usine-en-machine-a-commande-numerique","status":"publish","type":"product","link":"https:\/\/sinoextrud.com\/fr\/product\/cnc-machining-aluminum-heat-sink\/","title":{"rendered":"Dissipateur thermique en aluminium usin\u00e9 CNC"},"content":{"rendered":"<h2>D\u00e9tails des produits<\/h2>\n<table class=\"custom-table\">\n<tr>\n<td class=\"label\">Nom de l'article<\/td>\n<td>Dissipateur thermique en aluminium usin\u00e9 CNC<\/td>\n<\/tr>\n<tr>\n<td class=\"label\">Qualit\u00e9 des mat\u00e9riaux<\/td>\n<td>Alliage s\u00e9rie 6000<\/td>\n<\/tr>\n<tr>\n<td class=\"label\">Temp\u00e9rer<\/td>\n<td>T5-T6<\/td>\n<\/tr>\n<tr>\n<td class=\"label\">Technologie<\/td>\n<td>Extrusion d'aluminium, usinage CNC<\/td>\n<\/tr>\n<tr>\n<td class=\"label\">Traitement de surface<\/td>\n<td>Finition en usine, anodisation, rev\u00eatement en poudre, sablage, \u00e9lectrophor\u00e8se, etc.<\/td>\n<\/tr>\n<tr>\n<td class=\"label\">Couleur<\/td>\n<td>Blanc argent\u00e9, noir, dor\u00e9, champagne, bronze fonc\u00e9 ou selon votre demande<\/td>\n<\/tr>\n<tr>\n<td class=\"label\">Epaisseur de l'anodisation<\/td>\n<td>8-25 um<\/td>\n<\/tr>\n<tr>\n<td class=\"label\">Epaisseur du rev\u00eatement Power Coating<\/td>\n<td>40-120 um<\/td>\n<\/tr>\n<tr>\n<td class=\"label\">Forme<\/td>\n<td>Sur la base de dessins<\/td>\n<\/tr>\n<tr>\n<td class=\"label\">Longueur<\/td>\n<td>La longueur standard d'exportation est de 5,8 m\u00e8tres, l'anodisation de 6,5 m\u00e8tres au maximum, la finition en usine de 13 m\u00e8tres au maximum.<\/td>\n<\/tr>\n<tr>\n<td class=\"label\">Traitement en profondeur<\/td>\n<td>coupe, per\u00e7age, poin\u00e7onnage, pliage, etc.<\/td>\n<\/tr>\n<tr>\n<td class=\"label\">Conception 2D&amp;3D<\/td>\n<td>\n2 : Auto CAD, 3D, AI, SLD, PRT. IGS, PDF, JPEG, etc.<\/td>\n<\/tr>\n<tr>\n<td class=\"label\">Ing\u00e9nierie et outillage<\/td>\n<td>\nUtilisation d'extrudeuses \u00e0 fort tonnage, d'\u00e9lectro\u00e9rosion \u00e0 fil, de machines \u00e0 commande num\u00e9rique, de perceuses, etc.<\/td>\n<\/tr>\n<tr>\n<td class=\"label\">D\u00e9tails de l'emballage<\/td>\n<td>(1) Int\u00e9rieur : emball\u00e9 avec un film plastique protecteur pour prot\u00e9ger chaque pi\u00e8ce<br \/>\n(2) A l'ext\u00e9rieur : Enveloppe \u00e0 regrouper par papier imperm\u00e9able \u00e0 l'eau<\/td>\n<\/tr>\n<tr>\n<td class=\"label\">Livraison<\/td>\n<td>(1) Mise au point de la matrice et test de l'\u00e9chantillon : 12 \u00e0 18 jours.<br \/>\n(2) Production de masse achev\u00e9e : 20 \u00e0 30 jours apr\u00e8s confirmation de l'\u00e9chantillon par l'acheteur.<\/td>\n<\/tr>\n<tr>\n<td class=\"label\">D\u00e9lai de paiement<\/td>\n<td>T\/T 30% pour le d\u00e9p\u00f4t, le solde avant l'exp\u00e9dition.<\/td>\n<\/tr>\n<\/table>\n<h2>Notre base de production<\/h2>\n<h3>Panorama de l'usine<\/h3>\n<p><img decoding=\"async\" src=\"\/wp-content\/uploads\/factory-01.webp\"\/><\/p>\n<h3>Atelier de fabrication de barres d'aluminium<\/h3>\n<p><img decoding=\"async\" src=\"\/wp-content\/uploads\/factory-02.webp\"\/><\/p>\n<\/p>\n<p><img decoding=\"async\" src=\"\/wp-content\/uploads\/factory-03.webp\"\/><\/p>\n<h3>Entrep\u00f4t de stockage des moules<\/h3>\n<p><img decoding=\"async\" src=\"\/wp-content\/uploads\/factory-04.webp\"\/><\/p>\n<h3>43 lignes d'extrusion d'aluminium (500-5500 tonnes)<\/h3>\n<p><img decoding=\"async\" src=\"\/wp-content\/uploads\/factory-05.webp\"\/><\/p>\n<p><img decoding=\"async\" src=\"\/wp-content\/uploads\/factory-06.webp\"\/><\/p>\n<p><img decoding=\"async\" src=\"\/wp-content\/uploads\/factory-07.webp\"\/><\/p>\n<h3>Atelier de peinture en poudre<\/h3>\n<p><img decoding=\"async\" src=\"\/wp-content\/uploads\/factory-09.webp\"\/><\/p>\n<h3>Atelier d'anodisation<\/h3>\n<p><img decoding=\"async\" src=\"\/wp-content\/uploads\/factory-10.webp\"\/><\/p>\n<h3>Atelier sur le traitement en profondeur<\/h3>\n<p><img decoding=\"async\" src=\"\/wp-content\/uploads\/factory-11.webp\"\/><\/p>\n<h3>Atelier d'usinage de pr\u00e9cision CNC<\/h3>\n<p><img decoding=\"async\" src=\"\/wp-content\/uploads\/factory-11.5.webp\"\/><\/p>\n<h3>Entrep\u00f4t de produits finis et d'exportation<\/h3>\n<p><img decoding=\"async\" src=\"\/wp-content\/uploads\/factory-12.webp\"\/><\/p>\n<p><img decoding=\"async\" src=\"\/wp-content\/uploads\/factory-13.webp\"\/><\/p>\n<p><img decoding=\"async\" src=\"\/wp-content\/uploads\/factory-14.webp\"\/><\/p>\n<h2>FAQ<\/h2>\n<p><b>1) Qu'est-ce qui fait que le dissipateur thermique en aluminium usin\u00e9 CNC est adapt\u00e9 aux applications de refroidissement ? <\/b><\/p>\n<p> L'usinage CNC garantit une grande pr\u00e9cision, tandis que le mat\u00e9riau aluminium offre une excellente dissipation de la chaleur, ce qui le rend id\u00e9al pour le refroidissement des composants \u00e9lectroniques.\n<\/p>\n<p><\/p>\n<p><b>2) Les dissipateurs thermiques en aluminium \u00e0 usinage CNC peuvent-ils \u00eatre personnalis\u00e9s ? <\/b><\/p>\n<p> Oui, l'usinage CNC permet d'obtenir des formes et des tailles personnalis\u00e9es, ce qui garantit que le dissipateur thermique r\u00e9pond aux exigences sp\u00e9cifiques en mati\u00e8re de gestion thermique.\n<\/p>\n<p><\/p>\n<p><b>3) Quelle est la durabilit\u00e9 du dissipateur thermique en aluminium usin\u00e9 CNC ? <\/b><\/p>\n<p> Le mat\u00e9riau en aluminium r\u00e9sistant \u00e0 la corrosion offre une durabilit\u00e9 \u00e0 long terme, garantissant que le dissipateur thermique fonctionne efficacement au fil du temps.\n<\/p>\n<p><\/p>\n<p><b>4) Quelles sont les industries qui b\u00e9n\u00e9ficient de l'usinage CNC des dissipateurs thermiques en aluminium ? <\/b><\/p>\n<p> Le dissipateur thermique en aluminium usin\u00e9 CNC est largement utilis\u00e9 dans les secteurs de l'\u00e9lectronique, de l'automobile, des t\u00e9l\u00e9communications et de l'\u00e9clairage LED pour un refroidissement efficace.\n<\/p>\n<p><\/p>\n<p><b>5. le dissipateur thermique en aluminium usin\u00e9 par CNC est-il l\u00e9ger ? <\/b><\/p>\n<p> Oui, l'aluminium est un mat\u00e9riau l\u00e9ger qui ne sacrifie pas l'efficacit\u00e9 thermique, ce qui en fait un excellent choix pour les solutions de refroidissement.\n<\/p>\n<p><\/p>\n<p><b>6. comment l'usinage CNC am\u00e9liore-t-il les performances du dissipateur thermique ? <\/b><\/p>\n<p> L'usinage CNC offre une grande pr\u00e9cision, permettant des conceptions complexes qui maximisent la surface et l'efficacit\u00e9 de la dissipation thermique.\n<\/p>\n<p><\/p>\n<p><b>7. le dissipateur thermique en aluminium usin\u00e9 par CNC est-il respectueux de l'environnement ? <\/b><\/p>\n<p> Oui, l'aluminium est enti\u00e8rement recyclable, ce qui fait de ce dissipateur thermique un choix \u00e9cologique pour les applications de refroidissement industriel.\n<\/p>\n<p><\/p>","protected":false},"featured_media":8171,"template":"","categories":[54],"class_list":["post-8172","product","type-product","status-publish","has-post-thumbnail","hentry","category-industrial-aluminum-profiles"],"meta_box":{"hilight_text_group":{"product_hilight_text":"<ul>\r\r\n  <li>Precision CNC machining for high-quality aluminum heat sinks<\/li>\r\r\n  <li>Efficient heat dissipation, ideal for electronic devices and high-performance components<\/li>\r\r\n  <li>Customizable shapes and sizes to meet specific cooling requirements<\/li>\r\r\n  <li>Corrosion-resistant aluminum material ensures long-term durability<\/li>\r\r\n  <li>Lightweight design without compromising thermal efficiency<\/li>\r\r\n  <li>Cost-effective manufacturing with reduced production time<\/li>\r\r\n  <li>Environmentally friendly, fully recyclable material<\/li>\r\r\n<\/ul>","product_chanpin_blog":"<ul>\r\r\n<li><a href=\"https:\/\/sinoextrud.com\/t-slot-v-slot-differences\/\" target=\"_blank\">t slot vs v slot<\/a><\/li>\r\r\n<li><a href=\"https:\/\/sinoextrud.com\/what-is-4040-aluminium-extrud\/\" target=\"_blank\">4040 aluminium extrusion<\/a><\/li>\r\r\n<li><a href=\"https:\/\/sinoextrud.com\/what-is-4040-aluminium-extrud\/\" target=\"_blank\">aluminum extrusions for industrial racks<\/a><\/li>\r\r\n<li><a href=\"https:\/\/sinoextrud.com\/powder-coating-aluminium-process\/\" target=\"_blank\">powder coating aluminium<\/a><\/li>\r\r\n<li><a href=\"https:\/\/sinoextrud.com\/what-is-an-aluminium-strip-ceiling\/\" target=\"_blank\">aluminium strip ceiling<\/a><\/li>\r\r\n<li><a href=\"https:\/\/sinoextrud.com\/what-is-a-heat-sink\/\" target=\"_blank\">what is a heat sink<\/a><\/li>\r\r\n<\/ul>","product_chanpin_chanpin":"<li><a href=\"https:\/\/sinoextrud.com\/product\/aluminum-t-slot-profile\/\" target=\"_blank\">Aluminum T Slot Profile<\/a><\/li>\r\n<li><a href=\"https:\/\/sinoextrud.com\/product\/aluminum-t-slot-rail-profile\/\" target=\"_blank\">Aluminum T Slot Rail Profile<\/a><\/li>\r\n<li><a href=\"https:\/\/sinoextrud.com\/product\/aluminum-t-slot-table\/\" target=\"_blank\">Aluminum T Slot Table<\/a><\/li>\r\n<li><a href=\"https:\/\/sinoextrud.com\/product\/brushed-aluminium-profile\/\" target=\"_blank\">Brushed Aluminium Profile<\/a><\/li>\r\n<li><a href=\"https:\/\/sinoextrud.com\/product\/cnc-machining-aluminum-heat-sink\/\" target=\"_blank\">CNC Machining Aluminum Heat Sink<\/a><\/li>\r\n<li><a href=\"https:\/\/sinoextrud.com\/product\/comb-shape-aluminium-heat-sink\/\" target=\"_blank\">Comb Shape Aluminium Heat Sink<\/a><\/li>\r\n<li><a href=\"https:\/\/sinoextrud.com\/product\/aluminum-heat-sink-box-shapes-profiles\/\" target=\"_blank\">Aluminum Heat Sink Box  Shapes  Profiles<\/a><\/li>\r\n<li><a href=\"https:\/\/sinoextrud.com\/product\/solar-aluminium-profiles\/\" target=\"_blank\">Solar Aluminium Profiles<\/a><\/li>\r\n<li><a href=\"https:\/\/sinoextrud.com\/product\/solar-panel-frame-aluminum-profile\/\" target=\"_blank\">Solar Panel Frame Aluminum Profile<\/a><\/li>\r\n<li><a href=\"https:\/\/sinoextrud.com\/product\/kitchen-cabinet-aluminum-profile\/\" target=\"_blank\">Kitchen Cabinet Aluminum Profile<\/a><\/li>\r\n<li><a href=\"https:\/\/sinoextrud.com\/product\/led-plant-growth-light-aluminum-profile\/\" target=\"_blank\">Led Plant Growth Light Aluminum Profile<\/a><\/li>"},"feature_list":[]},"_links":{"self":[{"href":"https:\/\/sinoextrud.com\/fr\/wp-json\/wp\/v2\/product\/8172","targetHints":{"allow":["GET"]}}],"collection":[{"href":"https:\/\/sinoextrud.com\/fr\/wp-json\/wp\/v2\/product"}],"about":[{"href":"https:\/\/sinoextrud.com\/fr\/wp-json\/wp\/v2\/types\/product"}],"wp:featuredmedia":[{"embeddable":true,"href":"https:\/\/sinoextrud.com\/fr\/wp-json\/wp\/v2\/media\/8171"}],"wp:attachment":[{"href":"https:\/\/sinoextrud.com\/fr\/wp-json\/wp\/v2\/media?parent=8172"}],"wp:term":[{"taxonomy":"category","embeddable":true,"href":"https:\/\/sinoextrud.com\/fr\/wp-json\/wp\/v2\/categories?post=8172"}],"curies":[{"name":"wp","href":"https:\/\/api.w.org\/{rel}","templated":true}]}}