{"id":8162,"date":"2025-06-13T06:53:51","date_gmt":"2025-06-13T06:53:51","guid":{"rendered":"https:\/\/sinoextrud.com\/product\/aluminum-t-section-extrusions\/"},"modified":"2025-06-24T06:23:14","modified_gmt":"2025-06-24T06:23:14","slug":"profiles-en-aluminium-en-t","status":"publish","type":"product","link":"https:\/\/sinoextrud.com\/fr\/product\/aluminum-t-section-extrusions\/","title":{"rendered":"Extrusions de profil\u00e9s en T en aluminium"},"content":{"rendered":"<h2>D\u00e9tails des produits<\/h2>\n<table class=\"custom-table\">\n<tbody>\n<tr>\n<td> Objet<\/td>\n<td> Profil\u00e9s en T en aluminium<\/td>\n<\/tr>\n<tr>\n<td> Alliage d'aluminium<\/td>\n<td> 6063-T5, ou personnalisation<\/td>\n<\/tr>\n<tr>\n<td> Traitement de surface<\/td>\n<td> Finition en usine ou personnalisation<\/td>\n<\/tr>\n<tr>\n<td> Couleur<\/td>\n<td> Finition en usine ou personnalisation<\/td>\n<\/tr>\n<tr>\n<td> Taille<\/td>\n<td> 1-9m, ou personnalisation<\/td>\n<\/tr>\n<tr>\n<td> Application<\/td>\n<td> Profil\u00e9s en T en aluminium pour fen\u00eatres, portes, d\u00e9coration, construction, industrie, etc.<\/td>\n<\/tr>\n<tr>\n<td> Marque<\/td>\n<td> Sinoextrud \/ Sinoextrud \/ Sinoextrud Aluminium<\/td>\n<\/tr>\n<tr>\n<td> Origine<\/td>\n<td> Foshan, Chine<\/td>\n<\/tr>\n<\/tbody>\n<\/table>\n<h2>Notre base de production<\/h2>\n<h3>Panorama de l'usine<\/h3>\n<p><img decoding=\"async\" src=\"\/wp-content\/uploads\/factory-01.webp\"\/><\/p>\n<h3>Atelier de fabrication de barres d'aluminium<\/h3>\n<p><img decoding=\"async\" src=\"\/wp-content\/uploads\/factory-02.webp\"\/><\/p>\n<p><img decoding=\"async\" src=\"\/wp-content\/uploads\/factory-03.webp\"\/><\/p>\n<h3>Entrep\u00f4t de stockage des moules<\/h3>\n<p><img decoding=\"async\" src=\"\/wp-content\/uploads\/factory-04.webp\"\/><\/p>\n<h3>43 lignes d'extrusion d'aluminium (500 \u00e0 5500 tonnes)<\/h3>\n<p><img decoding=\"async\" src=\"\/wp-content\/uploads\/factory-05.webp\"\/><\/p>\n<p><img decoding=\"async\" src=\"\/wp-content\/uploads\/factory-06.webp\"\/><\/p>\n<p><img decoding=\"async\" src=\"\/wp-content\/uploads\/factory-07.webp\"\/><\/p>\n<h3>Atelier de peinture en poudre<\/h3>\n<p><img decoding=\"async\" src=\"\/wp-content\/uploads\/factory-09.webp\"\/><\/p>\n<h3>Atelier d'anodisation<\/h3>\n<p><img decoding=\"async\" src=\"\/wp-content\/uploads\/factory-10.webp\"\/><\/p>\n<h3>Atelier sur le traitement en profondeur<\/h3>\n<p><img decoding=\"async\" src=\"\/wp-content\/uploads\/factory-11.webp\"\/><\/p>\n<h3>Atelier d'usinage de pr\u00e9cision CNC<\/h3>\n<p><img decoding=\"async\" src=\"\/wp-content\/uploads\/factory-11.5.webp\"\/><\/p>\n<h3>Entrep\u00f4t de produits finis et d'exportation<\/h3>\n<p><img decoding=\"async\" src=\"\/wp-content\/uploads\/factory-12.webp\"\/><\/p>\n<p><img decoding=\"async\" src=\"\/wp-content\/uploads\/factory-13.webp\"\/><\/p>\n<p><img decoding=\"async\" src=\"\/wp-content\/uploads\/factory-14.webp\"\/><\/p>\n<h2>FAQ<\/h2>\n<p><p><b>1) Pourquoi les profil\u00e9s en T en aluminium sont-ils id\u00e9aux pour les applications industrielles ?<\/b><\/p>\n<p>Les profil\u00e9s en T en aluminium offrent une conception solide et l\u00e9g\u00e8re, une r\u00e9sistance \u00e0 la corrosion et une grande polyvalence, ce qui les rend parfaits pour les applications de charpente et de structure dans diverses industries.<br \/>\n<\/p><br \/>\n<br \/>\n<p><b>2. en quoi la conception de la section en T am\u00e9liore-t-elle la fonctionnalit\u00e9 ?<\/b><\/p>\n<p>La conception de la section en T permet une int\u00e9gration facile dans les projets personnalis\u00e9s, fournissant un support solide et stable tout en conservant la flexibilit\u00e9 n\u00e9cessaire pour diverses applications.<br \/>\n<\/p><br \/>\n<br \/>\n<p><b>3) Quel est le mat\u00e9riau utilis\u00e9 dans les profil\u00e9s en T en aluminium ?<\/b><\/p>\n<p>Ces extrusions sont fabriqu\u00e9es \u00e0 partir d'aluminium de haute qualit\u00e9, ce qui garantit leur solidit\u00e9, leur durabilit\u00e9 et leur r\u00e9sistance \u00e0 la corrosion pour des performances durables.<br \/>\n<\/p><br \/>\n<br \/>\n<p><b>4) Les profil\u00e9s en T en aluminium peuvent-ils \u00eatre personnalis\u00e9s pour diff\u00e9rents projets ?<\/b><\/p>\n<p>Oui, ils sont hautement personnalisables, ce qui permet d'\u00e9laborer des solutions sur mesure pour r\u00e9pondre aux besoins sp\u00e9cifiques en mati\u00e8re de conception et de structure dans divers secteurs.<br \/>\n<\/p><br \/>\n<br \/>\n<p><b>5. Quelle est la r\u00e9sistance \u00e0 la corrosion des profil\u00e9s en T en aluminium ?<\/b><\/p>\n<p>Le mat\u00e9riau aluminium est r\u00e9sistant \u00e0 la corrosion, ce qui permet aux extrusions de conserver leur aspect et leurs performances dans des environnements ext\u00e9rieurs difficiles.<br \/>\n<\/p><br \/>\n<br \/>\n<p><b>6. quelles industries utilisent les profil\u00e9s en T en aluminium ?<\/b><\/p>\n<p>Ils sont largement utilis\u00e9s dans les secteurs de la fabrication, de la construction, de l'automatisation et dans d'autres secteurs qui n\u00e9cessitent des solutions d'encadrement durables et flexibles.<br \/>\n<\/p><br \/>\n<br \/>\n<p><b>7. Quel est le rapport qualit\u00e9-prix de l'extrusion de profil\u00e9s en T en aluminium ?<\/b><\/p>\n<p>Il s'agit d'une option rentable en raison de sa durabilit\u00e9, de sa l\u00e9g\u00e8ret\u00e9 et de sa facilit\u00e9 de manipulation, ce qui permet de r\u00e9duire les co\u00fbts globaux des projets de structure et de charpente.<br \/>\n<\/p><br \/><\/p>","protected":false},"featured_media":8161,"template":"","categories":[54],"class_list":["post-8162","product","type-product","status-publish","has-post-thumbnail","hentry","category-industrial-aluminum-profiles"],"meta_box":{"hilight_text_group":{"product_hilight_text":"<li>Strong and lightweight aluminum construction, offering a balance of durability and ease of handling.<\/li>\r\r\n<li>Versatile T-section design, ideal for framing, structural applications, and custom projects.<\/li>\r\r\n<li>Corrosion-resistant surface ensures longevity and reliability in various environmental conditions.<\/li>\r\r\n<li>Customizable profiles available to meet specific design requirements for diverse industrial uses.<\/li>\r\r\n<li>Cost-effective and energy-efficient solution for building sturdy, reliable structures without heavy tooling.<\/li>","product_chanpin_blog":"<ul>\r\r\n<li><a href=\"https:\/\/sinoextrud.com\/t-slot-v-slot-differences\/\" target=\"_blank\">t slot vs v slot<\/a><\/li>\r\r\n<li><a href=\"https:\/\/sinoextrud.com\/what-is-4040-aluminium-extrud\/\" target=\"_blank\">4040 aluminium extrusion<\/a><\/li>\r\r\n<li><a href=\"https:\/\/sinoextrud.com\/what-is-4040-aluminium-extrud\/\" target=\"_blank\">aluminum extrusions for industrial racks<\/a><\/li>\r\r\n<li><a href=\"https:\/\/sinoextrud.com\/powder-coating-aluminium-process\/\" target=\"_blank\">powder coating aluminium<\/a><\/li>\r\r\n<li><a href=\"https:\/\/sinoextrud.com\/what-is-an-aluminium-strip-ceiling\/\" target=\"_blank\">aluminium strip ceiling<\/a><\/li>\r\r\n<li><a href=\"https:\/\/sinoextrud.com\/what-is-a-heat-sink\/\" target=\"_blank\">what is a heat sink<\/a><\/li>\r\r\n<\/ul>","product_chanpin_chanpin":"<li><a href=\"https:\/\/sinoextrud.com\/product\/aluminum-light-box-extrusion\/\" target=\"_blank\">Aluminum Light Box Extrusion<\/a><\/li>\r\n<li><a href=\"https:\/\/sinoextrud.com\/product\/aluminum-profile-solar-panel-wide-width\/\" target=\"_blank\">Aluminum Profile Solar Panel Wide Width<\/a><\/li>\r\n<li><a href=\"https:\/\/sinoextrud.com\/product\/aluminum-profile-with-t-slot-flat\/\" target=\"_blank\">Aluminum Profile With T Slot Flat<\/a><\/li>\r\n<li><a href=\"https:\/\/sinoextrud.com\/product\/aluminum-t-extrusion\/\" target=\"_blank\">Aluminum T Extrusion<\/a><\/li>\r\n<li><a href=\"https:\/\/sinoextrud.com\/product\/aluminum-t-section-extrusions\/\" target=\"_blank\">Aluminum T Section Extrusions<\/a><\/li>\r\n<li><a href=\"https:\/\/sinoextrud.com\/product\/aluminum-t-slot-profile\/\" target=\"_blank\">Aluminum T Slot Profile<\/a><\/li>\r\n<li><a href=\"https:\/\/sinoextrud.com\/product\/aluminum-t-slot-rail-profile\/\" target=\"_blank\">Aluminum T Slot Rail Profile<\/a><\/li>\r\n<li><a href=\"https:\/\/sinoextrud.com\/product\/aluminum-t-slot-table\/\" target=\"_blank\">Aluminum T Slot Table<\/a><\/li>\r\n<li><a href=\"https:\/\/sinoextrud.com\/product\/brushed-aluminium-profile\/\" target=\"_blank\">Brushed Aluminium Profile<\/a><\/li>\r\n<li><a href=\"https:\/\/sinoextrud.com\/product\/customized-led-aluminium-profile-led-aluminum-extrusion\/\" target=\"_blank\">Customized LED Aluminium Profile  LED Aluminum Extrusion<\/a><\/li>\r\n<li><a href=\"https:\/\/sinoextrud.com\/product\/wooden-grain-40mm-aluminum-extrusion-profiles\/\" target=\"_blank\">Wooden Grain 40mm Aluminum Extrusion Profiles<\/a><\/li>"},"feature_list":[]},"_links":{"self":[{"href":"https:\/\/sinoextrud.com\/fr\/wp-json\/wp\/v2\/product\/8162","targetHints":{"allow":["GET"]}}],"collection":[{"href":"https:\/\/sinoextrud.com\/fr\/wp-json\/wp\/v2\/product"}],"about":[{"href":"https:\/\/sinoextrud.com\/fr\/wp-json\/wp\/v2\/types\/product"}],"wp:featuredmedia":[{"embeddable":true,"href":"https:\/\/sinoextrud.com\/fr\/wp-json\/wp\/v2\/media\/8161"}],"wp:attachment":[{"href":"https:\/\/sinoextrud.com\/fr\/wp-json\/wp\/v2\/media?parent=8162"}],"wp:term":[{"taxonomy":"category","embeddable":true,"href":"https:\/\/sinoextrud.com\/fr\/wp-json\/wp\/v2\/categories?post=8162"}],"curies":[{"name":"wp","href":"https:\/\/api.w.org\/{rel}","templated":true}]}}