{"id":8156,"date":"2025-06-13T06:48:24","date_gmt":"2025-06-13T06:48:24","guid":{"rendered":"https:\/\/sinoextrud.com\/product\/aluminum-profile-solar-panel-wide-width\/"},"modified":"2025-06-24T06:23:13","modified_gmt":"2025-06-24T06:23:13","slug":"panneau-solaire-en-profile-daluminium-de-grande-largeur","status":"publish","type":"product","link":"https:\/\/sinoextrud.com\/fr\/product\/aluminum-profile-solar-panel-wide-width\/","title":{"rendered":"Panneau solaire profil\u00e9 en aluminium \u00e0 grande largeur"},"content":{"rendered":"<h2>D\u00e9tails des produits<\/h2>\n<table class=\"custom-table\">\n<tr>\n<td class=\"label\">1. Nom du produit :<\/td>\n<td> Panneau solaire profil\u00e9 en aluminium \u00e0 grande largeur<\/td>\n<\/tr>\n<tr>\n<td class=\"label\">2. Mat\u00e9riau :<\/td>\n<td> Alliage d'aluminium 6063-T5<\/td>\n<\/tr>\n<tr>\n<td class=\"label\">3. Termin\u00e9 :<\/td>\n<td> Norme nationale Argent anodis\u00e9<\/td>\n<\/tr>\n<tr>\n<td class=\"label\">4. Norme ex\u00e9cutive :<\/td>\n<td> GB5237-2008<\/td>\n<\/tr>\n<tr>\n<td class=\"label\">5. Certificats :<\/td>\n<td> ISO9001<\/td>\n<\/tr>\n<\/table>\n<h2>Notre base de production<\/h2>\n<h3>Panorama de l'usine<\/h3>\n<p><img decoding=\"async\" src=\"\/wp-content\/uploads\/factory-01.webp\"\/><\/p>\n<h3>Atelier de fabrication de barres d'aluminium<\/h3>\n<p><img decoding=\"async\" src=\"\/wp-content\/uploads\/factory-02.webp\"\/><\/p>\n<\/p>\n<p><img decoding=\"async\" src=\"\/wp-content\/uploads\/factory-03.webp\"\/><\/p>\n<h3>Entrep\u00f4t de stockage des moules<\/h3>\n<p><img decoding=\"async\" src=\"\/wp-content\/uploads\/factory-04.webp\"\/><\/p>\n<h3>43 lignes d'extrusion d'aluminium (500 \u00e0 5500 tonnes)<\/h3>\n<p><img decoding=\"async\" src=\"\/wp-content\/uploads\/factory-05.webp\"\/><\/p>\n<p><img decoding=\"async\" src=\"\/wp-content\/uploads\/factory-06.webp\"\/><\/p>\n<p><img decoding=\"async\" src=\"\/wp-content\/uploads\/factory-07.webp\"\/><\/p>\n<h3>Atelier de peinture en poudre<\/h3>\n<p><img decoding=\"async\" src=\"\/wp-content\/uploads\/factory-09.webp\"\/><\/p>\n<h3>Atelier d'anodisation<\/h3>\n<p><img decoding=\"async\" src=\"\/wp-content\/uploads\/factory-10.webp\"\/><\/p>\n<h3>Atelier sur le traitement en profondeur<\/h3>\n<p><img decoding=\"async\" src=\"\/wp-content\/uploads\/factory-11.webp\"\/><\/p>\n<h3>Atelier d'usinage de pr\u00e9cision CNC<\/h3>\n<p><img decoding=\"async\" src=\"\/wp-content\/uploads\/factory-11.5.webp\"\/><\/p>\n<h3>Entrep\u00f4t de produits finis et d'exportation<\/h3>\n<p><img decoding=\"async\" src=\"\/wp-content\/uploads\/factory-12.webp\"\/><\/p>\n<p><img decoding=\"async\" src=\"\/wp-content\/uploads\/factory-13.webp\"\/><\/p>\n<p><img decoding=\"async\" src=\"\/wp-content\/uploads\/factory-14.webp\"\/><\/p>\n<h2>FAQ<\/h2>\n<p><b>1) Quel est l'avantage d'utiliser un profil\u00e9 d'aluminium de grande largeur pour les panneaux solaires ? <\/b><\/p>\n<p> Un profil\u00e9 en aluminium de grande largeur offre une stabilit\u00e9 accrue et une meilleure r\u00e9partition de la charge pour les installations de panneaux solaires de grande taille.\n<\/p>\n<p><\/p>\n<p><b>2. le profil\u00e9 en aluminium r\u00e9siste-t-il \u00e0 la corrosion ? <\/b><\/p>\n<p> Oui, nos profil\u00e9s en aluminium sont anodis\u00e9s ou rev\u00eatus de poudre pour offrir une excellente r\u00e9sistance \u00e0 la corrosion dans les environnements ext\u00e9rieurs.\n<\/p>\n<p><\/p>\n<p><b>3. le profil\u00e9 en aluminium peut-il \u00eatre personnalis\u00e9 pour des projets solaires sp\u00e9cifiques ? <\/b><\/p>\n<p> Oui, nous proposons des largeurs, des longueurs et des traitements de surface personnalisables pour r\u00e9pondre \u00e0 vos besoins en mati\u00e8re de montage de panneaux solaires.\n<\/p>\n<p><\/p>\n<p><b>4. en quoi la conception l\u00e9g\u00e8re est-elle avantageuse pour l'installation des panneaux solaires ? <\/b><\/p>\n<p> Le profil\u00e9 l\u00e9ger en aluminium r\u00e9duit les co\u00fbts de main-d'\u0153uvre et de transport tout en maintenant l'int\u00e9grit\u00e9 structurelle.\n<\/p>\n<p><\/p>\n<p><b>5. le profil\u00e9 en aluminium est-il compatible avec les syst\u00e8mes de montage solaire courants ? <\/b><\/p>\n<p> Absolument, nos profil\u00e9s en aluminium sont con\u00e7us pour fonctionner parfaitement avec la plupart des syst\u00e8mes de montage de panneaux solaires standard.\n<\/p>\n<p><\/p>\n<p><b>6. le profil\u00e9 en aluminium contribue-t-il \u00e0 la dissipation de la chaleur des panneaux solaires ? <\/b><\/p>\n<p> Oui, l'aluminium poss\u00e8de une excellente conductivit\u00e9 thermique, ce qui permet de disperser la chaleur des panneaux solaires et d'en am\u00e9liorer les performances.\n<\/p>\n<p><\/p>\n<p><b>7. Quelles sont les finitions de surface disponibles pour les profil\u00e9s solaires en aluminium ? <\/b><\/p>\n<p> Nous proposons des options d'anodisation, de rev\u00eatement par poudre et de finition en usine pour r\u00e9pondre aux diff\u00e9rents besoins environnementaux et esth\u00e9tiques.\n<\/p>\n<p><\/p>","protected":false},"featured_media":8155,"template":"","categories":[54],"class_list":["post-8156","product","type-product","status-publish","has-post-thumbnail","hentry","category-industrial-aluminum-profiles"],"meta_box":{"hilight_text_group":{"product_hilight_text":"<li>High-strength aluminum profile ensures durability and corrosion resistance.<\/li>\r\r\n<li>Wide width design provides better support for larger solar panels.<\/li>\r\r\n<li>Customizable sizes and finishes for various installation needs.<\/li>\r\r\n<li>Lightweight structure reduces transportation and installation costs.<\/li>\r\r\n<li>Compatible with most solar mounting systems for easy integration.<\/li>\r\r\n<li>Excellent thermal conductivity helps with heat dissipation from solar panels.<\/li>\r\r\n<li>Precision extrusion technology ensures tight tolerances and structural stability.<\/li>","product_chanpin_blog":"<ul>\r\r\n<li><a href=\"https:\/\/sinoextrud.com\/t-slot-v-slot-differences\/\" target=\"_blank\">t slot vs v slot<\/a><\/li>\r\r\n<li><a href=\"https:\/\/sinoextrud.com\/what-is-4040-aluminium-extrud\/\" target=\"_blank\">4040 aluminium extrusion<\/a><\/li>\r\r\n<li><a href=\"https:\/\/sinoextrud.com\/what-is-4040-aluminium-extrud\/\" target=\"_blank\">aluminum extrusions for industrial racks<\/a><\/li>\r\r\n<li><a href=\"https:\/\/sinoextrud.com\/powder-coating-aluminium-process\/\" target=\"_blank\">powder coating aluminium<\/a><\/li>\r\r\n<li><a href=\"https:\/\/sinoextrud.com\/what-is-an-aluminium-strip-ceiling\/\" target=\"_blank\">aluminium strip ceiling<\/a><\/li>\r\r\n<li><a href=\"https:\/\/sinoextrud.com\/what-is-a-heat-sink\/\" target=\"_blank\">what is a heat sink<\/a><\/li>\r\r\n<\/ul>","product_chanpin_chanpin":"<li><a href=\"https:\/\/sinoextrud.com\/product\/aluminum-extrusion-plate\/\" target=\"_blank\">Aluminum Extrusion Plate<\/a><\/li>\r\n<li><a href=\"https:\/\/sinoextrud.com\/product\/aluminum-frame-for-solar-panel-and-light-box\/\" target=\"_blank\">Aluminum Frame For Solar Panel And Light-Box<\/a><\/li>\r\n<li><a href=\"https:\/\/sinoextrud.com\/product\/aluminum-heatsink-extrusion-profile\/\" target=\"_blank\">Aluminum Heatsink Extrusion Profile<\/a><\/li>\r\n<li><a href=\"https:\/\/sinoextrud.com\/product\/aluminum-light-box-extrusion\/\" target=\"_blank\">Aluminum Light Box Extrusion<\/a><\/li>\r\n<li><a href=\"https:\/\/sinoextrud.com\/product\/aluminum-profile-solar-panel-wide-width\/\" target=\"_blank\">Aluminum Profile Solar Panel Wide Width<\/a><\/li>\r\n<li><a href=\"https:\/\/sinoextrud.com\/product\/aluminum-profile-with-t-slot-flat\/\" target=\"_blank\">Aluminum Profile With T Slot Flat<\/a><\/li>\r\n<li><a href=\"https:\/\/sinoextrud.com\/product\/aluminum-t-extrusion\/\" target=\"_blank\">Aluminum T Extrusion<\/a><\/li>\r\n<li><a href=\"https:\/\/sinoextrud.com\/product\/aluminum-t-section-extrusions\/\" target=\"_blank\">Aluminum T Section Extrusions<\/a><\/li>\r\n<li><a href=\"https:\/\/sinoextrud.com\/product\/aluminum-t-slot-profile\/\" target=\"_blank\">Aluminum T Slot Profile<\/a><\/li>\r\n<li><a href=\"https:\/\/sinoextrud.com\/product\/rectangular-aluminum-extrusions\/\" target=\"_blank\">Rectangular Aluminum Extrusions<\/a><\/li>\r\n<li><a href=\"https:\/\/sinoextrud.com\/product\/extruded-aluminum-rectangular-tubing\/\" target=\"_blank\">Extruded Aluminum Rectangular Tubing<\/a><\/li>"},"feature_list":[]},"_links":{"self":[{"href":"https:\/\/sinoextrud.com\/fr\/wp-json\/wp\/v2\/product\/8156","targetHints":{"allow":["GET"]}}],"collection":[{"href":"https:\/\/sinoextrud.com\/fr\/wp-json\/wp\/v2\/product"}],"about":[{"href":"https:\/\/sinoextrud.com\/fr\/wp-json\/wp\/v2\/types\/product"}],"wp:featuredmedia":[{"embeddable":true,"href":"https:\/\/sinoextrud.com\/fr\/wp-json\/wp\/v2\/media\/8155"}],"wp:attachment":[{"href":"https:\/\/sinoextrud.com\/fr\/wp-json\/wp\/v2\/media?parent=8156"}],"wp:term":[{"taxonomy":"category","embeddable":true,"href":"https:\/\/sinoextrud.com\/fr\/wp-json\/wp\/v2\/categories?post=8156"}],"curies":[{"name":"wp","href":"https:\/\/api.w.org\/{rel}","templated":true}]}}