{"id":8154,"date":"2025-06-13T06:46:39","date_gmt":"2025-06-13T06:46:39","guid":{"rendered":"https:\/\/sinoextrud.com\/product\/aluminum-light-box-extrusion\/"},"modified":"2025-06-24T06:23:13","modified_gmt":"2025-06-24T06:23:13","slug":"extrusion-dun-caisson-lumineux-en-aluminium","status":"publish","type":"product","link":"https:\/\/sinoextrud.com\/fr\/product\/aluminum-light-box-extrusion\/","title":{"rendered":"Extrusion de bo\u00eetes lumineuses en aluminium"},"content":{"rendered":"<h2>D\u00e9tails des produits<\/h2>\n<table class=\"custom-table\">\n<tbody>\n<tr>\n<td> Nom<\/td>\n<td> Extrusion de caisson lumineux en aluminium<\/td>\n<\/tr>\n<tr>\n<td> Marque<\/td>\n<td> Sinoextrud\/Sinoextrud<\/td>\n<\/tr>\n<tr>\n<td> Cat\u00e9gorie<\/td>\n<td> Extrusion d'aluminium<\/td>\n<\/tr>\n<tr>\n<td> Mat\u00e9riau<\/td>\n<td> La norme 6061 est largement utilis\u00e9e. 6063, 6463, 6005, 6082 sont \u00e9galement disponibles.<\/td>\n<\/tr>\n<tr>\n<td> Temp\u00e9rer<\/td>\n<td> T5-T8<\/td>\n<\/tr>\n<tr>\n<td> Longueur<\/td>\n<td> 5.8m pour 20ft , 5.9m \/6.0m pour 40'GP, ou personnalisation<\/td>\n<\/tr>\n<tr>\n<td> Taille (mm)<\/td>\n<td> Diff\u00e9rentes tailles sont disponibles<\/td>\n<\/tr>\n<tr>\n<td> Forme<\/td>\n<td> Rond\/ rectangle\/carr\u00e9\/personnalisation<\/td>\n<\/tr>\n<tr>\n<td> Traitement de surface<\/td>\n<td> Finition en usine, anodisation, sablage, \u00e9lectrophor\u00e8se, rev\u00eatement, etc.<\/td>\n<\/tr>\n<tr>\n<td> Couleur<\/td>\n<td> Argent ou couleur personnalis\u00e9e<\/td>\n<\/tr>\n<tr>\n<td> Garantie<\/td>\n<td> BV, Soncap ,ISO<\/td>\n<\/tr>\n<tr>\n<td> Standard<\/td>\n<td> Qualit\u00e9 moyenne et \u00e9lev\u00e9e<\/td>\n<\/tr>\n<tr>\n<td> MOQ<\/td>\n<td> 200KGS pour chaque article<\/td>\n<\/tr>\n<tr>\n<td> De<\/td>\n<td> Guangdong, Chine<\/td>\n<\/tr>\n<tr>\n<td> Application<\/td>\n<td> Profil de l'industrie, b\u00e2timent, d\u00e9coration<\/td>\n<\/tr>\n<\/tbody>\n<\/table>\n<h2>Notre base de production<\/h2>\n<h3>Panorama de l'usine<\/h3>\n<p><img decoding=\"async\" src=\"\/wp-content\/uploads\/factory-01.webp\"\/><\/p>\n<h3>Atelier de fabrication de barres d'aluminium<\/h3>\n<p><img decoding=\"async\" src=\"\/wp-content\/uploads\/factory-02.webp\"\/><\/p>\n<p><img decoding=\"async\" src=\"\/wp-content\/uploads\/factory-03.webp\"\/><\/p>\n<h3>Entrep\u00f4t de stockage des moules<\/h3>\n<p><img decoding=\"async\" src=\"\/wp-content\/uploads\/factory-04.webp\"\/><\/p>\n<h3>43 lignes d'extrusion d'aluminium (500 \u00e0 5500 tonnes)<\/h3>\n<p><img decoding=\"async\" src=\"\/wp-content\/uploads\/factory-05.webp\"\/><\/p>\n<p><img decoding=\"async\" src=\"\/wp-content\/uploads\/factory-06.webp\"\/><\/p>\n<p><img decoding=\"async\" src=\"\/wp-content\/uploads\/factory-07.webp\"\/><\/p>\n<h3>Atelier de peinture en poudre<\/h3>\n<p><img decoding=\"async\" src=\"\/wp-content\/uploads\/factory-09.webp\"\/><\/p>\n<h3>Atelier d'anodisation<\/h3>\n<p><img decoding=\"async\" src=\"\/wp-content\/uploads\/factory-10.webp\"\/><\/p>\n<h3>Atelier sur le traitement en profondeur<\/h3>\n<p><img decoding=\"async\" src=\"\/wp-content\/uploads\/factory-11.webp\"\/><\/p>\n<h3>Atelier d'usinage de pr\u00e9cision CNC<\/h3>\n<p><img decoding=\"async\" src=\"\/wp-content\/uploads\/factory-11.5.webp\"\/><\/p>\n<h3>Entrep\u00f4t de produits finis et d'exportation<\/h3>\n<p><img decoding=\"async\" src=\"\/wp-content\/uploads\/factory-12.webp\"\/><\/p>\n<p><img decoding=\"async\" src=\"\/wp-content\/uploads\/factory-13.webp\"\/><\/p>\n<p><img decoding=\"async\" src=\"\/wp-content\/uploads\/factory-14.webp\"\/><\/p>\n<h2>FAQ<\/h2>\n<p><p><b>1) Pourquoi l'extrusion de bo\u00eetes lumineuses en aluminium convient-elle \u00e0 la construction de bo\u00eetes lumineuses ? <\/b><\/p>\n<p> L'extrusion de bo\u00eetes lumineuses en aluminium est l\u00e9g\u00e8re, durable et r\u00e9sistante \u00e0 la corrosion, ce qui en fait un mat\u00e9riau id\u00e9al pour la construction de bo\u00eetes lumineuses robustes et durables.<br \/>\n<\/p><br \/>\n<br \/>\n<p><b>2) L'extrusion de bo\u00eetes lumineuses en aluminium peut-elle \u00eatre personnalis\u00e9e ? <\/b><\/p>\n<p> Oui, il peut \u00eatre personnalis\u00e9 en termes de taille, de forme et de conception pour r\u00e9pondre aux exigences sp\u00e9cifiques des projets de caissons lumineux.<br \/>\n<\/p><br \/>\n<br \/>\n<p><b>3. Quelle est la durabilit\u00e9 de l'extrusion de bo\u00eetes lumineuses en aluminium ? <\/b><\/p>\n<p> Il est tr\u00e8s durable et pr\u00e9sente une excellente r\u00e9sistance \u00e0 la corrosion, ce qui lui assure une longue dur\u00e9e de vie, m\u00eame dans des environnements ext\u00e9rieurs ou int\u00e9rieurs difficiles.<br \/>\n<\/p><br \/>\n<br \/>\n<p><b>4) Quelles sont les industries qui b\u00e9n\u00e9ficient de l'utilisation de l'extrusion de bo\u00eetes lumineuses en aluminium ? <\/b><\/p>\n<p> Les industries telles que la publicit\u00e9, le commerce de d\u00e9tail et la signalisation b\u00e9n\u00e9ficient de son utilisation pour la construction de caissons lumineux de haute qualit\u00e9 et d'aspect professionnel.<br \/>\n<\/p><br \/>\n<br \/>\n<p><b>5. l'extrusion de caisson lumineux en aluminium est-elle facile \u00e0 installer ? <\/b><\/p>\n<p> Oui, l'extrusion est con\u00e7ue pour un assemblage et une installation faciles, ce qui r\u00e9duit le temps et la main-d'\u0153uvre n\u00e9cessaires \u00e0 l'installation.<br \/>\n<\/p><br \/>\n<br \/>\n<p><b>6. comment l'extrusion de bo\u00eetes \u00e0 lumi\u00e8re en aluminium am\u00e9liore-t-elle la performance de l'\u00e9clairage ? <\/b><\/p>\n<p> Ses excellentes propri\u00e9t\u00e9s de dissipation de la chaleur permettent aux syst\u00e8mes d'\u00e9clairage de fonctionner de mani\u00e8re optimale pendant plus longtemps, en \u00e9vitant les surchauffes.<br \/>\n<\/p><br \/>\n<br \/>\n<p><b>7. l'extrusion de bo\u00eetes lumineuses en aluminium est-elle respectueuse de l'environnement ? <\/b><\/p>\n<p> Oui, l'aluminium est un mat\u00e9riau enti\u00e8rement recyclable, ce qui en fait un choix \u00e9cologique pour la cr\u00e9ation de caissons lumineux durables.<br \/>\n<\/p><br \/><\/p>","protected":false},"featured_media":8153,"template":"","categories":[54],"class_list":["post-8154","product","type-product","status-publish","has-post-thumbnail","hentry","category-industrial-aluminum-profiles"],"meta_box":{"hilight_text_group":{"product_hilight_text":"<ul>\r\r\n  <li>Durable aluminum extrusion for creating robust and lightweight light boxes<\/li>\r\r\n  <li>Corrosion-resistant material ensuring long-term performance in various environments<\/li>\r\r\n  <li>Customizable sizes and shapes to meet specific design requirements for light boxes<\/li>\r\r\n  <li>Excellent heat dissipation properties, enhancing the longevity of lighting systems<\/li>\r\r\n  <li>Easy to assemble and install, reducing manufacturing and setup costs<\/li>\r\r\n  <li>Stylish and professional finish, perfect for advertising, retail, and signage applications<\/li>\r\r\n  <li>Environmentally friendly, made from recyclable aluminum material<\/li>\r\r\n<\/ul>","product_chanpin_blog":"<ul>\r\r\n<li><a href=\"https:\/\/sinoextrud.com\/t-slot-v-slot-differences\/\" target=\"_blank\">t slot vs v slot<\/a><\/li>\r\r\n<li><a href=\"https:\/\/sinoextrud.com\/what-is-4040-aluminium-extrud\/\" target=\"_blank\">4040 aluminium extrusion<\/a><\/li>\r\r\n<li><a href=\"https:\/\/sinoextrud.com\/what-is-4040-aluminium-extrud\/\" target=\"_blank\">aluminum extrusions for industrial racks<\/a><\/li>\r\r\n<li><a href=\"https:\/\/sinoextrud.com\/powder-coating-aluminium-process\/\" target=\"_blank\">powder coating aluminium<\/a><\/li>\r\r\n<li><a href=\"https:\/\/sinoextrud.com\/what-is-an-aluminium-strip-ceiling\/\" target=\"_blank\">aluminium strip ceiling<\/a><\/li>\r\r\n<li><a href=\"https:\/\/sinoextrud.com\/what-is-a-heat-sink\/\" target=\"_blank\">what is a heat sink<\/a><\/li>\r\r\n<\/ul>","product_chanpin_chanpin":"<li><a href=\"https:\/\/sinoextrud.com\/product\/aluminum-extrusion-material-t-slot\/\" target=\"_blank\">Aluminum Extrusion Material T Slot<\/a><\/li>\r\n<li><a href=\"https:\/\/sinoextrud.com\/product\/aluminum-extrusion-plate\/\" target=\"_blank\">Aluminum Extrusion Plate<\/a><\/li>\r\n<li><a href=\"https:\/\/sinoextrud.com\/product\/aluminum-frame-for-solar-panel-and-light-box\/\" target=\"_blank\">Aluminum Frame For Solar Panel And Light-Box<\/a><\/li>\r\n<li><a href=\"https:\/\/sinoextrud.com\/product\/aluminum-heatsink-extrusion-profile\/\" target=\"_blank\">Aluminum Heatsink Extrusion Profile<\/a><\/li>\r\n<li><a href=\"https:\/\/sinoextrud.com\/product\/aluminum-light-box-extrusion\/\" target=\"_blank\">Aluminum Light Box Extrusion<\/a><\/li>\r\n<li><a href=\"https:\/\/sinoextrud.com\/product\/aluminum-profile-solar-panel-wide-width\/\" target=\"_blank\">Aluminum Profile Solar Panel Wide Width<\/a><\/li>\r\n<li><a href=\"https:\/\/sinoextrud.com\/product\/aluminum-profile-with-t-slot-flat\/\" target=\"_blank\">Aluminum Profile With T Slot Flat<\/a><\/li>\r\n<li><a href=\"https:\/\/sinoextrud.com\/product\/aluminum-t-extrusion\/\" target=\"_blank\">Aluminum T Extrusion<\/a><\/li>\r\n<li><a href=\"https:\/\/sinoextrud.com\/product\/aluminum-t-section-extrusions\/\" target=\"_blank\">Aluminum T Section Extrusions<\/a><\/li>\r\n<li><a href=\"https:\/\/sinoextrud.com\/product\/triangle-aluminium-tube-factory-price\/\" target=\"_blank\">Triangle Aluminium Tube Factory Price<\/a><\/li>\r\n<li><a href=\"https:\/\/sinoextrud.com\/product\/aluminum-curtain-wall-powder-coating-properties-prices-competitive-extrusion-uses-in-construction\/\" target=\"_blank\">aluminum curtain wall Powder Coating properties prices competitive Extrusion uses in construction<\/a><\/li>"},"feature_list":[]},"_links":{"self":[{"href":"https:\/\/sinoextrud.com\/fr\/wp-json\/wp\/v2\/product\/8154","targetHints":{"allow":["GET"]}}],"collection":[{"href":"https:\/\/sinoextrud.com\/fr\/wp-json\/wp\/v2\/product"}],"about":[{"href":"https:\/\/sinoextrud.com\/fr\/wp-json\/wp\/v2\/types\/product"}],"wp:featuredmedia":[{"embeddable":true,"href":"https:\/\/sinoextrud.com\/fr\/wp-json\/wp\/v2\/media\/8153"}],"wp:attachment":[{"href":"https:\/\/sinoextrud.com\/fr\/wp-json\/wp\/v2\/media?parent=8154"}],"wp:term":[{"taxonomy":"category","embeddable":true,"href":"https:\/\/sinoextrud.com\/fr\/wp-json\/wp\/v2\/categories?post=8154"}],"curies":[{"name":"wp","href":"https:\/\/api.w.org\/{rel}","templated":true}]}}