{"id":8152,"date":"2025-06-13T02:50:13","date_gmt":"2025-06-13T02:50:13","guid":{"rendered":"https:\/\/sinoextrud.com\/product\/aluminum-heatsink-extrusion-profile\/"},"modified":"2025-06-24T06:23:12","modified_gmt":"2025-06-24T06:23:12","slug":"profile-dextrusion-de-dissipateur-thermique-en-aluminium","status":"publish","type":"product","link":"https:\/\/sinoextrud.com\/fr\/product\/aluminum-heatsink-extrusion-profile\/","title":{"rendered":"Profil d'extrusion de dissipateur thermique en aluminium"},"content":{"rendered":"<h2>D\u00e9tails des produits<\/h2>\n<table class=\"custom-table\">\n<tbody>\n<tr>\n<td> Marque<\/td>\n<td> Sinoextrud(Sinoextrud) Aluminium<\/td>\n<\/tr>\n<tr>\n<td> Original<\/td>\n<td> Foshan\/Chine<\/td>\n<\/tr>\n<tr>\n<td> Capacit\u00e9 de production<\/td>\n<td> 15 000 tonnes\/mois<\/td>\n<\/tr>\n<tr>\n<td> \u00c9paisseur<\/td>\n<td> \u2265 0,7mm<\/td>\n<\/tr>\n<tr>\n<td> Longueur<\/td>\n<td> 3,0 m\u00e8tres - 6,0 m\u00e8tres ou sur mesure<\/td>\n<\/tr>\n<tr>\n<td> Duret\u00e9<\/td>\n<td> \u22658 HW<\/td>\n<\/tr>\n<tr>\n<td> D\u00e9lai d'ex\u00e9cution<\/td>\n<td> 20-25 jours ouvrables<\/td>\n<\/tr>\n<tr>\n<td> Couleur :<\/td>\n<td> Argent, blanc, noir, bronze, champagne, bois et autres.<\/td>\n<\/tr>\n<tr>\n<td> Longueur<\/td>\n<td> Habituellement 5,8-6 m\u00e8tres, mais il est \u00e9galement possible de les couper selon vos besoins.<\/td>\n<\/tr>\n<\/tbody>\n<\/table>\n<h2>Notre base de production<\/h2>\n<h3>Panorama de l'usine<\/h3>\n<p><img decoding=\"async\" src=\"\/wp-content\/uploads\/factory-01.webp\"\/><\/p>\n<h3>Atelier de fabrication de barres d'aluminium<\/h3>\n<p><img decoding=\"async\" src=\"\/wp-content\/uploads\/factory-02.webp\"\/><\/p>\n<\/p>\n<p><img decoding=\"async\" src=\"\/wp-content\/uploads\/factory-03.webp\"\/><\/p>\n<h3>Entrep\u00f4t de stockage des moules<\/h3>\n<p><img decoding=\"async\" src=\"\/wp-content\/uploads\/factory-04.webp\"\/><\/p>\n<h3>43 lignes d'extrusion d'aluminium (500-5500 tonnes)<\/h3>\n<p><img decoding=\"async\" src=\"\/wp-content\/uploads\/factory-05.webp\"\/><\/p>\n<p><img decoding=\"async\" src=\"\/wp-content\/uploads\/factory-06.webp\"\/><\/p>\n<p><img decoding=\"async\" src=\"\/wp-content\/uploads\/factory-07.webp\"\/><\/p>\n<h3>Atelier de peinture en poudre<\/h3>\n<p><img decoding=\"async\" src=\"\/wp-content\/uploads\/factory-09.webp\"\/><\/p>\n<h3>Atelier d'anodisation<\/h3>\n<p><img decoding=\"async\" src=\"\/wp-content\/uploads\/factory-10.webp\"\/><\/p>\n<h3>Atelier sur le traitement en profondeur<\/h3>\n<p><img decoding=\"async\" src=\"\/wp-content\/uploads\/factory-11.webp\"\/><\/p>\n<h3>Atelier d'usinage de pr\u00e9cision CNC<\/h3>\n<p><img decoding=\"async\" src=\"\/wp-content\/uploads\/factory-11.5.webp\"\/><\/p>\n<h3>Entrep\u00f4t de produits finis et d'exportation<\/h3>\n<p><img decoding=\"async\" src=\"\/wp-content\/uploads\/factory-12.webp\"\/><\/p>\n<p><img decoding=\"async\" src=\"\/wp-content\/uploads\/factory-13.webp\"\/><\/p>\n<p><img decoding=\"async\" src=\"\/wp-content\/uploads\/factory-14.webp\"\/><\/p>\n<h2>FAQ<\/h2>\n<p><b>1. \u00e0 quoi sert un profil\u00e9 d'extrusion de dissipateur thermique en aluminium ? <\/b><\/p>\n<p>Les profil\u00e9s d'extrusion de dissipateurs thermiques en aluminium sont utilis\u00e9s pour dissiper efficacement la chaleur des composants \u00e9lectroniques, afin d'\u00e9viter la surchauffe et de garantir des performances et une long\u00e9vit\u00e9 optimales.\n<\/p>\n<p><\/p>\n<p><b>2) Pourquoi l'aluminium est-il pr\u00e9f\u00e9r\u00e9 pour les dissipateurs thermiques ? <\/b><\/p>\n<p>L'aluminium est un excellent conducteur thermique, l\u00e9ger et r\u00e9sistant \u00e0 la corrosion, ce qui le rend id\u00e9al pour une dissipation efficace de la chaleur dans diverses applications \u00e9lectroniques et industrielles.\n<\/p>\n<p><\/p>\n<p><b>3. Quels sont les avantages de la finition anodis\u00e9e pour les dissipateurs thermiques en aluminium ? <\/b><\/p>\n<p>La finition anodis\u00e9e am\u00e9liore la r\u00e9sistance \u00e0 la corrosion, augmente la duret\u00e9 de la surface et fournit une surface plus durable et plus esth\u00e9tique pour les dissipateurs thermiques en aluminium.\n<\/p>\n<p><\/p>\n<p><b>4. les profils d'extrusion de dissipateurs thermiques en aluminium peuvent-ils \u00eatre personnalis\u00e9s ? <\/b><\/p>\n<p>Oui, les profil\u00e9s d'extrusion de dissipateurs thermiques en aluminium peuvent \u00eatre personnalis\u00e9s en termes de taille, de forme et de conception afin de r\u00e9pondre aux exigences sp\u00e9cifiques de refroidissement pour diff\u00e9rents appareils ou applications.\n<\/p>\n<p><\/p>\n<p><b>5) Quels sont les avantages de l'utilisation de dissipateurs thermiques en aluminium dans l'\u00e9lectronique ? <\/b><\/p>\n<p>Les dissipateurs thermiques en aluminium am\u00e9liorent les performances de refroidissement, pr\u00e9viennent la surchauffe et prolongent la dur\u00e9e de vie des composants \u00e9lectroniques en dissipant efficacement la chaleur.\n<\/p>\n<p><\/p>\n<p><b>6) Comment l'utilisation d'un dissipateur thermique en aluminium am\u00e9liore-t-elle la fiabilit\u00e9 du produit ? <\/b><\/p>\n<p>En g\u00e9rant efficacement la chaleur, les dissipateurs en aluminium emp\u00eachent l'accumulation d'une chaleur excessive susceptible d'endommager les composants \u00e9lectroniques, am\u00e9liorant ainsi la fiabilit\u00e9 globale et la long\u00e9vit\u00e9 du produit.\n<\/p>\n<p><\/p>\n<p><b>7. les dissipateurs en aluminium sont-ils rentables ? <\/b><\/p>\n<p>Oui, les dissipateurs en aluminium sont rentables en raison de leurs excellentes performances, du faible co\u00fbt des mat\u00e9riaux et de la r\u00e9duction du besoin d'\u00e9quipement de refroidissement suppl\u00e9mentaire, ce qui en fait une solution tr\u00e8s \u00e9conomique pour les syst\u00e8mes de refroidissement.\n<\/p>\n<p><\/p>","protected":false},"featured_media":8151,"template":"","categories":[54],"class_list":["post-8152","product","type-product","status-publish","has-post-thumbnail","hentry","category-industrial-aluminum-profiles"],"meta_box":{"hilight_text_group":{"product_hilight_text":"<ul>\r\r\n  <li>Aluminum heatsink extrusion profiles offer excellent thermal conductivity, ensuring efficient heat dissipation for various electronic devices.<\/li>\r\r\n  <li>Customizable shapes and sizes to fit different heat dissipation needs in industrial and commercial applications.<\/li>\r\r\n  <li>Corrosion-resistant anodized finish protects against environmental factors, ensuring long-term durability and performance.<\/li>\r\r\n  <li>Lightweight yet strong, providing optimal heat management without adding unnecessary weight to devices.<\/li>\r\r\n  <li>Highly efficient design for improved cooling performance, enhancing the reliability and longevity of electronic components.<\/li>\r\r\n  <li>Cost-effective solution for high-performance cooling, reducing the need for additional cooling equipment or systems.<\/li>\r\r\n  <li>Versatile and easy to integrate into a wide range of applications, from consumer electronics to industrial machinery.<\/li>\r\r\n<\/ul>","product_chanpin_blog":"<ul>\r\r\n<li><a href=\"https:\/\/sinoextrud.com\/t-slot-v-slot-differences\/\" target=\"_blank\">t slot vs v slot<\/a><\/li>\r\r\n<li><a href=\"https:\/\/sinoextrud.com\/what-is-4040-aluminium-extrud\/\" target=\"_blank\">4040 aluminium extrusion<\/a><\/li>\r\r\n<li><a href=\"https:\/\/sinoextrud.com\/what-is-4040-aluminium-extrud\/\" target=\"_blank\">aluminum extrusions for industrial racks<\/a><\/li>\r\r\n<li><a href=\"https:\/\/sinoextrud.com\/powder-coating-aluminium-process\/\" target=\"_blank\">powder coating aluminium<\/a><\/li>\r\r\n<li><a href=\"https:\/\/sinoextrud.com\/what-is-an-aluminium-strip-ceiling\/\" target=\"_blank\">aluminium strip ceiling<\/a><\/li>\r\r\n<li><a href=\"https:\/\/sinoextrud.com\/what-is-a-heat-sink\/\" target=\"_blank\">what is a heat sink<\/a><\/li>\r\r\n<\/ul>","product_chanpin_chanpin":"<li><a href=\"https:\/\/sinoextrud.com\/product\/aluminum-extrusion-industry\/\" target=\"_blank\">Aluminum Extrusion Industry<\/a><\/li>\r\n<li><a href=\"https:\/\/sinoextrud.com\/product\/aluminum-extrusion-material-t-slot\/\" target=\"_blank\">Aluminum Extrusion Material T Slot<\/a><\/li>\r\n<li><a href=\"https:\/\/sinoextrud.com\/product\/aluminum-extrusion-plate\/\" target=\"_blank\">Aluminum Extrusion Plate<\/a><\/li>\r\n<li><a href=\"https:\/\/sinoextrud.com\/product\/aluminum-frame-for-solar-panel-and-light-box\/\" target=\"_blank\">Aluminum Frame For Solar Panel And Light-Box<\/a><\/li>\r\n<li><a href=\"https:\/\/sinoextrud.com\/product\/aluminum-heatsink-extrusion-profile\/\" target=\"_blank\">Aluminum Heatsink Extrusion Profile<\/a><\/li>\r\n<li><a href=\"https:\/\/sinoextrud.com\/product\/aluminum-light-box-extrusion\/\" target=\"_blank\">Aluminum Light Box Extrusion<\/a><\/li>\r\n<li><a href=\"https:\/\/sinoextrud.com\/product\/aluminum-profile-solar-panel-wide-width\/\" target=\"_blank\">Aluminum Profile Solar Panel Wide Width<\/a><\/li>\r\n<li><a href=\"https:\/\/sinoextrud.com\/product\/aluminum-profile-with-t-slot-flat\/\" target=\"_blank\">Aluminum Profile With T Slot Flat<\/a><\/li>\r\n<li><a href=\"https:\/\/sinoextrud.com\/product\/aluminum-t-extrusion\/\" target=\"_blank\">Aluminum T Extrusion<\/a><\/li>\r\n<li><a href=\"https:\/\/sinoextrud.com\/product\/aluminum-alloy-6061-h-beams-aluminum-for-medical-clean-room-aluminum-extrusion-t-slot-i-beams-profile-dust-free-frame\/\" target=\"_blank\">Aluminum Alloy 6061 H Beams Aluminum For Medical Clean Room Aluminum Extrusion T Slot I Beams Profile Dust-free Frame<\/a><\/li>\r\n<li><a href=\"https:\/\/sinoextrud.com\/product\/aluminium-extrusion-frameless-glass-railing-aluminum-profiles\/\" target=\"_blank\">Aluminium Extrusion Frameless Glass Railing Aluminum Profiles<\/a><\/li>"},"feature_list":[]},"_links":{"self":[{"href":"https:\/\/sinoextrud.com\/fr\/wp-json\/wp\/v2\/product\/8152","targetHints":{"allow":["GET"]}}],"collection":[{"href":"https:\/\/sinoextrud.com\/fr\/wp-json\/wp\/v2\/product"}],"about":[{"href":"https:\/\/sinoextrud.com\/fr\/wp-json\/wp\/v2\/types\/product"}],"wp:featuredmedia":[{"embeddable":true,"href":"https:\/\/sinoextrud.com\/fr\/wp-json\/wp\/v2\/media\/8151"}],"wp:attachment":[{"href":"https:\/\/sinoextrud.com\/fr\/wp-json\/wp\/v2\/media?parent=8152"}],"wp:term":[{"taxonomy":"category","embeddable":true,"href":"https:\/\/sinoextrud.com\/fr\/wp-json\/wp\/v2\/categories?post=8152"}],"curies":[{"name":"wp","href":"https:\/\/api.w.org\/{rel}","templated":true}]}}