{"id":8144,"date":"2025-06-13T02:43:50","date_gmt":"2025-06-13T02:43:50","guid":{"rendered":"https:\/\/sinoextrud.com\/product\/aluminum-extrusion-industry\/"},"modified":"2025-06-24T06:23:11","modified_gmt":"2025-06-24T06:23:11","slug":"industrie-de-lextrusion-de-laluminium","status":"publish","type":"product","link":"https:\/\/sinoextrud.com\/fr\/product\/aluminum-extrusion-industry\/","title":{"rendered":"Industrie de l'extrusion d'aluminium"},"content":{"rendered":"<h2>D\u00e9tails des produits<\/h2>\n<table class=\"custom-table\">\n<tbody>\n<tr>\n<td> Nom du produit<\/td>\n<td> Industrie de l'extrusion d'aluminium<\/td>\n<\/tr>\n<tr>\n<td> Mat\u00e9riau<\/td>\n<td> 6063, 6061, 6082, 6463, 6005, etc.<\/td>\n<\/tr>\n<tr>\n<td> Temp\u00e9rer<\/td>\n<td> T3-T8<\/td>\n<\/tr>\n<tr>\n<td> Forme<\/td>\n<td> Forme personnalis\u00e9e<\/td>\n<\/tr>\n<tr>\n<td> \u00c9paisseur<\/td>\n<td> 0,7mm-10mm, ou autre \u00e9paisseur sur mesure<\/td>\n<\/tr>\n<tr>\n<td> Couleur<\/td>\n<td> Selon les besoins du client<\/td>\n<\/tr>\n<tr>\n<td> Longueur<\/td>\n<td> 1-9M, autres longueurs n\u00e9gociables<\/td>\n<\/tr>\n<tr>\n<td> Utilisation<\/td>\n<td> L'industrie<\/td>\n<\/tr>\n<tr>\n<td> Marque d\u00e9pos\u00e9e<\/td>\n<td> Sinoextrud ou OEM<\/td>\n<\/tr>\n<tr>\n<td> Processus en profondeur<\/td>\n<td> Prise en charge du fraisage, du poin\u00e7onnage, du per\u00e7age, du taraudage et du cintrage CNC<\/td>\n<\/tr>\n<tr>\n<td> MOQ<\/td>\n<td> 200Kg en fonction de la surface finie<\/td>\n<\/tr>\n<tr>\n<td> Traitement de surface<\/td>\n<td> Finition en usine, grain de bois, anodisation, rev\u00eatement en poudre, \u00e9lectrophor\u00e8se, rev\u00eatement PVDF, bross\u00e9, etc.<\/td>\n<\/tr>\n<tr>\n<td> Certifications<\/td>\n<td> ISO9001, ISO4001, CQM, SGS, CE, BV, etc.<\/td>\n<\/tr>\n<tr>\n<td> Origine<\/td>\n<td> Guangdong, Chine<\/td>\n<\/tr>\n<\/tbody>\n<\/table>\n<h2>Notre base de production<\/h2>\n<h3>Panorama de l'usine<\/h3>\n<p><img decoding=\"async\" src=\"\/wp-content\/uploads\/factory-01.webp\"\/><\/p>\n<h3>Atelier de fabrication de barres d'aluminium<\/h3>\n<p><img decoding=\"async\" src=\"\/wp-content\/uploads\/factory-02.webp\"\/><\/p>\n<p><img decoding=\"async\" src=\"\/wp-content\/uploads\/factory-03.webp\"\/><\/p>\n<h3>Entrep\u00f4t de stockage des moules<\/h3>\n<p><img decoding=\"async\" src=\"\/wp-content\/uploads\/factory-04.webp\"\/><\/p>\n<h3>43 lignes d'extrusion d'aluminium (500 \u00e0 5500 tonnes)<\/h3>\n<p><img decoding=\"async\" src=\"\/wp-content\/uploads\/factory-05.webp\"\/><\/p>\n<p><img decoding=\"async\" src=\"\/wp-content\/uploads\/factory-06.webp\"\/><\/p>\n<p><img decoding=\"async\" src=\"\/wp-content\/uploads\/factory-07.webp\"\/><\/p>\n<h3>Atelier de peinture en poudre<\/h3>\n<p><img decoding=\"async\" src=\"\/wp-content\/uploads\/factory-09.webp\"\/><\/p>\n<h3>Atelier d'anodisation<\/h3>\n<p><img decoding=\"async\" src=\"\/wp-content\/uploads\/factory-10.webp\"\/><\/p>\n<h3>Atelier sur le traitement en profondeur<\/h3>\n<p><img decoding=\"async\" src=\"\/wp-content\/uploads\/factory-11.webp\"\/><\/p>\n<h3>Atelier d'usinage de pr\u00e9cision CNC<\/h3>\n<p><img decoding=\"async\" src=\"\/wp-content\/uploads\/factory-11.5.webp\"\/><\/p>\n<h3>Entrep\u00f4t de produits finis et d'exportation<\/h3>\n<p><img decoding=\"async\" src=\"\/wp-content\/uploads\/factory-12.webp\"\/><\/p>\n<p><img decoding=\"async\" src=\"\/wp-content\/uploads\/factory-13.webp\"\/><\/p>\n<p><img decoding=\"async\" src=\"\/wp-content\/uploads\/factory-14.webp\"\/><\/p>\n<h2>FAQ<\/h2>\n<p><p><b>1. \u00e0 quoi sert l'extrusion d'aluminium ?<\/b><\/p>\n<p>L'extrusion d'aluminium est utilis\u00e9e dans un large \u00e9ventail d'industries, notamment l'automobile, la construction et l'\u00e9lectronique, pour cr\u00e9er des profils et des formes sur mesure pour des applications structurelles et fonctionnelles.<br \/>\n<\/p><br \/>\n<br \/>\n<p><b>2) Pourquoi l'aluminium est-il le mat\u00e9riau pr\u00e9f\u00e9r\u00e9 pour l'extrusion ?<\/b><\/p>\n<p>L'aluminium est l\u00e9ger, solide et r\u00e9sistant \u00e0 la corrosion, ce qui en fait un choix id\u00e9al pour l'extrusion dans de nombreuses applications industrielles o\u00f9 la durabilit\u00e9 et la performance sont essentielles.<br \/>\n<\/p><br \/>\n<br \/>\n<p><b>3. l'extrusion d'aluminium peut-elle \u00eatre personnalis\u00e9e pour r\u00e9pondre aux besoins sp\u00e9cifiques d'un projet ?<\/b><\/p>\n<p>Oui, l'extrusion d'aluminium est hautement personnalisable, ce qui permet d'obtenir des profils, des formes et des tailles sur mesure pour r\u00e9pondre aux exigences sp\u00e9cifiques d'un projet.<br \/>\n<\/p><br \/>\n<br \/>\n<p><b>4.Comment l'industrie de l'extrusion d'aluminium b\u00e9n\u00e9ficie-t-elle des techniques de production avanc\u00e9es ?<\/b><\/p>\n<p>Les techniques de production avanc\u00e9es dans l'industrie de l'extrusion d'aluminium permettent des d\u00e9lais plus courts, une plus grande pr\u00e9cision et des \u00e9conomies de co\u00fbts, ce qui rend les commandes \u00e0 grande \u00e9chelle plus efficaces.<br \/>\n<\/p><br \/>\n<br \/>\n<p><b>5. l'extrusion d'aluminium est-elle r\u00e9sistante \u00e0 la corrosion ?<\/b><\/p>\n<p>Oui, l'aluminium est naturellement r\u00e9sistant \u00e0 la corrosion, ce qui le rend adapt\u00e9 aux applications int\u00e9rieures et ext\u00e9rieures dans diverses conditions environnementales.<br \/>\n<\/p><br \/>\n<br \/>\n<p><b>6) Quelles sont les industries qui utilisent couramment l'extrusion d'aluminium ?<\/b><\/p>\n<p>L'industrie de l'extrusion d'aluminium dessert divers secteurs, notamment l'automobile, la construction, l'a\u00e9rospatiale et l'\u00e9lectronique, en raison de sa polyvalence et de sa solidit\u00e9.<br \/>\n<\/p><br \/>\n<br \/>\n<p><b>7. Quelle est la dur\u00e9e de vie de l'extrusion d'aluminium dans les applications industrielles ?<\/b><\/p>\n<p>L'extrusion d'aluminium offre une excellente durabilit\u00e9 et des performances durables, en particulier dans les environnements o\u00f9 la r\u00e9sistance \u00e0 la corrosion et la solidit\u00e9 sont importantes.<br \/>\n<\/p><br \/><\/p>","protected":false},"featured_media":8143,"template":"","categories":[54],"class_list":["post-8144","product","type-product","status-publish","has-post-thumbnail","hentry","category-industrial-aluminum-profiles"],"meta_box":{"hilight_text_group":{"product_hilight_text":"<li>Aluminum Extrusion Industry provides high-strength, lightweight materials for a wide range of applications.<\/li>\r\r\n<li>Customizable profiles and shapes allow for tailored solutions for specific project requirements.<\/li>\r\r\n<li>Corrosion-resistant properties make aluminum extrusions ideal for both indoor and outdoor applications.<\/li>\r\r\n<li>Efficient production processes reduce lead times and improve cost-effectiveness for large orders.<\/li>\r\r\n<li>Versatile material suitable for industries including automotive, construction, and electronics.<\/li>","product_chanpin_blog":"<ul>\r\r\n<li><a href=\"https:\/\/sinoextrud.com\/t-slot-v-slot-differences\/\" target=\"_blank\">t slot vs v slot<\/a><\/li>\r\r\n<li><a href=\"https:\/\/sinoextrud.com\/what-is-4040-aluminium-extrud\/\" target=\"_blank\">4040 aluminium extrusion<\/a><\/li>\r\r\n<li><a href=\"https:\/\/sinoextrud.com\/what-is-4040-aluminium-extrud\/\" target=\"_blank\">aluminum extrusions for industrial racks<\/a><\/li>\r\r\n<li><a href=\"https:\/\/sinoextrud.com\/powder-coating-aluminium-process\/\" target=\"_blank\">powder coating aluminium<\/a><\/li>\r\r\n<li><a href=\"https:\/\/sinoextrud.com\/what-is-an-aluminium-strip-ceiling\/\" target=\"_blank\">aluminium strip ceiling<\/a><\/li>\r\r\n<li><a href=\"https:\/\/sinoextrud.com\/what-is-a-heat-sink\/\" target=\"_blank\">what is a heat sink<\/a><\/li>\r\r\n<\/ul>","product_chanpin_chanpin":"<li><a href=\"https:\/\/sinoextrud.com\/product\/aluminium-solar-panel-frame-profile\/\" target=\"_blank\">Aluminium Solar Panel Frame Profile<\/a><\/li>\r\n<li><a href=\"https:\/\/sinoextrud.com\/product\/aluminium-t-bar-extrusions\/\" target=\"_blank\">Aluminium T Bar Extrusions<\/a><\/li>\r\n<li><a href=\"https:\/\/sinoextrud.com\/product\/aluminium-transport-extrusions\/\" target=\"_blank\">Aluminium Transport Extrusions<\/a><\/li>\r\n<li><a href=\"https:\/\/sinoextrud.com\/product\/aluminum-extruded-enclosure-for-power-supply\/\" target=\"_blank\">Aluminum Extruded Enclosure For Power Supply<\/a><\/li>\r\n<li><a href=\"https:\/\/sinoextrud.com\/product\/aluminum-extrusion-industry\/\" target=\"_blank\">Aluminum Extrusion Industry<\/a><\/li>\r\n<li><a href=\"https:\/\/sinoextrud.com\/product\/aluminum-extrusion-material-t-slot\/\" target=\"_blank\">Aluminum Extrusion Material T Slot<\/a><\/li>\r\n<li><a href=\"https:\/\/sinoextrud.com\/product\/aluminum-extrusion-plate\/\" target=\"_blank\">Aluminum Extrusion Plate<\/a><\/li>\r\n<li><a href=\"https:\/\/sinoextrud.com\/product\/aluminum-frame-for-solar-panel-and-light-box\/\" target=\"_blank\">Aluminum Frame For Solar Panel And Light-Box<\/a><\/li>\r\n<li><a href=\"https:\/\/sinoextrud.com\/product\/aluminum-heatsink-extrusion-profile\/\" target=\"_blank\">Aluminum Heatsink Extrusion Profile<\/a><\/li>\r\n<li><a href=\"https:\/\/sinoextrud.com\/product\/bright-anodized-aluminum-profile\/\" target=\"_blank\">Bright Anodized Aluminum Profile<\/a><\/li>\r\n<li><a href=\"https:\/\/sinoextrud.com\/product\/aluminum-extrusion-high-strength-cnc-drilling-7003-aluminum-round-pipe\/\" target=\"_blank\">Aluminum Extrusion High-strength CNC Drilling 7003 Aluminum Round Pipe<\/a><\/li>"},"feature_list":[]},"_links":{"self":[{"href":"https:\/\/sinoextrud.com\/fr\/wp-json\/wp\/v2\/product\/8144","targetHints":{"allow":["GET"]}}],"collection":[{"href":"https:\/\/sinoextrud.com\/fr\/wp-json\/wp\/v2\/product"}],"about":[{"href":"https:\/\/sinoextrud.com\/fr\/wp-json\/wp\/v2\/types\/product"}],"wp:featuredmedia":[{"embeddable":true,"href":"https:\/\/sinoextrud.com\/fr\/wp-json\/wp\/v2\/media\/8143"}],"wp:attachment":[{"href":"https:\/\/sinoextrud.com\/fr\/wp-json\/wp\/v2\/media?parent=8144"}],"wp:term":[{"taxonomy":"category","embeddable":true,"href":"https:\/\/sinoextrud.com\/fr\/wp-json\/wp\/v2\/categories?post=8144"}],"curies":[{"name":"wp","href":"https:\/\/api.w.org\/{rel}","templated":true}]}}