{"id":8142,"date":"2025-06-13T02:42:02","date_gmt":"2025-06-13T02:42:02","guid":{"rendered":"https:\/\/sinoextrud.com\/product\/aluminum-extruded-enclosure-for-power-supply\/"},"modified":"2025-06-24T06:23:11","modified_gmt":"2025-06-24T06:23:11","slug":"boitier-en-aluminium-extrude-pour-lalimentation-electrique","status":"publish","type":"product","link":"https:\/\/sinoextrud.com\/fr\/product\/aluminum-extruded-enclosure-for-power-supply\/","title":{"rendered":"Bo\u00eetier en aluminium extrud\u00e9 pour alimentation \u00e9lectrique"},"content":{"rendered":"<h2>D\u00e9tails des produits<\/h2>\n<table class=\"custom-table\">\n<tr>\n<td class=\"label\">Article :<\/td>\n<td>Bo\u00eetier en aluminium extrud\u00e9 pour l'alimentation \u00e9lectrique<\/td>\n<\/tr>\n<tr>\n<td class=\"label\">Mat\u00e9riau :<\/td>\n<td>100% profil\u00e9 aluminium alliage :6063-T5,6061-T6,6463-T5,7075-T6,6082,5052,2024,7005,6013,7020 etc.<\/td>\n<\/tr>\n<tr>\n<td class=\"label\">Marque :<\/td>\n<td>Sinoextrud\/Sinoextrud<\/td>\n<\/tr>\n<tr>\n<td class=\"label\">Taille :<\/td>\n<td>Sur mesure<\/td>\n<\/tr>\n<tr>\n<td class=\"label\">Traitement de surface<\/td>\n<td>Anodisation, rev\u00eatement en poudre, finition en usine, etc.<\/td>\n<\/tr>\n<tr>\n<td class=\"label\">Couleurs :<\/td>\n<td>diff\u00e9rentes couleurs peuvent \u00eatre personnalis\u00e9es<\/td>\n<\/tr>\n<tr>\n<td class=\"label\">MOQ :<\/td>\n<td>200KG par profil\u00e9 (couleur)<\/td>\n<\/tr>\n<tr>\n<td class=\"label\">Service OEM<\/td>\n<td>sur la base de dessins ou d'\u00e9chantillons con\u00e7us par le client<\/td>\n<\/tr>\n<tr>\n<td class=\"label\">D\u00e9tails de l'emballage<\/td>\n<td>(1) A l'int\u00e9rieur : emball\u00e9 avec un film plastique de protection pour prot\u00e9ger chaque profil.<br \/>\n(2) Ext\u00e9rieur : emball\u00e9 dans du papier kraft imperm\u00e9able.<\/td>\n<\/tr>\n<tr>\n<td class=\"label\">D\u00e9lai de livraison :<\/td>\n<td>(1) D\u00e9veloppement de la matrice et test de l'\u00e9chantillon : 12-18 jours.<br \/>\n(2) D\u00e9lai de production : 25-30 jours apr\u00e8s confirmation de l'\u00e9chantillon par l'acheteur.<\/td>\n<\/tr>\n<tr>\n<td class=\"label\">Conditions de paiement :<\/td>\n<td>T\/T, 30% pour le d\u00e9p\u00f4t, le solde sera pay\u00e9 avant la livraison.<\/td>\n<\/tr>\n<tr>\n<td class=\"label\">D\u00e9lai de r\u00e8glement :<\/td>\n<td>Le paiement final est bas\u00e9 sur le poids r\u00e9el final du chargement.<\/td>\n<\/tr>\n<tr>\n<td class=\"label\">Capacit\u00e9 de production :<\/td>\n<td>7500 tonnes m\u00e9triques\/mois<\/td>\n<\/tr>\n<tr>\n<td class=\"label\">Garantie de production<\/td>\n<td>La couleur de la surface peut \u00eatre maintenue pendant 10 \u00e0 20 ans pour une utilisation \u00e0 l'int\u00e9rieur.<\/td>\n<\/tr>\n<tr>\n<td class=\"label\">Port :<\/td>\n<td>FOB Foshan<\/td>\n<\/tr>\n<\/table>\n<h2>Notre base de production<\/h2>\n<h3>Panorama de l'usine<\/h3>\n<p><img decoding=\"async\" src=\"\/wp-content\/uploads\/factory-01.webp\"\/><\/p>\n<h3>Atelier de fabrication de barres d'aluminium<\/h3>\n<p><img decoding=\"async\" src=\"\/wp-content\/uploads\/factory-02.webp\"\/><\/p>\n<\/p>\n<p><img decoding=\"async\" src=\"\/wp-content\/uploads\/factory-03.webp\"\/><\/p>\n<h3>Entrep\u00f4t de stockage des moules<\/h3>\n<p><img decoding=\"async\" src=\"\/wp-content\/uploads\/factory-04.webp\"\/><\/p>\n<h3>43 lignes d'extrusion d'aluminium (500 \u00e0 5500 tonnes)<\/h3>\n<p><img decoding=\"async\" src=\"\/wp-content\/uploads\/factory-05.webp\"\/><\/p>\n<p><img decoding=\"async\" src=\"\/wp-content\/uploads\/factory-06.webp\"\/><\/p>\n<p><img decoding=\"async\" src=\"\/wp-content\/uploads\/factory-07.webp\"\/><\/p>\n<h3>Atelier de peinture en poudre<\/h3>\n<p><img decoding=\"async\" src=\"\/wp-content\/uploads\/factory-09.webp\"\/><\/p>\n<h3>Atelier d'anodisation<\/h3>\n<p><img decoding=\"async\" src=\"\/wp-content\/uploads\/factory-10.webp\"\/><\/p>\n<h3>Atelier sur le traitement en profondeur<\/h3>\n<p><img decoding=\"async\" src=\"\/wp-content\/uploads\/factory-11.webp\"\/><\/p>\n<h3>Atelier d'usinage de pr\u00e9cision CNC<\/h3>\n<p><img decoding=\"async\" src=\"\/wp-content\/uploads\/factory-11.5.webp\"\/><\/p>\n<h3>Entrep\u00f4t de produits finis et d'exportation<\/h3>\n<p><img decoding=\"async\" src=\"\/wp-content\/uploads\/factory-12.webp\"\/><\/p>\n<p><img decoding=\"async\" src=\"\/wp-content\/uploads\/factory-13.webp\"\/><\/p>\n<p><img decoding=\"async\" src=\"\/wp-content\/uploads\/factory-14.webp\"\/><\/p>\n<h2>FAQ<\/h2>\n<p><b>1) Quels sont les principaux avantages du bo\u00eetier en aluminium extrud\u00e9 pour l'alimentation \u00e9lectrique ?<\/b><\/p>\n<p>Le bo\u00eetier en aluminium extrud\u00e9 pour alimentation \u00e9lectrique offre une durabilit\u00e9, une dissipation thermique efficace, une r\u00e9sistance \u00e0 la corrosion et une flexibilit\u00e9 pour diverses applications d'alimentation \u00e9lectrique.\n<\/p>\n<p><\/p>\n<p><b>2) Comment la construction en aluminium contribue-t-elle \u00e0 l'alimentation \u00e9lectrique ?<\/b><\/p>\n<p>La construction en aluminium durable garantit la solidit\u00e9 et la l\u00e9g\u00e8ret\u00e9 du bo\u00eetier tout en prot\u00e9geant l'alimentation contre les dommages.\n<\/p>\n<p><\/p>\n<p><b>3. quelle est la capacit\u00e9 de dissipation thermique de l'enceinte ?<\/b><\/p>\n<p>Le bo\u00eetier est dot\u00e9 d'une conception efficace qui permet une excellente dissipation de la chaleur, \u00e9vitant ainsi la surchauffe et garantissant des performances stables de l'alimentation.\n<\/p>\n<p><\/p>\n<p><b>4. le bo\u00eetier en aluminium extrud\u00e9 est-il adapt\u00e9 \u00e0 une utilisation en ext\u00e9rieur ?<\/b><\/p>\n<p>En effet, sa surface r\u00e9sistante \u00e0 la corrosion le rend id\u00e9al pour une utilisation \u00e0 l'int\u00e9rieur comme \u00e0 l'ext\u00e9rieur, offrant une protection fiable dans les environnements difficiles.\n<\/p>\n<p><\/p>\n<p><b>5. le design du bo\u00eetier en aluminium extrud\u00e9 peut-il \u00eatre personnalis\u00e9 ?<\/b><\/p>\n<p>Oui, la conception compacte et personnalisable permet d'adapter le bo\u00eetier \u00e0 diff\u00e9rentes applications d'alimentation \u00e9lectrique.\n<\/p>\n<p><\/p>\n<p><b>6. dans quelle mesure le bo\u00eetier en aluminium extrud\u00e9 est-il respectueux de l'environnement ?<\/b><\/p>\n<p>Il est fabriqu\u00e9 en aluminium recyclable, ce qui r\u00e9duit les d\u00e9chets et offre une solution respectueuse de l'environnement pour les bo\u00eetiers d'alimentation.\n<\/p>\n<p><\/p>\n<p><b>7) Comment le bo\u00eetier en aluminium extrud\u00e9 am\u00e9liore-t-il les performances de l'alimentation ?<\/b><\/p>\n<p>En assurant une dissipation efficace de la chaleur et une protection contre les facteurs environnementaux, il garantit un fonctionnement fiable et optimal de l'alimentation pendant une p\u00e9riode plus longue.\n<\/p>\n<p><\/p>","protected":false},"featured_media":8141,"template":"","categories":[54],"class_list":["post-8142","product","type-product","status-publish","has-post-thumbnail","hentry","category-industrial-aluminum-profiles"],"meta_box":{"hilight_text_group":{"product_hilight_text":"<li>Durable and lightweight aluminum construction, ensuring strength and easy handling.<\/li>\r\r\n<li>Efficient heat dissipation, preventing overheating and ensuring stable performance for power supplies.<\/li>\r\r\n<li>Corrosion-resistant surface, providing long-term protection and reliability in various environments.<\/li>\r\r\n<li>Compact and customizable design, offering flexibility for different power supply applications.<\/li>\r\r\n<li>Cost-effective and environmentally friendly, with a recyclable aluminum material that reduces waste.<\/li>","product_chanpin_blog":"<ul>\r\r\n<li><a href=\"https:\/\/sinoextrud.com\/t-slot-v-slot-differences\/\" target=\"_blank\">t slot vs v slot<\/a><\/li>\r\r\n<li><a href=\"https:\/\/sinoextrud.com\/what-is-4040-aluminium-extrud\/\" target=\"_blank\">4040 aluminium extrusion<\/a><\/li>\r\r\n<li><a href=\"https:\/\/sinoextrud.com\/what-is-4040-aluminium-extrud\/\" target=\"_blank\">aluminum extrusions for industrial racks<\/a><\/li>\r\r\n<li><a href=\"https:\/\/sinoextrud.com\/powder-coating-aluminium-process\/\" target=\"_blank\">powder coating aluminium<\/a><\/li>\r\r\n<li><a href=\"https:\/\/sinoextrud.com\/what-is-an-aluminium-strip-ceiling\/\" target=\"_blank\">aluminium strip ceiling<\/a><\/li>\r\r\n<li><a href=\"https:\/\/sinoextrud.com\/what-is-a-heat-sink\/\" target=\"_blank\">what is a heat sink<\/a><\/li>\r\r\n<\/ul>","product_chanpin_chanpin":"<li><a href=\"https:\/\/sinoextrud.com\/product\/aluminium-slotted-channel\/\" target=\"_blank\">Aluminium Slotted Channel<\/a><\/li>\r\n<li><a href=\"https:\/\/sinoextrud.com\/product\/aluminium-solar-panel-frame-profile\/\" target=\"_blank\">Aluminium Solar Panel Frame Profile<\/a><\/li>\r\n<li><a href=\"https:\/\/sinoextrud.com\/product\/aluminium-t-bar-extrusions\/\" target=\"_blank\">Aluminium T Bar Extrusions<\/a><\/li>\r\n<li><a href=\"https:\/\/sinoextrud.com\/product\/aluminium-transport-extrusions\/\" target=\"_blank\">Aluminium Transport Extrusions<\/a><\/li>\r\n<li><a href=\"https:\/\/sinoextrud.com\/product\/aluminum-extruded-enclosure-for-power-supply\/\" target=\"_blank\">Aluminum Extruded Enclosure For Power Supply<\/a><\/li>\r\n<li><a href=\"https:\/\/sinoextrud.com\/product\/aluminum-extrusion-industry\/\" target=\"_blank\">Aluminum Extrusion Industry<\/a><\/li>\r\n<li><a href=\"https:\/\/sinoextrud.com\/product\/aluminum-extrusion-material-t-slot\/\" target=\"_blank\">Aluminum Extrusion Material T Slot<\/a><\/li>\r\n<li><a href=\"https:\/\/sinoextrud.com\/product\/aluminum-extrusion-plate\/\" target=\"_blank\">Aluminum Extrusion Plate<\/a><\/li>\r\n<li><a href=\"https:\/\/sinoextrud.com\/product\/aluminum-frame-for-solar-panel-and-light-box\/\" target=\"_blank\">Aluminum Frame For Solar Panel And Light-Box<\/a><\/li>\r\n<li><a href=\"https:\/\/sinoextrud.com\/product\/powder-coated-aluminum-tube\/\" target=\"_blank\">Powder Coated Aluminum Tube<\/a><\/li>\r\n<li><a href=\"https:\/\/sinoextrud.com\/product\/aluminum-triangle-tube-profile\/\" target=\"_blank\">Aluminum Triangle Tube Profile<\/a><\/li>"},"feature_list":[]},"_links":{"self":[{"href":"https:\/\/sinoextrud.com\/fr\/wp-json\/wp\/v2\/product\/8142","targetHints":{"allow":["GET"]}}],"collection":[{"href":"https:\/\/sinoextrud.com\/fr\/wp-json\/wp\/v2\/product"}],"about":[{"href":"https:\/\/sinoextrud.com\/fr\/wp-json\/wp\/v2\/types\/product"}],"wp:featuredmedia":[{"embeddable":true,"href":"https:\/\/sinoextrud.com\/fr\/wp-json\/wp\/v2\/media\/8141"}],"wp:attachment":[{"href":"https:\/\/sinoextrud.com\/fr\/wp-json\/wp\/v2\/media?parent=8142"}],"wp:term":[{"taxonomy":"category","embeddable":true,"href":"https:\/\/sinoextrud.com\/fr\/wp-json\/wp\/v2\/categories?post=8142"}],"curies":[{"name":"wp","href":"https:\/\/api.w.org\/{rel}","templated":true}]}}