{"id":8138,"date":"2025-06-13T02:38:30","date_gmt":"2025-06-13T02:38:30","guid":{"rendered":"https:\/\/sinoextrud.com\/product\/aluminium-t-bar-extrusions\/"},"modified":"2025-06-24T06:23:09","modified_gmt":"2025-06-24T06:23:09","slug":"extrusions-de-barres-en-t-en-aluminium","status":"publish","type":"product","link":"https:\/\/sinoextrud.com\/fr\/product\/aluminium-t-bar-extrusions\/","title":{"rendered":"Extrusions de barres en T en aluminium"},"content":{"rendered":"<h2>D\u00e9tails des produits<\/h2>\n<table class=\"custom-table\">\n<tr>\n<td class=\"label\">Mod\u00e8le NO :<\/td>\n<td> S\u00e9rie 6000<\/td>\n<\/tr>\n<tr>\n<td class=\"label\">Finition de la surface :<\/td>\n<td> Pulv\u00e9risation de poudre<\/td>\n<\/tr>\n<tr>\n<td class=\"label\">Ingr\u00e9dient d'alliage :<\/td>\n<td> 6063<\/td>\n<\/tr>\n<tr>\n<td class=\"label\">Certification :<\/td>\n<td> CE, SONCAP, ISO, CIQ, RoHS, TUV<\/td>\n<\/tr>\n<tr>\n<td class=\"label\">Aluminium poli Profil :<\/td>\n<td> Polissage m\u00e9canique<\/td>\n<\/tr>\n<tr>\n<td class=\"label\">Mat\u00e9riau :<\/td>\n<td> 6063-T5, 6061-T6, 6463-T5, 7075-T6, 6082<\/td>\n<\/tr>\n<tr>\n<td class=\"label\">Objet :<\/td>\n<td> Meubles, fen\u00eatres et portes, d\u00e9corations, industrie<\/td>\n<\/tr>\n<tr>\n<td class=\"label\">MOQ :<\/td>\n<td> 200KG pour chaque profil<\/td>\n<\/tr>\n<tr>\n<td class=\"label\">Service OEM :<\/td>\n<td> Sur la base de dessins ou d'\u00e9chantillons con\u00e7us par le client<\/td>\n<\/tr>\n<tr>\n<td class=\"label\">Traitement de surface :<\/td>\n<td> Anodisation \/ \u00e9lectrophor\u00e8se \/ rev\u00eatement par poudre, etc.<\/td>\n<\/tr>\n<tr>\n<td class=\"label\">Traitement en profondeur :<\/td>\n<td> Poin\u00e7onnage, per\u00e7age, taraudage, cintrage<\/td>\n<\/tr>\n<tr>\n<td class=\"label\">D\u00e9lai de livraison :<\/td>\n<td> 25-30 jours apr\u00e8s confirmation de l'\u00e9chantillon par l'acheteur<\/td>\n<\/tr>\n<tr>\n<td class=\"label\">Dur\u00e9e du r\u00e8glement :<\/td>\n<td> Le paiement final sera bas\u00e9 sur le prix r\u00e9el final.<\/td>\n<\/tr>\n<tr>\n<td class=\"label\">Garantie de production :<\/td>\n<td> La couleur de la surface peut \u00eatre maintenue pendant 10 \u00e0 20 ans F<\/td>\n<\/tr>\n<tr>\n<td class=\"label\">Port :<\/td>\n<td> Fob Shenzhen, Guangzhou, Foshan<\/td>\n<\/tr>\n<tr>\n<td class=\"label\">Marque d\u00e9pos\u00e9e :<\/td>\n<td> Sinoextrud &amp; Sinoextrud<\/td>\n<\/tr>\n<tr>\n<td class=\"label\">Paquet de transport :<\/td>\n<td> Normal ou personnalis\u00e9<\/td>\n<\/tr>\n<tr>\n<td class=\"label\">Sp\u00e9cification :<\/td>\n<td> Selon les besoins du client<\/td>\n<\/tr>\n<tr>\n<td class=\"label\">Origine :<\/td>\n<td> Chine continentale<\/td>\n<\/tr>\n<tr>\n<td class=\"label\">Code HS :<\/td>\n<td> 76042100<\/td>\n<\/tr>\n<\/table>\n<h2>Notre base de production<\/h2>\n<h3>Panorama de l'usine<\/h3>\n<p><img decoding=\"async\" src=\"\/wp-content\/uploads\/factory-01.webp\"\/><\/p>\n<h3>Atelier de fabrication de barres d'aluminium<\/h3>\n<p><img decoding=\"async\" src=\"\/wp-content\/uploads\/factory-02.webp\"\/><\/p>\n<p><img decoding=\"async\" src=\"\/wp-content\/uploads\/factory-03.webp\"\/><\/p>\n<h3>Entrep\u00f4t de stockage des moules<\/h3>\n<p><img decoding=\"async\" src=\"\/wp-content\/uploads\/factory-04.webp\"\/><\/p>\n<h3>43 lignes d'extrusion d'aluminium (500 \u00e0 5500 tonnes)<\/h3>\n<p><img decoding=\"async\" src=\"\/wp-content\/uploads\/factory-05.webp\"\/><\/p>\n<p><img decoding=\"async\" src=\"\/wp-content\/uploads\/factory-06.webp\"\/><\/p>\n<p><img decoding=\"async\" src=\"\/wp-content\/uploads\/factory-07.webp\"\/><\/p>\n<h3>Atelier de peinture en poudre<\/h3>\n<p><img decoding=\"async\" src=\"\/wp-content\/uploads\/factory-09.webp\"\/><\/p>\n<h3>Atelier d'anodisation<\/h3>\n<p><img decoding=\"async\" src=\"\/wp-content\/uploads\/factory-10.webp\"\/><\/p>\n<h3>Atelier sur le traitement en profondeur<\/h3>\n<p><img decoding=\"async\" src=\"\/wp-content\/uploads\/factory-11.webp\"\/><\/p>\n<h3>Atelier d'usinage de pr\u00e9cision CNC<\/h3>\n<p><img decoding=\"async\" src=\"\/wp-content\/uploads\/factory-11.5.webp\"\/><\/p>\n<h3>Entrep\u00f4t de produits finis et d'exportation<\/h3>\n<p><img decoding=\"async\" src=\"\/wp-content\/uploads\/factory-12.webp\"\/><\/p>\n<p><img decoding=\"async\" src=\"\/wp-content\/uploads\/factory-13.webp\"\/><\/p>\n<p><img decoding=\"async\" src=\"\/wp-content\/uploads\/factory-14.webp\"\/><\/p>\n<h2>FAQ<\/h2>\n<p><p><b>1) Quels sont les principaux avantages des extrusions de barres en T en aluminium ?<\/b><\/p>\n<p>Les profil\u00e9s en T en aluminium offrent un excellent soutien structurel, sont l\u00e9gers, r\u00e9sistants \u00e0 la corrosion et personnalisables, ce qui les rend id\u00e9aux pour diverses applications industrielles et d'encadrement.<br \/>\n<\/p><br \/>\n<br \/>\n<p><b>2. en quoi la conception de la barre en T am\u00e9liore-t-elle le soutien structurel ?<\/b><\/p>\n<p>La conception de la barre en T offre une r\u00e9sistance et une stabilit\u00e9 sup\u00e9rieures, fournissant un support fiable pour diverses structures et syst\u00e8mes dans diff\u00e9rents secteurs.<br \/>\n<\/p><br \/>\n<br \/>\n<p><b>3) Quel est le mat\u00e9riau utilis\u00e9 pour les extrusions de barres en T en aluminium ?<\/b><\/p>\n<p>Ils sont fabriqu\u00e9s en aluminium de haute qualit\u00e9, ce qui garantit leur durabilit\u00e9, leur l\u00e9g\u00e8ret\u00e9 et leur r\u00e9sistance \u00e0 la corrosion pour des performances durables.<br \/>\n<\/p><br \/>\n<br \/>\n<p><b>4) Les extrusions de barres en T en aluminium peuvent-elles \u00eatre personnalis\u00e9es pour des projets sp\u00e9cifiques ?<\/b><\/p>\n<p>Oui, ils offrent des options personnalisables pour r\u00e9pondre \u00e0 des exigences sp\u00e9cifiques en mati\u00e8re de conception et de portance, ce qui les rend adaptables \u00e0 une grande vari\u00e9t\u00e9 d'applications.<br \/>\n<\/p><br \/>\n<br \/>\n<p><b>5. Quelle est la r\u00e9sistance \u00e0 la corrosion des extrusions de barres en T en aluminium ?<\/b><\/p>\n<p>L'aluminium utilis\u00e9 est tr\u00e8s r\u00e9sistant \u00e0 la corrosion, ce qui garantit que les barres en T conservent leur solidit\u00e9 et leur aspect, m\u00eame dans des environnements difficiles.<br \/>\n<\/p><br \/>\n<br \/>\n<p><b>6) Quelles sont les industries qui utilisent les barres en T extrud\u00e9es en aluminium ?<\/b><\/p>\n<p>Ils sont couramment utilis\u00e9s dans les secteurs de la construction, de la fabrication, de l'automatisation et dans d'autres industries n\u00e9cessitant des \u00e9l\u00e9ments de charpente solides, l\u00e9gers et adaptables.<br \/>\n<\/p><br \/>\n<br \/>\n<p><b>7. Quel est le rapport co\u00fbt-efficacit\u00e9 des extrusions de barres en T en aluminium ?<\/b><\/p>\n<p>Ils constituent une solution rentable en raison de leur facilit\u00e9 de manipulation, de leur simplicit\u00e9 d'assemblage et de leur durabilit\u00e9, ce qui permet de r\u00e9duire les co\u00fbts globaux du projet et le temps d'installation.<br \/>\n<\/p><br \/><\/p>","protected":false},"featured_media":8137,"template":"","categories":[54],"class_list":["post-8138","product","type-product","status-publish","has-post-thumbnail","hentry","category-industrial-aluminum-profiles"],"meta_box":{"hilight_text_group":{"product_hilight_text":"<li>Strong and durable T-bar design, providing excellent structural support and stability for various applications.<\/li>\r\r\n<li>Lightweight aluminum material, making it easy to handle and install while maintaining high strength.<\/li>\r\r\n<li>Corrosion-resistant, ensuring long-lasting performance in both indoor and outdoor environments.<\/li>\r\r\n<li>Versatile and customizable, suitable for a wide range of industrial, construction, and framing needs.<\/li>\r\r\n<li>Cost-effective solution, reducing the need for additional hardware and providing easy assembly options.<\/li>","product_chanpin_blog":"<ul>\r\r\n<li><a href=\"https:\/\/sinoextrud.com\/t-slot-v-slot-differences\/\" target=\"_blank\">t slot vs v slot<\/a><\/li>\r\r\n<li><a href=\"https:\/\/sinoextrud.com\/what-is-4040-aluminium-extrud\/\" target=\"_blank\">4040 aluminium extrusion<\/a><\/li>\r\r\n<li><a href=\"https:\/\/sinoextrud.com\/what-is-4040-aluminium-extrud\/\" target=\"_blank\">aluminum extrusions for industrial racks<\/a><\/li>\r\r\n<li><a href=\"https:\/\/sinoextrud.com\/powder-coating-aluminium-process\/\" target=\"_blank\">powder coating aluminium<\/a><\/li>\r\r\n<li><a href=\"https:\/\/sinoextrud.com\/what-is-an-aluminium-strip-ceiling\/\" target=\"_blank\">aluminium strip ceiling<\/a><\/li>\r\r\n<li><a href=\"https:\/\/sinoextrud.com\/what-is-a-heat-sink\/\" target=\"_blank\">what is a heat sink<\/a><\/li>\r\r\n<\/ul>","product_chanpin_chanpin":"<li><a href=\"https:\/\/sinoextrud.com\/product\/aluminium-profiles-and-accessories\/\" target=\"_blank\">Aluminium Profiles And Accessories<\/a><\/li>\r\n<li><a href=\"https:\/\/sinoextrud.com\/product\/aluminium-sections-for-glazing\/\" target=\"_blank\">Aluminium Sections For Glazing<\/a><\/li>\r\n<li><a href=\"https:\/\/sinoextrud.com\/product\/aluminium-slotted-channel\/\" target=\"_blank\">Aluminium Slotted Channel<\/a><\/li>\r\n<li><a href=\"https:\/\/sinoextrud.com\/product\/aluminium-solar-panel-frame-profile\/\" target=\"_blank\">Aluminium Solar Panel Frame Profile<\/a><\/li>\r\n<li><a href=\"https:\/\/sinoextrud.com\/product\/aluminium-t-bar-extrusions\/\" target=\"_blank\">Aluminium T Bar Extrusions<\/a><\/li>\r\n<li><a href=\"https:\/\/sinoextrud.com\/product\/aluminium-transport-extrusions\/\" target=\"_blank\">Aluminium Transport Extrusions<\/a><\/li>\r\n<li><a href=\"https:\/\/sinoextrud.com\/product\/aluminum-extruded-enclosure-for-power-supply\/\" target=\"_blank\">Aluminum Extruded Enclosure For Power Supply<\/a><\/li>\r\n<li><a href=\"https:\/\/sinoextrud.com\/product\/aluminum-extrusion-industry\/\" target=\"_blank\">Aluminum Extrusion Industry<\/a><\/li>\r\n<li><a href=\"https:\/\/sinoextrud.com\/product\/aluminum-extrusion-material-t-slot\/\" target=\"_blank\">Aluminum Extrusion Material T Slot<\/a><\/li>\r\n<li><a href=\"https:\/\/sinoextrud.com\/product\/cnc-machining-aluminum-profiles\/\" target=\"_blank\">CNC Machining Aluminum Profiles<\/a><\/li>\r\n<li><a href=\"https:\/\/sinoextrud.com\/product\/t-track-aluminium-extrusion-industrial-usage\/\" target=\"_blank\">T Track Aluminium Extrusion Industrial Usage<\/a><\/li>"},"feature_list":[]},"_links":{"self":[{"href":"https:\/\/sinoextrud.com\/fr\/wp-json\/wp\/v2\/product\/8138","targetHints":{"allow":["GET"]}}],"collection":[{"href":"https:\/\/sinoextrud.com\/fr\/wp-json\/wp\/v2\/product"}],"about":[{"href":"https:\/\/sinoextrud.com\/fr\/wp-json\/wp\/v2\/types\/product"}],"wp:featuredmedia":[{"embeddable":true,"href":"https:\/\/sinoextrud.com\/fr\/wp-json\/wp\/v2\/media\/8137"}],"wp:attachment":[{"href":"https:\/\/sinoextrud.com\/fr\/wp-json\/wp\/v2\/media?parent=8138"}],"wp:term":[{"taxonomy":"category","embeddable":true,"href":"https:\/\/sinoextrud.com\/fr\/wp-json\/wp\/v2\/categories?post=8138"}],"curies":[{"name":"wp","href":"https:\/\/api.w.org\/{rel}","templated":true}]}}