{"id":8132,"date":"2025-06-13T02:30:07","date_gmt":"2025-06-13T02:30:07","guid":{"rendered":"https:\/\/sinoextrud.com\/product\/aluminium-sections-for-glazing\/"},"modified":"2025-06-24T06:23:09","modified_gmt":"2025-06-24T06:23:09","slug":"profiles-en-aluminium-pour-le-vitrage","status":"publish","type":"product","link":"https:\/\/sinoextrud.com\/fr\/product\/aluminium-sections-for-glazing\/","title":{"rendered":"Profil\u00e9s en aluminium pour vitrage"},"content":{"rendered":"<h2>D\u00e9tails des produits<\/h2>\n<table class=\"custom-table\">\n<tr>\n<td class=\"label\">Mod\u00e8le d'article.. :<\/td>\n<td> Profil\u00e9s en aluminium pour vitrage<\/td>\n<\/tr>\n<tr>\n<td class=\"label\">Finition de la surface :<\/td>\n<td> Pulv\u00e9risation de poudre<\/td>\n<\/tr>\n<tr>\n<td class=\"label\">Ingr\u00e9dient d'alliage :<\/td>\n<td> 6063<\/td>\n<\/tr>\n<tr>\n<td class=\"label\">Certification :<\/td>\n<td> CE, SONCAP, ISO, CIQ, RoHS, TUV<\/td>\n<\/tr>\n<tr>\n<td class=\"label\">Aluminium poli Profil :<\/td>\n<td> Polissage m\u00e9canique<\/td>\n<\/tr>\n<tr>\n<td class=\"label\">Mat\u00e9riau :<\/td>\n<td> 6063-T5, 6061-T6, 6463-T5, 7075-T6, 6082<\/td>\n<\/tr>\n<tr>\n<td class=\"label\">Objet :<\/td>\n<td> Meubles, fen\u00eatres et portes, d\u00e9corations, industrie<\/td>\n<\/tr>\n<tr>\n<td class=\"label\">MOQ :<\/td>\n<td> 200KG pour chaque profil<\/td>\n<\/tr>\n<tr>\n<td class=\"label\">Service OEM :<\/td>\n<td> Sur la base de dessins ou d'\u00e9chantillons con\u00e7us par le client<\/td>\n<\/tr>\n<tr>\n<td class=\"label\">Traitement de surface :<\/td>\n<td> Anodisation \/ \u00e9lectrophor\u00e8se \/ rev\u00eatement par poudre, etc.<\/td>\n<\/tr>\n<tr>\n<td class=\"label\">Traitement en profondeur :<\/td>\n<td> Poin\u00e7onnage, per\u00e7age, taraudage, cintrage<\/td>\n<\/tr>\n<tr>\n<td class=\"label\">D\u00e9lai de livraison :<\/td>\n<td> 25-30 jours apr\u00e8s confirmation de l'\u00e9chantillon par l'acheteur<\/td>\n<\/tr>\n<tr>\n<td class=\"label\">Dur\u00e9e du r\u00e8glement :<\/td>\n<td> Le paiement final sera bas\u00e9 sur le prix r\u00e9el final.<\/td>\n<\/tr>\n<tr>\n<td class=\"label\">Garantie de production :<\/td>\n<td> La couleur de la surface peut \u00eatre maintenue pendant 10 \u00e0 20 ans F<\/td>\n<\/tr>\n<tr>\n<td class=\"label\">Port :<\/td>\n<td> Fob Shenzhen, Guangzhou, Foshan<\/td>\n<\/tr>\n<tr>\n<td class=\"label\">Marque d\u00e9pos\u00e9e :<\/td>\n<td> Sinoextrud &amp; Sinoextrud<\/td>\n<\/tr>\n<tr>\n<td class=\"label\">Paquet de transport :<\/td>\n<td> Normal ou personnalis\u00e9<\/td>\n<\/tr>\n<tr>\n<td class=\"label\">Sp\u00e9cification :<\/td>\n<td> Selon les besoins du client<\/td>\n<\/tr>\n<tr>\n<td class=\"label\">Origine :<\/td>\n<td> Chine continentale<\/td>\n<\/tr>\n<tr>\n<td class=\"label\">Code HS :<\/td>\n<td> 76042100\n<\/td>\n<\/tr>\n<\/table>\n<h2>Notre base de production<\/h2>\n<h3>Panorama de l'usine<\/h3>\n<p><img decoding=\"async\" src=\"\/wp-content\/uploads\/factory-01.webp\"\/><\/p>\n<h3>Atelier de fabrication de barres d'aluminium<\/h3>\n<p><img decoding=\"async\" src=\"\/wp-content\/uploads\/factory-02.webp\"\/><\/p>\n<p><img decoding=\"async\" src=\"\/wp-content\/uploads\/factory-03.webp\"\/><\/p>\n<h3>Entrep\u00f4t de stockage des moules<\/h3>\n<p><img decoding=\"async\" src=\"\/wp-content\/uploads\/factory-04.webp\"\/><\/p>\n<h3>43 lignes d'extrusion d'aluminium (500 \u00e0 5500 tonnes)<\/h3>\n<p><img decoding=\"async\" src=\"\/wp-content\/uploads\/factory-05.webp\"\/><\/p>\n<p><img decoding=\"async\" src=\"\/wp-content\/uploads\/factory-06.webp\"\/><\/p>\n<p><img decoding=\"async\" src=\"\/wp-content\/uploads\/factory-07.webp\"\/><\/p>\n<h3>Atelier de peinture en poudre<\/h3>\n<p><img decoding=\"async\" src=\"\/wp-content\/uploads\/factory-09.webp\"\/><\/p>\n<h3>Atelier d'anodisation<\/h3>\n<p><img decoding=\"async\" src=\"\/wp-content\/uploads\/factory-10.webp\"\/><\/p>\n<h3>Atelier sur le traitement en profondeur<\/h3>\n<p><img decoding=\"async\" src=\"\/wp-content\/uploads\/factory-11.webp\"\/><\/p>\n<h3>Atelier d'usinage de pr\u00e9cision CNC<\/h3>\n<p><img decoding=\"async\" src=\"\/wp-content\/uploads\/factory-11.5.webp\"\/><\/p>\n<h3>Entrep\u00f4t de produits finis et d'exportation<\/h3>\n<p><img decoding=\"async\" src=\"\/wp-content\/uploads\/factory-12.webp\"\/><\/p>\n<p><img decoding=\"async\" src=\"\/wp-content\/uploads\/factory-13.webp\"\/><\/p>\n<p><img decoding=\"async\" src=\"\/wp-content\/uploads\/factory-14.webp\"\/><\/p>\n<h2>FAQ<\/h2>\n<p><p><b>1) Qu'est-ce qui fait que les profil\u00e9s en aluminium pour vitrage conviennent aux applications de vitrage ? <\/b><\/p>\n<p> Les profil\u00e9s en aluminium pour le vitrage offrent un support solide et s\u00fbr et renforcent l'int\u00e9grit\u00e9 structurelle des syst\u00e8mes de vitrage, ce qui les rend id\u00e9aux pour les applications de fen\u00eatres, de murs-rideaux et de fa\u00e7ades.<br \/>\n<\/p><br \/>\n<br \/>\n<p><b>2. Les profil\u00e9s en aluminium pour vitrage peuvent-ils \u00eatre personnalis\u00e9s ? <\/b><\/p>\n<p> Oui, ces sections peuvent \u00eatre personnalis\u00e9es en termes de taille, de conception et de finition pour r\u00e9pondre aux besoins sp\u00e9cifiques de divers projets de vitrage.<br \/>\n<\/p><br \/>\n<br \/>\n<p><b>3. Quelle est la durabilit\u00e9 des profil\u00e9s en aluminium pour vitrage ? <\/b><\/p>\n<p> Les sections en aluminium sont r\u00e9sistantes \u00e0 la corrosion et con\u00e7ues pour r\u00e9sister \u00e0 diverses conditions environnementales, garantissant ainsi une durabilit\u00e9 et des performances durables.<br \/>\n<\/p><br \/>\n<br \/>\n<p><b>4) Quelles sont les industries qui b\u00e9n\u00e9ficient de l'utilisation de profil\u00e9s en aluminium pour le vitrage ? <\/b><\/p>\n<p> Ces profil\u00e9s sont couramment utilis\u00e9s dans les secteurs de la construction, de l'architecture et de l'\u00e9nergie pour des applications telles que les fen\u00eatres, les fa\u00e7ades en verre et les murs-rideaux.<br \/>\n<\/p><br \/>\n<br \/>\n<p><b>5. les profil\u00e9s en aluminium pour vitrage sont-ils faciles \u00e0 installer ? <\/b><\/p>\n<p> Oui, ils sont l\u00e9gers, faciles \u00e0 manipuler et con\u00e7us pour un montage rapide, ce qui r\u00e9duit le temps d'installation et les co\u00fbts de main-d'\u0153uvre.<br \/>\n<\/p><br \/>\n<br \/>\n<p><b>6. Comment les profil\u00e9s en aluminium pour vitrage am\u00e9liorent-ils l'efficacit\u00e9 \u00e9nerg\u00e9tique ? <\/b><\/p>\n<p> Leur conception int\u00e8gre une isolation thermique efficace, r\u00e9duisant les pertes d'\u00e9nergie et am\u00e9liorant la performance \u00e9nerg\u00e9tique globale des syst\u00e8mes de vitrage.<br \/>\n<\/p><br \/>\n<br \/>\n<p><b>7. les profil\u00e9s en aluminium pour vitrage sont-ils respectueux de l'environnement ? <\/b><\/p>\n<p> Oui, l'aluminium est 100% recyclable, ce qui fait de ces profil\u00e9s un choix \u00e9cologique pour les projets de construction durable.<br \/>\n<\/p><br \/><\/p>","protected":false},"featured_media":8131,"template":"","categories":[54],"class_list":["post-8132","product","type-product","status-publish","has-post-thumbnail","hentry","category-industrial-aluminum-profiles"],"meta_box":{"hilight_text_group":{"product_hilight_text":"<li>High-strength aluminum sections specifically designed for glazing applications<\/li>\r\r\n<li>Corrosion-resistant, ensuring durability and long-lasting performance in all weather conditions<\/li>\r\r\n<li>Provides a secure and reliable frame for glazing systems, enhancing structural integrity<\/li>\r\r\n<li>Customizable sizes and designs to meet specific glazing project requirements<\/li>\r\r\n<li>Lightweight yet robust, ensuring easy handling and installation<\/li>\r\r\n<li>Efficient thermal and sound insulation properties, improving energy efficiency<\/li>\r\r\n<li>Environmentally friendly, made from recyclable aluminum material<\/li>","product_chanpin_blog":"<ul>\r\r\n<li><a href=\"https:\/\/sinoextrud.com\/t-slot-v-slot-differences\/\" target=\"_blank\">t slot vs v slot<\/a><\/li>\r\r\n<li><a href=\"https:\/\/sinoextrud.com\/what-is-4040-aluminium-extrud\/\" target=\"_blank\">4040 aluminium extrusion<\/a><\/li>\r\r\n<li><a href=\"https:\/\/sinoextrud.com\/what-is-4040-aluminium-extrud\/\" target=\"_blank\">aluminum extrusions for industrial racks<\/a><\/li>\r\r\n<li><a href=\"https:\/\/sinoextrud.com\/powder-coating-aluminium-process\/\" target=\"_blank\">powder coating aluminium<\/a><\/li>\r\r\n<li><a href=\"https:\/\/sinoextrud.com\/what-is-an-aluminium-strip-ceiling\/\" target=\"_blank\">aluminium strip ceiling<\/a><\/li>\r\r\n<li><a href=\"https:\/\/sinoextrud.com\/what-is-a-heat-sink\/\" target=\"_blank\">what is a heat sink<\/a><\/li>\r\r\n<\/ul>","product_chanpin_chanpin":"<li><a href=\"https:\/\/sinoextrud.com\/product\/aluminium-lipped-channel-extrusions\/\" target=\"_blank\">Aluminium Lipped Channel Extrusions<\/a><\/li>\r\n<li><a href=\"https:\/\/sinoextrud.com\/product\/aluminium-profile-for-glass-railing\/\" target=\"_blank\">Aluminium Profile For Glass Railing<\/a><\/li>\r\n<li><a href=\"https:\/\/sinoextrud.com\/product\/aluminium-profile-h\/\" target=\"_blank\">Aluminium Profile H<\/a><\/li>\r\n<li><a href=\"https:\/\/sinoextrud.com\/product\/aluminium-profiles-and-accessories\/\" target=\"_blank\">Aluminium Profiles And Accessories<\/a><\/li>\r\n<li><a href=\"https:\/\/sinoextrud.com\/product\/aluminium-sections-for-glazing\/\" target=\"_blank\">Aluminium Sections For Glazing<\/a><\/li>\r\n<li><a href=\"https:\/\/sinoextrud.com\/product\/aluminium-slotted-channel\/\" target=\"_blank\">Aluminium Slotted Channel<\/a><\/li>\r\n<li><a href=\"https:\/\/sinoextrud.com\/product\/aluminium-solar-panel-frame-profile\/\" target=\"_blank\">Aluminium Solar Panel Frame Profile<\/a><\/li>\r\n<li><a href=\"https:\/\/sinoextrud.com\/product\/aluminium-t-bar-extrusions\/\" target=\"_blank\">Aluminium T Bar Extrusions<\/a><\/li>\r\n<li><a href=\"https:\/\/sinoextrud.com\/product\/aluminium-transport-extrusions\/\" target=\"_blank\">Aluminium Transport Extrusions<\/a><\/li>\r\n<li><a href=\"https:\/\/sinoextrud.com\/product\/anodized-aluminum-handrail\/\" target=\"_blank\">Anodized Aluminum Handrail<\/a><\/li>\r\n<li><a href=\"https:\/\/sinoextrud.com\/product\/customized-powder-coated-anodized-aluminium-extrusion-profile-roller-shutter-supplier\/\" target=\"_blank\">Customized Powder Coated Anodized Aluminium Extrusion Profile Roller Shutter Supplier<\/a><\/li>"},"feature_list":[]},"_links":{"self":[{"href":"https:\/\/sinoextrud.com\/fr\/wp-json\/wp\/v2\/product\/8132","targetHints":{"allow":["GET"]}}],"collection":[{"href":"https:\/\/sinoextrud.com\/fr\/wp-json\/wp\/v2\/product"}],"about":[{"href":"https:\/\/sinoextrud.com\/fr\/wp-json\/wp\/v2\/types\/product"}],"wp:featuredmedia":[{"embeddable":true,"href":"https:\/\/sinoextrud.com\/fr\/wp-json\/wp\/v2\/media\/8131"}],"wp:attachment":[{"href":"https:\/\/sinoextrud.com\/fr\/wp-json\/wp\/v2\/media?parent=8132"}],"wp:term":[{"taxonomy":"category","embeddable":true,"href":"https:\/\/sinoextrud.com\/fr\/wp-json\/wp\/v2\/categories?post=8132"}],"curies":[{"name":"wp","href":"https:\/\/api.w.org\/{rel}","templated":true}]}}