{"id":8126,"date":"2025-06-13T02:21:40","date_gmt":"2025-06-13T02:21:40","guid":{"rendered":"https:\/\/sinoextrud.com\/product\/aluminium-profile-for-glass-railing\/"},"modified":"2025-06-24T06:23:08","modified_gmt":"2025-06-24T06:23:08","slug":"profile-en-aluminium-pour-garde-corps-en-verre-2","status":"publish","type":"product","link":"https:\/\/sinoextrud.com\/fr\/product\/aluminium-profile-for-glass-railing\/","title":{"rendered":"Profil\u00e9s en aluminium pour garde-corps en verre"},"content":{"rendered":"<h2>D\u00e9tails des produits<\/h2>\n<table class=\"custom-table\">\n<tr>\n<td class=\"label\">Nom de l'article<\/td>\n<td>Profil\u00e9s en aluminium pour garde-corps en verre<\/td>\n<\/tr>\n<tr>\n<td class=\"label\">Qualit\u00e9 des mat\u00e9riaux<\/td>\n<td>Alliage s\u00e9rie 6000<\/td>\n<\/tr>\n<tr>\n<td class=\"label\">Temp\u00e9rer<\/td>\n<td>T5-T6<\/td>\n<\/tr>\n<tr>\n<td class=\"label\">Technologie<\/td>\n<td>Extrusion d'aluminium<\/td>\n<\/tr>\n<tr>\n<td class=\"label\">Traitement de surface<\/td>\n<td>Finition en usine, anodisation, rev\u00eatement en poudre, sablage, grain de bois, \u00e9lectrophor\u00e8se, etc.<\/td>\n<\/tr>\n<tr>\n<td class=\"label\">Couleur<\/td>\n<td>Blanc argent\u00e9, noir, dor\u00e9, champagne, bronze fonc\u00e9 ou selon votre demande<\/td>\n<\/tr>\n<tr>\n<td class=\"label\">\u00c9paisseur normale de l'anodisation<\/td>\n<td>8-12 micro<\/td>\n<\/tr>\n<tr>\n<td class=\"label\">Puissance normale \u00c9paisseur du rev\u00eatement<\/td>\n<td>60-100 micro<\/td>\n<\/tr>\n<tr>\n<td class=\"label\">Forme<\/td>\n<td>Carr\u00e9, rond, plat, ou selon les dessins des clients<\/td>\n<\/tr>\n<tr>\n<td class=\"label\">Longueur<\/td>\n<td>La longueur standard d'exportation est de 5,8 m\u00e8tres, l'anodisation de 6,5 m\u00e8tres au maximum, la finition en usine de 13 m\u00e8tres au maximum.<\/td>\n<\/tr>\n<tr>\n<td class=\"label\">Traitement en profondeur<\/td>\n<td>coupe, per\u00e7age, poin\u00e7onnage, pliage, etc.<\/td>\n<\/tr>\n<tr>\n<td class=\"label\">Conception 2D&amp;3D<\/td>\n<td>1 : 4 Concepteurs dans le d\u00e9partement de conception et de d\u00e9veloppement<br \/>\n2 : Auto CAD, 3D, AI, SLD, PRT. IGS, PDF, JPEG, etc.<\/td>\n<\/tr>\n<tr>\n<td class=\"label\">Ing\u00e9nierie et outillage<\/td>\n<td>1 : 8 ing\u00e9nieurs dans l'atelier de moulage.<br \/>\n2 : Utilisation d'extrudeuses \u00e0 fort tonnage, d'\u00e9lectro\u00e9rosion \u00e0 fil, de machines \u00e0 commande num\u00e9rique, de perceuses, etc.<\/td>\n<\/tr>\n<tr>\n<td class=\"label\">Contr\u00f4le de la qualit\u00e9<\/td>\n<td>1.SO Approuv\u00e9.<br \/>\n2. approuv\u00e9 par la CE<br \/>\n3. inspection sur place.<br \/>\n4. inspection avant exp\u00e9dition.<br \/>\n5. machine d'essai.<\/td>\n<\/tr>\n<tr>\n<td class=\"label\">D\u00e9tails de l'emballage<\/td>\n<td>1.EP Papier int\u00e9rieur pour chaque profil, s\u00e9par\u00e9 du papier de bricolage \u00e0 l'ext\u00e9rieur<br \/>\n2.EP Papier int\u00e9rieur pour chaque profil s\u00e9par\u00e9 puis papier carton puis palette<br \/>\n3. Film r\u00e9tractable<br \/>\n4.carton en bois<\/td>\n<\/tr>\n<tr>\n<td class=\"label\">Livraison<\/td>\n<td>20-25 jours apr\u00e8s r\u00e9ception de l'acompte<\/td>\n<\/tr>\n<tr>\n<td class=\"label\">D\u00e9lai de paiement<\/td>\n<td>T\/T, L\/C<\/td>\n<\/tr>\n<\/table>\n<h2>Notre base de production<\/h2>\n<h3>Panorama de l'usine<\/h3>\n<p><img decoding=\"async\" src=\"\/wp-content\/uploads\/factory-01.webp\"\/><\/p>\n<h3>Atelier de fabrication de barres d'aluminium<\/h3>\n<p><img decoding=\"async\" src=\"\/wp-content\/uploads\/factory-02.webp\"\/><\/p>\n<p><img decoding=\"async\" src=\"\/wp-content\/uploads\/factory-03.webp\"\/><\/p>\n<h3>Entrep\u00f4t de stockage des moules<\/h3>\n<p><img decoding=\"async\" src=\"\/wp-content\/uploads\/factory-04.webp\"\/><\/p>\n<h3>43 lignes d'extrusion d'aluminium (500 \u00e0 5500 tonnes)<\/h3>\n<p><img decoding=\"async\" src=\"\/wp-content\/uploads\/factory-05.webp\"\/><\/p>\n<p><img decoding=\"async\" src=\"\/wp-content\/uploads\/factory-06.webp\"\/><\/p>\n<p><img decoding=\"async\" src=\"\/wp-content\/uploads\/factory-07.webp\"\/><\/p>\n<h3>Atelier de peinture en poudre<\/h3>\n<p><img decoding=\"async\" src=\"\/wp-content\/uploads\/factory-09.webp\"\/><\/p>\n<h3>Atelier d'anodisation<\/h3>\n<p><img decoding=\"async\" src=\"\/wp-content\/uploads\/factory-10.webp\"\/><\/p>\n<h3>Atelier sur le traitement en profondeur<\/h3>\n<p><img decoding=\"async\" src=\"\/wp-content\/uploads\/factory-11.webp\"\/><\/p>\n<h3>Atelier d'usinage de pr\u00e9cision CNC<\/h3>\n<p><img decoding=\"async\" src=\"\/wp-content\/uploads\/factory-11.5.webp\"\/><\/p>\n<h3>Entrep\u00f4t de produits finis et d'exportation<\/h3>\n<p><img decoding=\"async\" src=\"\/wp-content\/uploads\/factory-12.webp\"\/><\/p>\n<p><img decoding=\"async\" src=\"\/wp-content\/uploads\/factory-13.webp\"\/><\/p>\n<p><img decoding=\"async\" src=\"\/wp-content\/uploads\/factory-14.webp\"\/><\/p>\n<h2>FAQ<\/h2>\n<p><p><b>1) Qu'est-ce qui fait que les profil\u00e9s en aluminium pour garde-corps en verre sont id\u00e9aux pour les conceptions architecturales modernes ? <\/b><\/p>\n<p> L'esth\u00e9tique \u00e9pur\u00e9e et moderne des profil\u00e9s en aluminium rehausse l'aspect des syst\u00e8mes de garde-corps en verre, ce qui les rend id\u00e9aux pour les conceptions contemporaines.<br \/>\n<\/p><br \/>\n<br \/>\n<p><b>2) Les profil\u00e9s en aluminium pour garde-corps en verre peuvent-ils \u00eatre personnalis\u00e9s ? <\/b><\/p>\n<p> Oui, les profils peuvent \u00eatre personnalis\u00e9s en termes de taille, de forme et de finition afin de r\u00e9pondre aux exigences et aux pr\u00e9f\u00e9rences sp\u00e9cifiques en mati\u00e8re de conception.<br \/>\n<\/p><br \/>\n<br \/>\n<p><b>3. Quelle est la dur\u00e9e de vie des profil\u00e9s en aluminium pour les garde-corps en verre ? <\/b><\/p>\n<p> Le mat\u00e9riau en aluminium est tr\u00e8s durable et r\u00e9sistant \u00e0 la corrosion, ce qui garantit des performances durables, m\u00eame dans des environnements difficiles.<br \/>\n<\/p><br \/>\n<br \/>\n<p><b>4. quels sont les avantages de l'utilisation de profil\u00e9s en aluminium pour les garde-corps en verre ? <\/b><\/p>\n<p> Les profil\u00e9s en aluminium offrent un aspect propre et moderne, une installation facile et un support structurel solide pour les syst\u00e8mes de garde-corps en verre.<br \/>\n<\/p><br \/>\n<br \/>\n<p><b>5. les profil\u00e9s en aluminium pour garde-corps en verre conviennent-ils pour un usage int\u00e9rieur et ext\u00e9rieur ? <\/b><\/p>\n<p> Oui, ces profil\u00e9s sont r\u00e9sistants aux intemp\u00e9ries, ce qui les rend parfaits pour les installations de garde-corps en verre \u00e0 l'int\u00e9rieur et \u00e0 l'ext\u00e9rieur.<br \/>\n<\/p><br \/>\n<br \/>\n<p><b>6. Comment les profil\u00e9s en aluminium pour garde-corps en verre am\u00e9liorent-ils la s\u00e9curit\u00e9 ? <\/b><\/p>\n<p> Les profil\u00e9s sont con\u00e7us pour maintenir solidement les panneaux de verre en place, contribuant ainsi \u00e0 un syst\u00e8me de garde-corps s\u00fbr et stable pour un usage r\u00e9sidentiel et commercial.<br \/>\n<\/p><br \/>\n<br \/>\n<p><b>7. les profil\u00e9s en aluminium pour garde-corps en verre sont-ils respectueux de l'environnement ? <\/b><\/p>\n<p> Oui, l'aluminium est un mat\u00e9riau enti\u00e8rement recyclable, ce qui en fait une option \u00e9cologique pour les syst\u00e8mes de garde-corps en verre.<br \/>\n<\/p><br \/><\/p>","protected":false},"featured_media":8125,"template":"","categories":[54],"class_list":["post-8126","product","type-product","status-publish","has-post-thumbnail","hentry","category-industrial-aluminum-profiles"],"meta_box":{"hilight_text_group":{"product_hilight_text":"<ul>\r\r\n  <li>Durable and corrosion-resistant aluminum profiles designed specifically for glass railing systems<\/li>\r\r\n  <li>Provides a sleek, modern aesthetic for both indoor and outdoor applications<\/li>\r\r\n  <li>Easy to install and maintain, reducing labor and upkeep costs<\/li>\r\r\n  <li>Customizable sizes and finishes to match various design preferences<\/li>\r\r\n  <li>Strong and lightweight, offering structural integrity without excess weight<\/li>\r\r\n  <li>Weather-resistant, ensuring long-term performance in outdoor environments<\/li>\r\r\n  <li>Environmentally friendly, fully recyclable material<\/li>\r\r\n<\/ul>","product_chanpin_blog":"<ul>\r\r\n<li><a href=\"https:\/\/sinoextrud.com\/t-slot-v-slot-differences\/\" target=\"_blank\">t slot vs v slot<\/a><\/li>\r\r\n<li><a href=\"https:\/\/sinoextrud.com\/what-is-4040-aluminium-extrud\/\" target=\"_blank\">4040 aluminium extrusion<\/a><\/li>\r\r\n<li><a href=\"https:\/\/sinoextrud.com\/what-is-4040-aluminium-extrud\/\" target=\"_blank\">aluminum extrusions for industrial racks<\/a><\/li>\r\r\n<li><a href=\"https:\/\/sinoextrud.com\/powder-coating-aluminium-process\/\" target=\"_blank\">powder coating aluminium<\/a><\/li>\r\r\n<li><a href=\"https:\/\/sinoextrud.com\/what-is-an-aluminium-strip-ceiling\/\" target=\"_blank\">aluminium strip ceiling<\/a><\/li>\r\r\n<li><a href=\"https:\/\/sinoextrud.com\/what-is-a-heat-sink\/\" target=\"_blank\">what is a heat sink<\/a><\/li>\r\r\n<\/ul>","product_chanpin_chanpin":"<li><a href=\"https:\/\/sinoextrud.com\/product\/aluminium-extrusion-linear-rail-china-factory\/\" target=\"_blank\">Aluminium Extrusion Linear Rail China Factory<\/a><\/li>\r\n<li><a href=\"https:\/\/sinoextrud.com\/product\/aluminium-extrusion-table\/\" target=\"_blank\">Aluminium Extrusion Table<\/a><\/li>\r\n<li><a href=\"https:\/\/sinoextrud.com\/product\/aluminium-extrusions-for-heavy-duty-surface-mounted-recessed-led-strip-light-channel\/\" target=\"_blank\">Aluminium extrusions for heavy duty surface mounted recessed LED strip light channel<\/a><\/li>\r\n<li><a href=\"https:\/\/sinoextrud.com\/product\/aluminium-lipped-channel-extrusions\/\" target=\"_blank\">Aluminium Lipped Channel Extrusions<\/a><\/li>\r\n<li><a href=\"https:\/\/sinoextrud.com\/product\/aluminium-profile-for-glass-railing\/\" target=\"_blank\">Aluminium Profile For Glass Railing<\/a><\/li>\r\n<li><a href=\"https:\/\/sinoextrud.com\/product\/aluminium-profile-h\/\" target=\"_blank\">Aluminium Profile H<\/a><\/li>\r\n<li><a href=\"https:\/\/sinoextrud.com\/product\/aluminium-profiles-and-accessories\/\" target=\"_blank\">Aluminium Profiles And Accessories<\/a><\/li>\r\n<li><a href=\"https:\/\/sinoextrud.com\/product\/aluminium-sections-for-glazing\/\" target=\"_blank\">Aluminium Sections For Glazing<\/a><\/li>\r\n<li><a href=\"https:\/\/sinoextrud.com\/product\/aluminium-slotted-channel\/\" target=\"_blank\">Aluminium Slotted Channel<\/a><\/li>\r\n<li><a href=\"https:\/\/sinoextrud.com\/product\/aluminium-extrusion-profile-for-led-light-strip-heat-sink\/\" target=\"_blank\">Aluminium Extrusion Profile For LED Light Strip Heat Sink<\/a><\/li>\r\n<li><a href=\"https:\/\/sinoextrud.com\/product\/custom-industrial-aluminum-profiles\/\" target=\"_blank\">Custom Industrial Aluminum Profiles<\/a><\/li>"},"feature_list":[]},"_links":{"self":[{"href":"https:\/\/sinoextrud.com\/fr\/wp-json\/wp\/v2\/product\/8126","targetHints":{"allow":["GET"]}}],"collection":[{"href":"https:\/\/sinoextrud.com\/fr\/wp-json\/wp\/v2\/product"}],"about":[{"href":"https:\/\/sinoextrud.com\/fr\/wp-json\/wp\/v2\/types\/product"}],"wp:featuredmedia":[{"embeddable":true,"href":"https:\/\/sinoextrud.com\/fr\/wp-json\/wp\/v2\/media\/8125"}],"wp:attachment":[{"href":"https:\/\/sinoextrud.com\/fr\/wp-json\/wp\/v2\/media?parent=8126"}],"wp:term":[{"taxonomy":"category","embeddable":true,"href":"https:\/\/sinoextrud.com\/fr\/wp-json\/wp\/v2\/categories?post=8126"}],"curies":[{"name":"wp","href":"https:\/\/api.w.org\/{rel}","templated":true}]}}