{"id":8120,"date":"2025-06-13T02:17:23","date_gmt":"2025-06-13T02:17:23","guid":{"rendered":"https:\/\/sinoextrud.com\/product\/aluminium-extrusion-table\/"},"modified":"2025-06-24T06:23:07","modified_gmt":"2025-06-24T06:23:07","slug":"table-dextrusion-daluminium","status":"publish","type":"product","link":"https:\/\/sinoextrud.com\/fr\/product\/aluminium-extrusion-table\/","title":{"rendered":"Table d'extrusion d'aluminium"},"content":{"rendered":"<h2>D\u00e9tails des produits<\/h2>\n<table class=\"custom-table\">\n<tbody>\n<tr>\n<td> Nom du produit<\/td>\n<td> Table d'extrusion d'aluminium<\/td>\n<\/tr>\n<tr>\n<td> Mat\u00e9riau<\/td>\n<td> 6063-t5 ou autre mat\u00e9riau personnalis\u00e9, etc.<\/td>\n<\/tr>\n<tr>\n<td> Forme<\/td>\n<td> Personnalisation<\/td>\n<\/tr>\n<tr>\n<td> \u00c9paisseur<\/td>\n<td> 0,7mm-10mm<\/td>\n<\/tr>\n<tr>\n<td> Taille<\/td>\n<td> Selon le dessin ou l'\u00e9chantillon du client<\/td>\n<\/tr>\n<tr>\n<td> Longueur<\/td>\n<td> Longueur standard 1-9M, longueur sp\u00e9ciale disponible<\/td>\n<\/tr>\n<tr>\n<td> Applications typiques<\/td>\n<td> Industrie, \u00e9lectronique, machines, etc.<\/td>\n<\/tr>\n<tr>\n<td> Type personnalis\u00e9<\/td>\n<td> Dessin ou \u00e9chantillon fourni par le client<\/td>\n<\/tr>\n<tr>\n<td> Processus en profondeur<\/td>\n<td> Fraisage, per\u00e7age, poin\u00e7onnage, per\u00e7age, taraudage, cintrage, soudage, etc. \u00e0 commande num\u00e9rique.<\/td>\n<\/tr>\n<tr>\n<td> Marque<\/td>\n<td> Sinoextrud, Sinoextrud, marque personnalis\u00e9e disponible<\/td>\n<\/tr>\n<tr>\n<td> Traitement de surface<\/td>\n<td> Finition en usine, anodisation, rev\u00eatement en poudre, etc.<\/td>\n<\/tr>\n<tr>\n<td> Couleur<\/td>\n<td> Argent, noir, etc.<\/td>\n<\/tr>\n<tr>\n<td> MOQ<\/td>\n<td> 200KG<\/td>\n<\/tr>\n<tr>\n<td> Norme de qualit\u00e9<\/td>\n<td> Niveau de qualit\u00e9 moyen et \u00e9lev\u00e9<\/td>\n<\/tr>\n<tr>\n<td> Certificats<\/td>\n<td> ISO9001, ISO4001, CQM, SGS, CE, BV, etc.<\/td>\n<\/tr>\n<tr>\n<td> Capacit\u00e9 de production de l'usine<\/td>\n<td> 15 000 tonnes par mois<\/td>\n<\/tr>\n<tr>\n<td> Emballage<\/td>\n<td> L'int\u00e9rieur est recouvert d'un film protecteur ou d'un sac en plastique, de mousse PE. L'ext\u00e9rieur est emball\u00e9 dans un carton, un cadre en bois ou toute autre m\u00e9thode d'emballage personnalis\u00e9e.<\/td>\n<\/tr>\n<\/tbody>\n<\/table>\n<h2>Notre base de production<\/h2>\n<h3>Panorama de l'usine<\/h3>\n<p><img decoding=\"async\" src=\"\/wp-content\/uploads\/factory-01.webp\"\/><\/p>\n<h3>Atelier de fabrication de barres d'aluminium<\/h3>\n<p><img decoding=\"async\" src=\"\/wp-content\/uploads\/factory-02.webp\"\/><\/p>\n<p><img decoding=\"async\" src=\"\/wp-content\/uploads\/factory-03.webp\"\/><\/p>\n<h3>Entrep\u00f4t de stockage des moules<\/h3>\n<p><img decoding=\"async\" src=\"\/wp-content\/uploads\/factory-04.webp\"\/><\/p>\n<h3>43 lignes d'extrusion d'aluminium (500 \u00e0 5500 tonnes)<\/h3>\n<p><img decoding=\"async\" src=\"\/wp-content\/uploads\/factory-05.webp\"\/><\/p>\n<p><img decoding=\"async\" src=\"\/wp-content\/uploads\/factory-06.webp\"\/><\/p>\n<p><img decoding=\"async\" src=\"\/wp-content\/uploads\/factory-07.webp\"\/><\/p>\n<h3>Atelier de peinture en poudre<\/h3>\n<p><img decoding=\"async\" src=\"\/wp-content\/uploads\/factory-09.webp\"\/><\/p>\n<h3>Atelier d'anodisation<\/h3>\n<p><img decoding=\"async\" src=\"\/wp-content\/uploads\/factory-10.webp\"\/><\/p>\n<h3>Atelier sur le traitement en profondeur<\/h3>\n<p><img decoding=\"async\" src=\"\/wp-content\/uploads\/factory-11.webp\"\/><\/p>\n<h3>Atelier d'usinage de pr\u00e9cision CNC<\/h3>\n<p><img decoding=\"async\" src=\"\/wp-content\/uploads\/factory-11.5.webp\"\/><\/p>\n<h3>Entrep\u00f4t de produits finis et d'exportation<\/h3>\n<p><img decoding=\"async\" src=\"\/wp-content\/uploads\/factory-12.webp\"\/><\/p>\n<p><img decoding=\"async\" src=\"\/wp-content\/uploads\/factory-13.webp\"\/><\/p>\n<p><img decoding=\"async\" src=\"\/wp-content\/uploads\/factory-14.webp\"\/><\/p>\n<h2>FAQ<\/h2>\n<p><p><b>1) Qu'est-ce qui rend la table d'extrusion en aluminium durable ? <\/b><\/p>\n<p>L'utilisation d'aluminium \u00e0 haute r\u00e9sistance dans le processus d'extrusion assure une durabilit\u00e9 sup\u00e9rieure, ce qui rend la table durable et capable de r\u00e9sister \u00e0 une utilisation intensive.<br \/>\n<\/p><br \/>\n<br \/>\n<p><b>2. la table d'extrusion en aluminium peut-elle \u00eatre personnalis\u00e9e ? <\/b><\/p>\n<p>Oui, la table peut \u00eatre adapt\u00e9e \u00e0 des tailles et des conceptions sp\u00e9cifiques, ce qui la rend adapt\u00e9e \u00e0 une grande vari\u00e9t\u00e9 d'applications industrielles, commerciales ou personnelles.<br \/>\n<\/p><br \/>\n<br \/>\n<p><b>3. Quels sont les avantages de la finition r\u00e9sistante \u00e0 la corrosion pour la table d'extrusion d'aluminium ? <\/b><\/p>\n<p>La finition r\u00e9sistante \u00e0 la corrosion renforce la durabilit\u00e9 de la table, garantissant qu'elle fonctionne bien dans des environnements difficiles, r\u00e9duisant ainsi les co\u00fbts d'entretien au fil du temps.<br \/>\n<\/p><br \/>\n<br \/>\n<p><b>4. la table d'extrusion en aluminium est-elle facile \u00e0 assembler ? <\/b><\/p>\n<p>Oui, la conception l\u00e9g\u00e8re de la table en aluminium extrud\u00e9 la rend facile \u00e0 assembler, ce qui permet de gagner du temps et de r\u00e9duire la complexit\u00e9 de l'installation.<br \/>\n<\/p><br \/>\n<br \/>\n<p><b>5. quels sont les avantages de l'utilisation de l'aluminium dans la construction des tables ? <\/b><\/p>\n<p>L'aluminium est solide, l\u00e9ger et r\u00e9sistant \u00e0 la corrosion, ce qui en fait un mat\u00e9riau id\u00e9al pour cr\u00e9er des tables durables pour diverses applications.<br \/>\n<\/p><br \/>\n<br \/>\n<p><b>6. la table d'extrusion en aluminium peut-elle \u00eatre utilis\u00e9e \u00e0 l'ext\u00e9rieur ? <\/b><\/p>\n<p>Oui, la finition r\u00e9sistante \u00e0 la corrosion permet d'utiliser la table \u00e0 l'ext\u00e9rieur, m\u00eame dans des conditions m\u00e9t\u00e9orologiques difficiles.<br \/>\n<\/p><br \/>\n<br \/>\n<p><b>7. Comment la table d'extrusion d'aluminium contribue-t-elle au d\u00e9veloppement durable ? <\/b><\/p>\n<p>L'aluminium est un mat\u00e9riau recyclable, ce qui fait de ces tables une option \u00e9cologique qui soutient les pratiques de fabrication durables.<br \/>\n<\/p><br \/><\/p>","protected":false},"featured_media":8119,"template":"","categories":[54],"class_list":["post-8120","product","type-product","status-publish","has-post-thumbnail","hentry","category-industrial-aluminum-profiles"],"meta_box":{"hilight_text_group":{"product_hilight_text":"<ul>\r\r\n  <li>High-strength aluminum extrusion ensures long-lasting durability and stability for your table.<\/li>\r\r\n  <li>Customizable sizes and designs to meet diverse industrial, commercial, or personal needs.<\/li>\r\r\n  <li>Lightweight yet robust, offering both strength and ease of handling for easy setup.<\/li>\r\r\n  <li>Corrosion-resistant finish that enhances the longevity of the table, even in harsh environments.<\/li>\r\r\n  <li>Versatile design, suitable for a wide range of applications, from workstations to furniture systems.<\/li>\r\r\n  <li>Eco-friendly and recyclable aluminum material, promoting sustainability in design and manufacturing.<\/li>\r\r\n  <li>Cost-effective solution for producing high-quality, durable tables without exceeding budgets.<\/li>\r\r\n<\/ul>","product_chanpin_blog":"<ul>\r\r\n<li><a href=\"https:\/\/sinoextrud.com\/t-slot-v-slot-differences\/\" target=\"_blank\">t slot vs v slot<\/a><\/li>\r\r\n<li><a href=\"https:\/\/sinoextrud.com\/what-is-4040-aluminium-extrud\/\" target=\"_blank\">4040 aluminium extrusion<\/a><\/li>\r\r\n<li><a href=\"https:\/\/sinoextrud.com\/what-is-4040-aluminium-extrud\/\" target=\"_blank\">aluminum extrusions for industrial racks<\/a><\/li>\r\r\n<li><a href=\"https:\/\/sinoextrud.com\/powder-coating-aluminium-process\/\" target=\"_blank\">powder coating aluminium<\/a><\/li>\r\r\n<li><a href=\"https:\/\/sinoextrud.com\/what-is-an-aluminium-strip-ceiling\/\" target=\"_blank\">aluminium strip ceiling<\/a><\/li>\r\r\n<li><a href=\"https:\/\/sinoextrud.com\/what-is-a-heat-sink\/\" target=\"_blank\">what is a heat sink<\/a><\/li>\r\r\n<\/ul>","product_chanpin_chanpin":"<li><a href=\"https:\/\/sinoextrud.com\/product\/aluminium-angle-profiles\/\" target=\"_blank\">Aluminium Angle Profiles<\/a><\/li>\r\n<li><a href=\"https:\/\/sinoextrud.com\/product\/aluminium-enclosure\/\" target=\"_blank\">Aluminium Enclosure<\/a><\/li>\r\n<li><a href=\"https:\/\/sinoextrud.com\/product\/aluminium-extrusion-bar-outdoor-power-aluminum-case\/\" target=\"_blank\">Aluminium Extrusion Bar Outdoor Power Aluminum Case<\/a><\/li>\r\n<li><a href=\"https:\/\/sinoextrud.com\/product\/aluminium-extrusion-linear-rail-china-factory\/\" target=\"_blank\">Aluminium Extrusion Linear Rail China Factory<\/a><\/li>\r\n<li><a href=\"https:\/\/sinoextrud.com\/product\/aluminium-extrusion-table\/\" target=\"_blank\">Aluminium Extrusion Table<\/a><\/li>\r\n<li><a href=\"https:\/\/sinoextrud.com\/product\/aluminium-extrusions-for-heavy-duty-surface-mounted-recessed-led-strip-light-channel\/\" target=\"_blank\">Aluminium extrusions for heavy duty surface mounted recessed LED strip light channel<\/a><\/li>\r\n<li><a href=\"https:\/\/sinoextrud.com\/product\/aluminium-lipped-channel-extrusions\/\" target=\"_blank\">Aluminium Lipped Channel Extrusions<\/a><\/li>\r\n<li><a href=\"https:\/\/sinoextrud.com\/product\/aluminium-profile-for-glass-railing\/\" target=\"_blank\">Aluminium Profile For Glass Railing<\/a><\/li>\r\n<li><a href=\"https:\/\/sinoextrud.com\/product\/aluminium-profile-h\/\" target=\"_blank\">Aluminium Profile H<\/a><\/li>\r\n<li><a href=\"https:\/\/sinoextrud.com\/product\/t-shaped-aluminium-extrusion\/\" target=\"_blank\">T Shaped Aluminium Extrusion<\/a><\/li>\r\n<li><a href=\"https:\/\/sinoextrud.com\/product\/aluminum-door-jamb-extrusion\/\" target=\"_blank\">Aluminum Door Jamb Extrusion<\/a><\/li>"},"feature_list":[]},"_links":{"self":[{"href":"https:\/\/sinoextrud.com\/fr\/wp-json\/wp\/v2\/product\/8120","targetHints":{"allow":["GET"]}}],"collection":[{"href":"https:\/\/sinoextrud.com\/fr\/wp-json\/wp\/v2\/product"}],"about":[{"href":"https:\/\/sinoextrud.com\/fr\/wp-json\/wp\/v2\/types\/product"}],"wp:featuredmedia":[{"embeddable":true,"href":"https:\/\/sinoextrud.com\/fr\/wp-json\/wp\/v2\/media\/8119"}],"wp:attachment":[{"href":"https:\/\/sinoextrud.com\/fr\/wp-json\/wp\/v2\/media?parent=8120"}],"wp:term":[{"taxonomy":"category","embeddable":true,"href":"https:\/\/sinoextrud.com\/fr\/wp-json\/wp\/v2\/categories?post=8120"}],"curies":[{"name":"wp","href":"https:\/\/api.w.org\/{rel}","templated":true}]}}