{"id":8118,"date":"2025-06-13T02:15:32","date_gmt":"2025-06-13T02:15:32","guid":{"rendered":"https:\/\/sinoextrud.com\/product\/aluminium-extrusion-linear-rail-china-factory\/"},"modified":"2025-06-24T06:23:05","modified_gmt":"2025-06-24T06:23:05","slug":"rail-lineaire-en-aluminium-extrude-usine-de-chine","status":"publish","type":"product","link":"https:\/\/sinoextrud.com\/fr\/product\/aluminium-extrusion-linear-rail-china-factory\/","title":{"rendered":"Extrusion d'aluminium Rail lin\u00e9aire Usine de Chine"},"content":{"rendered":"<h2>D\u00e9tails des produits<\/h2>\n<table class=\"custom-table\">\n<tbody>\n<tr>\n<td> Nom du produit<\/td>\n<td> Extrusion d'aluminium Rail lin\u00e9aire Usine de Chine<\/td>\n<\/tr>\n<tr>\n<td> Alliage d'aluminium<\/td>\n<td> 6063-T5 traitement thermique ou personnalisation<\/td>\n<\/tr>\n<tr>\n<td> Mati\u00e8res premi\u00e8res<\/td>\n<td> L'aluminium pur A00 et les composants en aluminium r\u00e9pondent aux normes nationales et industrielles.<\/td>\n<\/tr>\n<tr>\n<td> Traitement de surface<\/td>\n<td> Anodis\u00e9 ou personnalisation<\/td>\n<\/tr>\n<tr>\n<td> Taille<\/td>\n<td> 1m-9m ou personnalisation<\/td>\n<\/tr>\n<tr>\n<td> Application<\/td>\n<td> \u00c9tabli dans un atelier, un laboratoire, etc., support de ligne de convoyage, \u00e0 bande ou \u00e0 rouleaux, dans un entrep\u00f4t automatique<\/td>\n<\/tr>\n<tr>\n<td> Paquet<\/td>\n<td> Emballage avec film plastique ou mousse PE pour \u00e9viter les meurtrissures et les rayures pendant le transport.<\/td>\n<\/tr>\n<tr>\n<td> Marque<\/td>\n<td> Sinoextrud \/ Sinoextrud \/ Sinoextrud Aluminium<\/td>\n<\/tr>\n<tr>\n<td> Origine<\/td>\n<td> Foshan, Chine<\/td>\n<\/tr>\n<\/tbody>\n<\/table>\n<h2>Notre base de production<\/h2>\n<h3>Panorama de l'usine<\/h3>\n<p><img decoding=\"async\" src=\"\/wp-content\/uploads\/factory-01.webp\"\/><\/p>\n<h3>Atelier de fabrication de barres d'aluminium<\/h3>\n<p><img decoding=\"async\" src=\"\/wp-content\/uploads\/factory-02.webp\"\/><\/p>\n<p><img decoding=\"async\" src=\"\/wp-content\/uploads\/factory-03.webp\"\/><\/p>\n<h3>Entrep\u00f4t de stockage des moules<\/h3>\n<p><img decoding=\"async\" src=\"\/wp-content\/uploads\/factory-04.webp\"\/><\/p>\n<h3>43 lignes d'extrusion d'aluminium (500 \u00e0 5500 tonnes)<\/h3>\n<p><img decoding=\"async\" src=\"\/wp-content\/uploads\/factory-05.webp\"\/><\/p>\n<p><img decoding=\"async\" src=\"\/wp-content\/uploads\/factory-06.webp\"\/><\/p>\n<p><img decoding=\"async\" src=\"\/wp-content\/uploads\/factory-07.webp\"\/><\/p>\n<h3>Atelier de peinture en poudre<\/h3>\n<p><img decoding=\"async\" src=\"\/wp-content\/uploads\/factory-09.webp\"\/><\/p>\n<h3>Atelier d'anodisation<\/h3>\n<p><img decoding=\"async\" src=\"\/wp-content\/uploads\/factory-10.webp\"\/><\/p>\n<h3>Atelier sur le traitement en profondeur<\/h3>\n<p><img decoding=\"async\" src=\"\/wp-content\/uploads\/factory-11.webp\"\/><\/p>\n<h3>Atelier d'usinage de pr\u00e9cision CNC<\/h3>\n<p><img decoding=\"async\" src=\"\/wp-content\/uploads\/factory-11.5.webp\"\/><\/p>\n<h3>Entrep\u00f4t de produits finis et d'exportation<\/h3>\n<p><img decoding=\"async\" src=\"\/wp-content\/uploads\/factory-12.webp\"\/><\/p>\n<p><img decoding=\"async\" src=\"\/wp-content\/uploads\/factory-13.webp\"\/><\/p>\n<p><img decoding=\"async\" src=\"\/wp-content\/uploads\/factory-14.webp\"\/><\/p>\n<h2>FAQ<\/h2>\n<p><p><b>1) Qu'est-ce qui fait que les rails lin\u00e9aires en aluminium extrud\u00e9 conviennent aux applications industrielles ? <\/b><\/p>\n<p> Les rails lin\u00e9aires en aluminium extrud\u00e9 offrent un contr\u00f4le pr\u00e9cis des mouvements, une durabilit\u00e9 et une r\u00e9sistance \u00e0 la corrosion, ce qui les rend id\u00e9aux pour une vari\u00e9t\u00e9 d'applications industrielles.<br \/>\n<\/p><br \/>\n<br \/>\n<p><b>2. les rails lin\u00e9aires en extrusion d'aluminium peuvent-ils \u00eatre personnalis\u00e9s ? <\/b><\/p>\n<p> Oui, ces rails lin\u00e9aires peuvent \u00eatre personnalis\u00e9s en termes de taille, de longueur et de sp\u00e9cifications pour r\u00e9pondre aux besoins sp\u00e9cifiques de votre projet.<br \/>\n<\/p><br \/>\n<br \/>\n<p><b>3. Quelle est la durabilit\u00e9 des rails lin\u00e9aires en aluminium extrud\u00e9 ? <\/b><\/p>\n<p> Ils sont tr\u00e8s durables gr\u00e2ce \u00e0 leurs propri\u00e9t\u00e9s de r\u00e9sistance \u00e0 la corrosion, ce qui garantit des performances \u00e0 long terme, m\u00eame dans des environnements exigeants.<br \/>\n<\/p><br \/>\n<br \/>\n<p><b>4) Quelles sont les industries qui b\u00e9n\u00e9ficient des rails lin\u00e9aires en aluminium extrud\u00e9 ? <\/b><\/p>\n<p> Ces rails sont largement utilis\u00e9s dans des secteurs tels que l'automatisation, la robotique, la fabrication et la manutention pour un contr\u00f4le pr\u00e9cis des mouvements.<br \/>\n<\/p><br \/>\n<br \/>\n<p><b>5. les rails lin\u00e9aires en extrusion d'aluminium sont-ils faciles \u00e0 installer ? <\/b><\/p>\n<p> Oui, ils sont con\u00e7us pour une installation facile, ce qui permet de gagner du temps et de r\u00e9duire les co\u00fbts de main-d'\u0153uvre lors de l'installation.<br \/>\n<\/p><br \/>\n<br \/>\n<p><b>6. comment le rail lin\u00e9aire pour l'extrusion d'aluminium am\u00e9liore-t-il les performances de la machine ? <\/b><\/p>\n<p> Le mouvement pr\u00e9cis et r\u00e9gulier fourni par ces rails am\u00e9liore l'efficacit\u00e9 et la pr\u00e9cision globales des syst\u00e8mes d'automatisation et des machines.<br \/>\n<\/p><br \/>\n<br \/>\n<p><b>7. le rail lin\u00e9aire en extrusion d'aluminium est-il \u00e9cologique ? <\/b><\/p>\n<p> Oui, l'aluminium est un mat\u00e9riau recyclable, ce qui fait de ces rails lin\u00e9aires un choix respectueux de l'environnement pour les applications industrielles.<br \/>\n<\/p><br \/><\/p>","protected":false},"featured_media":8117,"template":"","categories":[54],"class_list":["post-8118","product","type-product","status-publish","has-post-thumbnail","hentry","category-industrial-aluminum-profiles"],"meta_box":{"hilight_text_group":{"product_hilight_text":"<ul>\r\r\n  <li>High-quality aluminium extrusion linear rails manufactured in China for precise motion control<\/li>\r\r\n  <li>Durable and corrosion-resistant, ensuring reliable performance in demanding applications<\/li>\r\r\n  <li>Customizable sizes and specifications to fit various industrial needs<\/li>\r\r\n  <li>Lightweight yet strong, offering efficient movement and support for machines and equipment<\/li>\r\r\n  <li>Highly accurate and smooth, enhancing the efficiency of automation and machinery systems<\/li>\r\r\n  <li>Cost-effective solution without compromising on quality, offering excellent value for money<\/li>\r\r\n  <li>Eco-friendly, with recyclable aluminium material<\/li>\r\r\n<\/ul>","product_chanpin_blog":"<ul>\r\r\n<li><a href=\"https:\/\/sinoextrud.com\/t-slot-v-slot-differences\/\" target=\"_blank\">t slot vs v slot<\/a><\/li>\r\r\n<li><a href=\"https:\/\/sinoextrud.com\/what-is-4040-aluminium-extrud\/\" target=\"_blank\">4040 aluminium extrusion<\/a><\/li>\r\r\n<li><a href=\"https:\/\/sinoextrud.com\/what-is-4040-aluminium-extrud\/\" target=\"_blank\">aluminum extrusions for industrial racks<\/a><\/li>\r\r\n<li><a href=\"https:\/\/sinoextrud.com\/powder-coating-aluminium-process\/\" target=\"_blank\">powder coating aluminium<\/a><\/li>\r\r\n<li><a href=\"https:\/\/sinoextrud.com\/what-is-an-aluminium-strip-ceiling\/\" target=\"_blank\">aluminium strip ceiling<\/a><\/li>\r\r\n<li><a href=\"https:\/\/sinoextrud.com\/what-is-a-heat-sink\/\" target=\"_blank\">what is a heat sink<\/a><\/li>\r\r\n<\/ul>","product_chanpin_chanpin":"<li><a href=\"https:\/\/sinoextrud.com\/product\/aluminium-alloy-material-frame\/\" target=\"_blank\">Aluminium Alloy Material Frame<\/a><\/li>\r\n<li><a href=\"https:\/\/sinoextrud.com\/product\/aluminium-angle-profiles\/\" target=\"_blank\">Aluminium Angle Profiles<\/a><\/li>\r\n<li><a href=\"https:\/\/sinoextrud.com\/product\/aluminium-enclosure\/\" target=\"_blank\">Aluminium Enclosure<\/a><\/li>\r\n<li><a href=\"https:\/\/sinoextrud.com\/product\/aluminium-extrusion-bar-outdoor-power-aluminum-case\/\" target=\"_blank\">Aluminium Extrusion Bar Outdoor Power Aluminum Case<\/a><\/li>\r\n<li><a href=\"https:\/\/sinoextrud.com\/product\/aluminium-extrusion-linear-rail-china-factory\/\" target=\"_blank\">Aluminium Extrusion Linear Rail China Factory<\/a><\/li>\r\n<li><a href=\"https:\/\/sinoextrud.com\/product\/aluminium-extrusion-table\/\" target=\"_blank\">Aluminium Extrusion Table<\/a><\/li>\r\n<li><a href=\"https:\/\/sinoextrud.com\/product\/aluminium-extrusions-for-heavy-duty-surface-mounted-recessed-led-strip-light-channel\/\" target=\"_blank\">Aluminium extrusions for heavy duty surface mounted recessed LED strip light channel<\/a><\/li>\r\n<li><a href=\"https:\/\/sinoextrud.com\/product\/aluminium-lipped-channel-extrusions\/\" target=\"_blank\">Aluminium Lipped Channel Extrusions<\/a><\/li>\r\n<li><a href=\"https:\/\/sinoextrud.com\/product\/aluminium-profile-for-glass-railing\/\" target=\"_blank\">Aluminium Profile For Glass Railing<\/a><\/li>\r\n<li><a href=\"https:\/\/sinoextrud.com\/product\/extruded-aluminium-track\/\" target=\"_blank\">Extruded Aluminium Track<\/a><\/li>\r\n<li><a href=\"https:\/\/sinoextrud.com\/product\/customize-6063-z-section-aluminium-extrusion\/\" target=\"_blank\">Customize 6063 Z Section Aluminium Extrusion<\/a><\/li>"},"feature_list":[]},"_links":{"self":[{"href":"https:\/\/sinoextrud.com\/fr\/wp-json\/wp\/v2\/product\/8118","targetHints":{"allow":["GET"]}}],"collection":[{"href":"https:\/\/sinoextrud.com\/fr\/wp-json\/wp\/v2\/product"}],"about":[{"href":"https:\/\/sinoextrud.com\/fr\/wp-json\/wp\/v2\/types\/product"}],"wp:featuredmedia":[{"embeddable":true,"href":"https:\/\/sinoextrud.com\/fr\/wp-json\/wp\/v2\/media\/8117"}],"wp:attachment":[{"href":"https:\/\/sinoextrud.com\/fr\/wp-json\/wp\/v2\/media?parent=8118"}],"wp:term":[{"taxonomy":"category","embeddable":true,"href":"https:\/\/sinoextrud.com\/fr\/wp-json\/wp\/v2\/categories?post=8118"}],"curies":[{"name":"wp","href":"https:\/\/api.w.org\/{rel}","templated":true}]}}