{"id":8104,"date":"2025-06-13T01:56:34","date_gmt":"2025-06-13T01:56:34","guid":{"rendered":"https:\/\/sinoextrud.com\/product\/6063-and-6061-extruded-led-lighting-telecommunications-and-audio-industrial-aluminum-heat-sink-profile\/"},"modified":"2025-06-24T06:23:03","modified_gmt":"2025-06-24T06:23:03","slug":"6063-et-6061-profiles-extrudes-en-aluminium-pour-dissipateurs-thermiques-industriels-pour-leclairage-les-telecommunications-et-laudio","status":"publish","type":"product","link":"https:\/\/sinoextrud.com\/fr\/product\/6063-and-6061-extruded-led-lighting-telecommunications-and-audio-industrial-aluminum-heat-sink-profile\/","title":{"rendered":"6063 et 6061 Profil\u00e9s extrud\u00e9s en aluminium pour dissipateurs thermiques destin\u00e9s \u00e0 l'\u00e9clairage LED, aux t\u00e9l\u00e9communications et \u00e0 l'audio industriel"},"content":{"rendered":"<h2>D\u00e9tails des produits<\/h2>\n<table class=\"custom-table\">\n<tbody>\n<tr>\n<td> Article :<\/td>\n<td> 6063 et 6061 Profil\u00e9s extrud\u00e9s en aluminium pour dissipateurs thermiques destin\u00e9s \u00e0 l'\u00e9clairage LED, aux t\u00e9l\u00e9communications et \u00e0 l'industrie audio<\/td>\n<td> Grade :<\/td>\n<td> S\u00e9rie 6000<\/td>\n<\/tr>\n<tr>\n<td> Temp\u00e9rer :<\/td>\n<td> T3-T8<\/td>\n<td> Lieu d'origine :<\/td>\n<td> Foshan, Guangdong<\/td>\n<\/tr>\n<tr>\n<td> Forme :<\/td>\n<td> Sur mesure<\/td>\n<td> Alliage ou non :<\/td>\n<td> Alliage<\/td>\n<\/tr>\n<tr>\n<td> Mat\u00e9riau :<\/td>\n<td> 6063<\/td>\n<td> Marque :<\/td>\n<td> Sinoextrud<\/td>\n<\/tr>\n<tr>\n<td> Couleur :<\/td>\n<td> Couleur personnalis\u00e9e<\/td>\n<td> Traitement de surface :<\/td>\n<td> Anodis\u00e9, rev\u00eatement par poudre, bross\u00e9, sablage, grain de bois<\/td>\n<\/tr>\n<tr>\n<td> D\u00e9lai de livraison :<\/td>\n<td> 25-30 jours<\/td>\n<td> MOQ :<\/td>\n<td> 200KG<\/td>\n<\/tr>\n<tr>\n<td> D\u00e9lai de paiement :<\/td>\n<td> 30% d\u00e9p\u00f4t, 70% solde avant livraison<\/td>\n<td> Service de traitement :<\/td>\n<td> Pliage, d\u00e9roulage, soudage, poin\u00e7onnage, d\u00e9coupage<\/td>\n<\/tr>\n<tr>\n<td> Port :<\/td>\n<td> Guangzhou, Shenzhen, Foshan<\/td>\n<td> Garantie :<\/td>\n<td> certificat du client ,comme BV, Soncap ,ISO<\/td>\n<\/tr>\n<\/tbody>\n<\/table>\n<h2>Notre base de production<\/h2>\n<h3>Panorama de l'usine<\/h3>\n<p><img decoding=\"async\" src=\"\/wp-content\/uploads\/factory-01.webp\"\/><\/p>\n<h3>Atelier de fabrication de barres d'aluminium<\/h3>\n<p><img decoding=\"async\" src=\"\/wp-content\/uploads\/factory-02.webp\"\/><\/p>\n<\/p>\n<p><img decoding=\"async\" src=\"\/wp-content\/uploads\/factory-03.webp\"\/><\/p>\n<h3>Entrep\u00f4t de stockage des moules<\/h3>\n<p><img decoding=\"async\" src=\"\/wp-content\/uploads\/factory-04.webp\"\/><\/p>\n<h3>43 lignes d'extrusion d'aluminium (500 \u00e0 5500 tonnes)<\/h3>\n<p><img decoding=\"async\" src=\"\/wp-content\/uploads\/factory-05.webp\"\/><\/p>\n<p><img decoding=\"async\" src=\"\/wp-content\/uploads\/factory-06.webp\"\/><\/p>\n<p><img decoding=\"async\" src=\"\/wp-content\/uploads\/factory-07.webp\"\/><\/p>\n<h3>Atelier de peinture en poudre<\/h3>\n<p><img decoding=\"async\" src=\"\/wp-content\/uploads\/factory-09.webp\"\/><\/p>\n<h3>Atelier d'anodisation<\/h3>\n<p><img decoding=\"async\" src=\"\/wp-content\/uploads\/factory-10.webp\"\/><\/p>\n<h3>Atelier sur le traitement en profondeur<\/h3>\n<p><img decoding=\"async\" src=\"\/wp-content\/uploads\/factory-11.webp\"\/><\/p>\n<h3>Atelier d'usinage de pr\u00e9cision CNC<\/h3>\n<p><img decoding=\"async\" src=\"\/wp-content\/uploads\/factory-11.5.webp\"\/><\/p>\n<h3>Entrep\u00f4t de produits finis et d'exportation<\/h3>\n<p><img decoding=\"async\" src=\"\/wp-content\/uploads\/factory-12.webp\"\/><\/p>\n<p><img decoding=\"async\" src=\"\/wp-content\/uploads\/factory-13.webp\"\/><\/p>\n<p><img decoding=\"async\" src=\"\/wp-content\/uploads\/factory-14.webp\"\/><\/p>\n<h2>FAQ<\/h2>\n<p><b>1) Quels sont les avantages de l'utilisation de l'aluminium 6063 et 6061 pour les profil\u00e9s de dissipation thermique ? <\/b><\/p>\n<p> Les alliages d'aluminium 6063 et 6061 offrent une conductivit\u00e9 thermique, une solidit\u00e9 et une r\u00e9sistance \u00e0 la corrosion \u00e9lev\u00e9es, ce qui les rend id\u00e9aux pour les applications industrielles de dissipation thermique.\n<\/p>\n<p><\/p>\n<p><b>2) Quelles sont les industries qui utilisent couramment ces profil\u00e9s de dissipation thermique en aluminium ? <\/b><\/p>\n<p> Ces profil\u00e9s sont largement utilis\u00e9s dans l'\u00e9clairage LED, les t\u00e9l\u00e9communications et l'\u00e9quipement audio en raison de leur dissipation thermique efficace et de leur l\u00e9g\u00e8ret\u00e9.\n<\/p>\n<p><\/p>\n<p><b>3. Comment l'extrusion am\u00e9liore-t-elle les performances des dissipateurs thermiques en aluminium ? <\/b><\/p>\n<p> L'extrusion permet de concevoir des ailettes sur mesure et d'optimiser la surface, ce qui am\u00e9liore le flux d'air et l'efficacit\u00e9 du refroidissement dans les applications de dissipation thermique.\n<\/p>\n<p><\/p>\n<p><b>4. les profil\u00e9s de dissipation thermique 6063 et 6061 sont-ils r\u00e9sistants \u00e0 la corrosion ? <\/b><\/p>\n<p> Oui, les deux alliages offrent une bonne r\u00e9sistance \u00e0 la corrosion, en particulier lorsqu'ils sont anodis\u00e9s ou trait\u00e9s en surface, ce qui garantit une fiabilit\u00e9 \u00e0 long terme.\n<\/p>\n<p><\/p>\n<p><b>5. les profils des dissipateurs thermiques en aluminium peuvent-ils \u00eatre personnalis\u00e9s pour des appareils sp\u00e9cifiques ? <\/b><\/p>\n<p> Absolument, nous proposons des extrusions personnalis\u00e9es adapt\u00e9es \u00e0 des composants LED, t\u00e9l\u00e9coms et audio sp\u00e9cifiques pour des performances thermiques maximales.\n<\/p>\n<p><\/p>\n<p><b>6. existe-t-il une diff\u00e9rence entre 6063 et 6061 pour les dissipateurs thermiques ? <\/b><\/p>\n<p> Le 6063 offre une meilleure finition de surface et une meilleure r\u00e9sistance \u00e0 la corrosion, tandis que le 6061 offre une plus grande r\u00e9sistance, ce qui permet de faire un choix en fonction des exigences de conception.\n<\/p>\n<p><\/p>\n<p><b>7. quels sont les avantages des dissipateurs thermiques en aluminium l\u00e9ger ? <\/b><\/p>\n<p> Les dissipateurs thermiques l\u00e9gers en aluminium r\u00e9duisent le poids total du produit, diminuent les frais d'exp\u00e9dition et facilitent l'assemblage sans sacrifier les performances.\n<\/p>\n<p><\/p>","protected":false},"featured_media":8103,"template":"","categories":[54],"class_list":["post-8104","product","type-product","status-publish","has-post-thumbnail","hentry","category-industrial-aluminum-profiles"],"meta_box":{"hilight_text_group":{"product_hilight_text":"<li>6063 and 6061 aluminum offer excellent thermal conductivity for efficient heat dissipation.<\/li>\r\r\n<li>Extruded profiles designed specifically for LED lighting, telecommunications, and audio equipment.<\/li>\r\r\n<li>High-strength alloys provide structural stability and durability under operating conditions.<\/li>\r\r\n<li>Corrosion-resistant surface options extend lifespan in industrial environments.<\/li>\r\r\n<li>Lightweight design reduces system weight and simplifies installation.<\/li>\r\r\n<li>Customizable shapes and sizes for optimized cooling performance.<\/li>\r\r\n<li>Precision extrusion ensures tight tolerances for seamless integration with devices.<\/li>","product_chanpin_blog":"<ul>\r\r\n<li><a href=\"https:\/\/sinoextrud.com\/t-slot-v-slot-differences\/\" target=\"_blank\">t slot vs v slot<\/a><\/li>\r\r\n<li><a href=\"https:\/\/sinoextrud.com\/what-is-4040-aluminium-extrud\/\" target=\"_blank\">4040 aluminium extrusion<\/a><\/li>\r\r\n<li><a href=\"https:\/\/sinoextrud.com\/what-is-4040-aluminium-extrud\/\" target=\"_blank\">aluminum extrusions for industrial racks<\/a><\/li>\r\r\n<li><a href=\"https:\/\/sinoextrud.com\/powder-coating-aluminium-process\/\" target=\"_blank\">powder coating aluminium<\/a><\/li>\r\r\n<li><a href=\"https:\/\/sinoextrud.com\/what-is-an-aluminium-strip-ceiling\/\" target=\"_blank\">aluminium strip ceiling<\/a><\/li>\r\r\n<li><a href=\"https:\/\/sinoextrud.com\/what-is-a-heat-sink\/\" target=\"_blank\">what is a heat sink<\/a><\/li>\r\r\n<\/ul>","product_chanpin_chanpin":"<li><a href=\"https:\/\/sinoextrud.com\/product\/t-track-aluminium-extrusion-industrial-usage\/\" target=\"_blank\">T Track Aluminium Extrusion Industrial Usage<\/a><\/li>\r\n<li><a href=\"https:\/\/sinoextrud.com\/product\/2024-2014-alloy-aluminum-profiles\/\" target=\"_blank\">2024 2014 Alloy Aluminum Profiles<\/a><\/li>\r\n<li><a href=\"https:\/\/sinoextrud.com\/product\/300mm-aluminium-louvre-extrusion\/\" target=\"_blank\">300mm Aluminium Louvre Extrusion<\/a><\/li>\r\n<li><a href=\"https:\/\/sinoextrud.com\/product\/40mm-aluminium-extrusion\/\" target=\"_blank\">40mm Aluminium Extrusion<\/a><\/li>\r\n<li><a href=\"https:\/\/sinoextrud.com\/product\/6063-and-6061-extruded-led-lighting-telecommunications-and-audio-industrial-aluminum-heat-sink-profile\/\" target=\"_blank\">6063 and 6061 Extruded LED Lighting Telecommunications and Audio Industrial Aluminum Heat Sink Profile<\/a><\/li>\r\n<li><a href=\"https:\/\/sinoextrud.com\/product\/6063-t5-alloy-industrial-aluminum-extrusions-aluminum-profile-with-anodized-surface-treatment\/\" target=\"_blank\">6063 T5 Alloy Industrial Aluminum Extrusions Aluminum Profile With Anodized Surface Treatment<\/a><\/li>\r\n<li><a href=\"https:\/\/sinoextrud.com\/product\/alu-profile-system\/\" target=\"_blank\">Alu Profile System<\/a><\/li>\r\n<li><a href=\"https:\/\/sinoextrud.com\/product\/aluminium-alloy-material-frame\/\" target=\"_blank\">Aluminium Alloy Material Frame<\/a><\/li>\r\n<li><a href=\"https:\/\/sinoextrud.com\/product\/aluminium-angle-profiles\/\" target=\"_blank\">Aluminium Angle Profiles<\/a><\/li>\r\n<li><a href=\"https:\/\/sinoextrud.com\/product\/custom-decorative-hollow-alloy-rectangular-square-aluminum-tube-sizes\/\" target=\"_blank\">Custom Decorative Hollow Alloy Rectangular Square Aluminum Tube Sizes<\/a><\/li>\r\n<li><a href=\"https:\/\/sinoextrud.com\/product\/aluminum-profile-for-cnc\/\" target=\"_blank\">Aluminum Profile For CNC<\/a><\/li>"},"feature_list":[]},"_links":{"self":[{"href":"https:\/\/sinoextrud.com\/fr\/wp-json\/wp\/v2\/product\/8104","targetHints":{"allow":["GET"]}}],"collection":[{"href":"https:\/\/sinoextrud.com\/fr\/wp-json\/wp\/v2\/product"}],"about":[{"href":"https:\/\/sinoextrud.com\/fr\/wp-json\/wp\/v2\/types\/product"}],"wp:featuredmedia":[{"embeddable":true,"href":"https:\/\/sinoextrud.com\/fr\/wp-json\/wp\/v2\/media\/8103"}],"wp:attachment":[{"href":"https:\/\/sinoextrud.com\/fr\/wp-json\/wp\/v2\/media?parent=8104"}],"wp:term":[{"taxonomy":"category","embeddable":true,"href":"https:\/\/sinoextrud.com\/fr\/wp-json\/wp\/v2\/categories?post=8104"}],"curies":[{"name":"wp","href":"https:\/\/api.w.org\/{rel}","templated":true}]}}